{"id":1155,"date":"2012-07-24T02:08:47","date_gmt":"2012-07-24T00:08:47","guid":{"rendered":"http:\/\/blog.moroccoherps.com\/?page_id=1155"},"modified":"2020-01-12T19:04:03","modified_gmt":"2020-01-12T19:04:03","slug":"reflexions-about-potential-distribution-of-echis-leucogaster-in-north-africa","status":"publish","type":"page","link":"https:\/\/www.moroccoherps.com\/en\/reflexions-about-potential-distribution-of-echis-leucogaster-in-north-africa\/","title":{"rendered":"Reflexions about potential distribution of Echis leucogaster in North Africa"},"content":{"rendered":"<p><strong>by Gabriel Mart\u00ednez del M\u00e1rmol Marin (gabrimtnezmarmol@yahoo.es), Baudilio Rebollo Fern\u00e1ndez (budilord@gmail.com) &amp; Tomas Mazuch (somalia@seznam.cz)<\/strong><\/p>\n<p>Genus <span class=\"nc\">Echis<\/span> Merrem, 1820, is one of the most complex genera of snakes in Africa. Recent genetic analysis has shown that the genetic variability among <span class=\"nc\">Echis leucogaster<\/span> and <span class=\"nc\">Echis pyramidum<\/span> group is very low and some authors suggest the existence of a single species with several subspecies (Arnold <em>et al.<\/em>, 2009).<\/p>\n<p><span class=\"nc\">Echis leucogaster<\/span> or <span class=\"nc\">Echis pyramidum leucogaster<\/span> is probably the rarest snake in Morocco (Aymerich <em>et al.<\/em>, 2004). In 1996 in Morocco the only known populations were Aouinet Torkoz (now called Aouinet Lahna) and Ait-Semgane-n-el-Grara (originally attributed to <span class=\"nc\">Echis carinatus<\/span> by Sochurek but later classified as <span class=\"nc\">Dasypeltis scabra<\/span> by Stemmler, 1971)(Bons &amp; Geniez, 1996).<\/p>\n<p>Over the years both populations have been confirmed: in Aouinet Lahna the population is relatively abundant (Aymerich <em>et al.<\/em>, 2004; K. Lazghem, pers. comm.; G. Martinez del Marmol Mar\u00edn, pers. obs.) and it has also been found in nearby regions such as Tiglit (F. Cuzin in Herrmann <em>et al.<\/em>, 2000). South of Ouarzazate the number of citations has also increased with up to 6 specimens found in 2009 in the area between Ait Semgane-n- el-Grara and Tasla (Escoriza <em>et al.<\/em>, 2009; Aymerich, 2010) and other nearby points such as Amazer (J. Maran &amp; Maran in Geniez, 1999) and Allougoum (Pook <em>et al.<\/em>, 2009).<\/p>\n<p>As the populations are more than 300\u00a0Km apart there was a question that there could be intermediate populations between both nucleuses, especially as there are many sites potentially favourable for the species (Brito <em>et al.<\/em>, 2011).<br \/>\nDuring a herpetological trip to Morocco on April 30, 2012, some of the authors found a juvenile of this species (Martinez del Marmol &amp; Rebollo Fernandez, 2012) on the outskirts of the town of Tata.<\/p>\n<div class=\"contenedor_img centrado\" style=\"text-align: left;\">\n<figure style=\"width: 600px\" class=\"wp-caption aligncenter\"><img loading=\"lazy\" decoding=\"async\" src=\"http:\/\/www.moroccoherps.com\/files\/pages\/articulos\/Potential_distribution_Echis_leucogaster_North_Africa\/img\/1.jpg\" alt=\"Echis leucogaster\" width=\"600\" height=\"400\" \/><figcaption class=\"wp-caption-text\">Figure 1: Photograph of the Echis leucogaster specimen found in Tata. Photo: \u00a9 Baudilio Rebollo Fern\u00e1ndez.<\/figcaption><\/figure>\n<\/div>\n<div><\/div>\n<div class=\"contenedor_img centrado\">\n<figure style=\"width: 600px\" class=\"wp-caption aligncenter\"><img loading=\"lazy\" decoding=\"async\" src=\"http:\/\/www.moroccoherps.com\/files\/pages\/articulos\/Potential_distribution_Echis_leucogaster_North_Africa\/img\/2.jpg\" alt=\"Habitat of Echis leucogaster\" width=\"600\" height=\"400\" \/><figcaption class=\"wp-caption-text\">Figure 2: Photograph of the exactly habitat where it was found. Photo: \u00a9 Baudilio Rebollo Fern\u00e1ndez.<\/figcaption><\/figure>\n<\/div>\n<p style=\"text-align: left;\">The importance of this record is that it shows that the distribution of <span class=\"nc\">Echis leucogaster<\/span> in Morocco is not limited to two isolated nuclei. This report shows that <span class=\"nc\">Echis leucogaster<\/span> has a much wider distribution than that previously thought and confirms the possibility of a continuous population.<\/p>\n<div class=\"contenedor_img centrado\" style=\"width: 100%; margin: auto;\">\n<figure style=\"width: 500px\" class=\"wp-caption aligncenter\"><img loading=\"lazy\" decoding=\"async\" src=\"http:\/\/www.moroccoherps.com\/files\/pages\/articulos\/Potential_distribution_Echis_leucogaster_North_Africa\/img\/3.jpg\" alt=\"Distribution map Echis leucogaster in Morocco\" width=\"500\" height=\"391\" \/><figcaption class=\"wp-caption-text\">Figure 3: Map showing the known distribution of Echis leucogaster in Morocco. Indicated as dark red dots known locations (according to Aymerich et al., 2004; Escoriza et al., 2009; Pook et al., 2009; Aymerich, 2010). The last record as yellow dot (Martinez del Marmol Marin &amp; Rebollo Fernandez, 2012). The potential distribution for authors is drawn with a soft red coloration.<\/figcaption><\/figure>\n<\/div>\n<p>Prior to this sighting, some of the authors had prospected around Assa, Foum el Hisn and Akka but without success. These and other places as Tisgui-El-Haratine, Icht, Tissint or Foum Zguid are locations where this species could possibly occur as they contain similar characteristics.<\/p>\n<div class=\"contenedor_img centrado\">\n<figure style=\"width: 600px\" class=\"wp-caption aligncenter\"><img loading=\"lazy\" decoding=\"async\" src=\"http:\/\/www.moroccoherps.com\/files\/pages\/articulos\/Potential_distribution_Echis_leucogaster_North_Africa\/img\/4.jpg\" alt=\"Akka\" width=\"600\" height=\"399\" \/><figcaption class=\"wp-caption-text\">Figure 4: Foum Zguid landscape. Photo: \u00a9 Gabri Mtnez.<\/figcaption><\/figure>\n<\/div>\n<p>In the last genetic analysis the <span class=\"nc\">E.\u00a0pyramidum<\/span> haplotypes are in turn subdivided into western (Mauritania, Senegal, Morocco, western Mali) and eastern (Tunisia, Niger, eastern Mali) clades (Pook <em>et al.<\/em>, 2009). Those two groups are in the beginning of the diversification and at this moment and knowledge they don\u2019t deserve any taxonomic unit (e.g. subspecies). The <span class=\"nc\">Echis<\/span> vipers found in Biskra, Algeria (Jiri Hales-Tomas Mazuch, pers. comm.), should belong to <span class=\"nc\">Echis leucogaster<\/span> species, as the specimens from both sides (Morocco, Tunisia) of this locality according to DNA (Pook <em>et al.<\/em>, 2009), coloration (dorsal patterns, white venters) and morphology analysis (D 29, V165, Scd 36, thus certainly not from the complex <span class=\"nc\">ocellatus<\/span>).<\/p>\n<div class=\"contenedor_img centrado\">\n<figure style=\"width: 600px\" class=\"wp-caption aligncenter\"><img loading=\"lazy\" decoding=\"async\" src=\"http:\/\/www.moroccoherps.com\/files\/pages\/articulos\/Potential_distribution_Echis_leucogaster_North_Africa\/img\/5.jpg\" alt=\"Echis leucogaster\" width=\"600\" height=\"399\" \/><figcaption class=\"wp-caption-text\">Figure 5: Echis leucogaster. Aouinet Lahna (Morocco). Photo: \u00a9 Gabri Mtnez.<\/figcaption><\/figure>\n<\/div>\n<div class=\"contenedor_img centrado\">\n<figure style=\"width: 600px\" class=\"wp-caption aligncenter\"><img loading=\"lazy\" decoding=\"async\" src=\"http:\/\/www.moroccoherps.com\/files\/pages\/articulos\/Potential_distribution_Echis_leucogaster_North_Africa\/img\/6.jpg\" alt=\"Echis leucogaster\" width=\"600\" height=\"400\" \/><figcaption class=\"wp-caption-text\">Figure 6: Echis pyramidum?. Biskra (Algeria). Photo: \u00a9 Ji\u0159\u00ed Hale\u0161.<\/figcaption><\/figure>\n<figure style=\"width: 600px\" class=\"wp-caption aligncenter\"><img loading=\"lazy\" decoding=\"async\" src=\"http:\/\/www.moroccoherps.com\/files\/pages\/articulos\/Potential_distribution_Echis_leucogaster_North_Africa\/img\/7.jpg\" alt=\"Echis leucogaster\" width=\"600\" height=\"400\" \/><figcaption class=\"wp-caption-text\">Figure 7: Echis pyramidum. Bou Hedma (Tunisia). Photo: \u00a9 F. Kova\u0159\u00edk.<\/figcaption><\/figure>\n<p>If we would speculate to which populations belong (eastern vs. western) Biskra specimens may belong to the eastern clade, because this population is closer and without any geographical barrier. Whereas the <span class=\"nc\">E.\u00a0pyramidum<\/span> and &#8220;<span class=\"nc\">E.\u00a0leucogaster<\/span>&#8221; meeting area is in somewhere in Libya (and probably further south in the Chad and western Sudan; T. Mazuch, unpublished), the possibility of a contact area between both <span class=\"nc\">E.\u00a0pyramidum<\/span> clades is uncertain due to the scarcity of Algerian and Moroccan records. Maybe there are some populations between Ait Semgane and Biskra (Tazzarine, Figuig, Beni Ounif, Brezina or Laghouat are good examples where &#8220;<span class=\"nc\">Echis leucogaster<\/span>&#8221; could occur). Although a morphology analysis shows that an animal from Biskra (Natural History Museum, London: BMNH 1907.4.6.55) has a distinctive hemipenis and may represent yet another taxon (Arnold <em>et al.<\/em>, 2009), there are no other reasons (geographically or phylogenetically) to recognize this population as another taxon.<\/p>\n<\/div>\n<div><\/div>\n<div class=\"contenedor_img centrado\" style=\"width: 100%; margin: auto;\">\n<p><img decoding=\"async\" class=\"aligncenter\" src=\"http:\/\/www.moroccoherps.com\/files\/pages\/articulos\/Potential_distribution_Echis_leucogaster_North_Africa\/img\/8.jpg\" alt=\"\" \/><\/p>\n<div style=\"text-align: left;\">\n<p class=\"caption\" style=\"margin-bottom: 0;\"><strong>Figure 8:<\/strong> Map showing the potential distribution of <span class=\"nc\">Echis pyramidum<\/span> in North Africa following Pook et al., 2009.<br \/>\nEastern clade in yellow colour:<\/p>\n<ol class=\"caption\" style=\"padding-left: 30px; margin-top: 0; margin-bottom: 0;\">\n<li>Sidi Toui (Karen, 2003, in Kaupia Journal)<\/li>\n<li>Matmata (Pook et al., 2009)<\/li>\n<li>Bou Hedma (Joger, 2003, in Kaupia Journal)<\/li>\n<li>Near (Djebel Attig) Gafsa (Olivier, 1896)<\/li>\n<li>Tadjera, near Mettamer (Boulenger, 1890, also as reference for (6) Biskra population)<\/li>\n<li>NE and SE of Biskra (Chirio L. &amp; Blanc C . P ., 1997 &#8211; Statut et distribution des Reptiles dans le massif de l\u2019Aur\u00e8s (Alg\u00e9rie) &#8211; Rev. Zool. afr., Tervuren, 111: 205-233.) Here is what wrotte Laurent Chirio to Tomas Mazuch: \u201cI worked during 2 years in Khenchela (1984-86), north-east of Biskra, and made a thesis about reptiles of Aures montane. I found only one dead (and dry) specimen of <span class=\"nc\">Echis leucogaster<\/span> in Hammam-Salahine, just near Biskra, and a piece of another dead one south-east of Biskra. This entire specimen is now in Paris Museum (MNHN).\u201d<\/li>\n<\/ol>\n<p class=\"caption\" style=\"margin-top: 0; margin-bottom: 0;\">Western clade in red colour:<\/p>\n<ol class=\"caption\" style=\"padding-left: 30px; margin-top: 0; margin-bottom: 0;\" start=\"7\">\n<li>Ait Semgane (Bons &amp; Geniez, 1996 ; Escoriza et al., 2009 ; M. Aymerich, pers. comm.)<\/li>\n<li>Amazer (Aymerich et al., 2004)<\/li>\n<li>Allougoum (Pook et al., 2009)<\/li>\n<li>Tata (Martinez del Marmol &amp; Rebollo Fernandez, 2012)<\/li>\n<li>Aouinet Lahna (Bons &amp; Geniez, 1996; Aymerich et al., 2004 ; G. Martinez del Marmol, pers. obs.)<\/li>\n<li>Tiglit (Herrmann, Herrmann and Geniez, 2000)<\/li>\n<\/ol>\n<\/div>\n<\/div>\n<div><\/div>\n<div class=\"contenedor_img centrado\">\n<figure style=\"width: 600px\" class=\"wp-caption aligncenter\"><img loading=\"lazy\" decoding=\"async\" src=\"http:\/\/www.moroccoherps.com\/files\/pages\/articulos\/Potential_distribution_Echis_leucogaster_North_Africa\/img\/9.jpg\" alt=\"Errachidia\" width=\"600\" height=\"399\" \/><figcaption class=\"wp-caption-text\">Figure 9: Errachidia landscape, E. leucogaster habitat?. Photo: \u00a9 Gabri Mtnez.<\/figcaption><\/figure>\n<\/div>\n<div class=\"contenedor_img centrado\">\n<figure style=\"width: 600px\" class=\"wp-caption aligncenter\"><img loading=\"lazy\" decoding=\"async\" src=\"http:\/\/www.moroccoherps.com\/files\/pages\/articulos\/Potential_distribution_Echis_leucogaster_North_Africa\/img\/10.jpg\" alt=\"Bou Hedma\" width=\"600\" height=\"400\" \/><figcaption class=\"wp-caption-text\">Figure 10: Habitat of E. pyramidum in Bou Hedma (Tunisia). Photo: \u00a9 Tomas Mazuch.<\/figcaption><\/figure>\n<\/div>\n<div style=\"border: 1px solid #ccc; padding: 10px 20px;\">\n<p style=\"margin: 5px 0px;\"><strong>To cite this page:<\/strong><br \/>\nGabriel Mart\u00ednez del M\u00e1rmol Marin, Baudilio Rebollo Fern\u00e1ndez &amp; Tomas Mazuch: Reflexions about potential distribution of <span class=\"nc\">Echis leucogaster<\/span> in North Africa.<br \/>\nPublished on July 26, 2012. Available from <a href=\"http:\/\/moroccoherps.com\/en\/reflexions-about-potential-distribution-of-echis-leucogaster-in-north-africa\/\">http:\/\/moroccoherps.com\/en\/reflexions-about-potential-distribution-of-echis-leucogaster-in-north-africa\/<\/a>. Accessed [php snippet=1].<\/p>\n<p style=\"margin: 5px 0px;\"><strong>To cite <a href=\"http:\/\/www.moroccoherps.com\">www.moroccoherps.com<\/a> as a whole:<\/strong><br \/>\nAmphibians &amp; Reptiles of Morocco and Western Sahara.<br \/>\nAvailable from <a href=\"http:\/\/www.moroccoherps.com\">www.moroccoherps.com<\/a>. Accessed [php snippet=1].<\/p>\n<\/div>\n<h3 class=\"bibliografia\">Bibliography:<\/h3>\n<ul class=\"bib_art\">\n<li><strong>Arnold, N.; Robinson, M. &amp; Carranza, S. 2009<\/strong>. A preliminary analysis of phylogenetic relationships and biogeography of the dangerously venomous Carpet Vipers, Echis (Squamata, Serpentes, Viperidae) based on mitochondrial DNA sequences. Amphibia-Reptilia, 30: 273-282.<\/li>\n<li><strong>Aymerich, M., Borof-Aymerich, E. &amp; Geniez, P., 2004<\/strong>. Neufunde der seltenen Wei\u00dfb\u00e4uchigen Sandrasselotter Echis leucogaster Roman, 1972 in Marokko (Serpentes: Viperidae). Herpetozoa, 16 (3\/4): 157-162.<\/li>\n<li><strong>Aymerich, M. 2010.<\/strong> Vipere des pyramides ou Echide \u00e0 ventre blanc (Echis leucogaster). Dans Groupe d\u00b4Etude et de Recherches des Ecologistes Sahariens. Mahraoui, L., Aymerich, M., Borof-Aymerich, E., Tarrier, M., Delacre, J. &amp; Marseault, L. (Fondateurs). www.geres-asso.org. Visited in 15 january 2011<\/li>\n<li><strong>Bons, J., &amp; Geniez, P. 1996.<\/strong> Amphibiens et reptiles du Maroc (Sahara Occidental compris). Atlas biog\u00e9ographique. Asociaci\u00f3n Herpetol\u00f3gica Espa\u00f1ola, Barcelona, 319 pp.<\/li>\n<li><strong>Boulenger, G.A. 1890.<\/strong> Catalogue of the Reptiles and Batrachians of Barbary (Morocco, Algeria, Tunisia), based chiefly upon the Notes and Collections made in 1880-1884 by M. Fernand Lataste. Tr. Zool. Soc. 13: 93-164.<\/li>\n<li><strong>Brito, J.C.; Fahd, S.; Geniez, P.; Mart\u00ednez-Freir\u00eda, F.; Pleguezuelos, J.M. &amp; Trape, J-F. 2011.<\/strong> Biogeography and conservation of viperids from North-West Africa: An application of ecological niche-based models and GIS. Journal of Arid Environments (November 2011), 75 (11), pg. 1029-1037<\/li>\n<li><strong>Chirio L. &amp; Blanc C . P . 1997.<\/strong> Statut et distribution des Reptiles dans le massif de l\u2019Aur\u00e8s (Alg\u00e9rie) \u2013 Rev. Zool. afr., Tervuren, 111: 205-233<\/li>\n<li><strong>Escoriza, D.; M. Metallinou, Donaire-Barroso, D., Amat, F., and Carranza, S. 2009.<\/strong> Biogeography of the White-Bellied Carpet Viper Echis leucogaster Roman, 1972 in Morocco, a study combining mitochondrial DNA data and ecological niche modeling. Butll. Soc. Cat. Herp., 18: 55-68.<\/li>\n<li><strong>Herrmann, H.-W.; Herrmann, P. A. &amp; Geniez, PH. 2000.<\/strong> Zur Verbreitung von Echis leucogaster ROMAN, 1972 in Marokko.\u2013 Salamandra, Rheinbach; 36 (3): 203-207.<\/li>\n<li><strong>Joger U. 2003.<\/strong> Reptiles and Amphibians of southern Tunisia. Kaupia (Darmstadt), 12: 71-88 pp.<\/li>\n<li><strong>Karen A. 2003.<\/strong> Les Parcs Nationaux de Tunisie. Kaupia (Darmstadt), 12: 3-17 pp.<\/li>\n<li><strong>Maran, J. &amp; Geniez, Ph. 1999.<\/strong> Nouvelles observations sur l\u00b4herp\u00e9tofaune du Maroc, 7. Red\u00e9couverte de l\u00b4Echide \u00e0 ventre blanc, Echis leucogaster Roman, 1972 (Reptilia, Serpentes, Viperidae) au Maroc.- Bull. Soc. Herp. France, Paris; 90: 63-64<\/li>\n<li><strong>Martinez del Marmol Marin, G. &amp; Rebollo Fernandez, B. 2012.<\/strong> An important new record of Echis leucogaster Roman, 1972 from Morocco. Herpetology Notes, volume 5: 229-231 (published online on 21 June 2012)<\/li>\n<li><strong>Olivier M. E. 1896.<\/strong> Les Serpents de la Tunisie. Bull. Ass. franc, pour l&#8217;av. des se. Tunis, 25: 471-476 pp.<\/li>\n<li><strong>Pook, C.E.;Joger, U.; Stumpel, N. &amp; Wuster, W. 2009.<\/strong> When continents collide: phylogeny, historical biogeography and systematics of the medically important viper genus <em>Echis<\/em> (Squamata: Serpentes: Viperidae). <em>Molecular Phylogenetics and Evolution<\/em> 53: 792-807<\/li>\n<li><strong>Stemmler, O. 1971.<\/strong> Die Eirschlange, <em>Dasypeltis scabra<\/em> (Linnaeus, 1758), eine weitere Aethiopische form in der Marokkanischen Herpetofauna. <em>Zool. Abhl., Staat. Mus. Tierk.<\/em>, Berlin, 32: 69-73.<\/li>\n<\/ul>\n<p><\/p>","protected":false},"excerpt":{"rendered":"<p>by Gabriel Mart\u00ednez del M\u00e1rmol Marin (gabrimtnezmarmol@yahoo.es), Baudilio Rebollo Fern\u00e1ndez (budilord@gmail.com) &amp; Tomas Mazuch (somalia@seznam.cz) Genus Echis Merrem, 1820, is one of the most complex genera of snakes in Africa. Recent genetic analysis has shown that the genetic variability among Echis leucogaster and Echis pyramidum group is very low and some authors suggest the existence &hellip; <\/p>\n<p class=\"link-more\"><a href=\"https:\/\/www.moroccoherps.com\/en\/reflexions-about-potential-distribution-of-echis-leucogaster-in-north-africa\/\" class=\"more-link\">Continue reading<span class=\"screen-reader-text\"> &#8220;Reflexions about potential distribution of Echis leucogaster in North Africa&#8221;<\/span><\/a><\/p>\n","protected":false},"author":1,"featured_media":0,"parent":0,"menu_order":0,"comment_status":"open","ping_status":"open","template":"","meta":{"footnotes":""},"class_list":["post-1155","page","type-page","status-publish","hentry"],"_links":{"self":[{"href":"https:\/\/www.moroccoherps.com\/en\/wp-json\/wp\/v2\/pages\/1155","targetHints":{"allow":["GET"]}}],"collection":[{"href":"https:\/\/www.moroccoherps.com\/en\/wp-json\/wp\/v2\/pages"}],"about":[{"href":"https:\/\/www.moroccoherps.com\/en\/wp-json\/wp\/v2\/types\/page"}],"author":[{"embeddable":true,"href":"https:\/\/www.moroccoherps.com\/en\/wp-json\/wp\/v2\/users\/1"}],"replies":[{"embeddable":true,"href":"https:\/\/www.moroccoherps.com\/en\/wp-json\/wp\/v2\/comments?post=1155"}],"version-history":[{"count":8,"href":"https:\/\/www.moroccoherps.com\/en\/wp-json\/wp\/v2\/pages\/1155\/revisions"}],"predecessor-version":[{"id":2615,"href":"https:\/\/www.moroccoherps.com\/en\/wp-json\/wp\/v2\/pages\/1155\/revisions\/2615"}],"wp:attachment":[{"href":"https:\/\/www.moroccoherps.com\/en\/wp-json\/wp\/v2\/media?parent=1155"}],"curies":[{"name":"wp","href":"https:\/\/api.w.org\/{rel}","templated":true}]}}