{"id":2281,"date":"2014-12-15T00:57:06","date_gmt":"2014-12-14T23:57:06","guid":{"rendered":"http:\/\/blog.moroccoherps.com\/?page_id=2281"},"modified":"2014-12-15T00:57:06","modified_gmt":"2014-12-14T23:57:06","slug":"la-vuelta-a-marruecos-en-30-dias-capitulo-ii-sahara-occidental-y-regreso-a-la-costa","status":"publish","type":"page","link":"https:\/\/www.moroccoherps.com\/en\/la-vuelta-a-marruecos-en-30-dias-capitulo-ii-sahara-occidental-y-regreso-a-la-costa\/","title":{"rendered":"La Vuelta a Marruecos en 30 d\u00edas &#8211; Cap\u00edtulo II: S\u00e1hara Occidental y regreso a la costa"},"content":{"rendered":"<p class=\"qtranxs-available-languages-message qtranxs-available-languages-message-en\">Sorry, this entry is only available in <a href=\"https:\/\/www.moroccoherps.com\/es\/wp-json\/wp\/v2\/pages\/2281\" class=\"qtranxs-available-language-link qtranxs-available-language-link-es\" title=\"Espa\u00f1ol\">Espa\u00f1ol<\/a>.<\/p>","protected":false},"excerpt":{"rendered":"<p>Sorry, this entry is only available in Espa\u00f1ol.<\/p>\n","protected":false},"author":1,"featured_media":0,"parent":0,"menu_order":0,"comment_status":"open","ping_status":"open","template":"page_trip.php","meta":{"footnotes":""},"class_list":["post-2281","page","type-page","status-publish","hentry"],"_links":{"self":[{"href":"https:\/\/www.moroccoherps.com\/en\/wp-json\/wp\/v2\/pages\/2281","targetHints":{"allow":["GET"]}}],"collection":[{"href":"https:\/\/www.moroccoherps.com\/en\/wp-json\/wp\/v2\/pages"}],"about":[{"href":"https:\/\/www.moroccoherps.com\/en\/wp-json\/wp\/v2\/types\/page"}],"author":[{"embeddable":true,"href":"https:\/\/www.moroccoherps.com\/en\/wp-json\/wp\/v2\/users\/1"}],"replies":[{"embeddable":true,"href":"https:\/\/www.moroccoherps.com\/en\/wp-json\/wp\/v2\/comments?post=2281"}],"version-history":[{"count":0,"href":"https:\/\/www.moroccoherps.com\/en\/wp-json\/wp\/v2\/pages\/2281\/revisions"}],"wp:attachment":[{"href":"https:\/\/www.moroccoherps.com\/en\/wp-json\/wp\/v2\/media?parent=2281"}],"curies":[{"name":"wp","href":"https:\/\/api.w.org\/{rel}","templated":true}]}}