{"id":2487,"date":"2020-01-11T13:30:06","date_gmt":"2020-01-11T13:30:06","guid":{"rendered":"http:\/\/www.moroccoherps.com\/?page_id=2487"},"modified":"2020-01-12T17:21:51","modified_gmt":"2020-01-12T17:21:51","slug":"problematica","status":"publish","type":"page","link":"https:\/\/www.moroccoherps.com\/en\/problematica\/","title":{"rendered":"Problems"},"content":{"rendered":"<p>The Moroccan herpetofauna presents some conservation problems similar to those that may occur in other regions and countries of similar characteristics, although in this case there are any more particularly related to the collect of specimens especially for entertainment, but also for other purposes.<\/p>\n<h3>1. The reptiles hunters.<\/h3>\n<p><em>A\u00efssaoua<\/em> people are known as snake hunters in Morocco. Some have in them their most important source of income, others are casual hunters who develop this activity in a year period, or when presented with the occasion, but not economically maintain with it. Although this activity focuses mainly on catching snakes, they occasionally collect other animals such as Dobs (<span class=\"nc\">Uromastyx nigriventris<\/span>), Spur-thighed Tortoises (<span class=\"nc\">Testudo graeca<\/span>) and Chameleons (<span class=\"nc\">Chamaeleo chamaeleon<\/span>), if they have the opportunity to sell them, either for traditional medicine, food or as souvenirs for tourists.<\/p>\n<p>By capturing reptiles in ecosystems in which they are usually larger vertebrates, the a\u00efssaoua may cause great imbalances by removing the predators that are at the highest rung of the food chain. These regulate the abundance of small mammal populations in areas where the poor agriculture is practiced in them is highly vulnerable to fluctuations. They are precisely the greatest hunter of small mammals, the species most hunted and collected by a\u00efssaoua: Puff Adders (<span class=\"nc\">Bitis arietans arietans<\/span>), Egyptian Cobras (<span class=\"nc\">Naja haje<\/span>) and Western Montpellier snakes (<span class=\"nc\">Malpolon monspessulanus saharatlanticus<\/span>). It has been estimated by indirect data that can be collected through 4,025 to 9,545 snakes of these and other species of snakes.<\/p>\n<p>The damage doesn\u00b4t finish just here. In addition to ecological, most captured species have a high biogeographical value, being either endemic taxa, either species of tropical origin and in the area have some interesting and relict populations dwindling. These are the last representatives of the fauna that occupied the area in previous periods of different weather.<\/p>\n<p>The <em>a\u00efssaoua<\/em> are extremely effective, and their activity is not devoid of ethnographic value. They usually hunt alone or in pairs. The search method is based on walking through areas where abound the burrows of the obese rat (<span class=\"nc\">Psammomys obesus<\/span>) or Moorish squirrel (<span class=\"nc\">Atlantoxeros getulus<\/span>), preferably loose substrate, which is well marked traces of snakes. These areas often coincide with ecotones earthy dune areas, edges or clumps of sediment wadis, along roadsides and highways, where the substrate is removed and taken over by rodents, etc. When they locate a new track to and around a burrow, carefully review the area to make sure the snake is into a hole and hasn\u00b4t given out by the same or another hole. Often help of a mirror, reflecting the sunlight to illuminate the interior of the holes. Some Aissaoua distingue tracks in <span class=\"nc\">Naja<\/span> \/ <span class=\"nc\">Daboia<\/span>, <span class=\"nc\">Malpolon<\/span> \/ colubrids, <span class=\"nc\">Bitis<\/span>, <span class=\"nc\">Cerastes<\/span>. Although it varies depending on the ability of <em>Aissaoui<\/em>, some are very effective in their catch, and when digging a burrow is rare if the snake isn\u00b4t inside. Obviously, the larger and bigger individuals are the most hunted and most easily detected, leaving patent tracks.<\/p>\n<p>They are usually known in the area where they search, and when someone see a snake they tell to the Aissaoui to locate the snake. Sometimes even put a cloth with stones at the entrance to a burrow where they have seen go into a snake and expect to come the Aissaoui (testimony of local people).<\/p>\n<p>Snakes are captured by own rituals, to cater to the charmers in tourist areas, and some collectors have an identification as to the Pasteur Institute. Sometimes they themselves show the snakes as entertainment for tourists, becoming a hunter and charming. However, in most cases sell snakes, so try to keep them in top condition, without extracting inoculants poison teeth and getting extra money in the sale.<\/p>\n<p>The <em>a\u00efssaoua<\/em> say that when a pregnant female is captured they release it, although, whereas the growing scarcity of specimens, we doubt that this happens. In a meeting with an <em>Aissaoui<\/em>, which captured a subadult Puff Adder, not big enough to interest the charming, the specimen was collected, however, the Aissaoui explained that they take home and feed them until they get large enough to sell. Few snakes should be truly released.<\/p>\n<div class=\"contenedor_img centrado\"><img decoding=\"async\" src=\"http:\/\/www.moroccoherps.com\/files\/pages\/problematica\/problematica_1_white.jpg\" \/><\/p>\n<p class=\"caption\">A sequence of the capture of a specimen of <span class=\"nc\">Naja haje<\/span> by a <em>Aissaoui<\/em>: 1. Location of tracks. 2. Begin to digging. 3. Use a mirror to find the snake in the huras or see where to dig. 4. After finding the snake is extracted from the burrow and 5. It is taken to an open place where neutralized and put it in a bag.<br \/>\nPhoto: \u00a9 Gabri Mtnez<\/p>\n<\/div>\n<p>Effective regulation is needed for these activities, by establishing legal protection of both poisonous and harmless species, and that is actually implemented on the ground. Currently all non-venomous reptiles are protected, prohibited his arrest (Article 8, Decree No. 582-62 of November 3, 1962, BONS &amp; GENIEZ 1996), this protection does not take effect in practice. In the Moroccan markets it\u00b4s very easy to find animals or their parts are exposed like any other item of legal sales.<\/p>\n<p>The main reason in the capture is the sale to the snake charmers or intermediaries, on the pretext of getting specimens to get venom for antivenom extract. The most feasible and practical alternative is the creation of farms where the reproduction of the species that can cause serious injury to humans, and thus have a stock of snakes that produce the poison necessary and also act as gene center of the most threatened.<\/p>\n<p>However folk resulting in Jemaa Lfna (Marrakech, Morocco) from charmers show, this should be prohibited by the damage caused in ecology by capturing of wild specimens and for the abuse that occurs to captive specimens. It is an anachronistic and unethical conduct, which the tourists should avoid not participating in the activity.<\/p>\n<h3>2. The snake charmers<\/h3>\n<p>One of the major tourist attractions in many parts of Morocco is the &#8220;charm&#8221; of snakes. In 1985, Valverde felt that the major site of practice is Marrakech (84 charmers), followed by Ouarzazate (11), Taroudant (3), Agadir (3), Tangier (3) and Tetuan (2) (Feriche, <em>not published<\/em>). The problem is that this activity is extracted from natural samples and the treatment given to animals and the poor conditions they are kept. Currently there is a high social awareness of animal rights and the treatment we give them. Although the local population these concepts sound even distant and strange, it&#8217;s not for tourists, who come from places where such displays would take decades longer banned and not accepted in its squares and markets. So why participate in this macabre spectacle in another country?<\/p>\n<p>As tourists continue to give a few coins in exchange for a false representation of charm and awful, or taking pictures with a non-poisonous species on the shoulders to impress friends and family around their exotic trip, this deplorable practice will continue. It is clear that awareness is still work to do in the tourist source countries.<\/p>\n<div class=\"contenedor_img centrado\"><img decoding=\"async\" src=\"http:\/\/www.moroccoherps.com\/files\/pages\/problematica\/problematica_2_white.jpg\" \/><\/p>\n<p class=\"caption\">Jemaa Lfna Place (Marrakech) where you can see captive lizards (1), Puff Adders (2, 3, 7 y 8) and cobras (3-9).<\/p>\n<p>Photo: \u00a9 V. Gabari Boa, F. Jim\u00e9nez Cazalla, J. Corzo de Porras<\/p>\n<\/div>\n<p>For the maintenance of the snakes, this leaves much to be desired. They are kept in overcrowded wooden or cloth bags, without food or light except in the case of cobras, the most rare and valuable. His state of stress, therefore, is continuous. In poisonous species, the teeth usually is removed. The charmers always deny it, as this detracts their show and courage. But sometimes you can see the specimens with swollen head by infection that has been caused by the amputation, and eventually die after a long agony.<\/p>\n<p>Another impact caused by this group is the plundering for sale to tourists. On occasion they have offered us various horned vipers (<span class=\"nc\">Cerastes cerastes<\/span>) to take him alive as pets, so encourage the capture of a species that do not use them in their &#8220;work.&#8221;<\/p>\n<p>The movement of the snakes may have also problems in the populations of the places that carry them. Thus, in shows in Tangier (Morocco), we have seen large specimens of <span class=\"nc\">Malpolon monspessulanus saharatlanticus<\/span>, a different subspecies native to the area. If those speciemens are avoided or are released to be considered unsuitable for the shows, can lead to genetic contamination in the populations of the area in which this occurs. Or simply that move specimens to an area outside its natural range.<\/p>\n<div class=\"contenedor_img centrado\"><img decoding=\"async\" src=\"http:\/\/www.moroccoherps.com\/files\/pages\/problematica\/problematica_4.jpg\" \/><\/p>\n<p class=\"caption\">Snake charmer in the surroundings of Ouarzazate (Morocco). 2010. Photo: \u00a9 F. Javier Herrera Sanchez.<\/p>\n<\/div>\n<p>The &#8220;pioneers&#8221; in the pursuit of an actual ban of these activities are GEOS association members, led by Michel Aymerich, which is ultimately to eliminate these shows: <a href=\"http:\/\/www.geos-nature.org\/sign-the-petition.html\">http:\/\/www.geos-nature.org\/sign-the-petition.html<\/a>. In this link we recommend to sign the petition and disseminate it to your contacts, to raise awareness on the subject. Also please visitors of this website that do not promote this activity in any way, paying for these shows, as in the opposite case we will be participating in this slaughter silent, and the process of extinction of two species that do not bear much mainly longer the excessive extraction of specimens that are submitted.<\/p>\n<h3>3. Roads<\/h3>\n<p>Like all herpetologists know, probably the most unnatural wildlife death is found is on the road. In Morocco we have found on numerous occasions most of species in the road, living (few times) or killed (most times). The months in which abuses occur more often coincide with the mating season, during the warm rainy nights, for most amphibians and April-June for most reptiles and the time of birth and dispersal of juveniles (August-October). Also reptiles also use hot asphalt to get a warm temperature spending much time on the road. In some areas, black spots were found where there is a high death toll of one or more species in a short stretch of asphalt. These usually coincide with a nearby streams or rivers, rocky areas, slopes, near oasis in arid places, etc.<\/p>\n<p>The solution to this problem is hard. It is costly to implement the correct location and black points by barriers in places like Europe. In countries like Morocco, where the needs and priorities are now other, it is somewhat unlikely. Part of the problem would be solved based on awareness of drivers, whose trend is usually the opposite: If the animal is located, usually ignored, they tend to try to hit it, even modifying the vehicle&#8217;s path.<\/p>\n<div class=\"contenedor_img centrado\"><img decoding=\"async\" src=\"http:\/\/www.moroccoherps.com\/files\/pages\/problematica\/problematica_6.jpg\" \/><\/p>\n<p class=\"caption\">Barrier between a pond and the road. Hoyo de Manzanares (Madrid, Spain). Photo: \u00a9 Gabri Mtnez.<\/p>\n<\/div>\n<h3>4. Cisterns and Pools<\/h3>\n<p>Cisterns, pools and pits act as pitfall traps for a large number of vertebrates and invertebrates. In most cases the animals die by drowning, by predation, starvation, dehydration &#8230; Almost any animal is likely to fall and die in them so, placing stones and \/ or logs that help them to exit is always appropriate. Failing that, if the building is too high or large, stones to serve as shelter will enable survival (somewhat precarious in any case) to some of the victims.<\/p>\n<div class=\"contenedor_img centrado\"><img decoding=\"async\" src=\"http:\/\/www.moroccoherps.com\/files\/pages\/problematica\/problematica_8.jpg\" \/><\/p>\n<p class=\"caption\">Example of animals found dead in cisterns in Morocco. 1. <span class=\"nc\">Varanus griseus<\/span>. 2. <span class=\"nc\">Hemorrhois hippocrepis<\/span>. Photo: \u00a9 Gabri Mtnez.<\/p>\n<\/div>\n<h3>5. Directly killed by humans<\/h3>\n<p>Reptiles and amphibians are hated by many cultures since ancient times. This area is not an exception. However, the economic and cultural development has helped us get to know these animals in much of the world and describe them as harmless animals to humans. However dozens of hoaxes and false stories go by word and frogs, geckos, chameleons, but especially snakes die when they encounter humans. Sometimes they are killed to be consumed by local populations (Genus <span class=\"nc\">Uromastyx<\/span>, <span class=\"nc\">Varanus<\/span>, <span class=\"nc\">Scincus<\/span> &#8230;), to be used as a talisman or a home remedy (Genus <span class=\"nc\">Uromastyx<\/span>, <span class=\"nc\">Chamaeleo<\/span> &#8230;) and gifts (<span class=\"nc\">Testudo graeca<\/span> shells, skins of <span class=\"nc\">Hemorrhois hippocrepis<\/span> to make drums &#8230;), but in most cases are killed by fear, pleasure or fun, and the children are who spend more time in hunting these animals (Bons &amp; Geniez, 1996; Schleich et al., 1996).<\/p>\n<p>The only solution to this problem comes from the awareness and promotion of environmental education among the population, who know these animals. When out of ignorance and confusion that often occurs in people, it will mean a significant step in its conservation and animal evaluation as particularly beneficial and necessary and essential in the ecosystems in which they operate. One purpose of this website is just that, to make known the reality of these animals. It is true that there are snakes with a powerful poison in Morocco and that could kill humans, but as explained in each section, snakes are elusive animals that avoid contact with humans, and in case you tend to flee , attacking only when they have no another recourse. Accidents are rare and are caused by disruption to the snakes, either directly (when trying to capture or recklessly handle) or indirect (usually walking on a stationary animal and has not been previously). In a conversation with a family located in a rocky area with a high density of Moorish vipers (<span class=\"nc\">Daboia mauritanica<\/span>) they confessed that they did not know anyone who had been bitten.<\/p>\n<h3>6. Habitat destruction<\/h3>\n<p>As Morocco has developed economically the problems of habitat destruction have increased. Some herps seem very sensitive to changes in habitat occurring extinctions of local populations which implies that the distribution of many Moroccan species is fragmented. Habitat destruction includes the conversion of land for agriculture, uncontrolled urban development and infrastructure development&#8230;<\/p>\n<div class=\"contenedor_img centrado\"><img decoding=\"async\" src=\"http:\/\/www.moroccoherps.com\/files\/pages\/problematica\/problematica_10.jpg\" \/><\/p>\n<p class=\"caption\">Urbanization on the outskirts of Casablanca (Morocco). Photo: \u00a9 Gabri Mtnez.<\/p>\n<\/div>\n<p>To which we must add other aspects such as habitat pollution, the deforestation and desertification (we will talk about this in the next point). This process of deforestation and cultivation of large areas continues apace.<\/p>\n<p>The best solution to this problem consists in the knowledge of the areas susceptible to changes in their habitat and the richest areas on herps in Morocco and Western Sahara. Once we know these, they should have some legal protection to ensure its immutability effectively. This seems the only way to stop the process of extinction of many populations of reptiles and amphibians are sensitive to habitat alteration.<\/p>\n<div class=\"contenedor_img izquierdo\"><img decoding=\"async\" src=\"http:\/\/www.moroccoherps.com\/files\/pages\/problematica\/problematica_12.jpg\" \/><\/div>\n<div>\n<p><img decoding=\"async\" src=\"http:\/\/www.moroccoherps.com\/files\/pages\/problematica\/problematica_13_white.jpg\" alt=\"\" \/> National Parks<\/p>\n<p><img decoding=\"async\" src=\"http:\/\/www.moroccoherps.com\/files\/pages\/problematica\/problematica_14_white.jpg\" alt=\"\" \/> Areas with greater richness of herpetofauna in the study area (based in Pous et al., 2010. Only includes data for Morocco):<br \/>\na. Pen\u00ednsula Tingitana<br \/>\nb. The region of Nador, Beni Snassen, the upper Moulouya&#8217;s basin<br \/>\nc. Middle Atlas<br \/>\nd. Souss Valley, southern Atlantic coast, Dr\u00e2a Valley<\/p>\n<\/div>\n<p>&nbsp;<\/p>\n<h3>7. The overgrazing<\/h3>\n<p>In the habitat destruction troubles we want to remark the trouble of the overgrazing, that affect to great part of Moroccan and Western Sahara territory. This occurs when the stocking density exceeds the regenerative capacity of vegetation cover in a given area. Overgrazing can be avoided if there are alternative food resources, which does not exist in Morocco, where in some regions you can watch the goats climbing trees to access food. In other cases, are the pastors who clear branches from the canopy to feed their cattle.<\/p>\n<p>Grazing has many consequences for natural ecosystems. Overgrazing thus affecting the growth, vigor and reproduction of plants, leading to changes in species composition, vegetation cover and the amount of biomass. This affects directly the herpetofauna in the case of vegetarian reptiles, such as Dobs (genus <span class=\"nc\">Uromastyx<\/span>) or Spur-thighed Tortoises (<span class=\"nc\">Testudo graeca<\/span>), among others, and indirectly for these and other species, as having less vegetation reduces the availability of shelter or food (insects and other invertebrates, birds, rodents). To this we must add the continuous trampling of livestock reduces bulk density and soil infiltration rate, thus increasing the surface flow and thus causing desertification of the land. This happens in much of the Moroccan territory.<\/p>\n<p>It\u00b4s important to develop plans for prevention and optimization, to minimize the negative impacts associated overgrazing. The political organs of the arid areas in particular, must seek a sustainable development for economically disadvantaged regions of Morocco, trying to join the interests of rural people with the conservation of ecosystems. Otherwise, continue to increase the process of desertification which leads to reduced densities of fauna and increasing poverty in general.<\/p>\n<p>Till now is recognized the extinction of two species of reptiles in the study area (Bons &amp; Geniez, 1996; Geniez et al. 2004):<\/p>\n<ul>\n<li><span class=\"nc\">Geochelone sulcata<\/span> Miller, 1780 &#8211; Tortuga de sabana<\/li>\n<li><span class=\"nc\">Crocodylus suchus<\/span> Geoffroy Saint-Hilare, 1807 &#8211; Cocodrilo de \u00c1frica occidental<\/li>\n<\/ul>\n<h3 class=\"bibliografia\">Bibliograf\u00eda<\/h3>\n<ul>\n<li>Bons, J., Geniez, P. 1996. Amphibiens et Reptiles du Maroc (Sahara Occidental compris), Atlas biog\u00e9ographique. Barcelona: Asociaci\u00f3n Herpetol\u00f3gica Espa\u00f1ola. Barcelona. 319 pp<\/li>\n<li>de Pous, P.E., Beukema, W., Weterings, M., Dummer, I. &amp; Geniez, P. 2010. Area prioritization and performance evaluation of the conservation area network for the Moroccan herpetofauna: a preliminary assessment. Biodiversity and Conservation 20(1): 89-118<\/li>\n<li>Dregne, H. 1978. Suplemento alimenticio para rumiantes y relaci\u00f3n con el incremento de la productividad. Ciudad de M\u00e9xico. 183p<\/li>\n<li>Feriche, M. Aisaouas: encantadores de serpientes. Ponencia, in\u00e9dito<\/li>\n<li>Feriche, M., Pleguezuelos G\u00f3mez, J.M., Mart\u00ednez Silvestre A., Soler Massana J., Fahd S. 2007. Los Aissauas o encantadores de serpientes de Marruecos. Reptilia, 66: 42-46.<\/li>\n<li>Geniez, P., Cluchier, A., De Haan, C.C. 2006. A multivariate analysis of the morphology of the colubrid snake Malpolon monspessulanus in Morocco and Western Sahara: biogeographic and systematic implications. Salamandra 42 (2-3): 65-82<\/li>\n<li>Geniez, P.; Mateo, J.A.; Geniez, M. &amp; Pether, J. 2004. The amphibians and reptiles of the Western Sahara (former Spanish Sahara) and adjacent regions. Edition Chimaira, Frankfurt, 228 pp.<\/li>\n<li>Kopta, F. 1999. Problem\u00e1tica ambiental con especial referencia a la Provincia de C\u00f3rdoba \u2013 Cap\u00edtulo 2. Fundaci\u00f3n Ambiente, Cultura y Desarrollo \u2013 ACUDE. 203 p\u00e1gs<\/li>\n<li>Papanastasis, H. 1998. Da\u00f1o ejercido por el sobre pastoreo a suelos de uso agr\u00edcola. Argentina ed. 187p<\/li>\n<li>Primack, R. B. 2006. Essentials of Conservation Biology. 4th Ed. Habitat destruction, pages 177-188. Sinauer Associates, Sunderland, MA<\/li>\n<li>Sch\u00e4tti, B., Monsch, P. 2004. Systematics and phylogenetic relationships of Whip snakes (Hierophis Fitzinger) and Zamenis andreana Werner 1917 (Reptilia: Squamata: Colubrinae). Rev. Suisse Zool. 111 (2): 239-256<\/li>\n<li>Schleich, H. H., Kastle, W., and Kabisch, K. 1996. Amphibians and Reptiles of North Africa. Koeltz Scientific Publishers, Koenigstein. 630 pp.<\/li>\n<li>Taiqui, L. 1997. La d\u00e9gradation \u00e9cologique au Rif marocain: n\u00e9cessil\u00e9s d&#8217;une nouvelle approche. Mediterraea 16: 5-17.<\/li>\n<li>Trape J.-F., Man\u00e9, Y. 2006. Le genre Dasypeltis Wagler (Serpentes : Colubridae) en Afrique de l\u2019Ouest : description de trois esp\u00e8ces et d\u2019une sous-espe`ce nouvelles. Bull. Soc. Herp. France 119: 27-56<\/li>\n<li>Wilms, T., B\u00f6hme, W., Wagner, P., Lutzmann, N., Schmitz, A. 2009. On the Phylogeny and Taxonomy of the Genus Uromastyx Merrem, 1820 (Reptilia: Squamata: Agamidae: Uromastycinae) \u2013 Resurrection of the Genus Saara Gray, 1845. Bonner zoologische Beitr\u00e4ge 56: 55-99<\/li>\n<li>W\u00fcster, W., Peppin, L., Pook, C.E.,Walker D., E. 2008. A nesting of vipers: Phylogeny and historical biogeography of the Viperidae (Squamata: Serpentes). Molecular Phylogenetics and Evolution 49 (2): 445-459<\/li>\n<\/ul>\n<p><\/p>","protected":false},"excerpt":{"rendered":"<p>The Moroccan herpetofauna presents some conservation problems similar to those that may occur in other regions and countries of similar characteristics, although in this case there are any more particularly related to the collect of specimens especially for entertainment, but also for other purposes. 1. The reptiles hunters. A\u00efssaoua people are known as snake hunters &hellip; <\/p>\n<p class=\"link-more\"><a href=\"https:\/\/www.moroccoherps.com\/en\/problematica\/\" class=\"more-link\">Continue reading<span class=\"screen-reader-text\"> &#8220;Problems&#8221;<\/span><\/a><\/p>\n","protected":false},"author":1,"featured_media":0,"parent":0,"menu_order":0,"comment_status":"closed","ping_status":"closed","template":"","meta":{"footnotes":""},"class_list":["post-2487","page","type-page","status-publish","hentry"],"_links":{"self":[{"href":"https:\/\/www.moroccoherps.com\/en\/wp-json\/wp\/v2\/pages\/2487","targetHints":{"allow":["GET"]}}],"collection":[{"href":"https:\/\/www.moroccoherps.com\/en\/wp-json\/wp\/v2\/pages"}],"about":[{"href":"https:\/\/www.moroccoherps.com\/en\/wp-json\/wp\/v2\/types\/page"}],"author":[{"embeddable":true,"href":"https:\/\/www.moroccoherps.com\/en\/wp-json\/wp\/v2\/users\/1"}],"replies":[{"embeddable":true,"href":"https:\/\/www.moroccoherps.com\/en\/wp-json\/wp\/v2\/comments?post=2487"}],"version-history":[{"count":4,"href":"https:\/\/www.moroccoherps.com\/en\/wp-json\/wp\/v2\/pages\/2487\/revisions"}],"predecessor-version":[{"id":2602,"href":"https:\/\/www.moroccoherps.com\/en\/wp-json\/wp\/v2\/pages\/2487\/revisions\/2602"}],"wp:attachment":[{"href":"https:\/\/www.moroccoherps.com\/en\/wp-json\/wp\/v2\/media?parent=2487"}],"curies":[{"name":"wp","href":"https:\/\/api.w.org\/{rel}","templated":true}]}}