{"id":2548,"date":"2020-01-11T20:16:46","date_gmt":"2020-01-11T20:16:46","guid":{"rendered":"http:\/\/www.moroccoherps.com\/?page_id=2548"},"modified":"2020-06-15T20:37:15","modified_gmt":"2020-06-15T20:37:15","slug":"pleurodeles_waltl","status":"publish","type":"page","link":"https:\/\/www.moroccoherps.com\/en\/ficha\/pleurodeles_waltl\/","title":{"rendered":"Species page of Pleurodeles waltl"},"content":{"rendered":"<p><\/p>\n<div id=\"ficha_resumen\">\n<div id=\"especie\">\n<h1>Sharp-ribbed Newt<br \/>\n<em><strong><span class=\"nc\">Pleurodeles waltl<\/span>\u00a0<\/strong><\/em>Michahelles, 1830<\/h1>\n<\/div>\n<div id=\"autor\">\n<div class=\"izquierdo\">\n<p>By\u00a0<b>Gabriel Mart\u00ednez del M\u00e1rmol Mar\u00edn &amp; Octavio Jim\u00e9nez Robles<\/b><\/p>\n<\/div>\n<\/div>\n<div>\n<div id=\"actualizado\" class=\"izquierdo\">\n<p>Updated:\u00a0<b>23\/09\/2012<\/b><\/p>\n<\/div>\n<div id=\"jerarquia_taxonomica\" class=\"derecho\">\n<p>Taxonomy:\u00a0Urodela\u00a0|\u00a0Salamandridae\u00a0|\u00a0Pleurodeles\u00a0|\u00a0Pleurodeles waltl<\/p>\n<\/div>\n<\/div>\n<div id=\"foto_principal\">\n<figure style=\"width: 680px\" class=\"wp-caption alignnone\"><img loading=\"lazy\" decoding=\"async\" src=\"http:\/\/www.moroccoherps.com\/files\/fichas\/Pleurodeles_waltl\/Pleurodeles_waltl_1.jpg\" alt=\"Pleurodeles waltl\" width=\"680\" height=\"453\" \/><figcaption class=\"wp-caption-text\">Subadult. Casablanca. Photo: \u00a9 Gabri Mtnez.<\/figcaption><\/figure>\n<\/div>\n<div id=\"mapa_distribucion\">\n<p><img decoding=\"async\" id=\"mapa_distribucion_img\" class=\"alignleft\" src=\"http:\/\/www.moroccoherps.com\/files\/fichas\/Pleurodeles_waltl\/Pleurodeles_waltl_mapa.jpg\" alt=\"Range map of Pleurodeles waltl\" \/><\/p>\n<p class=\"leyenda_mapa_ficha\"><img decoding=\"async\" src=\"http:\/\/www.moroccoherps.com\/files\/images\/red.jpg\" alt=\"\" \/>\u00a0\u00a0<span class=\"nc\">Pleurodeles waltl<\/span><\/p>\n<p class=\"caption_mapa_ficha\">Distribution map of<br \/>\n<span class=\"nc\">Pleurodeles waltl<\/span><br \/>\nin Morocco.<\/p>\n<\/div>\n<\/div>\n<p>&nbsp;<\/p>\n<p>&nbsp;<\/p>\n<div id=\"ficha_resumen\">\n<div id=\"gal_text\">\n<p>Gallery: 9 photos.\u00a0<a href=\"http:\/\/moroccoherps.com\/en\/galeria\/Pleurodeles_waltl\/\">[ENTER]<\/a><\/p>\n<\/div>\n<\/div>\n<div id=\"ficha_info\">\n<h2>Phylogenetic frame<\/h2>\n<p>Molecular studies using mitochondrial haplotypes suggest the existence of two\u00a0<span class=\"nc\">Pleurodeles waltl<\/span>\u00a0clades. One at centre, north and west part of the Iberian Peninsula, while the other one extends to Morocco and both south and east part of the Iberian Peninsula, appearing the Guadalquivir river as a rough line that separates both clades. Therefore, the haplotypes from Morocco also show up in both the Baetic System and the Spanish Mediterranean coast, which means that there have been dispersion processes across the Mediterranean sea (Batista\u00a0<em>et al.<\/em>, 2004; Carranza and Arnold, 2004).<\/p>\n<h2>Description<\/h2>\n<p>The sharp-ribbed newt is a huge urodele that, even if might reach 31 cm long, does not usually exceed 20 cm long. The tail is laterally compressed and ranges between 46.3 and 55 % of the newt total length (Gonz\u00e1lez de la Vega, 1988). The head is broad and compressed while the eyes are small, prominent and placed slightly forward, being either brown or greyish and showing black round pupils. The snout is round and a gular fold appears on the throat.<\/p>\n<div class=\"contenedor_img centrado\">\n<figure style=\"width: 600px\" class=\"wp-caption alignnone\"><img loading=\"lazy\" decoding=\"async\" src=\"http:\/\/www.moroccoherps.com\/files\/fichas\/Pleurodeles_waltl\/Pleurodeles_waltl_2.jpg\" alt=\"\" width=\"600\" height=\"400\" \/><figcaption class=\"wp-caption-text\">Head detail. Kenitra. Photo: \u00a9 Gabri Mtnez.<\/figcaption><\/figure>\n<\/div>\n<p>The skin is rough and covered in lots of small tubercles ending in a black tip. It presents small caudal crests that get slightly more developed during the breeding season. The colouration is brown to olive-green, but depends on several environmental variables such as temperature or brightness. It shows either black or dark round marks at the dorsal part of the body. Lines of orangey tubercles appear on the lateral trunk sides. Front extremities present four fingers while back ones are longer and present five toes. The ventral part of the body is brighter than the dorsal one, showing beige-yellowish colouration and black dots.<\/p>\n<p>Males present both proportionally longer tail and more developed limbs than females. Furthermore, during the breeding season, males develop black rugosities on fore limbs and hands in order to favour the coupling. Males cloaca shows papillary appearance whereas females cloaca presents inward borders (Salvador, 2009). Males cloaca swells up during the breeding season (Schleich\u00a0<em>et al.<\/em>, 1996).<\/p>\n<div class=\"contenedor_img centrado\">\n<figure style=\"width: 400px\" class=\"wp-caption alignnone\"><img loading=\"lazy\" decoding=\"async\" src=\"http:\/\/www.moroccoherps.com\/files\/fichas\/Pleurodeles_waltl\/Pleurodeles_waltl_4.jpg\" alt=\"\" width=\"400\" height=\"267\" \/><figcaption class=\"wp-caption-text\">Detail male callosities. Granada (Spain). Photo: \u00a9 Octavio Jim\u00e9nez Robles.<\/figcaption><\/figure>\n<\/div>\n<p>Larvae are characterized by both big crests and highly developed gills that usually appear upwards. The tail ends pointed (while the tail of the other Moroccan urodele, the north African fire salamander (<span class=\"nc\">Salamandra algira<\/span>), ends roundly).<\/p>\n<div class=\"contenedor_img centrado\">\n<figure style=\"width: 600px\" class=\"wp-caption alignnone\"><img loading=\"lazy\" decoding=\"async\" src=\"http:\/\/www.moroccoherps.com\/files\/fichas\/Pleurodeles_waltl\/Pleurodeles_waltl_5.jpg\" alt=\"\" width=\"600\" height=\"400\" \/><figcaption class=\"wp-caption-text\">Pleurodeles waltl larvae. Huelva (Spain). Photo: \u00a9 Baudilio Rebollo Fern\u00e1ndez.<\/figcaption><\/figure>\n<\/div>\n<h2>Ecology and habits<\/h2>\n<p>That species typically inhabits temporal aquatic places. It mainly develops two types of lifes, aquatic and terrestrial. Individuals have been found taking refuge after their habitat dried up. In that case, they are only active during very wet nights, either going from their shelters to the ponds or remaining still on the pond shores. Terrestrial life, above all for adults individuals, seems to be a mandatory state in order to survive the drying of ponds, streams and small lakes. However, if the place does not totally dry up and remain suitable, the sharp-ribbed newts will carry out an entirely aquatic life (H\u00f3dar\u00a0<em>et al.<\/em>, 1993).<\/p>\n<p>When the first autumnal rains come, the sharp-ribbed newts that took refuge from summer high temperatures will leave their terrestrial shelters (burrows, under stones, among tree roots&#8230;) to go to their breeding places. They are more agile inside water than out of it. It is possible to easily find them in shores and shallow places during night time, whereas it is more difficult to see them during day time, when they seem to remain in the deepest parts of ponds, streams and small lakes, either among the aquatic vegetation or under stones.<\/p>\n<p>Mating takes place between October and April, when the winter rains come. If they are well nourished, juveniles will be sexually mature 6 months after the metamorphosis (Schleich\u00a0<em>et al.<\/em>, 1996). After female smell recognition, the male starts the courtship that consists of doing tail undulations. Later, the male goes under the female, holding her with his arms and placing her on his back. They may remain like that during several hours, even days. After that, the male lets go of one arm and turn around, stimulating the female and placing a spermatophore on the ground. This may happen up to 6 or 7 times. The female picks the spermatophores up off the ground by placing her cloaca on them (Schleich\u00a0<em>et al.<\/em>, 1996; Salvador, 2009). Up to 4 males might hold a single female, leading to the formation of a \u201cmating ball\u201d: http:\/\/www.flickr.com\/photos\/gabrimtnezmarmol\/3813716981\/<\/p>\n<div class=\"contenedor_img centrado\">\n<figure style=\"width: 400px\" class=\"wp-caption alignnone\"><img loading=\"lazy\" decoding=\"async\" src=\"http:\/\/www.moroccoherps.com\/files\/fichas\/Pleurodeles_waltl\/Pleurodeles_waltl_6a.jpg\" alt=\"\" width=\"400\" height=\"266\" \/><figcaption class=\"wp-caption-text\">Mating in Pleurodeles waltl. Courtship. Huelva (Spain). Photo: \u00a9 Juan Pablo Gonz\u00e1lez de la Vega.<\/figcaption><\/figure>\n<figure style=\"width: 400px\" class=\"wp-caption alignnone\"><img loading=\"lazy\" decoding=\"async\" src=\"http:\/\/www.moroccoherps.com\/files\/fichas\/Pleurodeles_waltl\/Pleurodeles_waltl_6b.jpg\" alt=\"\" width=\"400\" height=\"267\" \/><figcaption class=\"wp-caption-text\">Mating in Pleurodeles waltl. Amplexus. Huelva (Spain). Photo: \u00a9 Juan Pablo Gonz\u00e1lez de la Vega.<\/figcaption><\/figure>\n<\/div>\n<p>The ovoposition takes place between 24 and 48 hours after mating. Depending on the female both size and age, the number of eggs may range between 80 and 2000 (Schleich\u00a0<em>et al.<\/em>, 1996). The larvae development seems to be owed for some environmental factors such as water temperature and food availability. When the water level begins to decrease, larvae development will speed up to avoid dying.<\/p>\n<div class=\"contenedor_img centrado\">\n<figure style=\"width: 600px\" class=\"wp-caption alignnone\"><img loading=\"lazy\" decoding=\"async\" src=\"http:\/\/www.moroccoherps.com\/files\/fichas\/Pleurodeles_waltl\/Pleurodeles_waltl_7b.jpg\" alt=\"\" width=\"600\" height=\"400\" \/><figcaption class=\"wp-caption-text\">Pleurodeles in terrestrial phase with two Discoglossus scovazzi found under a tire around a dry pond. Kenitra. Photo: \u00a9 Gabri Mtnez.<\/figcaption><\/figure>\n<\/div>\n<p>Larvae and adults are highly voracious. The adult diet during the aquatic stage is based on fresh water invertebrates and, occasionally, invertebrates which fell into water, amphibians and their larvae, juvenile snakes and fishes. The larva diet is based on crustaceans and aquatic insect larvae (Salvador, 2009). Lots of bird species, several mammals and the viperine water snake (<span class=\"nc\">Natrix maura<\/span>) appear among the sharp-ribbed newt predators (Salvador, 2009). When it is inside water, quickly flee from predators by swimming to dense aquatic plants or other kind of shelters. It is very clumsy on land, so its antipredator strategies vary according to individuals and environmental temperature. If they are highly active, some individuals, although clumsily, will persistently try to run away. In case of being cornered, sharp spines (rib tips) appear on the lateral trunk sides (more details in Heiss\u00a0<em>et al.<\/em>, 2010). Like most of the amphibians, it can secrete toxic or disgusting substances through skin glands. Those secretions can easily seep through its enemies either mucous membranes (e.g. eyes, nose or mouth) or wounds. Therefore, its sharply pointed ribs cannot only be used as hurting weapons but also to make substances penetration easier. Other kind of defensive behaviours are arching the back to look bigger, trying to bite, emitting sounds or, since the tail is not a vital part of the body, show it as a decoy (Schleich\u00a0<em>et al.<\/em>, 1996; Salvador, 2009; personal experiences).<\/p>\n<div class=\"contenedor_img centrado\">\n<figure style=\"width: 400px\" class=\"wp-caption alignnone\"><img loading=\"lazy\" decoding=\"async\" src=\"http:\/\/www.moroccoherps.com\/files\/fichas\/Pleurodeles_waltl\/Pleurodeles_waltl_8b.jpg\" alt=\"\" width=\"400\" height=\"267\" \/><figcaption class=\"wp-caption-text\">Cattle egrets (Bubulcus ibis) around a pond inhabited by Pleurodeles. Kenitra. Photo: \u00a9 Lorena Aguilera Garc\u00eda-Saavedra.<\/figcaption><\/figure>\n<\/div>\n<h2>Distribution, habitat and abundance<\/h2>\n<p>It is a typical Mediterranean species that is mainly distributed in the area localized within the triangle Ceuta \u2013 Souk Jem\u00eba des Uolad Abbou \u2013 Annoceur. It appears in the humid, the subhumid and the semiarid bioclimatic regions (Bons &amp; Geniez, 1996). Since the mitochondrial haplotypes from Morocco are similar to the ones localized in both the Baetic System and the Spanish Mediterranean coast, the natural dispersion from Morocco has been called into question, suggesting anthropic introduction as a possibility (Carranza &amp; Arnold, 2004). Nonetheless, both the haplotype diversity found in Morocco and the wide distribution of that species, point out a relatively recent natural colonization (Batista\u00a0<em>et al.<\/em>, 2004).<\/p>\n<p>It is mainly abundant in stagnant places but less abundant in low current both rivers and streams. It can get used to live in high anthropic-altered places such as crop edges and human constructions such as reservoirs and wells.<\/p>\n<div class=\"contenedor_img centrado\">\n<figure style=\"width: 600px\" class=\"wp-caption alignnone\"><img loading=\"lazy\" decoding=\"async\" src=\"http:\/\/www.moroccoherps.com\/files\/fichas\/Pleurodeles_waltl\/Pleurodeles_waltl_9a.jpg\" alt=\"\" width=\"600\" height=\"400\" \/><figcaption class=\"wp-caption-text\">Habitat. T\u00e1nger. Photo: \u00a9 Gabri Mtnez.<\/figcaption><\/figure>\n<\/div>\n<div class=\"contenedor_img centrado\">\n<figure style=\"width: 600px\" class=\"wp-caption alignnone\"><img loading=\"lazy\" decoding=\"async\" src=\"http:\/\/www.moroccoherps.com\/files\/fichas\/Pleurodeles_waltl\/Pleurodeles_waltl_9b.jpg\" alt=\"\" width=\"600\" height=\"400\" \/><figcaption class=\"wp-caption-text\">Habitat. Kenitra. Photo: \u00a9 Gabri Mtnez.<\/figcaption><\/figure>\n<\/div>\n<p>This amphibian must be threatened with the aquatic habitat loss and the contamination of these places. This is getting more and more common within the study area, mainly in the north of Morocco. One of the worst enemies of the sharp-ribbed newt in the Iberian Peninsulae is the red swamp crayfish (<span class=\"nc\">Procambarus clarkii<\/span>; Salvador, 2009). We have not had proof that this crayfish is acting as a serious problem for the sharp-ribbed newt in Morocco. However, it would be necessary the authorities to warn the population about the dangerousness of the introduction of this crayfish for the native amphibian species.<\/p>\n<p>So far, it is known the introduction of the eastern mosquitofish (<span class=\"nc\">Gambusia holbrooki<\/span>) in many of the sharp-ribbed newt breeding places (de Pous &amp; Beukema, 2011). Although it is not known the impact of this fish on the newt populations, those voracious fishes maybe both competing and preying on newt eggs and larvae.<\/p>\n<h3 class=\"bibliografia\">References<\/h3>\n<ul>\n<li style=\"list-style-type: none;\">\n<ul>\n<li><b>Batista, V., Harris, D. J. &amp; Carretero, M. A. 2004.<\/b>\u00a0Genetic variation in Pleurodeles waltl Michahelles, 1830 across the Strait of Gibraltar derived from mitochondrial DNA sequences. Herpetozoa, 16 (3-4): 166-168<\/li>\n<li><b>Bons, J. &amp; Geniez, P. 1996.<\/b>\u00a0Anfibios y Reptiles de Marruecos. Asociaci\u00f3n Herpetol\u00f3gica Espa\u00f1ola, Barcelona. 319 pp.<\/li>\n<li><b>Carranza, S. &amp; Arnold, E. N. 2004.<\/b>\u00a0History of West Mediterranean newts, Pleurodeles (Amphibia: Salamandridae), inferred from old and recent DNA sequences. Systematics and Biodiversity, 1 (3): 327-337.<\/li>\n<li><b>de Pous, P. &amp; Beukema, W.<\/b>\u00a0Moroccan Spadefoot Toad (Pelobates varaldii). In Edge of Existence. www.edgeofexistence.org. Visitado el 11 de febrero de 2011<\/li>\n<li><b>Gonz\u00e1lez de la Vega, J. P. 1988.<\/b>\u00a0Anfibios y reptiles de la provincia de Huelva. Ertisa, Huelva. 238 pp.<\/li>\n<li><b>H\u00f3dar, J. A., Ruiz, I. &amp; Camacho, I. 1993.<\/b>\u00a0R\u00e9gimen alimenticio estival del gallipato Pleurodeles waltl (Michahelles, 1830) en una localidad del sureste peninsular. Rev. Esp. Herpetol., 7: 7-11<\/li>\n<li><b>Salvador, A. 2009.<\/b>\u00a0Gallipato \u2013 Pleudodeles waltl. In Enciclopedia Virtual de losVertebrados Espa\u00f1oles. Versi\u00f3n 22-06-2009. Carrascal, L. M., Salvador, A. (Eds.). Madrid: Museo Nacional de Ciencias Naturales. http:\/\/www.vertebradosibericos.org<\/li>\n<li><b>Schleich, H. H., K\u00e4stle, W. &amp; Kabisch, K. 1996.<\/b>\u00a0Amphibians and Reptiles of North Africa. Koeltz Sci. Books, Koenigstein. 630 pp.<\/li>\n<\/ul>\n<\/li>\n<\/ul>\n<\/div>\n<p><b>To cite this page:<\/b><br \/>\nGabriel Mart\u00ednez del M\u00e1rmol Mar\u00edn\u00a0&amp; Octavio Jim\u00e9nez Robles (2012):\u00a0<span class=\"nc\">Pleurodeles waltl<\/span> Michahelles, 1830. In: Mart\u00ednez, G., Le\u00f3n, R., Jim\u00e9nez-Robles, O., Gonz\u00e1lez De la Vega, J. P., Gabari, V., Rebollo, B., S\u00e1nchez-T\u00f3jar, A., Fern\u00e1ndez-Cardenete, J. R., G\u00e1llego, J. (Eds.). Moroccoherps. Amphibians and Reptiles of Morocco. Available from <a href=\"\/en\/ficha\/Pleurodeles_waltl\/\">www.moroccoherps.com\/en\/ficha\/Pleurodeles_waltl\/<\/a>. Version 23\/09\/2012.<\/p>\n<p><b>To cite\u00a0<a href=\"\/\">www.morocoherps.com en<\/a>\u00a0as a whole:<\/b><br \/>\nMart\u00ednez, G., Le\u00f3n, R., Jim\u00e9nez-Robles, O., Gonz\u00e1lez De la Vega, J.P., Gabari, V., Rebollo, B., S\u00e1nchez-T\u00f3jar, A., Fern\u00e1ndez-Cardenete, J.R., G\u00e1llego, J. (Eds.). Moroccoherps. Amphibians and Reptiles of Morocco. Available from <a href=\"\/\">www.moroccoherps.com<\/a>.<\/p>","protected":false},"excerpt":{"rendered":"<p>Sharp-ribbed Newt Pleurodeles waltl\u00a0Michahelles, 1830 By\u00a0Gabriel Mart\u00ednez del M\u00e1rmol Mar\u00edn &amp; Octavio Jim\u00e9nez Robles Updated:\u00a023\/09\/2012 Taxonomy:\u00a0Urodela\u00a0|\u00a0Salamandridae\u00a0|\u00a0Pleurodeles\u00a0|\u00a0Pleurodeles waltl \u00a0\u00a0Pleurodeles waltl Distribution map of Pleurodeles waltl in Morocco. &nbsp; &nbsp; Gallery: 9 photos.\u00a0[ENTER] Phylogenetic frame Molecular studies using mitochondrial haplotypes suggest the existence of two\u00a0Pleurodeles waltl\u00a0clades. One at centre, north and west part of the Iberian Peninsula, &hellip; <\/p>\n<p class=\"link-more\"><a href=\"https:\/\/www.moroccoherps.com\/en\/ficha\/pleurodeles_waltl\/\" class=\"more-link\">Continue reading<span class=\"screen-reader-text\"> &#8220;Species page of Pleurodeles waltl&#8221;<\/span><\/a><\/p>\n","protected":false},"author":1,"featured_media":0,"parent":2564,"menu_order":0,"comment_status":"closed","ping_status":"closed","template":"","meta":{"footnotes":""},"class_list":["post-2548","page","type-page","status-publish","hentry"],"_links":{"self":[{"href":"https:\/\/www.moroccoherps.com\/en\/wp-json\/wp\/v2\/pages\/2548","targetHints":{"allow":["GET"]}}],"collection":[{"href":"https:\/\/www.moroccoherps.com\/en\/wp-json\/wp\/v2\/pages"}],"about":[{"href":"https:\/\/www.moroccoherps.com\/en\/wp-json\/wp\/v2\/types\/page"}],"author":[{"embeddable":true,"href":"https:\/\/www.moroccoherps.com\/en\/wp-json\/wp\/v2\/users\/1"}],"replies":[{"embeddable":true,"href":"https:\/\/www.moroccoherps.com\/en\/wp-json\/wp\/v2\/comments?post=2548"}],"version-history":[{"count":28,"href":"https:\/\/www.moroccoherps.com\/en\/wp-json\/wp\/v2\/pages\/2548\/revisions"}],"predecessor-version":[{"id":6114,"href":"https:\/\/www.moroccoherps.com\/en\/wp-json\/wp\/v2\/pages\/2548\/revisions\/6114"}],"up":[{"embeddable":true,"href":"https:\/\/www.moroccoherps.com\/en\/wp-json\/wp\/v2\/pages\/2564"}],"wp:attachment":[{"href":"https:\/\/www.moroccoherps.com\/en\/wp-json\/wp\/v2\/media?parent=2548"}],"curies":[{"name":"wp","href":"https:\/\/api.w.org\/{rel}","templated":true}]}}