{"id":2685,"date":"2020-01-13T18:12:13","date_gmt":"2020-01-13T18:12:13","guid":{"rendered":"http:\/\/www.moroccoherps.com\/?page_id=2685"},"modified":"2025-07-24T16:12:27","modified_gmt":"2025-07-24T16:12:27","slug":"salamandra_algira","status":"publish","type":"page","link":"https:\/\/www.moroccoherps.com\/en\/ficha\/salamandra_algira\/","title":{"rendered":"Species page of Salamandra algira"},"content":{"rendered":"<p><\/p>\n<div id=\"ficha_resumen\">\n<div id=\"especie\">\n<h1>North African Fire Salamander<br \/>\n<strong><em><span class=\"nc\">Salamandra algira<\/span><\/em><\/strong>\u00a0Bedriaga, 1883<\/h1>\n<\/div>\n<div id=\"autor\">\n<div class=\"izquierdo\">\n<p>By\u00a0<b>Gabriel Mart\u00ednez del M\u00e1rmol<\/b><\/p>\n<\/div>\n<\/div>\n<div>\n<div id=\"actualizado\" class=\"izquierdo\">\n<p>Updated:\u00a0<b>9\/07\/2025<\/b><\/p>\n<\/div>\n<div id=\"jerarquia_taxonomica\" class=\"derecho\">\n<p>Taxonomy:\u00a0Urodela\u00a0|\u00a0Salamandridae\u00a0|\u00a0Salamandra\u00a0|\u00a0Salamandra algira<\/p>\n<\/div>\n<\/div>\n<div id=\"foto_principal\">\n<figure style=\"width: 680px\" class=\"wp-caption alignnone\"><img loading=\"lazy\" decoding=\"async\" src=\"http:\/\/www.moroccoherps.com\/files\/fichas\/Salamandra_algira\/Salamandra_algira_1.jpg\" alt=\"Salamandra algira\" width=\"680\" height=\"453\" \/><figcaption class=\"wp-caption-text\">Salamandra algira. Ketama. Photo: \u00a9 Juan Pablo Gonz\u00e1lez de la Vega.<\/figcaption><\/figure>\n<\/div>\n<p><img loading=\"lazy\" decoding=\"async\" class=\"alignnone wp-image-8980 alignleft\" src=\"https:\/\/www.moroccoherps.com\/wp-content\/uploads\/2025\/07\/distribution-salamandra.-rojo-algira-tingitana.-amarillo-algira-algira-y-algira-sp.-y-verde-algira-spaleae.jpg\" alt=\"Salamandra algira map. tingitana spelaea atlantica splendens\" width=\"226\" height=\"237\" srcset=\"https:\/\/www.moroccoherps.com\/wp-content\/uploads\/2025\/07\/distribution-salamandra.-rojo-algira-tingitana.-amarillo-algira-algira-y-algira-sp.-y-verde-algira-spaleae.jpg 668w, https:\/\/www.moroccoherps.com\/wp-content\/uploads\/2025\/07\/distribution-salamandra.-rojo-algira-tingitana.-amarillo-algira-algira-y-algira-sp.-y-verde-algira-spaleae-286x300.jpg 286w\" sizes=\"auto, (max-width: 226px) 100vw, 226px\" \/><\/p>\n<div id=\"mapa_distribucion\">\n<p>&nbsp;<\/p>\n<div>\n<div>\n<div>\n<p class=\"leyenda_mapa_ficha\"><img decoding=\"async\" src=\"http:\/\/www.moroccoherps.com\/files\/images\/red.jpg?x43456\" alt=\"\" \/>\u00a0 S. a. tingitana<span class=\"nc\"><br \/>\n<\/span><img decoding=\"async\" src=\"http:\/\/www.moroccoherps.com\/files\/images\/yellow.jpg?x43456\" alt=\"\" \/>\u00a0 S. a. splendens<span class=\"nc\"><br \/>\n<\/span><img decoding=\"async\" src=\"http:\/\/www.moroccoherps.com\/files\/images\/blue.jpg?x43456\" alt=\"\" \/>\u00a0 \u00a0S. a. atlantica<span class=\"nc\"><br \/>\n<\/span><img decoding=\"async\" src=\"http:\/\/www.moroccoherps.com\/files\/images\/green.jpg?x43456\" alt=\"\" \/>\u00a0 S. a. spelaea<\/p>\n<\/div>\n<\/div>\n<\/div>\n<p class=\"caption_mapa_ficha\">Distribution map of<br \/>\n<span class=\"nc\">Salamandra algira <\/span>in Morocco.<\/p>\n<p>&nbsp;<\/p>\n<\/div>\n<div id=\"gal_text\">\n<p>Gallery: 15 photos.\u00a0<a href=\"https:\/\/www.moroccoherps.com\/en\/galeria\/salamandra_algira\/\">[ENTER]<\/a><\/p>\n<\/div>\n<div class=\"filete\"><\/div>\n<\/div>\n<div id=\"ficha_info\">\n<h2>Description, Ecology and habits and Distribution, habitat and abundance are being updated<\/h2>\n<h3 class=\"bibliografia\">References<\/h3>\n<ul>\n<li><strong>Hernandez A. &amp; Escoriza D. 2019.<\/strong> A new subspecies of African fire salamander <em>Salamandra algira<\/em> (Urodela, Salamandridae) from the Middle Atlas Mountains, Morocco. <em>ZooKeys<\/em>. 893. 143-158. 10.3897\/zookeys.893.46649.<\/li>\n<\/ul>\n<\/div>\n<p><b>To cite this page:<\/b><br \/>\nMart\u00ednez del M\u00e1rmol G. 2025. <span class=\"nc\">Salamandra algira<\/span> Bedriaga, 1883. In: Mart\u00ednez, G., Le\u00f3n, R., Jim\u00e9nez-Robles, O., Gonz\u00e1lez De la Vega, J. P., Gabari, V., Rebollo, B., S\u00e1nchez-T\u00f3jar, A., Fern\u00e1ndez-Cardenete, J. R., G\u00e1llego, J. (Eds.). Moroccoherps. Amphibians and Reptiles of Morocco.<br \/>\nAvailable from\u00a0<a href=\"https:\/\/www.moroccoherps.com\/en\/ficha\/Salamandra_algira\/\">www.moroccoherps.com\/en\/ficha\/Salamandra_algira\/<\/a>. Version 9\/07\/2025.<\/p>\n<p><b>To cite\u00a0<a href=\"http:\/\/www.moroccoherps.com\/\">www.morocoherps.com en<\/a>\u00a0as a whole:<\/b><br \/>\nMart\u00ednez, G., Le\u00f3n, R., Jim\u00e9nez-Robles, O., Gonz\u00e1lez De la Vega, J.P., Gabari, V., Rebollo, B., S\u00e1nchez-T\u00f3jar, A., Fern\u00e1ndez-Cardenete, J.R., G\u00e1llego, J. (Eds.). Moroccoherps. Amphibians and Reptiles of Morocco.<br \/>\nAvailable from\u00a0<a href=\"http:\/\/www.moroccoherps.com\/\">www.moroccoherps.com<\/a>.<\/p>","protected":false},"excerpt":{"rendered":"<p>North African Fire Salamander Salamandra algira\u00a0Bedriaga, 1883 By\u00a0Gabriel Mart\u00ednez del M\u00e1rmol Updated:\u00a09\/07\/2025 Taxonomy:\u00a0Urodela\u00a0|\u00a0Salamandridae\u00a0|\u00a0Salamandra\u00a0|\u00a0Salamandra algira &nbsp; \u00a0 S. a. tingitana \u00a0 S. a. splendens \u00a0 \u00a0S. a. atlantica \u00a0 S. a. spelaea Distribution map of Salamandra algira in Morocco. &nbsp; Gallery: 15 photos.\u00a0[ENTER] Description, Ecology and habits and Distribution, habitat and abundance are being updated References &hellip; <\/p>\n<p class=\"link-more\"><a href=\"https:\/\/www.moroccoherps.com\/en\/ficha\/salamandra_algira\/\" class=\"more-link\">Continue reading<span class=\"screen-reader-text\"> &#8220;Species page of Salamandra algira&#8221;<\/span><\/a><\/p>\n","protected":false},"author":1,"featured_media":0,"parent":2564,"menu_order":0,"comment_status":"closed","ping_status":"closed","template":"","meta":{"footnotes":""},"class_list":["post-2685","page","type-page","status-publish","hentry"],"_links":{"self":[{"href":"https:\/\/www.moroccoherps.com\/en\/wp-json\/wp\/v2\/pages\/2685","targetHints":{"allow":["GET"]}}],"collection":[{"href":"https:\/\/www.moroccoherps.com\/en\/wp-json\/wp\/v2\/pages"}],"about":[{"href":"https:\/\/www.moroccoherps.com\/en\/wp-json\/wp\/v2\/types\/page"}],"author":[{"embeddable":true,"href":"https:\/\/www.moroccoherps.com\/en\/wp-json\/wp\/v2\/users\/1"}],"replies":[{"embeddable":true,"href":"https:\/\/www.moroccoherps.com\/en\/wp-json\/wp\/v2\/comments?post=2685"}],"version-history":[{"count":38,"href":"https:\/\/www.moroccoherps.com\/en\/wp-json\/wp\/v2\/pages\/2685\/revisions"}],"predecessor-version":[{"id":8983,"href":"https:\/\/www.moroccoherps.com\/en\/wp-json\/wp\/v2\/pages\/2685\/revisions\/8983"}],"up":[{"embeddable":true,"href":"https:\/\/www.moroccoherps.com\/en\/wp-json\/wp\/v2\/pages\/2564"}],"wp:attachment":[{"href":"https:\/\/www.moroccoherps.com\/en\/wp-json\/wp\/v2\/media?parent=2685"}],"curies":[{"name":"wp","href":"https:\/\/api.w.org\/{rel}","templated":true}]}}