{"id":2732,"date":"2020-01-14T12:23:15","date_gmt":"2020-01-14T12:23:15","guid":{"rendered":"http:\/\/www.moroccoherps.com\/?page_id=2732"},"modified":"2023-02-07T19:21:58","modified_gmt":"2023-02-07T19:21:58","slug":"discoglossus_pictus","status":"publish","type":"page","link":"https:\/\/www.moroccoherps.com\/en\/ficha\/discoglossus_pictus\/","title":{"rendered":"Species page of Discoglossus pictus"},"content":{"rendered":"<p><\/p>\n<div id=\"ficha_resumen\">\n<div id=\"especie\">\n<h1>Painted Frog<br \/>\n<em><strong><span class=\"nc\">Discoglossus pictus<\/span><\/strong><\/em>\u00a0Otth, 1837<\/h1>\n<\/div>\n<div id=\"autor\">\n<div class=\"izquierdo\">\n<p>By\u00a0<b>Daniel Escoriza<\/b><\/p>\n<\/div>\n<\/div>\n<div>\n<div id=\"actualizado\" class=\"izquierdo\">\n<p>Updated:\u00a0<b>11\/01\/2015<\/b><\/p>\n<\/div>\n<div id=\"jerarquia_taxonomica\" class=\"derecho\">\n<p>Taxonomy:\u00a0Anura\u00a0|\u00a0Discoglossidae\u00a0|\u00a0Discoglossus\u00a0|\u00a0Discoglossus pictus<\/p>\n<\/div>\n<\/div>\n<div id=\"foto_principal\"><img decoding=\"async\" src=\"http:\/\/moroccoherps.com\/files\/fichas\/Discoglossus_pictus\/Discoglossus_pictus_1.jpg\" alt=\"Discoglossus pictus\" \/><\/div>\n<div><\/div>\n<div id=\"mapa_distribucion\">\n<p><img decoding=\"async\" id=\"mapa_distribucion_img\" class=\"alignleft\" src=\"http:\/\/moroccoherps.com\/files\/fichas\/Discoglossus_pictus\/Discoglossus_pictus_mapa.jpg\" alt=\"Range map of Discoglossus pictus\" \/><\/p>\n<p class=\"leyenda_mapa_ficha\"><img decoding=\"async\" src=\"http:\/\/moroccoherps.com\/files\/images\/red.jpg\" alt=\"\" \/>\u00a0\u00a0<span class=\"nc\">Discoglossus pictus<\/span><\/p>\n<p class=\"caption_mapa_ficha\">Distribution map of<br \/>\n<span class=\"nc\">Discoglossus pictus<\/span><br \/>\nin Morocco.<\/p>\n<\/div>\n<p>&nbsp;<\/p>\n<div id=\"gal_text\">\n<p>&nbsp;<\/p>\n<p>Gallery: 3 photos.\u00a0<a href=\"\/en\/galeria\/discoglossus_pictus\/\">[ENTER]<\/a><\/p>\n<\/div>\n<div class=\"filete\"><\/div>\n<\/div>\n<div id=\"ficha_info\">\n<h2>Phylogenetic frame<\/h2>\n<p><span class=\"nc\">Discoglossus<\/span>\u00a0is an endemic genus from the Western and Central Mediterranean, where it appears in a disjunct range in the Iberian Peninsula, northwest Africa, Sicily, Malta and the Tyrrhenian archipelago, and vestigially in Tuscany and some islets from La Provence (Knoepffler, 1962 ). The sister lineage of\u00a0<span class=\"nc\">Discoglossus<\/span>\u00a0is\u00a0<span class=\"nc\">Latonia<\/span>, a genus formerly distributed along Central and Eastern Europe, but currently relegated to a tiny region in the southeastern Mediterranean (Biton\u00a0<em>et al<\/em>., 2013;. B\u00f6hme &amp; Vasilyan, 2014).\u00a0<span class=\"nc\">Discoglossus pictus<\/span>\u00a0is the species from the central Mediterranean and is closely related to\u00a0<span class=\"nc\">D. sardus<\/span>\u00a0(Pabijan\u00a0<em>et al<\/em>., 2012). Both form the sister lineage of other ibero-maghrebian species of the genus (<span class=\"nc\">D. galganoi<\/span>\u00a0and\u00a0<span class=\"nc\">D. scovazzi<\/span>), whereas the Corsican\u00a0<span class=\"nc\">D. montalentii<\/span>\u00a0is a basal split.<\/p>\n<p>Classically were considered two subspecies of\u00a0<span class=\"nc\">D. pictus<\/span>, separating the Sicilian populations (nominotypical) from these occurring in northern Africa. However, following recent phylogenetic studies, the genetic divergence observed between island and mainland populations is not enough to warrant the subspecific separation, so that all populations have to be assigned to the binomy\u00a0<span class=\"nc\">D.\u00a0pictus<\/span>.<\/p>\n<h2>Description<\/h2>\n<p>Anuran of medium size, which can reach 80\u00a0mm of snout-vent length. Body robust, with a pointed snout and relatively long hind legs but incompletely webbed. Smooth skin, more granular in males in heat, with marked glandular cords after orbits. Eardrum visible, with relatively prominent eyes, showing the lower 2\/3 dark and the upper 1\/3 clearer. Irises teardrop-shaped. Ventral coloration yellow-whitish, but occasionally darker.<\/p>\n<div class=\"contenedor_img centrado\">\n<figure style=\"width: 600px\" class=\"wp-caption alignnone\"><img loading=\"lazy\" decoding=\"async\" src=\"http:\/\/www.moroccoherps.com\/files\/fichas\/Discoglossus_pictus\/Discoglossus_pictus_2a.jpg\" alt=\"Discoglossus pictus\" width=\"600\" height=\"400\" \/><figcaption class=\"wp-caption-text\">Specimen with stripped-pattern, Beni Snassen. Photo: \u00a9 Daniel Escoriza.<\/figcaption><\/figure>\n<\/div>\n<p>In Morocco, it can be found all three forms of coloration (uniform, striped and spotted) within the same population; however the spotted pattern is more common, at least in the region of Beni Snassen.<\/p>\n<div class=\"contenedor_img centrado\">\n<figure style=\"width: 918px\" class=\"wp-caption alignnone\"><img loading=\"lazy\" decoding=\"async\" src=\"http:\/\/www.moroccoherps.com\/files\/fichas\/Discoglossus_pictus\/Discoglossus_pictus_2.jpg\" alt=\"Discoglossus pictus\" width=\"918\" height=\"217\" \/><figcaption class=\"wp-caption-text\">Three specimens of D. pictus, representing three separate geographic populations. From right to left, Beni Snassen (Morocco), Tabarka (Tunisia) and Palermo (Sicily). Photos: \u00a9 Daniel Escoriza.<\/figcaption><\/figure>\n<\/div>\n<p>Larva of small size, 20-30\u00a0mm of total length in the late stages of development, but it can reach up to 45\u00a0mm. Larval morphology of the benthic type (Escoriza and Boix, 2012), coloration variable, but usually dark brown. Low caudal fin, with a patent polygonal pattern.<\/p>\n<h2>Ecology and habits<\/h2>\n<p>The ecology of this species in North Africa was described by Ben Hassine and Nouira (2009, 2012). These authors describe their reproductive activity extends throughout the year, being the adults generalist in its diet, feeding both aquatic and terrestrial invertebrates, but predominantly the latter (beetles, millipedes and woodlice), exceptionally including terrestrial vertebrates, such as geckos.<\/p>\n<p>In northeastern Morocco its ecology is not well known. In this region this species also shows reproductive activity during most of the year but may be more limited or even absent in the warmer months. In general both adults and juveniles show terrestrial habits, but can also be found in the water. Adults display predominantly nocturnal activity, and like other amphibians, this is more intense with high humidity or rain. Possibly the Moroccan populations do not hibernate for prolonged time, since the threshold of activity of this species is above 9\u00a0\u00b0C (Knoepffler, 1962).<\/p>\n<h2>Distribution, habitat and abundance<\/h2>\n<p><span class=\"nc\">Discoglossus pictus<\/span>\u00a0appears on the islands of Sicily, Malta and Gozo and more extensively in northwest Africa, from the Moulouya river valley to Tunisia, including some islands of the Tunisian continental shelf (Zangari\u00a0<em>et al<\/em>., 2006; Ben Hassine and Nouira, 2012). West of the Moulouya river valley is replaced by a morphologically similar species,\u00a0<span class=\"nc\">D. scovazzi<\/span>. The populations occurring in mainland Europe (southern tip of France and northeast of Spain) are likely of allochthonous origin (Mart\u00ednez-Solano, 2004) and are described to be invasive (Escoriza and Boix, 2012). In Tunisia this species is widespread and extends from humid to arid ombroclimates, reaching the desert-oasis of Gabes and Tozeur (Ben Hassine and Nouira, 2012). In Morocco show a more limited range, east of Moulouya valley, basically in the region comprising Debdou, the Beni Snassen and the Algerian border. This range is not reflected in the map of the IUCN. However its presence in this area was confirmed by molecular studies (Zangari\u00a0<em>et al<\/em>., 2006). In Morocco, this species is present from the margins of semi-arid conditions in the valley of Moulouya, to the subhumid in the higher elevations of the Beni Snassen mountains.<\/p>\n<div class=\"contenedor_img centrado\">\n<figure style=\"width: 600px\" class=\"wp-caption alignnone\"><img loading=\"lazy\" decoding=\"async\" src=\"http:\/\/www.moroccoherps.com\/files\/fichas\/Discoglossus_pictus\/Discoglossus_pictus_4.jpg\" alt=\"Habitat of Discoglossus pictus\" width=\"600\" height=\"400\" \/><figcaption class=\"wp-caption-text\">Habitat of D. pictus in the Beni Snassen. Temporal stream pool, in the transition between the subhumid evergreen oak forest to the thermic forest (Oleo-ceratonium association). Photo: \u00a9 Daniel Escoriza.<\/figcaption><\/figure>\n<\/div>\n<p>Unlike other species of amphibians,\u00a0<span class=\"nc\">D. pictus<\/span>\u00a0is not very demanding about the conditions of the terrestrial and aquatic habitats, and can tolerate very high levels of water-salinity (Escoriza and Boix 2014). In the Beni Snassen it appears in mountain areas, reaching the 1400\u00a0m, in primary evergreen-oak woods, where it breeds in springs and streams (Escoriza and Comas, 2007) but also in the cultivated plains, occurring in traditional orchards and suburban environments, breeding in canals and artificial ponds. It is abundant or very abundant species in the wetter areas of the region, but its becomes scarce under more arid conditions, where it is completely linked to the existence of permanent water, such as springs and cattle-troughs.<\/p>\n<h3 class=\"bibliografia\">References<\/h3>\n<ul>\n<li style=\"list-style-type: none;\">\n<ul>\n<li><strong>Ben Hassine, J., Nouira, S. 2009.<\/strong>\u00a0Diet of Discoglossus pictus Otth, 1837 (Anura, Alytidae) and Pelophylax saharicus (Boulenger in Hartert, 1913) in the oases of Kettana (Gabes, Tunisia). Bulletin de la Soci\u00e9t\u00e9 Zoologique de France 134: 321-332.<\/li>\n<li><strong>Ben Hassine, J., Nouira, S. 2012.<\/strong>\u00a0Repartition geographique et affinites ecologiques des Amphibiens de Tunisie. Revue d&#8217;Ecologie (Terre &amp; Vie) 67: 437-457.<\/li>\n<li><strong>Biton, R., Geffen, E., Vences, M., Cohen, O., Bailon, S., Rabinovich, R., Malka, Y., Oron, T., Boistel, R., Brumfeld, V., Gafny, S. 2013.<\/strong>\u00a0The rediscovered Hula painted frog is a living fossil. Nature short Communications 4: 1-6<\/li>\n<li><strong>B\u00f6hme, M., &amp; Vasilyan, D. 2014.<\/strong>\u00a0Ectothermic vertebrates from the late Middle Miocene of Gratkorn (Austria, Styria). Palaeobiodiversity and Palaeoenvironments 94: 21-40.<\/li>\n<li><strong>Escoriza, D., Comas, M.M. 2007.<\/strong>\u00a0Description of a new subspecies of Salamandra algira Bedriaga, 1883 (Amphibia: Salamandridae) from the Beni Snassen massif (Northeast Morocco). Salamandra 43: 77-90.<\/li>\n<li><strong>Escoriza, D., Boix, D. 2012.<\/strong>\u00a0Assessing the potential impact of an alien species in a Mediterranean amphibian assemblage: a morphological and ecological approach. Hydrobiologia 680: 233-245.<\/li>\n<li><strong>Escoriza, D., Boix, D. 2014.<\/strong>\u00a0Reproductive habitat selection in alien and native populations of the genus Discoglossus. Acta Oecologica, 59: 97-103.<\/li>\n<li><strong>Knoepffler, L.P. 1962.<\/strong>\u00a0Contribution a l&#8217;etude du genre Discoglossus (Amphibiens, Anoures). Vie et Milieu 13: 1-94.<\/li>\n<li><strong>Mart\u00ednez-Solano, I. 2004.<\/strong>\u00a0Phylogeography of Iberian Discoglossus (Anura: Discoglossidae). Journal of Zoological Systematics and Evolutionary Research 42: 298-305.<\/li>\n<li><strong>Pabijan, M., Crottini, A., Reckwell, D., Irisarri, I., Hauswaldt, J. S., Vences, M. 2012.<\/strong>\u00a0A multigene species tree for Western Mediterranean painted frogs (Discoglossus). Molecular Phylogenetics and Evolution 64: 690-696.<\/li>\n<li><strong>Zangari, F., Cimmaruta, R., Nascetti, G. 2006.<\/strong>\u00a0Genetic relationships of the western Mediterranean painted frogs based on allozymes and mitochondrial markers: evolutionary and taxonomic inferences (Amphibia, Anura, Discoglossidae). Biological Journal of the Linnean Society 87: 515-536.<\/li>\n<\/ul>\n<\/li>\n<\/ul>\n<\/div>\n<p><b>To cite this page:<\/b><br \/>\nEscoriza D. 2015. <em><span class=\"nc\">Discoglossus pictus<\/span><\/em> Otth, 1837. In: Mart\u00ednez, G., Le\u00f3n, R., Jim\u00e9nez-Robles, O., Gonz\u00e1lez De la Vega, J. P., Gabari, V., Rebollo, B., S\u00e1nchez-T\u00f3jar, A., Fern\u00e1ndez-Cardenete, J. R., G\u00e1llego, J. (Eds.). Moroccoherps. Amphibians and Reptiles of Morocco.<br \/>\nAvailable from\u00a0<a href=\"\/en\/ficha\/Discoglossus_pictus\/\">www.moroccoherps.com\/en\/ficha\/Discoglossus_pictus\/<\/a>. Version 11\/01\/2015.<\/p>\n<p><b>To cite\u00a0<a href=\"\/\">www.morocoherps.com en<\/a>\u00a0as a whole:<\/b><br \/>\nMart\u00ednez, G., Le\u00f3n, R., Jim\u00e9nez-Robles, O., Gonz\u00e1lez De la Vega, J.P., Gabari, V., Rebollo, B., S\u00e1nchez-T\u00f3jar, A., Fern\u00e1ndez-Cardenete, J.R., G\u00e1llego, J. (Eds.). Moroccoherps. Amphibians and Reptiles of Morocco.<br \/>\nAvailable from\u00a0<a href=\"\/\">www.moroccoherps.com<\/a>.<\/p>","protected":false},"excerpt":{"rendered":"<p>Painted Frog Discoglossus pictus\u00a0Otth, 1837 By\u00a0Daniel Escoriza Updated:\u00a011\/01\/2015 Taxonomy:\u00a0Anura\u00a0|\u00a0Discoglossidae\u00a0|\u00a0Discoglossus\u00a0|\u00a0Discoglossus pictus \u00a0\u00a0Discoglossus pictus Distribution map of Discoglossus pictus in Morocco. &nbsp; &nbsp; Gallery: 3 photos.\u00a0[ENTER] Phylogenetic frame Discoglossus\u00a0is an endemic genus from the Western and Central Mediterranean, where it appears in a disjunct range in the Iberian Peninsula, northwest Africa, Sicily, Malta and the Tyrrhenian archipelago, &hellip; <\/p>\n<p class=\"link-more\"><a href=\"https:\/\/www.moroccoherps.com\/en\/ficha\/discoglossus_pictus\/\" class=\"more-link\">Continue reading<span class=\"screen-reader-text\"> &#8220;Species page of Discoglossus pictus&#8221;<\/span><\/a><\/p>\n","protected":false},"author":1,"featured_media":0,"parent":2564,"menu_order":0,"comment_status":"closed","ping_status":"closed","template":"","meta":{"footnotes":""},"class_list":["post-2732","page","type-page","status-publish","hentry"],"_links":{"self":[{"href":"https:\/\/www.moroccoherps.com\/en\/wp-json\/wp\/v2\/pages\/2732","targetHints":{"allow":["GET"]}}],"collection":[{"href":"https:\/\/www.moroccoherps.com\/en\/wp-json\/wp\/v2\/pages"}],"about":[{"href":"https:\/\/www.moroccoherps.com\/en\/wp-json\/wp\/v2\/types\/page"}],"author":[{"embeddable":true,"href":"https:\/\/www.moroccoherps.com\/en\/wp-json\/wp\/v2\/users\/1"}],"replies":[{"embeddable":true,"href":"https:\/\/www.moroccoherps.com\/en\/wp-json\/wp\/v2\/comments?post=2732"}],"version-history":[{"count":9,"href":"https:\/\/www.moroccoherps.com\/en\/wp-json\/wp\/v2\/pages\/2732\/revisions"}],"predecessor-version":[{"id":7080,"href":"https:\/\/www.moroccoherps.com\/en\/wp-json\/wp\/v2\/pages\/2732\/revisions\/7080"}],"up":[{"embeddable":true,"href":"https:\/\/www.moroccoherps.com\/en\/wp-json\/wp\/v2\/pages\/2564"}],"wp:attachment":[{"href":"https:\/\/www.moroccoherps.com\/en\/wp-json\/wp\/v2\/media?parent=2732"}],"curies":[{"name":"wp","href":"https:\/\/api.w.org\/{rel}","templated":true}]}}