{"id":2736,"date":"2020-01-14T12:39:28","date_gmt":"2020-01-14T12:39:28","guid":{"rendered":"http:\/\/www.moroccoherps.com\/?page_id=2736"},"modified":"2020-06-15T20:46:02","modified_gmt":"2020-06-15T20:46:02","slug":"pelobates_varaldii","status":"publish","type":"page","link":"https:\/\/www.moroccoherps.com\/en\/ficha\/pelobates_varaldii\/","title":{"rendered":"Species page of Pelobates varaldii"},"content":{"rendered":"<p><\/p>\n<div id=\"ficha_resumen\">\n<div id=\"especie\">\n<h1>Moroccan Spadefoot Toad<br \/>\n<em><strong><span class=\"nc\">Pelobates varaldii<\/span><\/strong><\/em>\u00a0Pasteur &amp; Bons, 1959<\/h1>\n<\/div>\n<div id=\"autor\">\n<div class=\"izquierdo\">\n<p>By\u00a0<b>Gabriel Mart\u00ednez del M\u00e1rmol Mar\u00edn<\/b><\/p>\n<\/div>\n<\/div>\n<div>\n<div id=\"actualizado\" class=\"izquierdo\">\n<p>Updated:\u00a0<b>23\/09\/2012<\/b><\/p>\n<\/div>\n<div id=\"jerarquia_taxonomica\" class=\"derecho\">\n<p>Taxonomy:\u00a0Anura\u00a0|\u00a0Pelobatidae\u00a0|\u00a0Pelobates\u00a0|\u00a0Pelobates varaldii<\/p>\n<\/div>\n<\/div>\n<div id=\"foto_principal\">\n<figure style=\"width: 680px\" class=\"wp-caption alignnone\"><img loading=\"lazy\" decoding=\"async\" src=\"http:\/\/www.moroccoherps.com\/files\/fichas\/Pelobates_varaldii\/Pelobates_varaldii_1.jpg\" alt=\"Pelobates varaldii\" width=\"680\" height=\"453\" \/><figcaption class=\"wp-caption-text\">Adult. Kenitra. Photo: \u00a9 Philip de Pous.<\/figcaption><\/figure>\n<\/div>\n<div id=\"mapa_distribucion\">\n<p><img decoding=\"async\" id=\"mapa_distribucion_img\" class=\"alignleft\" src=\"http:\/\/www.moroccoherps.com\/files\/fichas\/Pelobates_varaldii\/Pelobates_varaldii_mapa.jpg\" alt=\"Range map of Pelobates varaldii\" \/><\/p>\n<p class=\"leyenda_mapa_ficha\"><img decoding=\"async\" src=\"http:\/\/www.moroccoherps.com\/files\/images\/red.jpg\" alt=\"\" \/>\u00a0\u00a0<span class=\"nc\">Pelobates varaldii<\/span><\/p>\n<p class=\"caption_mapa_ficha\">Distribution map of<br \/>\n<span class=\"nc\">Pelobates varaldii<\/span><br \/>\nin Morocco.<\/p>\n<\/div>\n<p>&nbsp;<\/p>\n<div id=\"gal_text\">\n<p>&nbsp;<\/p>\n<p>Gallery: 18 photos. <a href=\"https:\/\/www.moroccoherps.com\/en\/galeria\/pelobates_varaldii\/\">[ENTER]<\/a><\/p>\n<\/div>\n<div class=\"filete\"><\/div>\n<\/div>\n<div id=\"ficha_info\">\n<h2>Phylogenetic frame<\/h2>\n<p>Until 1959, the Moroccan spadefoot toads were considered to belong to the species\u00a0<span class=\"nc\">Pelobates cultripes<\/span>\u00a0(Cuvier, 1829). However in that year were separated as a distinct species based on morphological criteria (Pasteur &amp; Bons in Bons &amp; Geniez, 1996), which was subsequently confirmed with electrophoretic and immunological analysis (Busack\u00a0<em>et al.<\/em>, 1985).<\/p>\n<h2>Description<\/h2>\n<div class=\"contenedor_img derecho\">\n<figure style=\"width: 400px\" class=\"wp-caption alignnone\"><img loading=\"lazy\" decoding=\"async\" src=\"http:\/\/www.moroccoherps.com\/files\/fichas\/Pelobates_varaldii\/Pelobates_varaldii_3.jpg\" alt=\"Spadefoot detail of Pelobates varaldii\" width=\"400\" height=\"269\" \/><figcaption class=\"wp-caption-text\">&#8220;Spadefoot&#8221; detail. Kenitra. Photo: \u00a9 Philip de Pous.<\/figcaption><\/figure>\n<\/div>\n<p>Moroccan spadefoot toad is an anuran with smooth skin and without paratoid glands typical of most species of toads. Males are about 6.5\u00a0cm total length and females more, with an average of 7\u00a0cm (Bons &amp; Geniez, 1996; de Pous &amp; Beukema, 2011). The head is broad with a slightly pointed snout. The eyes are large and prominent, coppery-yellow color with small black spots. The pupil is vertical and black. They often have red spots above the eyes and in the dorsal and lateral areas. The background color is gray-brown with marks darker than the background color.<\/p>\n<p>It has black metatarsal tubercles to help it in its burrowing habits.<\/p>\n<p>It\u00b4s easily differentiated from other amphibians in Morocco to be the one with vertical pupil and smooth skin.\u00a0<span class=\"nc\">Alytes maurus<\/span>, the other amphibian with vertical pupil present in the study area has rough skin (Schleich\u00a0<em>et al.<\/em>, 1996).<\/p>\n<h2>Ecology and habits<\/h2>\n<p>It is a predominantly nocturnal species with special physiological adaptations to withstand long periods of inactivity buried (Schleich, 1996). This anuran is a excellent excavator. Thanks to its dark tubercles which has in the legs is able to quickly buried in the soil of sandy areas and loose soil where they live.<\/p>\n<div class=\"contenedor_img centrado\"><img decoding=\"async\" src=\"http:\/\/www.moroccoherps.com\/files\/fichas\/Pelobates_varaldii\/Pelobates_varaldii_7a.jpg\" alt=\"Pelobates varaldii\" \/><br \/>\n<img decoding=\"async\" src=\"http:\/\/www.moroccoherps.com\/files\/fichas\/Pelobates_varaldii\/Pelobates_varaldii_7b.jpg\" alt=\"Pelobates varaldii\" \/><br \/>\n<img decoding=\"async\" src=\"http:\/\/www.moroccoherps.com\/files\/fichas\/Pelobates_varaldii\/Pelobates_varaldii_7c.jpg\" alt=\"Pelobates varaldii\" \/><\/p>\n<figure style=\"width: 400px\" class=\"wp-caption alignnone\"><img loading=\"lazy\" decoding=\"async\" src=\"http:\/\/www.moroccoherps.com\/files\/fichas\/Pelobates_varaldii\/Pelobates_varaldii_7d.jpg\" alt=\"Pelobates varaldii\" width=\"400\" height=\"267\" \/><figcaption class=\"wp-caption-text\">Photographic sequence showing\u00a0Pelobates varaldii\u00a0burying itself. Kenitra. Photos: \u00a9 Ra\u00fal Le\u00f3n.<\/figcaption><\/figure>\n<\/div>\n<p>With the arrival of the temperate rain after the hot and dry summer, they leave their burrows and flocking to time locations of water to breed. Once in the water the males start calling females with a sound audible up to 2\u00a0Km away. Male fights may occur. When a female goes to the place of spawning, the male grab the female by the waist (inguinal amplexus) and after a long period submerged, which can last several days, the female releases eggs into the water in areas not too deep and the male fertilizes them. The clutch consist of up to 1000 eggs in a string of 1-1,5\u00a0m long gray with 0.11 to 0.2\u00a0cm of diameter. The tadpoles hatch within a maximum of one week since its start, a very short time, which is part of the adaptive strategy of this anuran to temporary aquatic points. Tadpoles feed on plankton and detritus, reaching up to 13\u00a0cm in length before metamorphosis, which occurs in may and june.\u00a0<span class=\"nc\">Pelobates varaldii<\/span>\u00a0tadpoles differ from those of other species to reach larger sizes and have 5\u00a0rows of denticles on the lower lip. At the completion of metamorphosis the young toads are between 2.1 to 3.4\u00a0cm (Schleich, 1996; de Pous &amp; Beukema, 2011).<\/p>\n<div class=\"contenedor_img centrado\">\n<figure style=\"width: 400px\" class=\"wp-caption alignnone\"><img loading=\"lazy\" decoding=\"async\" src=\"http:\/\/www.moroccoherps.com\/files\/fichas\/Pelobates_varaldii\/Pelobates_varaldii_4a.jpg\" alt=\"Clutch Pelobates varaldii\" width=\"400\" height=\"267\" \/><figcaption class=\"wp-caption-text\">Pelobates varaldii\u00a0metamorphosis. Clutch. Photo: \u00a9 Philip de Pous.<\/figcaption><\/figure>\n<figure style=\"width: 400px\" class=\"wp-caption alignnone\"><img loading=\"lazy\" decoding=\"async\" src=\"http:\/\/www.moroccoherps.com\/files\/fichas\/Pelobates_varaldii\/Pelobates_varaldii_4b.jpg\" alt=\"Tadpole Pelobates varaldii\" width=\"400\" height=\"267\" \/><figcaption class=\"wp-caption-text\">Pelobates varaldii metamorphosis. Tadpole. Photo: \u00a9 Gabri Mtnez.<\/figcaption><\/figure>\n<\/div>\n<div class=\"contenedor_img centrado\">\n<figure style=\"width: 400px\" class=\"wp-caption alignnone\"><img loading=\"lazy\" decoding=\"async\" src=\"http:\/\/www.moroccoherps.com\/files\/fichas\/Pelobates_varaldii\/Pelobates_varaldii_4c.jpg\" alt=\"Pelobates varaldii juvenile\" width=\"400\" height=\"267\" \/><figcaption class=\"wp-caption-text\">Pelobates varaldii metamorphosis. Juvenile. Photo \u00a9 Gabri Mtnez.<\/figcaption><\/figure>\n<\/div>\n<p>In its diet includes lots of invertebrates captured in the vicinity of its burrow, not travel long distances to hunt (de Pous &amp; Beukema, 2011).<\/p>\n<div class=\"contenedor_img centrado\">\n<figure style=\"width: 600px\" class=\"wp-caption alignnone\"><img loading=\"lazy\" decoding=\"async\" src=\"http:\/\/www.moroccoherps.com\/files\/fichas\/Pelobates_varaldii\/Pelobates_varaldii_6.jpg\" alt=\"Pelobates varaldii\" width=\"600\" height=\"400\" \/><figcaption class=\"wp-caption-text\">Pelobates varaldii. F\u00f4ret de La Mamora. Photo: \u00a9 Wouter Beukema.<\/figcaption><\/figure>\n<\/div>\n<p>As predators has been cited the barn owl (<span class=\"nc\">Tyto alba<\/span>, in Bons &amp; Geniez Thevenot, 1996). In many points where this anuran breeding is often found the viperine snake (<span class=\"nc\">Natrix maura<\/span>). This snake must prey on individuals of all ages, although it has only been confirmed predation on the tadpoles (J. G\u00e1llego pers. comm.).\u00a0<span class=\"nc\">Pelobates varaldii<\/span>\u00a0prevents most predators buried, leaving no entrance in its hole and being very difficult to locate. If it\u00b4s caught, it can emit a sharp sound or release urine to try to deter potential predators (Schleich, 1996).<\/p>\n<h2>Distribution, habitat and abundance<\/h2>\n<p>This toad has been found in coastal areas of Morocco from Tanger (30STE34) in the north to Oualidia in south, penetrating inland to Sidi Slimane, reaching a maximum altitude of 350\u00a0m (Bons &amp; Geniez, 1996; Lape\u00f1a\u00a0<em>et al.<\/em>, 2011). It lives in sandy areas undisturbed and preventing the cultivated areas (de Pous &amp; Beukema, 2011). It has only been located in areas of sandy substrate where this amphibian can be buried easily.<\/p>\n<div class=\"contenedor_img centrado\">\n<figure style=\"width: 600px\" class=\"wp-caption alignnone\"><img loading=\"lazy\" decoding=\"async\" src=\"http:\/\/www.moroccoherps.com\/files\/fichas\/Pelobates_varaldii\/Pelobates_varaldii_5.jpg\" alt=\"Typical habitat of Pelobates varaldii\" width=\"600\" height=\"400\" \/><figcaption class=\"wp-caption-text\">Typical habitat in Kenitra. Photos: \u00a9 Gabri Mtnez.<\/figcaption><\/figure>\n<\/div>\n<p>According to IUCN criteria, the moroccan spadefoot toad is in a conservation state of &#8220;endangered&#8221; (EN: Salvador\u00a0<em>et al.<\/em>, 2006).<\/p>\n<div class=\"contenedor_img centrado\">\n<figure style=\"width: 600px\" class=\"wp-caption alignnone\"><img loading=\"lazy\" decoding=\"async\" src=\"http:\/\/www.moroccoherps.com\/files\/fichas\/Pelobates_varaldii\/Pelobates_varaldii_8.jpg\" alt=\"Pelobates varaldii found drowned in a well\" width=\"600\" height=\"400\" \/><figcaption class=\"wp-caption-text\">Individual found drowned in a well. Tangier. Photo: \u00a9 Juan Pablo Gonz\u00e1lez de la Vega.<\/figcaption><\/figure>\n<\/div>\n<p>Threats of this anuran are diverse. Intensified grazing affects their spawning areas transforming their habitat and polluting its breeding places with abundant livestock waste. The extension of cultives also affects populations of moroccan spadefoot toad. Their points of breeding are limited to points of temporary water because in the permanent water points have been introduced a species of predatory fish like\u00a0<span class=\"nc\">Gambusia holbrooki<\/span>\u00a0(Schleich\u00a0<em>et al.<\/em>, 1996, Salvador\u00a0<em>et al.<\/em>, 2006; de Pous &amp; Beukema, 2011). It\u00b4s usually found fallen in cisterns and other human buildings that behave as traps, and also it usually must dead on roads, like the other amphibians species in Morocco.<\/p>\n<h3 class=\"bibliografia\">References<\/h3>\n<ul>\n<li style=\"list-style-type: none;\">\n<ul>\n<li><b>Bons, J. &amp; Geniez, P. 1996.<\/b>\u00a0<em>Anfibios y Reptiles de Marruecos.<\/em>\u00a0Asociaci\u00f3n Herpetol\u00f3gica Espa\u00f1ola, Barcelona. 319 pp.<\/li>\n<li><b>Busack, S.D., Maxson, L.R. &amp; Wilson, M.A. 1985.<\/b>\u00a0<em>Pelobates varaldii<\/em>\u00a0(Anura: Pelobatidae): a morphologically conservative species.\u00a0<em>Copeia<\/em>\u00a01985: 107-112.<\/li>\n<li><b>Crochet, P.A. &amp; P. Geniez. 2003.<\/b>\u00a0First live record of\u00a0<em>Pelobates varaldii<\/em>\u00a0Pasteur &amp; Bons, 1959 in the Oualidia area, Morocco.\u00a0<em>Herpetozoa<\/em>\u00a016(1\/2): 93 \u2013 94<\/li>\n<li><b>de Pous, P. &amp; Beukema, W.<\/b>\u00a0Moroccan Spadefoot Toad (<em>Pelobates varaldii<\/em>). In Edge Existence.\u00a0<a href=\"http:\/\/www.edgeofexistence.org\/\">www.edgeofexistence.org<\/a>. Downloaded on 17 February 2011<\/li>\n<li><b>de Pous, P. &amp; Dingemans, D. 2009.<\/b>\u00a0The moroccan spadefoot toad. In Edge Existence.\u00a0<a href=\"http:\/\/www.edgeofexistence.org\/\">www.edgeofexistence.org<\/a>. Downloaded on 17 February 2011<\/li>\n<li><b>Herrero, P. &amp; Talavera, R.R. 1988.<\/b>\u00a0Cytotaxonomic studies on Iberian and Moroccan Pelobates (Anura: Pelobatidae).<br \/>\n<em>Acta Zoologica Cracoviensia<\/em>\u00a031(17): 505-508.<\/li>\n<li><b>Lape\u00f1a, M.; Barbadillo, L.J. &amp; Mart\u00ednez-Solano, I. 2011.<\/b>\u00a0Geographic Distribution.\u00a0<em>Pelobates varaldii<\/em>.\u00a0<em>Herpetol. Rev.<\/em>, 42(1): 108.<\/li>\n<li><b>Mateo, J.A., Plegezuelos, J.M., Fahd, S., Geniez, P. &amp; Mart\u00ednez-Medina, F.J. 2003.<\/b>\u00a0<em>Los Anfibios, los Reptiles y el Estrecho de Gibralter. Un ensayo sobre la Herpetofauna de Ceuta y su entorno.<\/em>\u00a0Instituto de Estudios Ceuties, Ceuta. 388 pp.<\/li>\n<li><b>Salvador, A.; Donaire-Barroso, D.; Slimani, T; El Mouden, E.H.; Geniez, P. 2006.<\/b>\u00a0<em>Pelobates varaldii<\/em>. In: IUCN 2010. IUCN Red List of Threatened Species. Version 2010.4.\u00a0. Downloaded on 17 February 2011<\/li>\n<li><b>Schleich, H. H., K\u00e4stle, W. &amp; Kabisch, K. 1996.<\/b>\u00a0<em>Amphibians and Reptiles of North Africa<\/em>. Koeltz Sci. Books, Koenigstein. 630 pp.<\/li>\n<\/ul>\n<\/li>\n<\/ul>\n<hr \/>\n<\/div>\n<p><b>To cite this page:<\/b><br \/>\nMart\u00ednez del M\u00e1rmol Mar\u00edn G. 2012. <em><span class=\"nc\">Pelobates varaldii<\/span><\/em> Pasteur &amp; Bons, 1959. In: Mart\u00ednez, G., Le\u00f3n, R., Jim\u00e9nez-Robles, O., Gonz\u00e1lez De la Vega, J. P., Gabari, V., Rebollo, B., S\u00e1nchez-T\u00f3jar, A., Fern\u00e1ndez-Cardenete, J. R., G\u00e1llego, J. (Eds.). Moroccoherps. Amphibians and Reptiles of Morocco. Available from <a href=\"https:\/\/www.moroccoherps.com\/en\/ficha\/Pelobates_varaldii\/\">www.moroccoherps.com\/en\/ficha\/Pelobates_varaldii\/<\/a>.<\/p>\n<p><b>To cite\u00a0<a href=\"http:\/\/www.moroccoherps.com\/\">www.morocoherps.com en<\/a>\u00a0as a whole:<\/b><br \/>\nMart\u00ednez, G., Le\u00f3n, R., Jim\u00e9nez-Robles, O., Gonz\u00e1lez De la Vega, J.P., Gabari, V., Rebollo, B., S\u00e1nchez-T\u00f3jar, A., Fern\u00e1ndez-Cardenete, J.R., G\u00e1llego, J. (Eds.). Moroccoherps. Amphibians and Reptiles of Morocco. Available from <a href=\"http:\/\/www.moroccoherps.com\/\">www.moroccoherps.com<\/a>.<\/p>","protected":false},"excerpt":{"rendered":"<p>Moroccan Spadefoot Toad Pelobates varaldii\u00a0Pasteur &amp; Bons, 1959 By\u00a0Gabriel Mart\u00ednez del M\u00e1rmol Mar\u00edn Updated:\u00a023\/09\/2012 Taxonomy:\u00a0Anura\u00a0|\u00a0Pelobatidae\u00a0|\u00a0Pelobates\u00a0|\u00a0Pelobates varaldii \u00a0\u00a0Pelobates varaldii Distribution map of Pelobates varaldii in Morocco. &nbsp; &nbsp; Gallery: 18 photos. [ENTER] Phylogenetic frame Until 1959, the Moroccan spadefoot toads were considered to belong to the species\u00a0Pelobates cultripes\u00a0(Cuvier, 1829). However in that year were separated as &hellip; <\/p>\n<p class=\"link-more\"><a href=\"https:\/\/www.moroccoherps.com\/en\/ficha\/pelobates_varaldii\/\" class=\"more-link\">Continue reading<span class=\"screen-reader-text\"> &#8220;Species page of Pelobates varaldii&#8221;<\/span><\/a><\/p>\n","protected":false},"author":1,"featured_media":0,"parent":2564,"menu_order":0,"comment_status":"closed","ping_status":"closed","template":"","meta":{"footnotes":""},"class_list":["post-2736","page","type-page","status-publish","hentry"],"_links":{"self":[{"href":"https:\/\/www.moroccoherps.com\/en\/wp-json\/wp\/v2\/pages\/2736","targetHints":{"allow":["GET"]}}],"collection":[{"href":"https:\/\/www.moroccoherps.com\/en\/wp-json\/wp\/v2\/pages"}],"about":[{"href":"https:\/\/www.moroccoherps.com\/en\/wp-json\/wp\/v2\/types\/page"}],"author":[{"embeddable":true,"href":"https:\/\/www.moroccoherps.com\/en\/wp-json\/wp\/v2\/users\/1"}],"replies":[{"embeddable":true,"href":"https:\/\/www.moroccoherps.com\/en\/wp-json\/wp\/v2\/comments?post=2736"}],"version-history":[{"count":24,"href":"https:\/\/www.moroccoherps.com\/en\/wp-json\/wp\/v2\/pages\/2736\/revisions"}],"predecessor-version":[{"id":6117,"href":"https:\/\/www.moroccoherps.com\/en\/wp-json\/wp\/v2\/pages\/2736\/revisions\/6117"}],"up":[{"embeddable":true,"href":"https:\/\/www.moroccoherps.com\/en\/wp-json\/wp\/v2\/pages\/2564"}],"wp:attachment":[{"href":"https:\/\/www.moroccoherps.com\/en\/wp-json\/wp\/v2\/media?parent=2736"}],"curies":[{"name":"wp","href":"https:\/\/api.w.org\/{rel}","templated":true}]}}