{"id":2874,"date":"2020-01-15T12:14:12","date_gmt":"2020-01-15T12:14:12","guid":{"rendered":"http:\/\/www.moroccoherps.com\/?page_id=2874"},"modified":"2023-02-07T20:07:55","modified_gmt":"2023-02-07T20:07:55","slug":"mauremys_leprosa","status":"publish","type":"page","link":"https:\/\/www.moroccoherps.com\/en\/ficha\/mauremys_leprosa\/","title":{"rendered":"Species page of Mauremys leprosa"},"content":{"rendered":"<p><\/p>\n<div id=\"ficha_resumen\">\n<div id=\"especie\">\n<h1>Spanish Terrapin<br \/>\n<strong><em><span class=\"nc\">Mauremys leprosa<\/span><\/em><\/strong>\u00a0(Schweigger, 1812)<\/h1>\n<\/div>\n<div id=\"autor\">\n<div class=\"izquierdo\">\n<p>By\u00a0<b>Mario Schweiger<\/b><\/p>\n<\/div>\n<\/div>\n<div>\n<div id=\"actualizado\" class=\"izquierdo\">\n<p>Updated:\u00a0<b>23\/09\/2012<\/b><\/p>\n<\/div>\n<div id=\"jerarquia_taxonomica\" class=\"derecho\">\n<p>Taxonomy:\u00a0Chelonii\u00a0|\u00a0Geoemydidae\u00a0|\u00a0Mauremys\u00a0|\u00a0Mauremys leprosa<\/p>\n<\/div>\n<\/div>\n<div id=\"foto_principal\">\n<figure style=\"width: 680px\" class=\"wp-caption alignnone\"><img loading=\"lazy\" decoding=\"async\" src=\"http:\/\/moroccoherps.com\/files\/fichas\/Mauremys_leprosa\/Mauremys_leprosa_1.jpg\" alt=\"Mauremys leprosa\" width=\"680\" height=\"453\" \/><figcaption class=\"wp-caption-text\">Mauremys leprosa saharica. Ouarzazate. Photo: \u00a9 Mario Schweiger.<\/figcaption><\/figure>\n<\/div>\n<div id=\"mapa_distribucion\">\n<p><img decoding=\"async\" id=\"mapa_distribucion_img\" class=\"alignleft\" src=\"http:\/\/moroccoherps.com\/files\/fichas\/Mauremys_leprosa\/Mauremys_leprosa_mapa.jpg\" alt=\"Range map of Mauremys leprosa\" \/><\/p>\n<div>\n<p class=\"leyenda_mapa_ficha\"><img decoding=\"async\" src=\"http:\/\/moroccoherps.com\/files\/images\/red.jpg\" alt=\"\" \/>\u00a0\u00a0<span class=\"nc\">M. l. leprosa<\/span><\/p>\n<p class=\"leyenda_mapa_ficha\"><img decoding=\"async\" src=\"http:\/\/moroccoherps.com\/files\/images\/yellow.jpg\" alt=\"\" \/>\u00a0\u00a0<span class=\"nc\">M. l. saharica<\/span><\/p>\n<\/div>\n<p class=\"caption_mapa_ficha\">Distribution map of<br \/>\n<span class=\"nc\">Mauremys leprosa<\/span><br \/>\nin Morocco.<\/p>\n<\/div>\n<p>&nbsp;<\/p>\n<div id=\"gal_text\">\n<p>Gallery: 31 photos.\u00a0<a href=\"https:\/\/www.moroccoherps.com\/en\/galeria\/mauremys_leprosa\/\">[ENTER]<\/a><\/p>\n<\/div>\n<div class=\"filete\"><\/div>\n<\/div>\n<div id=\"ficha_info\">\n<h2>Phylogenetic frame<\/h2>\n<p><span class=\"nc\">Mauremys leprosa<\/span>\u00a0was described by Schweigger in 1812 as\u00a0<span class=\"nc\">Emys leprosa<\/span>. Synonyms are\u00a0<span class=\"nc\">Clemmys sigriz<\/span>\u00a0Michahelles, 1829 (Terra typical [T.t.] South Spain) and\u00a0<span class=\"nc\">Emys laticeps<\/span>\u00a0Gray, 1831 (T.t.: \u201csouth Europe\u201d). Out of Europe Gray in 1854 described\u00a0<span class=\"nc\">Emys laticeps<\/span>\u00a0from the Gambia River. In 1860 followed\u00a0<span class=\"nc\">Emys fuliginosus<\/span>\u00a0and in 1870\u00a0<span class=\"nc\">Emys fraseri<\/span> by the same author, both with imprecise Terra typical \u201cNorth Afrika\u201d. 1996 Schleich, from Morocco described 6 subspecies: <span class=\"nc\">atlantica <\/span>(Larache),\u00a0<span class=\"nc\">erhardi <\/span>(Taza), <span class=\"nc\">wernerkaestlei<\/span> (Khenifra),\u00a0<span class=\"nc\">marokkensis<\/span> (Tahanaoute),\u00a0<span class=\"nc\">saharica<\/span>\u00a0(Fort Bou Jerif, Guelmim) and\u00a0<span class=\"nc\">zizi<\/span>\u00a0(Oued Ziz). 1998 the last subspecies,\u00a0<span class=\"nc\">Mauremys l. vanmeerhaeghei<\/span>\u00a0from Sidi el Mehadahoui has been described by Bour &amp; Maran.<\/p>\n<p>(Authors note): I\u00b4m not sure, if\u00a0<span class=\"nc\">Emys fraseri<\/span>\u00a0Gray, 1870 is a synonym of\u00a0<span class=\"nc\">Mauremys leprosa<\/span>, because Gray 1870 writes: \u201c\u2026\u2026In the British Museum there is a specimen of a young Terrapin brought by Mr. Fraser from North Africa, which is very similar to the above, and has the same black underside of the margin; but its neck has many much narrower streaks, and there is no spot behind the eye or rings round the ear. This specimen appears to indicate the existence of another species, which may be called\u00a0<span class=\"nc\">Emys fraseri<\/span>.\u201d All young specimens of\u00a0<span class=\"nc\">Mauremys leprosa<\/span>\u00a0in North Africa have this light spot behind the eye and many of them this ring around the tympanum.<\/p>\n<h2>Description<\/h2>\n<p>A freshwater turtle with distinct yellow to orange stripes on neck and limbs. Carapace olive to brown, mostly with orange ocelli or hieroglyphs. All markings fade with age, on skin and shell.<\/p>\n<div class=\"contenedor_img centrado\">\n<p><img decoding=\"async\" src=\"http:\/\/www.moroccoherps.com\/files\/fichas\/Mauremys_leprosa\/Mauremys_leprosa_2a.jpg\" alt=\"Mauremys leprosa\" \/><\/p>\n<p class=\"caption\">Dorsal view. Ait Ourir. Photo: \u00a9 Mario Schweiger.<\/p>\n<\/div>\n<p>Females grow larger than males, especially south of the Atlas mountain chain. Lovich et al. (2010) give a maximum of 151mm for females and 129mm for males from the Oued Ksob. For turtles from the Oued Zate the values are 166mm and 122mm and for the Draa river 216mm and 115mm respectively.<\/p>\n<p>The Plastron is uniform yellowish to olive green, with or without smaller to larger black patches, to uniform black.<\/p>\n<div class=\"contenedor_img centrado\">\n<p><img decoding=\"async\" src=\"http:\/\/www.moroccoherps.com\/files\/fichas\/Mauremys_leprosa\/Mauremys_leprosa_2b.jpg\" alt=\"Plastron Mauremys leprosa\" \/>\u00a0<img decoding=\"async\" src=\"http:\/\/www.moroccoherps.com\/files\/fichas\/Mauremys_leprosa\/Mauremys_leprosa_2c.jpg\" alt=\"Plastron Mauremys leprosa\" \/><\/p>\n<p class=\"caption\">Plastron. Right: Ait Ourir. Left: Khenifra. Photos: \u00a9 Mario Schweiger.<\/p>\n<\/div>\n<p>Most terrapins from the north have a distinct dark horizontal bar through the green iris, while this bar is missing in most specimens south of the Atlas mountain chain. Also many turtles have bluish to blue eyes in the south.<\/p>\n<div class=\"contenedor_img centrado\">\n<p><img decoding=\"async\" src=\"http:\/\/www.moroccoherps.com\/files\/fichas\/Mauremys_leprosa\/Mauremys_leprosa_3.jpg\" alt=\"Mauremys leprosa saharica\" \/><\/p>\n<p class=\"caption\"><span class=\"nc\">Mauremys leprosa saharica<\/span>\u00a0with blue eyes. Ouarzazate. Photo: \u00a9 Mario Schweiger.<\/p>\n<\/div>\n<p>These differences induced Schleich 1996 and Bour &amp; Maran 1998 to describe a total of seven subspecies from Morocco. As shown by Fritz et al. 2005 and 2006 these taxonomic splitting was not correct. At the time only the nominate form in NW Morocco and SW Europe and\u00a0<span class=\"nc\">Mauremys leprosa saharica<\/span>, south and east of the Atlas mountain chains are valid.<\/p>\n<p>Additional, in 2011 Schweiger showed, that there is no correlation between the morphological characters, given by Schleich for his subspecies and their geographical distribution. Therefore, the subspecies,\u00a0<span class=\"nc\">atlantica<\/span>,\u00a0<span class=\"nc\">wernerkaestlei<\/span>\u00a0and\u00a0<span class=\"nc\">marokkensis<\/span>\u00a0are included into the nominate form now, the subspecies\u00a0<span class=\"nc\">vanmeerhaeghei<\/span>\u00a0and\u00a0<span class=\"nc\">zizi<\/span>\u00a0into\u00a0<span class=\"nc\">Mauremys leprosa saharica<\/span>. At the time it is not clear, into which of the two subspecies now accepted,\u00a0<span class=\"nc\">Mauremys l. erhardi<\/span>\u00a0has be included. The Terra typica near Taza is situated east of the Moyen Atlas. According to the distribution of\u00a0<span class=\"nc\">Mauremys l. saharica<\/span>\u00a0by Fritz et al. (2006),\u00a0<span class=\"nc\">erhardi<\/span>\u00a0should belong to this subspecies.<\/p>\n<div class=\"contenedor_img centrado\">\n<p><img decoding=\"async\" src=\"http:\/\/www.moroccoherps.com\/files\/fichas\/Mauremys_leprosa\/Mauremys_leprosa_5.jpg\" alt=\"Mauremys leprosa saharica\" \/><\/p>\n<p class=\"caption\"><span class=\"nc\">Mauremys leprosa saharica<\/span>. Ouarzazate. Photo: \u00a9 Mario Schweiger.<\/p>\n<\/div>\n<p>Beside\u00a0<span class=\"nc\">Emys orbicularis occidentalis<\/span>,\u00a0<span class=\"nc\">Mauremys leprosa<\/span>\u00a0is the only freshwater turtle in Morocco. While the former is restricted to small populations in the NW of Morocco and the surroundings of Azrou, the Spanish Terrapin is widespread all over the country. Both species can easily be distinguished by their different coloration and pattern.\u00a0<span class=\"nc\">Emys<\/span>\u00a0show a black carapace with small yellow dots and\/or lines. Also the head, neck and limbs have yellow spots and never distinct lines.<\/p>\n<h2>Ecology and habits<\/h2>\n<p><span class=\"nc\">Mauremys leprosa<\/span>\u00a0is diurnal as well as nocturnal. During sunny days, the turtles spend many hours basking on banks or rocks in rivers, creeks or ditches, sliding into the water at the slightest disturbance. It is hard to observe them from a distance more close than 20 metres. During dark, the turtles might be observed with a flashlight, walking around on the bottom of the waterbodies, searching for food, or resting at the edge of the water close to the surface.<\/p>\n<div class=\"contenedor_img centrado\">\n<p><img decoding=\"async\" src=\"http:\/\/www.moroccoherps.com\/files\/fichas\/Mauremys_leprosa\/Mauremys_leprosa_4.jpg\" alt=\"Mauremys leprosa\" \/><\/p>\n<p class=\"caption\">Two\u00a0<span class=\"nc\">Mauremys leprosa leprosa<\/span>\u00a0basking on a rock. Khenifra. Photo: \u00a9 Mario Schweiger.<\/p>\n<\/div>\n<p>Egg holes are digged from late afternoon to evening. Females need 30 minutes to one and a half hour to dig the hole, up to 60 mm deep and 100 mm wide. In warmer climates,\u00a0<span class=\"nc\">Mauremys<\/span>\u00a0deposits two clutches during May and July, consisting of up to nine eggs in Morocco, while clutches of 13 eggs are known from Portugal. Eggs are 28 \u2013 38 x 16 \u2013 21 mm in size. The incubation period lasts 56 \u2013 108 days, depending on temperature (Keller &amp; Busack, 2001).<\/p>\n<p>If available, hatchlings and youngs prefer smaller waterbodies than adults. This might be linked with warmer temperatures, more adequate food in small waterbodies, but also protection from the always hungry adults.<\/p>\n<p>Young and subadults feed mostly on invertebrates, while in adults the food changes more to vegetarian (water plants and algae).<\/p>\n<h2>Distribution, habitat and abundance<\/h2>\n<p>General distribution:<br \/>\nFrom SW France, Spain, Portugal to NW Africa (Morocco, Algeria, Tunisia, W Libya, not known from Western Sahara, some relict population in S Mauretania and in the A\u00efr mountains in Niger (Kriska, 2001) and in Gambia (?).<\/p>\n<div class=\"contenedor_img centrado\">\n<p><img decoding=\"async\" src=\"http:\/\/www.moroccoherps.com\/files\/fichas\/Mauremys_leprosa\/Mauremys_leprosa_6.jpg\" alt=\"H\u00e1bitat de Mauremys leprosa\" \/><\/p>\n<p class=\"caption\">Habitat of\u00a0<span class=\"nc\">Mauremys leprosa saharica<\/span>. Ouarzazate. Photo: \u00a9 Mario Schweiger.<\/p>\n<\/div>\n<p>The Spanish Terrapin is widespread in Morocco. A large variety of waterbodies are populated, like rivers, creeks, lakes and ditches. Turtles might be found even in brackish and eutrophe waters.<\/p>\n<p><span class=\"nc\">Mauremys leprosa leprosa<\/span>\u00a0is distributed north and west of the Atlas mountain chains,\u00a0<span class=\"nc\">Mauremys l. saharica<\/span>\u00a0south and east of the mountains.<\/p>\n<div class=\"contenedor_img centrado\">\n<p><img decoding=\"async\" src=\"http:\/\/www.moroccoherps.com\/files\/fichas\/Mauremys_leprosa\/Mauremys_leprosa_7.jpg\" alt=\"H\u00e1bitat de Mauremys leprosa\" \/><\/p>\n<p class=\"caption\">Habitat of\u00a0<span class=\"nc\">Mauremys leprosa saharica<\/span>. Meski. Photo: \u00a9 Mario Schweiger.<\/p>\n<\/div>\n<p>Due to missing data from north east Morocco, the affilation of the specimens from there to one of the subspecies leprosa or saharica is not clear yet. But there are some examples, where the Moulouya river is the border between (sub)species like\u00a0<span class=\"nc\">Timon tangitanus<\/span>\/<span class=\"nc\">pater<\/span>\u00a0or\u00a0<span class=\"nc\">Psammodromus microdactylus<\/span>\/<span class=\"nc\">blanci<\/span>. The Moulouya valley is the old connection between the Mediterranean and the Atlantic Ocean, before the Strait of Gibraltar was opening. So this valley should have been a strong barrier between (sub)species.<\/p>\n<div class=\"contenedor_img centrado\">\n<p><img decoding=\"async\" src=\"http:\/\/www.moroccoherps.com\/files\/fichas\/Mauremys_leprosa\/Mauremys_leprosa_8.jpg\" alt=\"H\u00e1bitat de Mauremys leprosa\" \/><\/p>\n<p class=\"caption\">Habitat of\u00a0<span class=\"nc\">Mauremys leprosa leprosa<\/span>. Khenifra. Photo: \u00a9 Mario Schweiger.<\/p>\n<\/div>\n<p>In all populations, known by the author, the abundance is high, with most specimens observed in the night hours. In subsaharian areas, they populate even small waters in oasis, far away from the next creeks or rivers.<\/p>\n<p>Adults seem to have little to no predators, while hatchlings might be preyed by adults, birds of prey and rodents. Hard to catch in large waterbodies, but more easy during dark, when the terrapins are walking around on the bottom or at the edge of the water.<\/p>\n<p><span class=\"nc\">Mauremys<\/span>\u00a0is not endangered at the time (Pleguezuelos et al., 2010). IUCN Red List: Vulnerable A2ac+3c<\/p>\n<h3 class=\"bibliografia\">References<\/h3>\n<ul>\n<li><strong>Bons, J. &amp; Geniez, P. 1996.<\/strong><em>Amphibiens et Reptiles du Maroc (Sahara occidental compris) Atlas biog\u00e9ographique.<\/em>\u00a0\u2013 Asociaci\u00f3n Herpetol\u00f3gica Espa\u00f1ola, 320 S.<\/li>\n<li><strong>Bour, R. &amp; Maran, J. 1998.<\/strong>\u00a0Taxinomie de\u00a0<em>Mauremys leprosa<\/em>\u00a0(Schweigger, 1812) dans le sud du Maroc: la \u201eTortue aux yeux bleus\u201c (Reptilia, Chelonii, Geomydidae). \u2013\u00a0<em>Manouria<\/em>, 1(2): 22\u201352<\/li>\n<li><strong>Fritz, U.; Fritzsch, G.; Lehr, E.; Ducotterd, J.-M. &amp; M\u00fcller, A. 2005.<\/strong>\u00a0The Atlas Mountains, not the Strait of Gibraltar, as a biogeographic barrier for\u00a0<em>Mauremys leprosa<\/em>\u00a0(Reptilia: Testudines). \u2013\u00a0<em>Salamandra<\/em>, 41(3): 97\u2013106.<\/li>\n<li><strong>Barata, M.; Busack, S. D.; Fritzsch, G. &amp; Castilho, R. 2006.<\/strong>\u00a0Impact of mountain chains, sea straits and peripheral populations on genetic and taxonomic structure of a freshwater turtle,\u00a0<em>Mauremys leprosa<\/em>\u00a0(Reptilia, Testudines, Geoemydidae). \u2013\u00a0<em>Zoologica Scripta<\/em>, 35(1): 97\u2013108.<\/li>\n<li><strong>Gray, J.E. 1870<\/strong>. Description of Emys flavipes. \u2013 Proc. zool. Soc. London 1869: 643 \u2013 644.<\/li>\n<li><strong>Keller,\u00a0 C.\u00a0 &amp; Busack, S.\u00a0 D. 2001.\u00a0<\/strong><em>Mauremys leprosa<\/em>\u00a0(Schweigger,\u00a0 1812) \u2013 Maurische Bachschildkr\u00f6te.\u00a0 S.:\u00a0 57\u201388.\u00a0 \u2013 In:\u00a0 FRITZ (Hrsgb.):\u00a0\u00a0<em>Handbuch der Reptilien und Amphibien Europas.\u00a0 Bd.\u00a0 3\/IIIA Schildkr\u00f6ten (Testudines) I (Bataguridae,\u00a0 Testudinidae,\u00a0 Emydidae).<\/em>\u00a0\u2013 Aula Verlag,\u00a0 Wiebelsheim,\u00a0 595 S.<\/li>\n<li><strong>Kriska, M.A. 2001.<\/strong>\u00a0Contribution \u00e0 l\u00b4inventaire chorologique des bioc\u00e9noses de l\u00b4A\u00efr et du Tamesna nig\u00e9rien. M\u00b4em. Trav.\u00a0<em>EPHE Institute de Montpellier<\/em>, 24: 1 \u2013 525.<\/li>\n<li><strong>Lovich,\u00a0 J.E.;\u00a0 Znari, M.;\u00a0 Baamrane, M.A.;\u00a0 Naimi, M. &amp; Mostalih, A. 2010<\/strong>. \u00a0Biphasic Geographic Variation in Sexual Size Dimorphism of Turtle (<em>Mauremys leprosa<\/em>) Populations Along an Environmental Gradient in Morocco.\u00a0 \u2013\u00a0<em>Chelonian Conservation and Biology<\/em>,\u00a0 9(1):\u00a0 45\u201353.<\/li>\n<li><strong>Maran,\u00a0 J.\u00a0 2010<\/strong>.\u00a0 Observations sur la distribution des tortues du Maroc (Chelonii: Emydidae,\u00a0 Geoemydidae et Testudinidae).\u00a0\u00a0<em>\u2013 Ch\u00e9loniens<\/em>,\u00a0 Nr .\u00a0 19: 16\u201334<\/li>\n<li><strong>Pleguezuelos,\u00a0 J.M.; Brito, J. C.; Fahd, S.; Feriche, M.; Mateo, J.A.; Moreno-Rueda, G.;\u00a0 Reques, R. &amp; Santos,X. 2010.<\/strong>\u00a0Setting conservation priorities for the Moroccan herpetofauna:\u00a0 the utility of regional red listing.\u00a0 \u2013\u00a0<em>Oryx,<\/em>\u00a044(4): 501\u2013514<\/li>\n<li><strong>Schleich,\u00a0 H.H. 1996.<\/strong>\u00a0Beitrag zur Systematik des Formenkreises von\u00a0<em>Mauremys leprosa<\/em>\u00a0(Schweigger) in Marokko.\u00a0 Teil I:\u00a0 (Reptilia,\u00a0 Chelonii,\u00a0 Emydidae).\u00a0<em>\u2013 Spixiana,<\/em>\u00a0Suppl.\u00a0 22:\u00a0 29\u201359<\/li>\n<li><strong>Schweiger, M. 2011.<\/strong>\u00a0Die Maurische Bachschildkr\u00f6te,\u00a0<em>Mauremys leprosa<\/em>\u00a0(Schweigger, 1812) in Marokko. \u2013\u00a0<em>Marginata<\/em>\u00a031:\u00a0 10 \u2013 25.<\/li>\n<\/ul>\n<\/div>\n<p><b>To cite this page:<\/b><br \/>\nSchweiger M. 2012. <em><span class=\"nc\">Mauremys leprosa<\/span>\u00a0<\/em>(Schweigger, 1812). In: Mart\u00ednez, G., Le\u00f3n, R., Jim\u00e9nez-Robles, O., Gonz\u00e1lez De la Vega, J. P., Gabari, V., Rebollo, B., S\u00e1nchez-T\u00f3jar, A., Fern\u00e1ndez-Cardenete, J. R., G\u00e1llego, J. (Eds.). Moroccoherps. Amphibians and Reptiles of Morocco.<br \/>\nAvailable from\u00a0<a href=\"https:\/\/www.moroccoherps.com\/en\/ficha\/Mauremys_leprosa\/\">www.moroccoherps.com\/en\/ficha\/Mauremys_leprosa\/<\/a>. Version 23\/09\/2012. Accessed 15 Jan 2020.<\/p>\n<p><b>To cite\u00a0<a href=\"http:\/\/moroccoherps.com\/\">www.morocoherps.com en<\/a>\u00a0as a whole:<\/b><br \/>\nMart\u00ednez, G., Le\u00f3n, R., Jim\u00e9nez-Robles, O., Gonz\u00e1lez De la Vega, J.P., Gabari, V., Rebollo, B., S\u00e1nchez-T\u00f3jar, A., Fern\u00e1ndez-Cardenete, J.R., G\u00e1llego, J. (Eds.). Moroccoherps. Amphibians and Reptiles of Morocco.<br \/>\nAvailable from\u00a0<a href=\"http:\/\/www.moroccoherps.com\/\">www.moroccoherps.com<\/a>. Accessed 15 Jan 2020.<\/p>","protected":false},"excerpt":{"rendered":"<p>Spanish Terrapin Mauremys leprosa\u00a0(Schweigger, 1812) By\u00a0Mario Schweiger Updated:\u00a023\/09\/2012 Taxonomy:\u00a0Chelonii\u00a0|\u00a0Geoemydidae\u00a0|\u00a0Mauremys\u00a0|\u00a0Mauremys leprosa \u00a0\u00a0M. l. leprosa \u00a0\u00a0M. l. saharica Distribution map of Mauremys leprosa in Morocco. &nbsp; Gallery: 31 photos.\u00a0[ENTER] Phylogenetic frame Mauremys leprosa\u00a0was described by Schweigger in 1812 as\u00a0Emys leprosa. Synonyms are\u00a0Clemmys sigriz\u00a0Michahelles, 1829 (Terra typical [T.t.] South Spain) and\u00a0Emys laticeps\u00a0Gray, 1831 (T.t.: \u201csouth Europe\u201d). Out of &hellip; <\/p>\n<p class=\"link-more\"><a href=\"https:\/\/www.moroccoherps.com\/en\/ficha\/mauremys_leprosa\/\" class=\"more-link\">Continue reading<span class=\"screen-reader-text\"> &#8220;Species page of Mauremys leprosa&#8221;<\/span><\/a><\/p>\n","protected":false},"author":1,"featured_media":0,"parent":2564,"menu_order":0,"comment_status":"closed","ping_status":"closed","template":"","meta":{"footnotes":""},"class_list":["post-2874","page","type-page","status-publish","hentry"],"_links":{"self":[{"href":"https:\/\/www.moroccoherps.com\/en\/wp-json\/wp\/v2\/pages\/2874","targetHints":{"allow":["GET"]}}],"collection":[{"href":"https:\/\/www.moroccoherps.com\/en\/wp-json\/wp\/v2\/pages"}],"about":[{"href":"https:\/\/www.moroccoherps.com\/en\/wp-json\/wp\/v2\/types\/page"}],"author":[{"embeddable":true,"href":"https:\/\/www.moroccoherps.com\/en\/wp-json\/wp\/v2\/users\/1"}],"replies":[{"embeddable":true,"href":"https:\/\/www.moroccoherps.com\/en\/wp-json\/wp\/v2\/comments?post=2874"}],"version-history":[{"count":11,"href":"https:\/\/www.moroccoherps.com\/en\/wp-json\/wp\/v2\/pages\/2874\/revisions"}],"predecessor-version":[{"id":7082,"href":"https:\/\/www.moroccoherps.com\/en\/wp-json\/wp\/v2\/pages\/2874\/revisions\/7082"}],"up":[{"embeddable":true,"href":"https:\/\/www.moroccoherps.com\/en\/wp-json\/wp\/v2\/pages\/2564"}],"wp:attachment":[{"href":"https:\/\/www.moroccoherps.com\/en\/wp-json\/wp\/v2\/media?parent=2874"}],"curies":[{"name":"wp","href":"https:\/\/api.w.org\/{rel}","templated":true}]}}