{"id":2886,"date":"2020-01-15T15:53:23","date_gmt":"2020-01-15T15:53:23","guid":{"rendered":"http:\/\/www.moroccoherps.com\/?page_id=2886"},"modified":"2023-02-07T19:07:10","modified_gmt":"2023-02-07T19:07:10","slug":"saurodactylus_mauritanicus","status":"publish","type":"page","link":"https:\/\/www.moroccoherps.com\/en\/ficha\/saurodactylus_mauritanicus\/","title":{"rendered":"Species page of Saurodactylus mauritanicus"},"content":{"rendered":"<p><\/p>\n<div id=\"ficha_resumen\">\n<div id=\"especie\">\n<h1>Morocco Lizard-fingered Gecko<br \/>\n<strong><em><span class=\"nc\">Saurodactylus mauritanicus<\/span><\/em><\/strong>\u00a0(Dum\u00e9ril &amp; Bibron, 1836)<\/h1>\n<\/div>\n<div id=\"autor\">\n<div class=\"izquierdo\">\n<p>By\u00a0<b>Wouter Beukema<\/b><\/p>\n<\/div>\n<\/div>\n<div>\n<div id=\"actualizado\" class=\"izquierdo\">\n<p>Updated:\u00a0<b>9\/06\/2013<\/b><\/p>\n<\/div>\n<div id=\"jerarquia_taxonomica\" class=\"derecho\">\n<p>Taxonomy: Gekkota | Sphaerodactylidae | Saurodactylus | Saurodactylus mauritanicus<\/p>\n<\/div>\n<\/div>\n<div id=\"foto_principal\">\n<figure style=\"width: 680px\" class=\"wp-caption alignnone\"><img loading=\"lazy\" decoding=\"async\" src=\"http:\/\/moroccoherps.com\/files\/fichas\/Saurodactylus_mauritanicus\/Saurodactylus_mauritanicus_1.jpg\" alt=\"Saurodactylus mauritanicus\" width=\"680\" height=\"453\" \/><figcaption class=\"wp-caption-text\">Saurodactylus mauritanicus. Ain Sfa. Photo: \u00a9 Wouter Beukema<\/figcaption><\/figure>\n<p class=\"caption\">\n<\/div>\n<div id=\"mapa_distribucion\">\n<p><img decoding=\"async\" id=\"mapa_distribucion_img\" class=\"alignleft\" src=\"http:\/\/moroccoherps.com\/files\/fichas\/Saurodactylus_mauritanicus\/Saurodactylus_mauritanicus_mapa.jpg\" alt=\"Range map of Saurodactylus mauritanicus\" \/><\/p>\n<p class=\"leyenda_mapa_ficha\"><img decoding=\"async\" src=\"http:\/\/moroccoherps.com\/files\/images\/red.jpg\" alt=\"\" \/>\u00a0\u00a0<span class=\"nc\">Saurodactylus mauritanicus<\/span><\/p>\n<p class=\"caption_mapa_ficha\">Distribution map of<br \/>\n<span class=\"nc\">Saurodactylus mauritanicus<\/span><br \/>\nin Morocco.<\/p>\n<\/div>\n<p>&nbsp;<\/p>\n<div id=\"gal_text\">\n<p>&nbsp;<\/p>\n<p>&nbsp;<\/p>\n<p>Gallery: 0 photos.<\/p>\n<\/div>\n<p>&nbsp;<\/p>\n<div class=\"filete\"><\/div>\n<\/div>\n<div id=\"ficha_info\">\n<h2>Phylogenetic frame<\/h2>\n<p>As part of their monographic work, Dumer\u00edl &amp; Bibron (1836) described\u00a0<span class=\"nc\">Gymnodactylus mauritanicus<\/span>\u00a0based on specimens originating from Algiers, Algeria. Only a few years later Fitzinger (1843) transferred this species to the genus\u00a0<span class=\"nc\">Saurodactylus<\/span>, of which it has been part ever since. Bons &amp; Pasteur (1957) attributed the name\u00a0<span class=\"nc\">S.\u00a0m.\u00a0brosseti<\/span>\u00a0to the allopatric populations occurring in south-western Morocco, which are now recognized at species level as\u00a0<span class=\"nc\">S.\u00a0brosseti<\/span>\u00a0(Bons &amp; Geniez, 1996). Genetic variation within\u00a0<span class=\"nc\">S. mauritanicus<\/span>\u00a0is minimal according to mtDNA and nuclear analyses (Rato &amp; Harris, 2008), which is likely a result of the largely continuous distribution and wide environmental tolerances of this species.<\/p>\n<h2>Description<\/h2>\n<p><span class=\"nc\">Saurodactylus mauritanicus<\/span>\u00a0is a minute gecko which measures up to 60 mm total length, which makes it the smallest species in the genus (Bons &amp; Pasteur, 1957). Dorsal scale rows range from 70-90. Scales are relatively granular. Snout vent length is slightly smaller than tail length. Tail tapers to a fine point. Subcaudal scales of the non-regenerated tail are large and transversely rectangular shaped, while those of regenerated tails are even slightly larger and irregular-shaped. Between 14-20 lamellae are present under the 4th toe.<\/p>\n<div class=\"contenedor_img centrado\">\n<p><img decoding=\"async\" src=\"http:\/\/www.moroccoherps.com\/files\/fichas\/Saurodactylus_mauritanicus\/Saurodactylus_mauritanicus_2.jpg\" alt=\"Saurodactylus mauritanicus\" \/><\/p>\n<p class=\"caption\"><span class=\"nc\">Saurodactylus mauritanicus<\/span>. Ras Kebdana. Photo: \u00a9 Wouter Beukema.<\/p>\n<\/div>\n<p>Dorsal colouration varies from greyish to brown or bronze, interspersed by vague dark brown or black patches. This pattern can be highly restricted, with individuals being nearly uniform coloured. Cream to yellow coloured ocelli are often present on the entire body, which are especially conspicuous in juveniles. The tail is either yellowish (older individuals), yellow or bright orange (younger individuals) with a similar pattern as the dorsum, although the ocelli are usually much larger. Additionally, larger dark stripes can be present on the tail. The lower flanks and underside are lighter coloured than the dorsum.<\/p>\n<h2>Ecology and habits<\/h2>\n<p>All members of the genus\u00a0<span class=\"nc\">Saurodactylus<\/span>\u00a0are highly cryptic species which spend considerable amounts of time hidden under large stones. Juveniles are readily encountered, in contrast to adult individuals. Their behaviour is largely crepuscular, with general activity taking place during sundown (Bons&amp; Geniez, 1996). Coastal populations remain active year-round as long as temperatures are favourable, while inland populations generally spend several months in hibernation (Pers. obs.). Females can lay up to eight clutches of a single egg per year in captivity, which are deposited in self-dug tunnels (Joger\u00a0<em>et al<\/em>., 2009). The diet of\u00a0<span class=\"nc\">Saurodactylus<\/span>\u00a0species has reported to consist mainly of beetles (Bons &amp; Pasteur, 1957).<\/p>\n<h2>Distribution, habitat and abundance<\/h2>\n<p><span class=\"nc\">Saurodactylus mauritanicus<\/span>\u00a0occurs in north-eastern Morocco, north and north-western Algeria and Spain; Melilla and the Chafarinas Islands (Bons &amp; Geniez, 1996). In Albor\u00e1n Island, where it was found in 1997, it has never been found again despite the many prospections done in the island so it could have been an involuntary introduction which was unsuccessful (Paracuellos\u00a0<span class=\"nc\">et al.<\/span>, 2005; M. Paracuellos, pers. comm.). Within Morocco, this species occurs from the northern foothills of the Rif Mountains (where the exact western distribution limit is not known), eastwards through the arid eastern Rif. The southern limit is formed by the Middle Atlas (Barata\u00a0<em>et al<\/em>., 2011) and the Haut Plateaux. Populations occur from sea level up to 1200 m in the eastern Rif Mountains and BeniSnassen Massif.<\/p>\n<div class=\"contenedor_img centrado\">\n<p><img decoding=\"async\" src=\"http:\/\/www.moroccoherps.com\/files\/fichas\/Saurodactylus_mauritanicus\/Saurodactylus_mauritanicus_3.jpg\" alt=\"Saurodactylus mauritanicus habitat\" \/><\/p>\n<p class=\"caption\">Habitat. Ain Sfa. Photo: \u00a9 Wouter Beukema.<\/p>\n<\/div>\n<div class=\"contenedor_img centrado\">\n<p><img decoding=\"async\" src=\"http:\/\/www.moroccoherps.com\/files\/fichas\/Saurodactylus_mauritanicus\/Saurodactylus_mauritanicus_4.jpg\" alt=\"Saurodactylus mauritanicus habitat\" \/><\/p>\n<p class=\"caption\">Habitat near Ras Kebdana. Photo: \u00a9 Wouter Beukema.<\/p>\n<\/div>\n<p>Habitats which\u00a0<span class=\"nc\">S. mauritanicus<\/span>\u00a0occupies are generally semi-arid to arid, while being characterized by sparse vegetation and an abundance of stones (Fahd &amp; Pleguezuelos, 1996). Individuals have also been found in dune ecosystems and open coniferous- or\u00a0<span class=\"nc\">Eucalyptus<\/span>\u00a0forests. Where it is found, this species is often moderately to highly abundant (Werner, 1931). The continuous distribution and general abundance of\u00a0<span class=\"nc\">S. mauritanicus<\/span>\u00a0motivated Joger\u00a0<em>et al<\/em>. (2009) to list this species as \u2018Least Concern\u2019 on the IUCN Red List.<\/p>\n<h3 class=\"bibliografia\">References<\/h3>\n<ul>\n<li><strong>Barata, M., Perera, A., Harris, D.J., van der Meijden, A., Carranza, S., Ceacero, F., Garc\u00eda-Mu\u00f1oz, E., Gon\u00e7alves, D., Henriques, S., Jorge, F., Marshall, J.C., Pedrajas, L. &amp; Sousa, P. 2011.<\/strong>\u00a0New observations of amphibians and reptiles in Morocco, with a special emphasis on the eastern region.Herpetological Bulletin 116: 4-14.<\/li>\n<li><strong>Bons, J. &amp; Pasteur, G. 1957.<\/strong>\u00a0Nouvelles remarques sur les saurodactyles, avec description de\u00a0<em>Saurodactylus mauritanicus brosseti<\/em>\u00a0n. subsp. Bulletin de la Soci\u00e9t\u00e9 des Sciences Naturelles et Physiques du Maroc 37: 175-195.<\/li>\n<li><strong>Bons, J. &amp; Geniez, P. 1996.<\/strong>\u00a0Amphibiens et reptiles du Maroc (Sahara Occidental compris). Atlas Biog\u00e9ographique. Asociaci\u00f3n Herpetol\u00f3gica Espa\u00f1ola, Barcelona. 319 pp.<\/li>\n<li><strong>Dum\u00e9ril, A.M. &amp; Bibron, G. 1836.<\/strong>\u00a0Erpetologie G\u00e9n\u00e9rale ou Histoire Naturelle Complete des Reptiles, Vol. 3. Encyclop\u00e9dique Roret, Paris. 528 pp.<\/li>\n<li><strong>Fahd, S. &amp; Pleguezuelos, J.M. 1996.<\/strong>\u00a0Los reptiles del Rif (norte de Marruecos), I: Quelonios, Saurios. Revista Espa\u00f1ola de Herpetolog\u00eda 10: 55-89.<\/li>\n<li><strong>Fitzinger, L. 1843.<\/strong>\u00a0Systema Reptilium, fasciculus primus, Amblyglossae. Braum\u00fcller &amp; Seidel, Wien.106 pp.<\/li>\n<li><strong>Joger, U., Slimani, T., El Mouden, E.H., Geniez, P. &amp; Mart\u00ednez-Solano, I. 2009.<\/strong>\u00a0Saurodactylus mauritanicus. In: IUCN 2012. IUCN Red List of Threatened Species. Version 2012.2.\u00a0. Downloaded on 28 December 2012.<\/li>\n<li><strong>Paracuellos, M., Gonz\u00e1les-Miras, E., Rodr\u00edguez, A., Alesina, J.J. &amp; Nevado, J.C. 2005.<\/strong>\u00a0Sobre la presencia de gec\u00f3nidos (Squamata: Gekkota: Gekkonidae) en la Isla de Albor\u00e1n (Mediterr\u00e1neo Occidental). Zoologica Baetica 16: 141-146.<\/li>\n<li><strong>Rato, C. &amp; Harris, D.J. 2008.<\/strong>\u00a0Genetic variation within\u00a0<em>Saurodactylus<\/em>\u00a0and its phylogenetic relationships within the Gekkonoidea estimated from mitochondrial and nuclear DNA sequences. Amphibia-Reptilia 29: 25-34.<\/li>\n<li><strong>Werner, F. 1931.<\/strong>\u00a0Ergebnisse einer zoologischen Forschungsreise nach Marokko. III. Unternommen 1930 mit Unterst\u00fctzung der Akademie der Wissenschaften in Wien von Franz Werner und Richard Ebner. III. Amphibien und Reptilien. Sitzungsberichte der Kaiserlichen Akademie der Wissenschaften in Wien 140: 272-318.<\/li>\n<\/ul>\n<hr \/>\n<\/div>\n<p><b>To cite this page:<\/b><br \/>\nBeukema W. 2013. <em><span class=\"nc\">Saurodactylus mauritanicus<\/span><\/em> (Dum\u00e9ril &amp; Bibron, 1836). In: Mart\u00ednez, G., Le\u00f3n, R., Jim\u00e9nez-Robles, O., Gonz\u00e1lez De la Vega, J. P., Gabari, V., Rebollo, B., S\u00e1nchez-T\u00f3jar, A., Fern\u00e1ndez-Cardenete, J. R., G\u00e1llego, J. (Eds.). Moroccoherps. Amphibians and Reptiles of Morocco.<br \/>\nAvailable from\u00a0<a href=\"http:\/\/moroccoherps.com\/en\/ficha\/Saurodactylus_mauritanicus\/\">moroccoherps.com\/en\/ficha\/Saurodactylus_mauritanicus\/<\/a>. Version 9\/06\/2013. Accessed 15 Jan 2020.<\/p>\n<p><b>To cite\u00a0<a href=\"http:\/\/moroccoherps.com\/\">www.morocoherps.com en<\/a>\u00a0as a whole:<\/b><br \/>\nMart\u00ednez, G., Le\u00f3n, R., Jim\u00e9nez-Robles, O., Gonz\u00e1lez De la Vega, J.P., Gabari, V., Rebollo, B., S\u00e1nchez-T\u00f3jar, A., Fern\u00e1ndez-Cardenete, J.R., G\u00e1llego, J. (Eds.). Moroccoherps. Amphibians and Reptiles of Morocco.<br \/>\nAvailable from\u00a0<a href=\"http:\/\/moroccoherps.com\/\">moroccoherps.com<\/a>. Accessed 15 Jan 2020.<\/p>","protected":false},"excerpt":{"rendered":"<p>Morocco Lizard-fingered Gecko Saurodactylus mauritanicus\u00a0(Dum\u00e9ril &amp; Bibron, 1836) By\u00a0Wouter Beukema Updated:\u00a09\/06\/2013 Taxonomy: Gekkota | Sphaerodactylidae | Saurodactylus | Saurodactylus mauritanicus \u00a0\u00a0Saurodactylus mauritanicus Distribution map of Saurodactylus mauritanicus in Morocco. &nbsp; &nbsp; &nbsp; Gallery: 0 photos. &nbsp; Phylogenetic frame As part of their monographic work, Dumer\u00edl &amp; Bibron (1836) described\u00a0Gymnodactylus mauritanicus\u00a0based on specimens originating from Algiers, &hellip; <\/p>\n<p class=\"link-more\"><a href=\"https:\/\/www.moroccoherps.com\/en\/ficha\/saurodactylus_mauritanicus\/\" class=\"more-link\">Continue reading<span class=\"screen-reader-text\"> &#8220;Species page of Saurodactylus mauritanicus&#8221;<\/span><\/a><\/p>\n","protected":false},"author":1,"featured_media":0,"parent":2564,"menu_order":0,"comment_status":"closed","ping_status":"closed","template":"","meta":{"footnotes":""},"class_list":["post-2886","page","type-page","status-publish","hentry"],"_links":{"self":[{"href":"https:\/\/www.moroccoherps.com\/en\/wp-json\/wp\/v2\/pages\/2886","targetHints":{"allow":["GET"]}}],"collection":[{"href":"https:\/\/www.moroccoherps.com\/en\/wp-json\/wp\/v2\/pages"}],"about":[{"href":"https:\/\/www.moroccoherps.com\/en\/wp-json\/wp\/v2\/types\/page"}],"author":[{"embeddable":true,"href":"https:\/\/www.moroccoherps.com\/en\/wp-json\/wp\/v2\/users\/1"}],"replies":[{"embeddable":true,"href":"https:\/\/www.moroccoherps.com\/en\/wp-json\/wp\/v2\/comments?post=2886"}],"version-history":[{"count":5,"href":"https:\/\/www.moroccoherps.com\/en\/wp-json\/wp\/v2\/pages\/2886\/revisions"}],"predecessor-version":[{"id":7079,"href":"https:\/\/www.moroccoherps.com\/en\/wp-json\/wp\/v2\/pages\/2886\/revisions\/7079"}],"up":[{"embeddable":true,"href":"https:\/\/www.moroccoherps.com\/en\/wp-json\/wp\/v2\/pages\/2564"}],"wp:attachment":[{"href":"https:\/\/www.moroccoherps.com\/en\/wp-json\/wp\/v2\/media?parent=2886"}],"curies":[{"name":"wp","href":"https:\/\/api.w.org\/{rel}","templated":true}]}}