{"id":2890,"date":"2020-01-15T16:25:17","date_gmt":"2020-01-15T16:25:17","guid":{"rendered":"http:\/\/www.moroccoherps.com\/?page_id=2890"},"modified":"2020-10-01T21:46:47","modified_gmt":"2020-10-01T21:46:47","slug":"saurodactylus_brosseti","status":"publish","type":"page","link":"https:\/\/www.moroccoherps.com\/en\/ficha\/saurodactylus_brosseti\/","title":{"rendered":"Species page Saurodactylus brosseti"},"content":{"rendered":"<p><\/p>\n<div id=\"ficha_resumen\">\n<div id=\"especie\">\n<h1>Agadir Gecko<br \/>\n<span class=\"nc\">Saurodactylus brosseti<\/span>\u00a0Bons &amp; Pasteur, 1957<\/h1>\n<\/div>\n<div id=\"autor\">\n<div class=\"izquierdo\">\n<p>By <b>Victor Gabari <\/b>(Original: 23\/09\/2012)<\/p>\n<\/div>\n<\/div>\n<div>\n<div id=\"actualizado\" class=\"izquierdo\">\n<p>Updated: <strong>23\/03\/2020<\/strong> (by Gabriel Mart\u00ednez del M\u00e1rmol)<\/p>\n<\/div>\n<div id=\"jerarquia_taxonomica\" class=\"derecho\">\n<p>Taxonomy: Gekkota | Sphaerodactylidae | Saurodactylus | Saurodactylus brosseti<\/p>\n<figure style=\"width: 600px\" class=\"wp-caption alignnone\"><img loading=\"lazy\" decoding=\"async\" src=\"http:\/\/www.moroccoherps.com\/files\/fichas\/Saurodactylus_brosseti\/Saurodactylus_brosseti_3.jpg\" alt=\"Saurodactylus brosseti\" width=\"600\" height=\"400\" \/><figcaption class=\"wp-caption-text\">Saurodactylus brosseti. Agadir. Photo: \u00a9 J. G\u00e1llego.<\/figcaption><\/figure>\n<p><img loading=\"lazy\" decoding=\"async\" class=\"wp-image-6000 alignleft\" src=\"http:\/\/www.moroccoherps.com\/wp-content\/uploads\/2020\/05\/Mapa-brosseti-2020-copia.jpg\" alt=\"\" width=\"213\" height=\"223\" srcset=\"https:\/\/www.moroccoherps.com\/wp-content\/uploads\/2020\/05\/Mapa-brosseti-2020-copia.jpg 668w, https:\/\/www.moroccoherps.com\/wp-content\/uploads\/2020\/05\/Mapa-brosseti-2020-copia-286x300.jpg 286w\" sizes=\"auto, (max-width: 213px) 100vw, 213px\" \/><\/p>\n<\/div>\n<\/div>\n<div id=\"foto_principal\"><\/div>\n<div id=\"mapa_distribucion\">\n<p class=\"leyenda_mapa_ficha\"><img decoding=\"async\" src=\"http:\/\/old.moroccoherps.com\/files\/images\/red.jpg\" alt=\"\" \/>\u00a0\u00a0<span class=\"nc\">Saurodactylus brosseti (<em>sensu stricto<\/em> after Javanmardi <em>et al.<\/em>, 2019)<\/span><\/p>\n<p><span style=\"color: #ff0000;\">?\u00a0<\/span> Populations assigned provisionally to this species.<\/p>\n<\/div>\n<\/div>\n<p>&nbsp;<\/p>\n<p>&nbsp;<\/p>\n<div id=\"ficha_resumen\">\n<div id=\"gal_text\">\n<p>Photo gallery: 35 photographies (including photos of all the species described within <em>Saurodactylus brosseti<\/em> species complex). <a href=\"http:\/\/www.moroccoherps.com\/galeria\/saurodactylus_brosseti\/\">[ENTRAR]<\/a><\/p>\n<\/div>\n<div class=\"filete\"><\/div>\n<\/div>\n<div id=\"ficha_info\">\n<h2>Phylogenetic frame<\/h2>\n<p>Although some authors have considered it a subspecies of <em><span class=\"nc\">Saurodactylus mauritanicus<\/span><\/em> (Dum\u00e9ril &amp; Bibron, 1836), Bons &amp; Geniez (1996) elevated it to species rank, which seems to have been accepted by most authors (Geniez <em>et al.<\/em>, 2004; Sindaco &amp; Jeremencko, 2008).<\/p>\n<p>Subsequently, its specific range was demonstrated by genetic analyzes (Rato &amp; Harris, 2008), which also show that the allocation of this genus in the family <span class=\"nc\">Sphaerodactylidae<\/span> Underwood, 1954 is not entirely clear and its taxonomic position is still highly uncertain.<\/p>\n<p>Recently, new genetic studies proved that <em>Saurodactylus brosseti<\/em> is actually a species complex (Rosado et al., 2017), which has led to the description of 4 new species within this complex (Javanmardi et al., 2019): <a href=\"https:\/\/www.moroccoherps.com\/en\/ficha\/saurodactylus_harrisii\/\"><em>Saurodactylus harrisii<\/em><\/a> for the coastal populations south of Tiznit, <a href=\"https:\/\/www.moroccoherps.com\/en\/ficha\/saurodactylus_elmoudenii\/\"><em>Saurodactylus elmoudenii<\/em> <\/a>for the Antiatlas mountains, <a href=\"https:\/\/www.moroccoherps.com\/en\/ficha\/saurodactylus_splendidus\/\"><em>Saurodactylus splendidus<\/em><\/a> for the mountainous areas in the Icht area, <a href=\"https:\/\/www.moroccoherps.com\/en\/ficha\/saurodactylus_slimaniii\/\"><em>Saurodactylus slimanii<\/em><\/a> for the populations east of the Antiatlas mountains, leaving the distribution of <em>Saurodactylus brosseti<\/em> <em>sensu stricto<\/em> for the Souss Valley and the populations North of the High Atlas Mountains.<\/p>\n<h2>Description<\/h2>\n<p>(Note that the description may not respond exclusively to individuals belonging to this clade)<\/p>\n<p>Small gecko that reaches a maximum size of 31 mm in maximum snout-vent length and 67.5 mm in total length (Schleich et al., 1996).<\/p>\n<p>The head is relatively large, undifferentiated from the neck, and has two large eyes with a vertical pupil. A more or less broad yellow line stands out on each side of the head, which in most individuals goes from the nostrils to the first third of the body, passing through the eyes as a &#8220;brow.&#8221; The supralabials and the throat are whitish.<\/p>\n<div class=\"contenedor_img centrado\">\n<figure style=\"width: 600px\" class=\"wp-caption alignnone\"><img loading=\"lazy\" decoding=\"async\" src=\"http:\/\/www.moroccoherps.com\/files\/fichas\/Saurodactylus_brosseti\/Saurodactylus_brosseti_2.jpg\" alt=\"Saurodactylus brosseti\" width=\"600\" height=\"400\" \/><figcaption class=\"wp-caption-text\">Saurodactylus brosseti. Foulouste. Photo: \u00a9 Octavio Jim\u00e9nez Robles.<\/figcaption><\/figure>\n<\/div>\n<p>The body is robust and composed of small, flat and smooth dorsal scales. In the dorsal part, small yellow-orange ocelli stand out. The ventral scales are white, large, hexagonal, rounded, and imbricate. 70-90 scales are counted around the central part of the body (Schleich et al., 1996). The extremities are relatively strong and lack adhesive sheets, adapted to the excavating habits of this species. The tail, yellowish-orange in color, has brown or brown spots.<\/p>\n<p>The dorsal coloration is very variable: shades of orange, gray-brown or dark brown on which small ocelli stand out, most of them arranged in 2 longitudinal lines. The dorsal and caudal pigmentation is markedly separated at the base of the tail. The coloration has been described as having a marked sexual character: males are dark brown with golden dots, females are light brown to gray (Schleich et al., 1996).<\/p>\n<figure id=\"attachment_4879\" aria-describedby=\"caption-attachment-4879\" style=\"width: 1000px\" class=\"wp-caption alignnone\"><img loading=\"lazy\" decoding=\"async\" class=\"wp-image-4879 size-full\" src=\"http:\/\/www.moroccoherps.com\/wp-content\/uploads\/2020\/03\/Pareja-en-Aouolouz.jpg\" alt=\"\" width=\"1000\" height=\"667\" srcset=\"https:\/\/www.moroccoherps.com\/wp-content\/uploads\/2020\/03\/Pareja-en-Aouolouz.jpg 1000w, https:\/\/www.moroccoherps.com\/wp-content\/uploads\/2020\/03\/Pareja-en-Aouolouz-300x200.jpg 300w, https:\/\/www.moroccoherps.com\/wp-content\/uploads\/2020\/03\/Pareja-en-Aouolouz-768x512.jpg 768w\" sizes=\"auto, (max-width: 767px) 89vw, (max-width: 1000px) 54vw, (max-width: 1071px) 543px, 580px\" \/><figcaption id=\"caption-attachment-4879\" class=\"wp-caption-text\">Couple of individuals found under stones in the surroundings of Aouolouz. Gabri Mtnez<\/figcaption><\/figure>\n<h2>Ecology and\u00a0 habits<\/h2>\n<p>It is a species very adapted to extremely arid areas, and is able to withstand heat, drought and hunger for several months. It has been found under small stones even in the hottest months and when the ambient temperature exceeded 40\u00ba. Under these it finds the necessary humidity to survive and avoids most of its predators (Meek, 2008).<\/p>\n<p>It is active before dawn and during twilight (Schleich et al., 1996).<\/p>\n<p>Patterns of social behavior have been described, the most frequent signs being arching the back, raising and waving the tail. The threatening gesture can be frontal or lateral (Schleich et al., 1996).<\/p>\n<p>This species is a fierce predator in relation to its size. This behavior can be interpreted as an adaptation to the arid environment. Prey on small insects and arachnids (Schleich et al., 1996).<\/p>\n<p>From May to September, laying can occur every 4 weeks, consisting of 1 egg. The egg is deposited at the end of a short tunnel in the ground made by themselves (Schleich et al., 1996).<\/p>\n<p>Given its small size, it must be the prey of a multitude of small or medium-sized vertebrates. Predation data have been recorded for <a href=\"https:\/\/www.moroccoherps.com\/en\/ficha\/malpolon_monspessulanus\/\"><em>Malpolon monspessulanus<\/em><\/a> and <a href=\"https:\/\/www.moroccoherps.com\/en\/ficha\/macroprotodon_brevis\/\"><em>Macroprodon &#8220;cucullatus&#8221;<\/em><\/a> (Schleich et al., 1996) and possibly scorpions (Meek, 2008). When he feels threatened, he tries to focus attention on his tail, with a different coloring than the rest of the body. It moves it quickly and begins to flee at high speed to a nearby refuge, being able to detach itself from the tail in case of being attacked by the predator. They can also shed skin fragments very easily, which could be due to a defensive mechanism similar to caudal autonomy.<\/p>\n<h2>Distribution, habitat and abundance<\/h2>\n<p>It\u00b4s probably an endemic of Morocco, inhabits from El Jadida and Azilal in the north, to Agadir, and possibly Tiznit to the south, including the entire Souss valley.<\/p>\n<p>This species is found up to 1900m (Joger <em>et al.<\/em>, 2006).<\/p>\n<figure id=\"attachment_4878\" aria-describedby=\"caption-attachment-4878\" style=\"width: 1000px\" class=\"wp-caption alignnone\"><img loading=\"lazy\" decoding=\"async\" class=\"wp-image-4878 size-full\" src=\"http:\/\/www.moroccoherps.com\/wp-content\/uploads\/2020\/03\/Marrakech-habitat.jpg\" alt=\"\" width=\"1000\" height=\"667\" srcset=\"https:\/\/www.moroccoherps.com\/wp-content\/uploads\/2020\/03\/Marrakech-habitat.jpg 1000w, https:\/\/www.moroccoherps.com\/wp-content\/uploads\/2020\/03\/Marrakech-habitat-300x200.jpg 300w, https:\/\/www.moroccoherps.com\/wp-content\/uploads\/2020\/03\/Marrakech-habitat-768x512.jpg 768w\" sizes=\"auto, (max-width: 767px) 89vw, (max-width: 1000px) 54vw, (max-width: 1071px) 543px, 580px\" \/><figcaption id=\"caption-attachment-4878\" class=\"wp-caption-text\">Habitat in Marrkech surroundings. Photo: \u00a9 Gabri Mtnez<\/figcaption><\/figure>\n<p>It lives in open fields and agriculture fields, under stones or in the roots of plants. It is common in natural areas but also in areas altered by man as cultivation fields and is very frequent in plantations of <em>Opuntia ficus-indica<\/em> Linnaeus, 1768.<\/p>\n<p>It is a very common species in its range, which does not seem to present conservation problems (Least Concern; LC; Joger et al., 2006).<\/p>\n<h3 class=\"bibliografia\">Bibliography<\/h3>\n<ul>\n<li><strong>Bons, J. &amp; Geniez, P. 1996.<\/strong>\u00a0Anfibios y Reptiles de Marruecos (Incluido Sahara Occidentales). Atlas Biogeogr\u00e1fico. Asociaci\u00f3n Herpetol\u00f3gica Espa\u00f1ola. Barcelona. 319 pp.<\/li>\n<li><strong>Barnestein, J.A.M, Gonz\u00e1lez de la Vega, J.P, Francisco Jim\u00e9nez-Cazalla, F &amp; V\u00edctor Gabari-Boa 2010.<\/strong>\u00a0Contribuci\u00f3n al atlas de la herpetofauna de Marruecos. Bol. Asoc. Herpetol. Esp. (2010) 21.<\/li>\n<li><strong>Dum\u00e9ril, A.M. C. &amp; G. Bibron. 1836.<\/strong>\u00a0Erpetologie G\u00e9n\u00e9rale ou Histoire Naturelle Complete des Reptiles. Vol.3. Libr. Encyclop\u00e9dique Roret, Paris, 528 pp.<\/li>\n<li><strong>Geniez, P.; Mateo, J.A.; Geniez, M. &amp; Pether, J. 2004.<\/strong>\u00a0The amphibians and reptiles of the Western Sahara (former Spanish Sahara) and adjacent regions. Edition Chimaira, Frankfurt, 228 pp.<\/li>\n<li><strong>Javanmardi, S.; Vogler, S.; Joger, U. 2019<\/strong>. Phylogenetic differentiation and taxonomic consequences in the Saurodactylus brosseti species complex (Squamata: Sphaerodactylidae), with description of four new species. Zootaxa 4674 (4): 401\u2013425<\/li>\n<li><strong>Joger, U., Slimani, T., El Mouden, H. &amp; Geniez, P. 2006.<\/strong>\u00a0Saurodactylus brosseti. In: IUCN 2011. IUCN Red List of Threatened Species. Version 2011.2.\u00a0. Downloaded on 14 January 2012<\/li>\n<li><strong>Meek, R. 2008.<\/strong>\u00a0Retreat site characteristics and body temperatures of\u00a0<em>Saurodactylus brosseti<\/em>\u00a0Bons &amp; Pasteur, 1957 (Sauria :\u00a0<em>Sphaerodactylidae<\/em>) in Morocco.\u00a0<em>Bull. Soc. Herp. Fr.<\/em>\u00a0(2008) 128 : 41-48<\/li>\n<li><strong>Rato, C; Harris, D.J. 2008.<\/strong>\u00a0Genetic variation within Saurodactylus and its phylogenetic relationships within the Gekkonoidea estimated from mitochondrial and nuclear DNA sequences. Amphibia-Reptilia 29 (1): 25-34<\/li>\n<li><strong>Rosado, D; Rato, C.; Salvi, D.; Harris, D.J. 2017.<\/strong> Evolutionary history of the Morocco lizard-fingered geckos of the Saurodactylus brosseti complex. Evolutionary Biology, 44 (3), 386\u2013400.<\/li>\n<li><strong>Schleich, H.H.; K\u00e4stle, W. &amp; Kabisch, K. 1996.<\/strong>\u00a0Amphibians and Reptiles of North Africa. Biology, Systematics, Field Guide. Koeltz Scientific Books. 630 pp.<\/li>\n<li><strong>Sindaco, R. &amp; Jeremcenko, V.K. 2008.<\/strong>\u00a0The reptiles of the Western Palearctic. Edizioni Belvedere, Latina (Italy), 579 pp.<\/li>\n<\/ul>\n<\/div>\n<p><b>To cite www.moroccoherps.com as a whole:<\/b><br \/>\nVictor Gabari (2012):\u00a0<span class=\"nc\">Saurodactylus brosseti<\/span>\u00a0Bons &amp; Pasteur, 1957. En: Mart\u00ednez, G., Le\u00f3n, R., Jim\u00e9nez-Robles, O., Gonz\u00e1lez De la Vega, J. P., Gabari, V., Rebollo, B., S\u00e1nchez-T\u00f3jar, A., Fern\u00e1ndez-Cardenete, J. R., G\u00e1llego, J. (Eds.). Moroccoherps. Anfibios y Reptiles de Marruecos y Sahara Occidental.<br \/>\nDisponible en\u00a0<a href=\"http:\/\/www.moroccoherps.com\/ficha\/Saurodactylus_brosseti\/\">www.moroccoherps.com\/ficha\/Saurodactylus_brosseti\/<\/a>. Versi\u00f3n 23\/03\/2020. Consulta realizada el 15 de enero de 2020.<\/p>","protected":false},"excerpt":{"rendered":"<p>Agadir Gecko Saurodactylus brosseti\u00a0Bons &amp; Pasteur, 1957 By Victor Gabari (Original: 23\/09\/2012) Updated: 23\/03\/2020 (by Gabriel Mart\u00ednez del M\u00e1rmol) Taxonomy: Gekkota | Sphaerodactylidae | Saurodactylus | Saurodactylus brosseti \u00a0\u00a0Saurodactylus brosseti (sensu stricto after Javanmardi et al., 2019) ?\u00a0 Populations assigned provisionally to this species. &nbsp; &nbsp; Photo gallery: 35 photographies (including photos of all the &hellip; <\/p>\n<p class=\"link-more\"><a href=\"https:\/\/www.moroccoherps.com\/en\/ficha\/saurodactylus_brosseti\/\" class=\"more-link\">Continue reading<span class=\"screen-reader-text\"> &#8220;Species page Saurodactylus brosseti&#8221;<\/span><\/a><\/p>\n","protected":false},"author":1,"featured_media":0,"parent":2564,"menu_order":0,"comment_status":"closed","ping_status":"closed","template":"","meta":{"footnotes":""},"class_list":["post-2890","page","type-page","status-publish","hentry"],"_links":{"self":[{"href":"https:\/\/www.moroccoherps.com\/en\/wp-json\/wp\/v2\/pages\/2890","targetHints":{"allow":["GET"]}}],"collection":[{"href":"https:\/\/www.moroccoherps.com\/en\/wp-json\/wp\/v2\/pages"}],"about":[{"href":"https:\/\/www.moroccoherps.com\/en\/wp-json\/wp\/v2\/types\/page"}],"author":[{"embeddable":true,"href":"https:\/\/www.moroccoherps.com\/en\/wp-json\/wp\/v2\/users\/1"}],"replies":[{"embeddable":true,"href":"https:\/\/www.moroccoherps.com\/en\/wp-json\/wp\/v2\/comments?post=2890"}],"version-history":[{"count":13,"href":"https:\/\/www.moroccoherps.com\/en\/wp-json\/wp\/v2\/pages\/2890\/revisions"}],"predecessor-version":[{"id":6167,"href":"https:\/\/www.moroccoherps.com\/en\/wp-json\/wp\/v2\/pages\/2890\/revisions\/6167"}],"up":[{"embeddable":true,"href":"https:\/\/www.moroccoherps.com\/en\/wp-json\/wp\/v2\/pages\/2564"}],"wp:attachment":[{"href":"https:\/\/www.moroccoherps.com\/en\/wp-json\/wp\/v2\/media?parent=2890"}],"curies":[{"name":"wp","href":"https:\/\/api.w.org\/{rel}","templated":true}]}}