{"id":2905,"date":"2020-01-15T16:52:29","date_gmt":"2020-01-15T16:52:29","guid":{"rendered":"http:\/\/www.moroccoherps.com\/?page_id=2905"},"modified":"2023-02-08T09:19:41","modified_gmt":"2023-02-08T09:19:41","slug":"stenodactylus_mauritanicus","status":"publish","type":"page","link":"https:\/\/www.moroccoherps.com\/en\/ficha\/stenodactylus_mauritanicus\/","title":{"rendered":"Species page Stenodactylus mauritanicus"},"content":{"rendered":"<p><\/p>\n<div id=\"ficha_resumen\">\n<div id=\"especie\">\n<h1>Northern Elegant Gecko<br \/>\n<em><strong><span class=\"nc\">Stenodactylus mauritanicus<\/span><\/strong><\/em>\u00a0Guichenot, 1850<\/h1>\n<\/div>\n<div id=\"autor\">\n<div class=\"izquierdo\">\n<p>Por\u00a0<b>Gabriel Mart\u00ednez del M\u00e1rmol Mar\u00edn<\/b><\/p>\n<\/div>\n<\/div>\n<div>\n<div id=\"actualizado\" class=\"izquierdo\">\n<p>Updated: <b>23\/12\/2012<\/b><\/p>\n<\/div>\n<div id=\"jerarquia_taxonomica\" class=\"derecho\">\n<p>Taxonomy: Gekkota | Geckonidae | Stenodactylus | Stenodactylus mauritanicus<\/p>\n<\/div>\n<\/div>\n<div id=\"foto_principal\">\n<figure style=\"width: 680px\" class=\"wp-caption alignnone\"><img loading=\"lazy\" decoding=\"async\" src=\"http:\/\/moroccoherps.com\/files\/fichas\/Stenodactylus_mauritanicus\/Stenodactylus_mauritanicus_1.jpg\" alt=\"Stenodactylus mauritanicus\" width=\"680\" height=\"453\" \/><figcaption class=\"wp-caption-text\">Stenodactylus mauritanicus. Assa. Foto: \u00a9 Baudilio Rebollo Fern\u00e1ndez.<\/figcaption><\/figure>\n<\/div>\n<div id=\"mapa_distribucion\">\n<p><img decoding=\"async\" id=\"mapa_distribucion_img\" class=\"alignleft\" src=\"http:\/\/moroccoherps.com\/files\/fichas\/Stenodactylus_mauritanicus\/Stenodactylus_mauritanicus_mapa.jpg\" alt=\"Mapa de distribuci\u00f3n de Stenodactylus mauritanicus\" \/><\/p>\n<p class=\"leyenda_mapa_ficha\"><img decoding=\"async\" src=\"http:\/\/moroccoherps.com\/files\/images\/red.jpg\" alt=\"\" \/>\u00a0\u00a0<em><span class=\"nc\">Stenodactylus mauritanicus<\/span><\/em><\/p>\n<p class=\"caption_mapa_ficha\">Distribution map of<br \/>\n<em><span class=\"nc\">Stenodactylus mauritanicus<\/span><\/em><br \/>\nin Morocco.<\/p>\n<\/div>\n<p>&nbsp;<\/p>\n<div id=\"gal_text\">\n<p>&nbsp;<\/p>\n<p>Photo gallery: 22 photographies. <a href=\"http:\/\/www.moroccoherps.com\/galeria\/stenodactylus_mauritanicus\/\">[ENTRAR]<\/a><\/p>\n<\/div>\n<div class=\"filete\"><\/div>\n<\/div>\n<div id=\"ficha_info\">\n<h2>Phylogenetic frame<\/h2>\n<p>Traditionally it was considered a subspecies of <em>Stenodactylus sthenodactylus<\/em> (Lichtenstein, 1823), it was elevated to species by Baha el Din (2006) due to morphological differences and the existence of several localities where both forms live in sympathy, which seems to have been recently accepted by the authors age (de Pous et al., 2010; Fujita and Papenfuss, 2011) and has recently been confirmed by genetic analysis (Mettalinou et al., 2012).<\/p>\n<h2>Description<\/h2>\n<p><em>Stenodactylus mauritanicus<\/em> is a small gecko with a known maximum snout to vent lengh of 4.3 cm.<\/p>\n<p>The head is large, well differentiated from the body and the eyes stand out: large and with a spectacular design. These are surrounded by a light colored line that thickens in the part closest to the snout. This is short and rounded, and in its front part the two nostrils are located, which are not in contact with the rostral scale and protrude slightly.<\/p>\n<div class=\"contenedor_img centrado\">\n<figure style=\"width: 600px\" class=\"wp-caption alignnone\"><img loading=\"lazy\" decoding=\"async\" src=\"http:\/\/www.moroccoherps.com\/files\/fichas\/Stenodactylus_mauritanicus\/Stenodactylus_mauritanicus_2.jpg\" alt=\"Stenodactylus mauritanicus\" width=\"600\" height=\"400\" \/><figcaption class=\"wp-caption-text\">Stenodactylus mauritanicus. Tan-Tan. Foto: \u00a9 Javier Aznar.<\/figcaption><\/figure>\n<\/div>\n<p>The body is short and relatively thick. The dorsal scales are rough and granular, mixed with some slightly elongated scales. The ventral scales are uniform and slightly less elongated than the dorsal ones. It has short, thick limbs and fingers. The tail is thick and relatively short in proportion to the snout-vent length (tail \/ snout-vent length ratio = 0.62; Baha el Din, 2006).<\/p>\n<p>The coloration is very variable. On the head and dorsal area it is composed of grayish, reddish, pink, beige tones &#8230; dotted with light circular and other dark markings that can be rounded or very frequently merge forming very elegant bands and designs that give the name to this gecko and that can be bordered with a darker shade. The ventral part is white. The unregenerate tail has a design and color similar to the dorsal part.<\/p>\n<div class=\"contenedor_img centrado\">\n<figure style=\"width: 400px\" class=\"wp-caption alignnone\"><img loading=\"lazy\" decoding=\"async\" src=\"http:\/\/www.moroccoherps.com\/files\/fichas\/Stenodactylus_mauritanicus\/Stenodactylus_mauritanicus_3a.jpg\" alt=\"Stenodactylus petrii\" width=\"400\" height=\"267\" \/><figcaption class=\"wp-caption-text\">Stenodactylus petrii. Merzouga. Foto: \u00a9 Mario Schweiger.<\/figcaption><\/figure>\n<figure style=\"width: 400px\" class=\"wp-caption alignnone\"><img loading=\"lazy\" decoding=\"async\" src=\"http:\/\/www.moroccoherps.com\/files\/fichas\/Stenodactylus_mauritanicus\/Stenodactylus_mauritanicus_3b.jpg\" alt=\"Stenodactylus mauritanicus\" width=\"400\" height=\"267\" \/><figcaption class=\"wp-caption-text\">Stenodactylus mauritanicus. Tarfaya. Foto: \u00a9 Gabri Mtnez.<\/figcaption><\/figure>\n<\/div>\n<p>The most similar species in Morocco are <em><span class=\"nc\">Stenodactylus petrii<\/span> <\/em>and <em><span class=\"nc\">Stenodactylus sthenodactylus<\/span><\/em>. The 3 can be differenciated according to the following table:<\/p>\n<div class=\"contenedor_img centrado; text-align: center;\">\n<table class=\"estilo1\">\n<thead>\n<tr>\n<th scope=\"col\"><\/th>\n<th scope=\"col\"><em><span class=\"nc\">S. petrii<\/span><\/em><\/th>\n<th scope=\"col\"><em><span class=\"nc\">S. sthenodactylus<\/span><\/em><\/th>\n<th scope=\"col\"><em><span class=\"nc\">S. mauritanicus<\/span><\/em><\/th>\n<\/tr>\n<\/thead>\n<tbody>\n<tr>\n<th scope=\"row\">Tail<\/th>\n<td>thin<\/td>\n<td>thick and relatively large<br \/>\n(average tail\/SVL of 0,88)<\/td>\n<td>thick and relatively\u00a0 short<br \/>\n(average tail\/SVL of 0,62)<\/td>\n<\/tr>\n<tr class=\"odd\">\n<th scope=\"row\">Cloacal tubers<\/th>\n<td>in several rows and protuding strongly at the base of the tail<\/td>\n<td>almost always in a row and without protuding excessively<\/td>\n<td>almost always in a row and without protuding excessively<\/td>\n<\/tr>\n<tr>\n<th scope=\"row\">Rows of transverse subdigital scales<\/th>\n<td>\u00a03-5<\/td>\n<td>1<\/td>\n<td>1<\/td>\n<\/tr>\n<tr class=\"odd\">\n<th scope=\"row\">Nasal area<\/th>\n<td><\/td>\n<td>almost always stands out strongly<\/td>\n<td>only slightly protuding<\/td>\n<\/tr>\n<tr>\n<th scope=\"row\">Snout<\/th>\n<td><\/td>\n<td>almost always convace in profile<\/td>\n<td>almost always convex in profile<\/td>\n<\/tr>\n<tr class=\"odd\">\n<th scope=\"row\">Maximum Snout-Vent Lenght\u00a0 (SVL)<\/th>\n<td><\/td>\n<td>Over 4,5 cm<\/td>\n<td>Less than 4,5 cm<\/td>\n<\/tr>\n<tr>\n<th scope=\"row\">Dorsal scales<\/th>\n<td><\/td>\n<td>Very smooth and homogeneous<\/td>\n<td>rough and a bit heterogeneous<\/td>\n<\/tr>\n<tr class=\"odd\">\n<th scope=\"row\">\u00a0Preanal pores<\/th>\n<td><\/td>\n<td>only in some populations<\/td>\n<td>missing<\/td>\n<\/tr>\n<\/tbody>\n<\/table>\n<p class=\"caption\">Table based in Schleich <em>et al.<\/em>, 1996; Geniez\u00a0<em>et al.<\/em>, 2004 and Baha el Din, 2006.<\/p>\n<\/div>\n<h2>Ecology and habits<\/h2>\n<p>Eminently land and night gecko. Most encounters with this specis occur in spring, in the early hours of the night. During the day it hides under stones or in burrows\u00a0 (Bons &amp; Geniez, 1996).<\/p>\n<p>As a defensive mechanism, it can release the tail\u00a0 (Baha el Din, 2006).<\/p>\n<h2>Distribution, habitat and abundance<\/h2>\n<p>It inhabits the arid and Saharan zones of the south and east of the High Atlas. In Western Sahara it occupies the north, reaching Mauritania from the coast (Bons &amp; Geniez, 1996; Geniez <em>et al.<\/em>, 2004; P.\u00a0Geniez, com. pers.).<\/p>\n<div class=\"contenedor_img centrado\">\n<figure style=\"width: 600px\" class=\"wp-caption alignnone\"><img loading=\"lazy\" decoding=\"async\" src=\"http:\/\/www.moroccoherps.com\/files\/fichas\/Stenodactylus_mauritanicus\/Stenodactylus_mauritanicus_4.jpg\" alt=\"H\u00e1bitat de Stenodactylus mauritanicus\" width=\"600\" height=\"400\" \/><figcaption class=\"wp-caption-text\">Habitat of Stenodactylus mauritanicus. Tarfaya. Foto: \u00a9 Gabri Mtnez.<\/figcaption><\/figure>\n<\/div>\n<p>It has been found in numerous habitats: coastal dunes (Tarfaya, Aoreora\u2026), sandy areas alternated with rocks\u00a0 (Fask), earthy steppes with an abundance of mammal galleries and <em><span class=\"nc\">Euphorbia officinarum ssp. echinus<\/span><\/em> (Guelmim, Sidi Ifni\u2026) or strictly rocky areas such as hammadas and reg (Assa, Tata\u2026).<\/p>\n<p>It\u00b4s considered a sparse species in Morocco and Western Sahara (Bons &amp; Geniez, 1996), although in some parts of its distribution it is locally abundant. It present the same conservation problems as most reptiles in the study area, having been found dropped in water holes and very frequently in roads, where being a slow animal, it must be frequently run over.<\/p>\n<h3 class=\"bibliografia\">Bibliography<\/h3>\n<ul>\n<li style=\"list-style-type: none;\">\n<ul>\n<li><strong>Baha el Din, S. 2006.<\/strong>\u00a0A guide to the reptiles and amphibians of Egypt. The American University in Cairo Press, Cairo. 359 pp.<\/li>\n<li><strong>Bons, J. &amp; Geniez, P. 1996.<\/strong>\u00a0Anfibios y Reptiles de Marruecos (Incluido Sahara Occidentales). Atlas Biogeogr\u00e1fico. Asociaci\u00f3n Herpetol\u00f3gica Espa\u00f1ola. Barcelona. 319 pp<\/li>\n<li><strong>de Pous, P.E.; Beukema, W.; Weterings, M.; Dummer, I. &amp; Geniez, P. 2010.<\/strong>\u00a0Area prioritization and performance evaluation of the conservation area network for the Moroccan herpetofauna: a preliminary assessment. Biodiversity and Conservation 20(1): 89-118<\/li>\n<li><strong>Fujita, M.K. &amp; Papenfuss, T.J. 2011.<\/strong>\u00a0Molecular systematics of Stenodactylus (Geckonidae), an Afro-Arabian gecko species complex. Molecular Phylogenetics and Evolution, 58: 71-75.<\/li>\n<li><strong>Geniez, P.; Mateo, J.A.; Geniez, M. &amp; Pether, J. 2004.<\/strong>\u00a0The amphibians and reptiles of the Western Sahara (former Spanish Sahara) and adjacent regions. Edition Chimaira, Frankfurt, 228 pp.<\/li>\n<li><strong>Metallinou, M.;Arnold, E.N.; Crochet, P.A.; Geniez, P.; Brito, J.C.; Lymberakis, P.; Baha El Din, S.; Sindaco, R.; Robinson, M. &amp; Carranza, S. 2012.<\/strong>\u00a0Conquering the Sahara and Arabian deserts: systematics and biogeography of Stenodactylus geckos (Reptilia: Gekkonidae). BMC Evolutionary Biology, 12.<\/li>\n<li><strong>Pleguezuelos, J.M.; Fari\u00f1a, B.; Mateo, J.A. &amp; Geniez, P. 2004.<\/strong>\u00a0Nuevos datos sobre los anfibios y reptiles de Mauritania y el S\u00e1hara Occidental. Bol. Asoc. Herpetol. Esp., 15 (2): 76-80<\/li>\n<li><strong>Schleich, H.H., K\u00e4stle, W. &amp; Kabisch, K. 1996.<\/strong>\u00a0Amphibians and Reptiles of North Africa. Biology, Systematics, Field Guide. Koeltz Scientific Books. 630 pp.<\/li>\n<\/ul>\n<\/li>\n<\/ul>\n<\/div>\n<p><b>To cite this species page:<\/b><br \/>\nGabriel Mart\u00ednez del M\u00e1rmol Mar\u00edn\u00a0(2012):\u00a0<span class=\"nc\">Stenodactylus mauritanicus<\/span> Guichenot, 1850. En: Mart\u00ednez, G., Le\u00f3n, R., Jim\u00e9nez-Robles, O., Gonz\u00e1lez De la Vega, J. P., Gabari, V., Rebollo, B., S\u00e1nchez-T\u00f3jar, A., Fern\u00e1ndez-Cardenete, J. R., G\u00e1llego, J. (Eds.). Moroccoherps. Anfibios y Reptiles de Marruecos y Sahara Occidental. Disponible en <a href=\"http:\/\/www.moroccoherps.com\/ficha\/Stenodactylus_mauritanicus\/\">www.moroccoherps.com\/ficha\/Stenodactylus_mauritanicus\/<\/a>. Versi\u00f3n 23\/12\/2012.<\/p>\n<p><b>To cite <a href=\"http:\/\/www.moroccoherps.com\/\">www.morocoherps.com <\/a>as a whole:<\/b><br \/>\nMart\u00ednez, G., Le\u00f3n, R., Jim\u00e9nez-Robles, O., Gonz\u00e1lez De la Vega, J.P., Gabari, V., Rebollo, B., S\u00e1nchez-T\u00f3jar, A., Fern\u00e1ndez-Cardenete, J.R., G\u00e1llego, J. (Eds.). Moroccoherps. Anfibios y Reptiles de Marruecos y Sahara Occidental. Disponible en\u00a0<a href=\"http:\/\/www.moroccoherps.com\/\">www.moroccoherps.com<\/a>.<\/p>","protected":false},"excerpt":{"rendered":"<p>Northern Elegant Gecko Stenodactylus mauritanicus\u00a0Guichenot, 1850 Por\u00a0Gabriel Mart\u00ednez del M\u00e1rmol Mar\u00edn Updated: 23\/12\/2012 Taxonomy: Gekkota | Geckonidae | Stenodactylus | Stenodactylus mauritanicus \u00a0\u00a0Stenodactylus mauritanicus Distribution map of Stenodactylus mauritanicus in Morocco. &nbsp; &nbsp; Photo gallery: 22 photographies. [ENTRAR] Phylogenetic frame Traditionally it was considered a subspecies of Stenodactylus sthenodactylus (Lichtenstein, 1823), it was elevated to &hellip; <\/p>\n<p class=\"link-more\"><a href=\"https:\/\/www.moroccoherps.com\/en\/ficha\/stenodactylus_mauritanicus\/\" class=\"more-link\">Continue reading<span class=\"screen-reader-text\"> &#8220;Species page Stenodactylus mauritanicus&#8221;<\/span><\/a><\/p>\n","protected":false},"author":1,"featured_media":0,"parent":2564,"menu_order":0,"comment_status":"closed","ping_status":"closed","template":"","meta":{"footnotes":""},"class_list":["post-2905","page","type-page","status-publish","hentry"],"_links":{"self":[{"href":"https:\/\/www.moroccoherps.com\/en\/wp-json\/wp\/v2\/pages\/2905","targetHints":{"allow":["GET"]}}],"collection":[{"href":"https:\/\/www.moroccoherps.com\/en\/wp-json\/wp\/v2\/pages"}],"about":[{"href":"https:\/\/www.moroccoherps.com\/en\/wp-json\/wp\/v2\/types\/page"}],"author":[{"embeddable":true,"href":"https:\/\/www.moroccoherps.com\/en\/wp-json\/wp\/v2\/users\/1"}],"replies":[{"embeddable":true,"href":"https:\/\/www.moroccoherps.com\/en\/wp-json\/wp\/v2\/comments?post=2905"}],"version-history":[{"count":12,"href":"https:\/\/www.moroccoherps.com\/en\/wp-json\/wp\/v2\/pages\/2905\/revisions"}],"predecessor-version":[{"id":7087,"href":"https:\/\/www.moroccoherps.com\/en\/wp-json\/wp\/v2\/pages\/2905\/revisions\/7087"}],"up":[{"embeddable":true,"href":"https:\/\/www.moroccoherps.com\/en\/wp-json\/wp\/v2\/pages\/2564"}],"wp:attachment":[{"href":"https:\/\/www.moroccoherps.com\/en\/wp-json\/wp\/v2\/media?parent=2905"}],"curies":[{"name":"wp","href":"https:\/\/api.w.org\/{rel}","templated":true}]}}