{"id":2956,"date":"2020-01-16T09:31:57","date_gmt":"2020-01-16T09:31:57","guid":{"rendered":"http:\/\/www.moroccoherps.com\/?page_id=2956"},"modified":"2020-01-27T14:01:51","modified_gmt":"2020-01-27T14:01:51","slug":"chalcides_mauritanicus","status":"publish","type":"page","link":"https:\/\/www.moroccoherps.com\/en\/ficha\/chalcides_mauritanicus\/","title":{"rendered":"Species page of Chalcides mauritanicus"},"content":{"rendered":"<p><\/p>\n<div id=\"ficha_resumen\">\n<div id=\"especie\">\n<h1>Two-fingered Skink<br \/>\n<span class=\"nc\">Chalcides mauritanicus<\/span>\u00a0(Dum\u00e9ril &amp; Bibron, 1839)<\/h1>\n<\/div>\n<div id=\"autor\">\n<div class=\"izquierdo\">\n<p>By\u00a0<b>Serg\u00e9 Bogaerts<\/b><\/p>\n<\/div>\n<\/div>\n<div>\n<div id=\"actualizado\" class=\"izquierdo\">\n<p>Updated:\u00a0<b>16\/05\/2013<\/b><\/p>\n<\/div>\n<div id=\"jerarquia_taxonomica\" class=\"derecho\">\n<p>Taxonomy:\u00a0Sauria\u00a0|\u00a0Scincidae\u00a0|\u00a0Chalcides\u00a0|\u00a0Chalcides mauritanicus<\/p>\n<\/div>\n<\/div>\n<div id=\"foto_principal\">\n<figure style=\"width: 680px\" class=\"wp-caption alignnone\"><img loading=\"lazy\" decoding=\"async\" src=\"http:\/\/www.moroccoherps.com\/files\/fichas\/Chalcides_mauritanicus\/Chalcides_mauritanicus_1.jpg\" alt=\"Chalcides mauritanicus\" width=\"680\" height=\"453\" \/><figcaption class=\"wp-caption-text\">Adult specimen of Chalcides mauritanicus. Photo: \u00a9 Serg\u00e9 Bogaerts.<\/figcaption><\/figure>\n<\/div>\n<div id=\"mapa_distribucion\">\n<p><img decoding=\"async\" id=\"mapa_distribucion_img\" class=\"alignleft\" src=\"http:\/\/www.moroccoherps.com\/files\/fichas\/Chalcides_mauritanicus\/Chalcides_mauritanicus_mapa.jpg\" alt=\"Range map of Chalcides mauritanicus\" \/><\/p>\n<p class=\"leyenda_mapa_ficha\"><img decoding=\"async\" src=\"http:\/\/www.moroccoherps.com\/files\/images\/red.jpg\" alt=\"\" \/>\u00a0\u00a0<span class=\"nc\">Chalcides mauritanicus<\/span><\/p>\n<p class=\"caption_mapa_ficha\">Distribution map of<br \/>\n<span class=\"nc\">Chalcides mauritanicus<\/span><br \/>\nin Morocco.<\/p>\n<\/div>\n<p>&nbsp;<\/p>\n<div id=\"gal_text\">\n<p>&nbsp;<\/p>\n<p>Gallery: 0 photos.<\/p>\n<\/div>\n<div id=\"galeriafotos\"><\/div>\n<\/div>\n<div id=\"ficha_info\">\n<h2>Phylogenetic frame<\/h2>\n<p>Synonym (Uetz &amp; Ho\u0161ek, eds.).<br \/>\n<span class=\"nc\">Heteromeles mauritanicus<\/span>\u00a0DUM\u00c9RIL &amp; BIBRON 1839: 772<br \/>\n<span class=\"nc\">Lerista dumerilii<\/span>\u00a0\u2014 GERVAIS 1836 (fide BOULENGER 1891)<br \/>\n<span class=\"nc\">Chalcides mauritanicus<\/span>\u00a0\u2014 BOULENGER 1887: 405<br \/>\n<span class=\"nc\">Chalcides mauritanicus<\/span>\u00a0\u2014 PASTEUR 1981<br \/>\n<span class=\"nc\">Chalcides mauritanicus<\/span>\u00a0\u2014 SCHLEICH, K\u00c4STLE &amp; KABISCH 1996: 327<br \/>\n<span class=\"nc\">Chalcides mauritanicus<\/span>\u00a0\u2014 SINDACO &amp; JEREMCENKO 2008<\/p>\n<p><span class=\"nc\">Heteromeles<\/span>\u00a0was established as a new genus for this species by Dum\u00e9ril &amp; Bibron (1839) because of the absence of several fingers and toes. However, they already write that it&#8217;s morphology resembles that of Seps chalcide (now\u00a0<span class=\"nc\">Chalcides chalcides<\/span>). The first specimen was delivered by them by luitenant-colonel Levaillant and came from Algeria. No exact locality is given but according to Pasteur &amp; Bons (1960) it should be Oran as said in Boulenger (1891). Boulenger (1891) mentions three specimen: two in the museum of Paris which he examined and a third in the collection of M. Lataste. He includes it in the genus\u00a0<span class=\"nc\">Chalcides<\/span>. Later Pasteur &amp; Bons (1960) rehabilitated\u00a0<span class=\"nc\">Heteromeles<\/span>\u00a0as a subgenus. Pasteur (1981) again places it in\u00a0<span class=\"nc\">Chalcides<\/span>. Carranza\u00a0<em>et al<\/em>\u00a0(2008) based\u00a0<span class=\"nc\">C. mauritanicus<\/span>\u00a0as basal in the clade of grass-swimming\u00a0<span class=\"nc\">Chalcides<\/span>\u00a0(including\u00a0<span class=\"nc\">Chalcides chalcides<\/span>,\u00a0<span class=\"nc\">Chalcides minutus<\/span>\u00a0and\u00a0<span class=\"nc\">Chalcides guentheri<\/span>; but not\u00a0<span class=\"nc\">Chalcides mionecton<\/span>) from where it seperated the rest of this group 9.9 million years ago.<\/p>\n<h2>Description<\/h2>\n<p>It is an elongated but small sized skink. Caputo\u00a0<em>et al<\/em>. (1995) give measurements for 10 adult specimen where mean snout vent lenght is 65.9\u00a0mm (ranging from 54.7 &#8211; 71.8). Tail in unbroken state of similar size (see photo&#8217;s and photo in Sindaco &amp; Jeremenko, 2008). Limbs are strongly reduced. Boulenger (1891) writes: &#8220;Snout conical, slightly projecting; earopening minute, -arcely distinguishable; nostril entirely in advance of the suture between the rostral and the first labial; fourth upper labial entering the orbit; supranasals distinct. Body much elongate. 18 scales round the bocly. Limbs very short; the anterior didactyl, the posteri tridactyle; thircl.toe nearly twice as long as second; the hind limb equals the length of the head, and the fore limb the distance between the end of the snout and the posterior border of the eye. Yellowish or greyish above, with a latelal band formed of closely-set large black dots&#8221;.<\/p>\n<div class=\"contenedor_img centrado\">\n<figure style=\"width: 600px\" class=\"wp-caption alignnone\"><img loading=\"lazy\" decoding=\"async\" src=\"http:\/\/www.moroccoherps.com\/files\/fichas\/Chalcides_mauritanicus\/Chalcides_mauritanicus_2.jpg\" alt=\"Chalcides mauritanicus\" width=\"600\" height=\"400\" \/><figcaption class=\"wp-caption-text\">Chalcides mauritanicus. Saidia. Photo: \u00a9 Serg\u00e9 Bogaerts.<\/figcaption><\/figure>\n<\/div>\n<p>Caputo\u00a0<em>et al<\/em>\u00a0(1995) conclude that\u00a0<span class=\"nc\">C.&nbsp;mauritanicus<\/span>\u00a0has an even longer and narrower body than\u00a0<span class=\"nc\">C.&nbsp;mionecton<\/span>\u00a0and has a completely obliterated ear opening, which fits to it&#8217;s fossorial living.<\/p>\n<div class=\"contenedor_img centrado\">\n<figure style=\"width: 600px\" class=\"wp-caption alignnone\"><img loading=\"lazy\" decoding=\"async\" src=\"http:\/\/www.moroccoherps.com\/files\/fichas\/Chalcides_mauritanicus\/Chalcides_mauritanicus_3.jpg\" alt=\"Chalcides mauritanicus\" width=\"600\" height=\"400\" \/><figcaption class=\"wp-caption-text\">Two colour variations of Chalcides mauritanicus. Photo: \u00a9 Serg\u00e9 Bogaerts.<\/figcaption><\/figure>\n<\/div>\n<p>Resembles in size and coloration strongly\u00a0<span class=\"nc\">Ophiomorus sp.<\/span>\u00a0from the Near &#8211; and Middle East (see picture of\u00a0<span class=\"nc\">O.\u00a0punctatissimus<\/span>). Or to juvenile\u00a0<span class=\"nc\">Anguis fragilis<\/span>\u00a0as Mellado\u00a0<em>et al.<\/em>\u00a01987 write. Dorsal side is yellowish to silvergrey with no ocelli. Often is a dark stripe visible along the middorsal. Lateral sides darker and ventral side grey. Tail lighter, grey-white coloured with dark stripes. In juveniles the tail is bright red until they are 7-8 months old (Doumergue, 1901).<\/p>\n<div class=\"contenedor_img centrado\">\n<figure style=\"width: 600px\" class=\"wp-caption alignnone\"><img loading=\"lazy\" decoding=\"async\" src=\"http:\/\/www.moroccoherps.com\/files\/fichas\/Chalcides_mauritanicus\/Chalcides_mauritanicus_4.jpg\" alt=\"Ophiomorus punctatissimus\" width=\"600\" height=\"400\" \/><figcaption class=\"wp-caption-text\">Ophiomorus punctatissimus (Patara, Turkey). Photo: \u00a9 Serg\u00e9 Bogaerts.<\/figcaption><\/figure>\n<\/div>\n<h2>Ecology and habits<\/h2>\n<p>This species has had little attention through the years and even now, virtually nothing is known about it&#8217;s ecology, life history, population densities etc. In fact it is still not known for certain if the species is live bearing! We found this species only in the dune based area between Ras el Ma and Saidia and only by turning over rubbish like old clothes, cardboard, plastic etc. We never saw one active out of it&#8217;s hidding place, but our observations were done only in Spring (april 2009 and 2013). Mateo\u00a0<em>et al<\/em>\u00a0(1995) also mention finding them by turning over dead wood, cardboard boxes and stones very nearby the sea. It is presumed that the females give birth to fully formed young (Mateo\u00a0<em>et al.<\/em>, 2009). Juveniles are found end of July beginning of August, and measure 36 + 24 mm (Doumergue, 1901).<\/p>\n<h2>Distribution, habitat and abundance<\/h2>\n<p>Firstly this skink was only known from the littorial \/ coastal area of northwestern Algeria (Doumergue, 1901). Werner (1929) writes to have obtained a specimen from Kreider, which has never been reconfirmed as it is far south from the coast. It was not known from Morocco until recently. Even in 1981 Pasteur only knew it from the coastal districts of Oran and Algiers provinces of Algeria, although Pasteur &amp; Bons (1960) claim it&#8217;s presence as highly probable in the northeast in their overview of reptiles of Morocco. Mateo (1991) mentions it first for Melilla, but gives no further data and already considers it extinct there (Mateo\u00a0<em>et al<\/em>., 2009). In Mateo\u00a0<em>et al<\/em>\u00a0(1995) four localities are mentioned: one for Algeria, about 25 km from the Moroccan border (between Algiers and Ghazouat: Doumergue, 1901) three for Morocco: Ras el Ma, Mellila and Beni Enzar. It appears to have a restricted range. It is mainly a coastal, lowland species that is known up to at least 140 m asl (Sindaco, October 2008 in Mateo\u00a0<em>et al<\/em>., 2009).<\/p>\n<div class=\"contenedor_img centrado\">\n<figure style=\"width: 400px\" class=\"wp-caption alignnone\"><img loading=\"lazy\" decoding=\"async\" src=\"http:\/\/www.moroccoherps.com\/files\/fichas\/Chalcides_mauritanicus\/Chalcides_mauritanicus_7.jpg\" alt=\"Habitar of Chalcides mauritanicus\" width=\"400\" height=\"600\" \/><figcaption class=\"wp-caption-text\">Habitat in the dunes west of Saidia. Photo: \u00a9 Serg\u00e9 Bogaerts.<\/figcaption><\/figure>\n<\/div>\n<p>Doumergue (1901) describes finding it under stones in the sandy area\u2019s along the coast of Oran. Mellado\u00a0<em>et al<\/em>. (1987) describe the habitat 2 km east of Ras el Ma in the coastal zone behind the dunes where exotic trees are planted like\u00a0<span class=\"nc\">Eucalyptus<\/span>\u00a0along\u00a0<span class=\"nc\">Acacia<\/span>,\u00a0<span class=\"nc\">Retama<\/span>. This skink lives in sandy (dune) soils where it dives into as quickly as\u00a0<span class=\"nc\">Scincus sp.<\/span>\u00a0Doumergue (1901) describes it is extremely difficult to catch often leaving you with only the fragile tail in your hands.<\/p>\n<div class=\"contenedor_img centrado\">\n<figure style=\"width: 600px\" class=\"wp-caption alignnone\"><img loading=\"lazy\" decoding=\"async\" src=\"http:\/\/www.moroccoherps.com\/files\/fichas\/Chalcides_mauritanicus\/Chalcides_mauritanicus_6.jpg\" alt=\"Habitat of Chalcides mauritanicus\" width=\"600\" height=\"400\" \/><figcaption class=\"wp-caption-text\">Habitat in the dunes east of Ras el Ma. Photo: \u00a9 Serg\u00e9 Bogaerts.<\/figcaption><\/figure>\n<\/div>\n<p>This species is considered Endagered by IUCN because its Extent of Occurrence is less than 5,000 km<sup>2<\/sup>, its distribution is severely fragmented, and there is continuing decline in the extent and quality of its coastal habitat. It is not known to exist in severely degraded habitats (Mateo\u00a0<em>et al.<\/em>, 2009). Bons &amp; Geniez (1996) suspect it to live also in sandy area&#8217;s west of Melilla, so far it has not been found there. Further surveys are needed to better determine the range of this species. It is known to exist in the following protected areas: Embouchure Moulouya and Sebkha Bou Areg (Mateo\u00a0<em>et al.<\/em>, 2009).<\/p>\n<div class=\"contenedor_img centrado\">\n<figure style=\"width: 600px\" class=\"wp-caption alignnone\"><img loading=\"lazy\" decoding=\"async\" src=\"http:\/\/www.moroccoherps.com\/files\/fichas\/Chalcides_mauritanicus\/Chalcides_mauritanicus_5.jpg\" alt=\"Habitat of Chalcides mauritanicus\" width=\"600\" height=\"400\" \/><figcaption class=\"wp-caption-text\">Habitat destruction in progress in Saidia. Besides C. mauritanicus, we found here also Discoglossus pictus, Chalcides parallelus, Tarentola mauretanica, Trogonophis wiegmanni, Acanthodactylus boskianus, Testudo graeca, Macropotodon abubakeri.<\/figcaption><\/figure>\n<\/div>\n<p>Development of coastal areas for tourism and holiday villages are at the moment the biggest threat to this species as the complete dune system is broken down. It is possibly also threatened by loss of ground cover habitat, such as the collection of driftwood by local people for firewood (Mateo\u00a0<span class=\"nc\">et al.<\/span>, 2009), however, it is replaced by a lot of rubbish and waste which seems to be used as well by this skink. All current habitats are degradated. A lot of habitat has already disappeared by the extensive buildings west of Saidia in the direction of the Moulouya rivier.<\/p>\n<h3 class=\"bibliografia\">References<\/h3>\n<ul>\n<li style=\"list-style-type: none;\">\n<ul>\n<li><strong>Bons, J. y Geniez, P. 1996.<\/strong>\u00a0<em>Anfibios y Reptiles de Marruecos (Incluido Sahara Occidentales). Atlas Biogeogr\u00e1fico<\/em>. Asociaci\u00f3n Herpetol\u00f3gica Espa\u00f1ola. Barcelona. 319 pp.<\/li>\n<li><strong>Boulenger, G.A. 1891.<\/strong>\u00a0Catalogue of the reptiles and batrachians of Barbary (Morocco, Algeria, Tunesia) based chiefly upon notes and collections made in 1880-1884 by M. Fernand Latatse. \u2013 Transact. Zool. Soc. London, 13 : 93-164, London.<\/li>\n<li><strong>Caputo, V. Lanza, B. &amp; Palmieri, 1995.<\/strong>\u00a0Body elongation and limb reduction in the genus Chalcides Laurenti 1768 (Squamata Scincidae): a comparative study. Tropical Zoology 8: 95-152.<\/li>\n<li><strong>Carranza, S., Arnold, E. N., Geniez, P. Roca, J. &amp; Mateo, J. A. 2008.<\/strong>\u00a0Radiation, multiple dispersal and parallelism in the skinks. Chalcides and Sphenops (Squamata: Scincidae), with comments on Scincus and the age of the Sahara Desert. Molecular Phylogenetics and evolution 46 (3): 1071-1094.<\/li>\n<li><strong>Doumergue, F. 1901.<\/strong>\u00a0Essai sur la faune erp\u00e9tologique de l\u00d3ranie. Imp. Typogr. Fouque : Oran 404 p.<\/li>\n<li><strong>Dum\u00e9ril, A.M.C. &amp; Bibron, G. 1839.<\/strong>\u00a0Erp\u00e9tologique generale ou histoire naturelle compl\u00e8te des reptiles. Tome Cinqui\u00e8me. Paris.<\/li>\n<li><strong>Mateo, J.A., 1991.<\/strong>\u00a0Los Anfibios y Reptiles de Ceuta, Melilla, Chafarinas, Pe\u00f1on de V\u00e9lez de la Gomera Pe\u00f1on de Alhucemas e isletas. Revista Espa\u00f1ola de Herpetologia 5: 37-41.<\/li>\n<li><strong>Mateo, J. A., Geniez, P. &amp; Bons, J. 1995.<\/strong>\u00a0Saurians of the genus Chalcides Laurenti, 1768 (Reptilia, Scincidae) in Morocco, I: review and distribution. Rev. Esp. Herpetol. 9: 7-36.<\/li>\n<li><strong>Mateo, J.A. Joger, U. Pleguezuelos, J. Slimani, T. Hassan El Mouden, E. Geniez, Ph. Mart\u00ednez-Solano, I. 2009.<\/strong>\u00a0Chalcides mauritanicus. In: IUCN 2012. IUCN Red List of Threatened Species. Version 2012.2.\u00a0. Downloaded on 10 May 2013.<\/li>\n<li><strong>Mellado, J. Caputo, V. Nascetti, G. 1987.<\/strong>\u00a0Sobre las poblaciones de Chalcides del Nordeste de Marruecos. Revista Espa\u00f1ola de Herpetologia 2; 183-186.<\/li>\n<li><strong>Pasteur, G. 1981.<\/strong>\u00a0A survey of the Species Groups of the Old World Scincid Genus Chalcides. Jounral of Herpetology 15: 1-16.<\/li>\n<li><strong>Pasteur, G. &amp; Bons, J. 1960.<\/strong>\u00a0Catalogue des Reptiles actuels du Maroc: r\u00e9vision de formes d&#8217;\u00c1frique, d&#8217;\u00c9urope et d&#8217;\u00c1sia. Trav. Inst. Scient. Ch\u00e9rifien, zool. ser. 21: 1-132.<\/li>\n<li><strong>Schleich, H. H., K\u00e4stle, W. &amp; Kabisch, K. 1996.<\/strong>\u00a0Amphibians and Reptiles of North Africa. Koeltz Sci. Books, Koenigstein. 630 pp.<\/li>\n<li><strong>Sindaco, R. &amp; Jeremenko, V.K. 2008.<\/strong>\u00a0The Reptiles of the Western Palearctic. 1. Annotated Checklist and Distributional atlas of the turtles, crocodiles, amphisbaenians and lizards of Europe, North Africa, Middle East and Central Asia. Edizioni Belvedere, Latina (Italy).<\/li>\n<li><strong>Uetz, P. &amp; Jir\u00ed Ho\u0161ek (eds.)<\/strong>,\u00a0<em>Chalcides mauritanicus<\/em>\u00a0(DUM\u00c9RIL &amp; BIBRON, 1839). The Reptile Database,\u00a0<a href=\"http:\/\/www.reptile-database.org\/\">http:\/\/www.reptile-database.org<\/a>. Accessed on 15-5-2013).<\/li>\n<li><strong>Werner, F. 1929.<\/strong>\u00a0Wissenschaftliche Ergebnisse einer zoologischen Forschungsreise nach Westalgerien und Marokko. Sitzungsber. Akad. Wiss. Wien, mathem. &#8211; naturw. Kl. abt I, 138: 1-3.<\/li>\n<\/ul>\n<\/li>\n<\/ul>\n<\/div>\n<p><b>To cite this page:<\/b><br \/>\nSerg\u00e9 Bogaerts (2013):\u00a0<span class=\"nc\">Chalcides mauritanicus<\/span>\u00a0(Dum\u00e9ril &amp; Bibron, 1839). In: Mart\u00ednez, G., Le\u00f3n, R., Jim\u00e9nez-Robles, O., Gonz\u00e1lez De la Vega, J. P., Gabari, V., Rebollo, B., S\u00e1nchez-T\u00f3jar, A., Fern\u00e1ndez-Cardenete, J. R., G\u00e1llego, J. (Eds.). Moroccoherps. Amphibians and Reptiles of Morocco and Western Sahara.<br \/>\nAvailable from\u00a0<a href=\"https:\/\/www.moroccoherps.com\/en\/ficha\/Chalcides_mauritanicus\/\">www.moroccoherps.com\/en\/ficha\/Chalcides_mauritanicus\/<\/a>. Version 16\/05\/2013.<\/p>\n<p><b>To cite\u00a0<a href=\"http:\/\/www.moroccoherps.com\/\">www.morocoherps.com en<\/a>\u00a0as a whole:<\/b><br \/>\nMart\u00ednez, G., Le\u00f3n, R., Jim\u00e9nez-Robles, O., Gonz\u00e1lez De la Vega, J.P., Gabari, V., Rebollo, B., S\u00e1nchez-T\u00f3jar, A., Fern\u00e1ndez-Cardenete, J.R., G\u00e1llego, J. (Eds.). Moroccoherps. Amphibians and Reptiles of Morocco and Western Sahara.<br \/>\nAvailable from\u00a0<a href=\"http:\/\/www.moroccoherps.com\/\">www.moroccoherps.com<\/a>.<\/p>","protected":false},"excerpt":{"rendered":"<p>Two-fingered Skink Chalcides mauritanicus\u00a0(Dum\u00e9ril &amp; Bibron, 1839) By\u00a0Serg\u00e9 Bogaerts Updated:\u00a016\/05\/2013 Taxonomy:\u00a0Sauria\u00a0|\u00a0Scincidae\u00a0|\u00a0Chalcides\u00a0|\u00a0Chalcides mauritanicus \u00a0\u00a0Chalcides mauritanicus Distribution map of Chalcides mauritanicus in Morocco. &nbsp; &nbsp; Gallery: 0 photos. Phylogenetic frame Synonym (Uetz &amp; Ho\u0161ek, eds.). Heteromeles mauritanicus\u00a0DUM\u00c9RIL &amp; BIBRON 1839: 772 Lerista dumerilii\u00a0\u2014 GERVAIS 1836 (fide BOULENGER 1891) Chalcides mauritanicus\u00a0\u2014 BOULENGER 1887: 405 Chalcides mauritanicus\u00a0\u2014 PASTEUR 1981 &hellip; <\/p>\n<p class=\"link-more\"><a href=\"https:\/\/www.moroccoherps.com\/en\/ficha\/chalcides_mauritanicus\/\" class=\"more-link\">Continue reading<span class=\"screen-reader-text\"> &#8220;Species page of Chalcides mauritanicus&#8221;<\/span><\/a><\/p>\n","protected":false},"author":1,"featured_media":0,"parent":2564,"menu_order":0,"comment_status":"closed","ping_status":"closed","template":"","meta":{"footnotes":""},"class_list":["post-2956","page","type-page","status-publish","hentry"],"_links":{"self":[{"href":"https:\/\/www.moroccoherps.com\/en\/wp-json\/wp\/v2\/pages\/2956","targetHints":{"allow":["GET"]}}],"collection":[{"href":"https:\/\/www.moroccoherps.com\/en\/wp-json\/wp\/v2\/pages"}],"about":[{"href":"https:\/\/www.moroccoherps.com\/en\/wp-json\/wp\/v2\/types\/page"}],"author":[{"embeddable":true,"href":"https:\/\/www.moroccoherps.com\/en\/wp-json\/wp\/v2\/users\/1"}],"replies":[{"embeddable":true,"href":"https:\/\/www.moroccoherps.com\/en\/wp-json\/wp\/v2\/comments?post=2956"}],"version-history":[{"count":2,"href":"https:\/\/www.moroccoherps.com\/en\/wp-json\/wp\/v2\/pages\/2956\/revisions"}],"predecessor-version":[{"id":4002,"href":"https:\/\/www.moroccoherps.com\/en\/wp-json\/wp\/v2\/pages\/2956\/revisions\/4002"}],"up":[{"embeddable":true,"href":"https:\/\/www.moroccoherps.com\/en\/wp-json\/wp\/v2\/pages\/2564"}],"wp:attachment":[{"href":"https:\/\/www.moroccoherps.com\/en\/wp-json\/wp\/v2\/media?parent=2956"}],"curies":[{"name":"wp","href":"https:\/\/api.w.org\/{rel}","templated":true}]}}