{"id":3059,"date":"2020-01-17T19:43:56","date_gmt":"2020-01-17T19:43:56","guid":{"rendered":"http:\/\/www.moroccoherps.com\/?page_id=3059"},"modified":"2023-02-08T09:22:12","modified_gmt":"2023-02-08T09:22:12","slug":"acanthodactylus_boskianus","status":"publish","type":"page","link":"https:\/\/www.moroccoherps.com\/en\/ficha\/acanthodactylus_boskianus\/","title":{"rendered":"Species page of Acanthodactylus boskianus"},"content":{"rendered":"<p><\/p>\n<div id=\"ficha_resumen\">\n<div id=\"especie\">\n<h1>Bosk&#8217;s fringe-toed lizard<br \/>\n<span class=\"nc\">Acanthodactylus boskianus<\/span>\u00a0(Daudin, 1802)<\/h1>\n<\/div>\n<div id=\"autor\">\n<div class=\"izquierdo\">\n<p>By\u00a0<b>Francisco Jimenez-Cazalla<\/b><\/p>\n<\/div>\n<\/div>\n<div>\n<div id=\"actualizado\" class=\"izquierdo\">\n<p>Updated:\u00a0<b>23\/09\/2012<\/b><\/p>\n<\/div>\n<div id=\"jerarquia_taxonomica\" class=\"derecho\">\n<p>Taxonomy:\u00a0Sauria\u00a0|\u00a0Lacertidae\u00a0|\u00a0Acanthodactylus\u00a0|\u00a0Acanthodactylus boskianus<\/p>\n<\/div>\n<\/div>\n<div id=\"foto_principal\">\n<figure style=\"width: 680px\" class=\"wp-caption alignnone\"><img loading=\"lazy\" decoding=\"async\" src=\"http:\/\/moroccoherps.com\/files\/fichas\/Acanthodactylus_boskianus\/Acanthodactylus_boskianus_1.jpg\" alt=\"Acanthodactylus boskianus\" width=\"680\" height=\"453\" \/><figcaption class=\"wp-caption-text\">Adult male. Sa\u00efdia. Photo: \u00a9 Francisco Jim\u00e9nez-Cazalla.<\/figcaption><\/figure>\n<\/div>\n<div id=\"mapa_distribucion\">\n<p><img decoding=\"async\" id=\"mapa_distribucion_img\" class=\"alignleft\" src=\"http:\/\/moroccoherps.com\/files\/fichas\/Acanthodactylus_boskianus\/Acanthodactylus_boskianus_mapa.jpg\" alt=\"Range map of Acanthodactylus boskianus\" \/><\/p>\n<p class=\"leyenda_mapa_ficha\"><img decoding=\"async\" src=\"http:\/\/moroccoherps.com\/files\/images\/red.jpg\" alt=\"\" \/>\u00a0\u00a0<span class=\"nc\">Acanthodactylus boskianus<\/span><\/p>\n<p class=\"caption_mapa_ficha\">Distribution map of<br \/>\n<span class=\"nc\">Acanthodactylus boskianus<\/span><br \/>\nin Morocco.<\/p>\n<\/div>\n<p>&nbsp;<\/p>\n<\/div>\n<p>&nbsp;<\/p>\n<p>&nbsp;<\/p>\n<div id=\"ficha_resumen\">\n<div id=\"gal_text\">\n<p>Gallery: 20 photos.\u00a0[ENTER]<\/p>\n<\/div>\n<div class=\"filete\"><\/div>\n<\/div>\n<div id=\"ficha_info\">\n<h2>Description<\/h2>\n<p>Standard-size lizard, being one of the species that reaches longer total length within the genus\u00a0<span class=\"nc\">Acanthodactylus<\/span>; males are around 250\u00a0mm while females are around 205\u00a0mm (Schleich\u00a0<em>et al.<\/em>, 1996; Geniez\u00a0<em>et al.<\/em>, 2004). It usually has 4\u00a0supraoculars, a line of small granular scales penetrating between the third and the fourth supraocular generally shows up between the supraoculars and the supraciliaris. It usually has 4 supralabials preceding the infraocular. Scales preceding the ear show denticular shape.<\/p>\n<div class=\"contenedor_img centrado\">\n<p><img decoding=\"async\" src=\"http:\/\/www.moroccoherps.com\/files\/fichas\/Acanthodactylus_boskianus\/Acanthodactylus_boskianus_2.jpg\" alt=\"Hembra de Acanthodactylus boskianus\" \/><\/p>\n<p class=\"caption\">Adult female. Ouarzazate. Photo: \u00a9\u00a0<a href=\"http:\/\/www.vipersgarden.at\/\">Mario Schweiger<\/a><\/p>\n<\/div>\n<p>Like others species within the genus, scales from the temporal region get gradually smaller toward the parietal region. There are 32 to 40 lines of dorsal scales in half of the body, being keeled and overlapping each other, growing in size and getting more prominent toward both the posterior part of the body and the base of the tail. Costal scales are granular. Ventral scales are wide and placed in 10 longitudinal bands, rarely 12 or 14; the number of femoral pores ranges from 19 to 26 (Schleich\u00a0<em>et al.<\/em>, 1996).<\/p>\n<div class=\"contenedor_img centrado\">\n<p><img decoding=\"async\" src=\"http:\/\/www.moroccoherps.com\/files\/fichas\/Acanthodactylus_boskianus\/Acanthodactylus_boskianus_2b.jpg\" alt=\"Cabeza de Acanthodactylus boskianus\" \/><\/p>\n<p class=\"caption\">Head detail. Ouarzazate. Photo: \u00a9 Gabri Mtnez.<\/p>\n<\/div>\n<p>It presents earthy coloration, frequently adapted to the environment, appearing different tonalities of beige, grey, brownish-gray, brown or dun orangey. The design is reduced either to greyish or to off-white longitudinal lines series, usually 7, which are commonly much more evident in juveniles than in adults. Sometimes the central line shows up as fragmented but other times lines are insignificant or form a different pattern. Extremities generally show irregular patches; ventral coloration is white. Unlike other\u00a0<span class=\"nc\">Acanthodactylus<\/span>\u00a0species cohabiting this area, juveniles of\u00a0<span class=\"nc\">A.\u00a0boskianus<\/span>\u00a0show reddish tail, individuals with blue coloration have been exceptionally observed (Geniez\u00a0<em>et al.<\/em>, 2004). Nonetheless, that blue tail coloration was described for populations belonging to the nominal subspecies present in Egypt (Baha El Din, 2006). This author also pointed out that blue coloration predominates against red one in juveniles belonging to the subspecies\u00a0<span class=\"nc\">asper<\/span>\u00a0(Audouin, 1829). However, although this subspecies was identified in Morocco by Pasteur and Bons, it is not currently recognized according to Salvador (1982), leading\u00a0<span class=\"nc\">A.\u00a0boskianus<\/span>\u00a0to be considered as a monotypic species (Geniez\u00a0<em>et al.<\/em>, 2004).<\/p>\n<h2>Ecology and habits<\/h2>\n<div class=\"contenedor_img derecho\">\n<p><img decoding=\"async\" src=\"http:\/\/www.moroccoherps.com\/files\/fichas\/Acanthodactylus_boskianus\/Acanthodactylus_boskianus_3.jpg\" alt=\"Hembra gr\u00e1vida de Acanthodactylus boskianus\" \/><\/p>\n<p class=\"caption\">Gravid female\u00a0<span class=\"nc\">Acanthodactylus boskianus<\/span>. Ouarzazate. Photo: \u00a9 Gabri Mtnez.<\/p>\n<\/div>\n<p>It is eminently terrestrial. It digs burrows, frequently with several entries, either in sandy but compact land or below the roots of a shrub.<\/p>\n<p>In case of danger runs at high speed, usually zigzagging, toward either its hole or any nearby refuge. It is active during the whole year in the most thermophilic areas of its distribution, but shows a winter dormancy period extending from October to March somewhere else. During this period, it is possible to find some individuals sunning themselves in favourable days, usually juveniles. There are some twilight records (Stemmler &amp; Hotz, 1972).<\/p>\n<p>In the Oran&#8217;s region, first neonates appear in July, therefore the mating period must be between April and June. It seems that females are sexually matures when reaching a head-body length of 54.5\u00a0mm; clutch size varies according to female body size, extending from 2 to 7 eggs; the incubation period ranges between 89 to 100 days at around 28\u00baC; the body measurements of a neonate from the southwester of Morocco were 33 mm head-body length and 105 mm total length (Schleich\u00a0<em>et al.<\/em>, 1996).<\/p>\n<p>Its diet is mainly based on insects, but arachnids and juveniles of\u00a0<span class=\"nc\">Tropiocolotes sp.<\/span>\u00a0have also been referenced. Burmeister analysed the content of an excrement from the south of Morocco, finding out that it was composed of 60% of\u00a0<span class=\"nc\">Hymenoptera<\/span>\u00a0-chiefly\u00a0<span class=\"nc\">Formicidae<\/span>-, 35% of\u00a0<span class=\"nc\">Hemiptera<\/span>\u00a0and 5% of\u00a0<span class=\"nc\">Coleoptera<\/span>\u00a0(Scheilch\u00a0<em>et al.<\/em>, 1996) .<\/p>\n<h2>Distribution, habitat and abundance<\/h2>\n<p>It mainly inhabits arid and semiarid regions, reaching the northeaster coast through the Muluya&#8217;s depression. It is considered as the only unubiquitous saharan member within the moroccan herpetofauna (Bons &amp; Geniez, 1996). It mainly inhabits flat terrains with scattered bushes and no tree layer. It can be found in coastal dunes and other not excessively vast sandy formations with little vegetation and close to regs, bed of oueds, nearby oasis and desertic steppes (Fahd &amp; Pleguezuelos, 1996; Geniez\u00a0<em>et al.<\/em>, 2004).<\/p>\n<div class=\"contenedor_img centrado\">\n<p><img decoding=\"async\" src=\"http:\/\/www.moroccoherps.com\/files\/fichas\/Acanthodactylus_boskianus\/Acanthodactylus_boskianus_4.jpg\" alt=\"Habitat de Acanthodactylus boskianus\" \/><\/p>\n<p class=\"caption\">Habitat of\u00a0<span class=\"nc\">Acanthodactylus boskianus<\/span>. Guelmin. Photo: \u00a9 Gabri Mtnez.<\/p>\n<\/div>\n<p>It is considered as an abundant species in most of its range.<\/p>\n<p class=\"caption\">Translated from Spanish by Alfredo S. T\u00f3jar.<\/p>\n<h3 class=\"bibliografia\">References<\/h3>\n<ul>\n<li><strong>Baha El Din, S. 2006.<\/strong>\u00a0A Guide to the Reptiles and Amphibians of Egypt. The American University in Cairo Press. New york.<\/li>\n<li><strong>Bons, J. &amp; Geniez, P. 1996.<\/strong>\u00a0Anfibios y Reptiles de Marruecos (Incluido Sahara Occidentales). Atlas Biogeogr\u00e1fico. Asociaci\u00f3n Herpetol\u00f3gica Espa\u00f1ola. Barcelona.<\/li>\n<li><strong>Fahd, S. &amp; Pleguezuelos, J.M. 1996.<\/strong>\u00a0Los Reptiles del Rif (norte de Marruecos), I: Quelonios, Saurios. Revista Espa\u00f1ola de Herpetolog\u00eda, 10: 55-89.<\/li>\n<li><strong>Geniez, P., Mateo, J. A., Geniez, M. &amp; Pether, J. 2004.<\/strong>\u00a0The Amphibians and Reptiles of the Western Sahara . Edition Chimaria. Frankfurt.<\/li>\n<li><strong>Schleich, H.H., K\u00e4stle, W. &amp; Kabisch, K. 1996.<\/strong>\u00a0Amphibians and Reptiles of North Africa. Biology, Systematics, Field Guide. Koeltz Scientific Books.<\/li>\n<\/ul>\n<\/div>\n<p><b>To cite this page:<\/b><br \/>\nFrancisco Jimenez-Cazalla (2012):\u00a0<span class=\"nc\">Acanthodactylus boskianus<\/span>\u00a0(Daudin, 1802). In: Mart\u00ednez, G., Le\u00f3n, R., Jim\u00e9nez-Robles, O., Gonz\u00e1lez De la Vega, J. P., Gabari, V., Rebollo, B., S\u00e1nchez-T\u00f3jar, A., Fern\u00e1ndez-Cardenete, J. R., G\u00e1llego, J. (Eds.). Moroccoherps. Amphibians and Reptiles of Morocco and Western Sahara.<br \/>\nAvailable from <a href=\"https:\/\/www.moroccoherps.com\/en\/ficha\/Acanthodactylus_boskianus\/\">www.moroccoherps.com\/en\/ficha\/Acanthodactylus_boskianus\/<\/a>. Version 23\/09\/2012.<\/p>\n<p><b>To cite\u00a0<a href=\"http:\/\/moroccoherps.com\/\">www.morocoherps.com en<\/a>\u00a0as a whole:<\/b><br \/>\nMart\u00ednez, G., Le\u00f3n, R., Jim\u00e9nez-Robles, O., Gonz\u00e1lez De la Vega, J.P., Gabari, V., Rebollo, B., S\u00e1nchez-T\u00f3jar, A., Fern\u00e1ndez-Cardenete, J.R., G\u00e1llego, J. (Eds.). Moroccoherps. Amphibians and Reptiles of Morocco and Western Sahara.<br \/>\nAvailable from\u00a0<a href=\"http:\/\/www.moroccoherps.com\/\">www.moroccoherps.com<\/a>.<\/p>","protected":false},"excerpt":{"rendered":"<p>Bosk&#8217;s fringe-toed lizard Acanthodactylus boskianus\u00a0(Daudin, 1802) By\u00a0Francisco Jimenez-Cazalla Updated:\u00a023\/09\/2012 Taxonomy:\u00a0Sauria\u00a0|\u00a0Lacertidae\u00a0|\u00a0Acanthodactylus\u00a0|\u00a0Acanthodactylus boskianus \u00a0\u00a0Acanthodactylus boskianus Distribution map of Acanthodactylus boskianus in Morocco. &nbsp; &nbsp; &nbsp; Gallery: 20 photos.\u00a0[ENTER] Description Standard-size lizard, being one of the species that reaches longer total length within the genus\u00a0Acanthodactylus; males are around 250\u00a0mm while females are around 205\u00a0mm (Schleich\u00a0et al., 1996; Geniez\u00a0et &hellip; <\/p>\n<p class=\"link-more\"><a href=\"https:\/\/www.moroccoherps.com\/en\/ficha\/acanthodactylus_boskianus\/\" class=\"more-link\">Continue reading<span class=\"screen-reader-text\"> &#8220;Species page of Acanthodactylus boskianus&#8221;<\/span><\/a><\/p>\n","protected":false},"author":1,"featured_media":0,"parent":2564,"menu_order":0,"comment_status":"closed","ping_status":"closed","template":"","meta":{"footnotes":""},"class_list":["post-3059","page","type-page","status-publish","hentry"],"_links":{"self":[{"href":"https:\/\/www.moroccoherps.com\/en\/wp-json\/wp\/v2\/pages\/3059","targetHints":{"allow":["GET"]}}],"collection":[{"href":"https:\/\/www.moroccoherps.com\/en\/wp-json\/wp\/v2\/pages"}],"about":[{"href":"https:\/\/www.moroccoherps.com\/en\/wp-json\/wp\/v2\/types\/page"}],"author":[{"embeddable":true,"href":"https:\/\/www.moroccoherps.com\/en\/wp-json\/wp\/v2\/users\/1"}],"replies":[{"embeddable":true,"href":"https:\/\/www.moroccoherps.com\/en\/wp-json\/wp\/v2\/comments?post=3059"}],"version-history":[{"count":7,"href":"https:\/\/www.moroccoherps.com\/en\/wp-json\/wp\/v2\/pages\/3059\/revisions"}],"predecessor-version":[{"id":7088,"href":"https:\/\/www.moroccoherps.com\/en\/wp-json\/wp\/v2\/pages\/3059\/revisions\/7088"}],"up":[{"embeddable":true,"href":"https:\/\/www.moroccoherps.com\/en\/wp-json\/wp\/v2\/pages\/2564"}],"wp:attachment":[{"href":"https:\/\/www.moroccoherps.com\/en\/wp-json\/wp\/v2\/media?parent=3059"}],"curies":[{"name":"wp","href":"https:\/\/api.w.org\/{rel}","templated":true}]}}