{"id":3065,"date":"2020-01-17T19:55:38","date_gmt":"2020-01-17T19:55:38","guid":{"rendered":"http:\/\/www.moroccoherps.com\/?page_id=3065"},"modified":"2020-04-03T17:54:06","modified_gmt":"2020-04-03T17:54:06","slug":"acanthodactylus_dumerilii","status":"publish","type":"page","link":"https:\/\/www.moroccoherps.com\/en\/ficha\/acanthodactylus_dumerilii\/","title":{"rendered":"Species page of Acanthodactylus dumerilii"},"content":{"rendered":"<p><\/p>\n<div id=\"ficha_resumen\">\n<div id=\"especie\">\n<h1>Dumeril&#8217;s Fringe-toed Lizard<br \/>\n<span class=\"nc\">Acanthodactylus dumerilii<\/span>\u00a0(Milne-Edwards, 1829)<\/h1>\n<\/div>\n<div id=\"autor\">\n<div class=\"izquierdo\">\n<p>By\u00a0<b>Mario Schweiger<\/b><\/p>\n<\/div>\n<\/div>\n<div>\n<div id=\"actualizado\" class=\"izquierdo\">\n<p>Updated:\u00a0<b>12\/10\/2012<\/b><\/p>\n<\/div>\n<div id=\"jerarquia_taxonomica\" class=\"derecho\">\n<p>Taxonomy:\u00a0Sauria\u00a0|\u00a0Lacertidae\u00a0|\u00a0Acanthodactylus\u00a0|\u00a0Acanthodactylus dumerilii<\/p>\n<\/div>\n<\/div>\n<div id=\"foto_principal\">\n<figure style=\"width: 680px\" class=\"wp-caption alignnone\"><img loading=\"lazy\" decoding=\"async\" src=\"http:\/\/www.moroccoherps.com\/files\/fichas\/Acanthodactylus_dumerilii\/Acanthodactylus_dumerilii_1.jpg\" alt=\"Acanthodactylus dumerilii\" width=\"680\" height=\"453\" \/><figcaption class=\"wp-caption-text\">Acanthodactylus dumerilii. Merzouga. Photo: \u00a9 Mario Schweiger.<\/figcaption><\/figure>\n<\/div>\n<div id=\"mapa_distribucion\">\n<p><img decoding=\"async\" id=\"mapa_distribucion_img\" class=\"alignleft\" src=\"\/files\/fichas\/Acanthodactylus_dumerilii\/Acanthodactylus_dumerilii_mapa.jpg\" alt=\"Range map of Acanthodactylus dumerilii\" \/><\/p>\n<p class=\"leyenda_mapa_ficha\"><img decoding=\"async\" src=\"\/files\/images\/red.jpg\" alt=\"\" \/>\u00a0\u00a0<span class=\"nc\">Acanthodactylus dumerilii<\/span><\/p>\n<p class=\"caption_mapa_ficha\">Distribution map of<br \/>\n<span class=\"nc\">Acanthodactylus dumerilii<\/span><br \/>\nin Morocco.<\/p>\n<\/div>\n<p>&nbsp;<\/p>\n<div id=\"gal_text\">\n<p>&nbsp;<\/p>\n<p>Gallery: 6 photos.\u00a0<a href=\"https:\/\/www.moroccoherps.com\/en\/galeria\/acanthodactylus_dumerilii\/\">[ENTER]<\/a><\/p>\n<\/div>\n<div class=\"filete\"><\/div>\n<\/div>\n<div id=\"ficha_info\">\n<h2>Phylogenetic frame<\/h2>\n<p><span class=\"nc\">Lacerta dumerilii<\/span>\u00a0Milne-Edwards, 1829;<br \/>\n<span class=\"nc\">Scapteira inornata<\/span>\u00a0Gray, 1838;<br \/>\n<span class=\"nc\">Meroles dumerilii<\/span>\u00a0Gray, 1838;<br \/>\n<span class=\"nc\">Acanthodactylus scutellatus<\/span>\u00a0var.\u00a0<span class=\"nc\">exiguus<\/span>\u00a0Lataste, 1885;<br \/>\n<span class=\"nc\">Acanthodactylus scutellatus<\/span>\u00a0var.\u00a0<span class=\"nc\">dumerilii<\/span>\u00a0Boulenger, 1918;<br \/>\n<span class=\"nc\">Acanthodactylus scutellatus<\/span>\u00a0var.\u00a0<span class=\"nc\">inornatus<\/span>\u00a0Boulenger, 1921;<br \/>\n<span class=\"nc\">Acanthodactylus scutellatus<\/span>\u00a0var.\u00a0<span class=\"nc\">dumerili<\/span>\u00a0Boulenger, 1921;<br \/>\n<span class=\"nc\">Acanthodactylus dumerili<\/span>\u00a0Bons &amp; Girot, 1964<\/p>\n<p>On the correct scientific name of Acanthodactylus dumerilii.<\/p>\n<p>In 1829 Milne Edwards described\u00a0<span class=\"nc\">Lacerta dumerilii<\/span>.<\/p>\n<p>Following authors used\u00a0<span class=\"nc\">dumerilii<\/span>\u00a0in the same way, as written by Milne-Edwards (with double \u201cii\u201d at the end), although sometimes in different genera, like Gray (1838) =\u00a0<span class=\"nc\">Meroles dumerilii<\/span>, Boulenger (1887) =\u00a0<span class=\"nc\">Acanthodactylus scutellatus<\/span>\u00a0var.\u00a0<span class=\"nc\">dumerilii<\/span>, Boulenger (1918) =\u00a0<span class=\"nc\">Acanthodactylus scurellatus<\/span>\u00a0var.\u00a0<span class=\"nc\">dumerilii<\/span>.<\/p>\n<p>In his Monograph of the Lacertidae, Boulenger (1921) suddenly wrote\u00a0<span class=\"nc\">Acanthodactylus scutellatus<\/span>\u00a0var.\u00a0<span class=\"nc\">dumerili<\/span>, with one \u201cI\u201d at the end.<\/p>\n<p>From this moment, most authors wrote\u00a0<span class=\"nc\">dumerili<\/span>, and also cited\u00a0<span class=\"nc\">Lacerta dumerili<\/span>\u00a0MILNE-EDWARDS, 1829 wrong (just with one \u201cI\u201d at the end), like \u2013 beside others &#8211; Salvador (1982) and Crochet\u00a0<em>et al.<\/em>\u00a0(2003).<\/p>\n<p>The correct name of\u00a0<span class=\"nc\">Acanthodactylus dumerilii<\/span>\u00a0has to be written with two \u201ci\u201d.<\/p>\n<h2>Description<\/h2>\n<p>Together with, distributed in Morocco,\u00a0<a href=\"\/en\/ficha\/Acanthodactylus_aureus\/\"><span class=\"nc\">Acanthodactylus aureus<\/span><\/a>\u00a0and\u00a0<a href=\"\/en\/ficha\/Acanthodactylus_longipes\/\"><span class=\"nc\">A. longipes<\/span><\/a>,\u00a0<span class=\"nc\">A. dumerilii<\/span>\u00a0belongs to the\u00a0<span class=\"nc\">Acanthodactylus scutellatus<\/span>\u00a0species group.<\/p>\n<p>While there is no distribution overlap with\u00a0<a href=\"\/en\/ficha\/Acanthodactylus_aureus\/\"><span class=\"nc\">A. aureus<\/span><\/a>,\u00a0<span class=\"nc\">Acanthodactylus dumerilii<\/span>\u00a0may be found together with\u00a0<a href=\"\/en\/ficha\/Acanthodactylus_longipes\/\"><span class=\"nc\">A. longipes<\/span><\/a>\u00a0in the Erg Chebbi and the Mhamid area in southern Morocco, although their habitat preferences differ a bit.<\/p>\n<div class=\"contenedor_img centrado\">\n<figure style=\"width: 600px\" class=\"wp-caption alignnone\"><img loading=\"lazy\" decoding=\"async\" src=\"\/files\/fichas\/Acanthodactylus_dumerilii\/Acanthodactylus_dumerilii_2.jpg\" alt=\"Acanthodactylus dumerilii\" width=\"600\" height=\"400\" \/><figcaption class=\"wp-caption-text\">Female. Merzouga. Photo: \u00a9 Mario Schweiger.<\/figcaption><\/figure>\n<\/div>\n<p>For the morphological differences between the last two mentioned species, please see table at the\u00a0<a href=\"\/en\/ficha\/Acanthodactylus_longipes\/\"><span class=\"nc\">A. longipes<\/span><\/a>\u00a0account, or check Crochet, Geniez &amp; Ineich (2003).<\/p>\n<p>For us, the most easy to see differences in the field is the coloration of both species.\u00a0<a href=\"\/en\/ficha\/Acanthodactylus_longipes\/\"><span class=\"nc\">Acanthodactylus longipes<\/span><\/a>\u00a0has a more or less uniform coloration without dark spots on the body. In\u00a0<span class=\"nc\">Acanthodactylus dumerilii<\/span>\u00a0there are always distinct dark brown or even black spots all over the dorsal side of the body, giving the species a more or less spectacled appearance.<\/p>\n<div class=\"contenedor_img centrado\">\n<figure style=\"width: 600px\" class=\"wp-caption alignnone\"><img loading=\"lazy\" decoding=\"async\" src=\"\/files\/fichas\/Acanthodactylus_dumerilii\/Acanthodactylus_dumerilii_4.jpg\" alt=\"Acanthodactylus dumerilii\" width=\"600\" height=\"400\" \/><figcaption class=\"wp-caption-text\">Adult male. Oued Ziz. Photo: \u00a9 Mario Schweiger.<\/figcaption><\/figure>\n<\/div>\n<h2>Ecology and habits<\/h2>\n<p>Although\u00a0<span class=\"nc\">A. dumerilii<\/span>\u00a0could be seen together with\u00a0<a href=\"\/en\/ficha\/Acanthodactylus_longipes\/\"><span class=\"nc\">Acanthodactylus longipes<\/span><\/a>\u00a0within a few square meters, both species don\u2019t really share the same habitat.<\/p>\n<p>While\u00a0<a href=\"\/en\/ficha\/Acanthodactylus_longipes\/\"><span class=\"nc\">A. longipes<\/span><\/a>\u00a0prefers clearly the open, wind blown dunes,\u00a0<span class=\"nc\">A. dumerilii<\/span>\u00a0lives more at the edge of the dunes with some vegetation (bushes, Halfa-grass\u00a0<span class=\"nc\">Stipa tenacissima<\/span>). It digs its holes close to vegetation between the roots (own observations).<\/p>\n<h2>Distribution, habitat and abundance<\/h2>\n<p><span class=\"nc\">Acanthodactylus dumerilii<\/span>\u00a0is distributed from the northern half of Tunisia in the east across Algeria und Morocco, Western Sahara to Mauritania in the southwest.<\/p>\n<p>In Morocco the species lives south of the Saharian or Anti-Atlas mountain chain from Figuig in the east, in and around the Erg Chebbi and the Mhamid\/Zagora area. There are to lonsesome records from southwestern Morocco (near Aouinet Torkos and close to the Algerian border near Tindouf) (Bons &amp; Geniez, 1996).<\/p>\n<p>In the Western Sahara it is widely distributed, but didn\u2019t reach the coastal area. There it is replaced by\u00a0<a href=\"\/en\/ficha\/Acanthodactylus_aureus\/\"><span class=\"nc\">Acanthodactylus aureus<\/span><\/a>\u00a0(Geniez\u00a0<em>et al.<\/em>, 2004).<\/p>\n<p>In Mauritania, in contrast, it is only known from the coastal areas (Crochet, Geniez &amp; Ineich, 2003).<\/p>\n<div class=\"contenedor_img centrado\">\n<figure style=\"width: 600px\" class=\"wp-caption alignnone\"><img loading=\"lazy\" decoding=\"async\" src=\"\/files\/fichas\/Acanthodactylus_dumerilii\/Acanthodactylus_dumerilii_3.jpg\" alt=\"Habitat of Acanthodactylus dumerilii\" width=\"600\" height=\"400\" \/><figcaption class=\"wp-caption-text\">Habitat. Merzouga. Photo: \u00a9 Mario Schweiger.<\/figcaption><\/figure>\n<\/div>\n<p>We observed\u00a0<span class=\"nc\">Acanthodactylus dumerilii<\/span>\u00a0at the edge of Erg Chebbi, on smaller dunes west of Erg Chebbi, separated from the large dunes by some kilometres of black Reg desert, along the dry Oued Ziz north of Erg Chebbi and on more hard substrate along the road N12 near Missici (approx. 50 kms west of Rissani).<\/p>\n<p>All observations have been made, where there was a more or less dense Halfa-grass or other plants growing. We never have seen the species out in the open dunes, far away from vegetation.<\/p>\n<p>Everywhere, the population density was high. For example, at the dry Oued Ziz, every 5 to 7 meters a specimen have been spotted.<\/p>\n<p>Whole range of species: Lower risk-least concern (LR-Lc).<\/p>\n<h3 class=\"bibliografia\">References<\/h3>\n<ul>\n<li style=\"list-style-type: none;\">\n<ul>\n<li><strong>Bons, J. &amp; Geniez, P. 1996.<\/strong>\u00a0Anfibios y Reptiles de Marruecos (Incluido Sahara Occidental). Atlas Biogeogr\u00e1fico. Asociaci\u00f3n Herpetol\u00f3gica Espa\u00f1ola, Barcelona. 319 pp.<\/li>\n<li><strong>Boulenger, G.A. 1887.<\/strong>\u00a0Catalogue of the lizards in the British museum (Natural History). Second edition. Volume III. Lacertidae, Gerrhosauridae,Scincidae, Anelytropidae, Dibamidae, Chamaeleontidae. London. 682 pp.<\/li>\n<li><strong>Boulenger, G.A. 1918.<\/strong>\u00a0Sur les Lezards de Genre Acanthodactylus Wiegm. Bull. soc. zool. France 43: 143 \u2013 144<\/li>\n<li><strong>Boulenger, G.A. 1921.<\/strong>\u00a0Monograph of the Lacertidae. Vol. II. London, 474 pp.<\/li>\n<li><strong>Crochet, P.-A., P. Geniez &amp; I. Ineich 2003.<\/strong>\u00a0A multivariate analysis of the fringe-toed lizards of the Acanthodactylus scutellatus group (Squamata: Lacertidae): systematic and biogeographical implications. Zoological Journal of the Linnean Society, 2003, 137: 117\u2013155. With 21 figures.<\/li>\n<li><strong>Geniez, P.; Mateo, J.A.; Geniez, M. &amp; Petgher, J. 2004.<\/strong>\u00a0The Amphibians and Reptiles of Western Sahara. An Atlas and Field Guide. Frankfurt Contributions to Natural History, Vol. 19; Ed. Chimaira230 pp.<\/li>\n<li><strong>Gray, J.E. 1838.<\/strong>\u00a0Catalogue of the slender-tongued Saurians, with Descriptions of many new Genera and Species. Part 1. Ann. Nat. Hist. (1) 1: 274-283<\/li>\n<li><strong>Milne-Edwards, M.H. 1829.<\/strong>\u00a0Recherches zoologiques pour servir \u00e0 l\u00b4histoire des L\u00e9zards, extraites d&#8217;une Monographie de ce genre. Annales des Sciences Naturelles, Paris 16: 50 &#8211; 89 + 4 plates.<\/li>\n<li><strong>Salvador, A. 1982.<\/strong>\u00a0A revision of the lizards of the Genus Acanthodactylus (Sauria. Lacertidae). Bonner zoologische Monographien. Nr. 16; 166 pp.<\/li>\n<\/ul>\n<\/li>\n<\/ul>\n<\/div>\n<div id=\"info_extra\">\n<div id=\"citation\">\n<p><b>To cite this page:<\/b><br \/>\nMario Schweiger (2012):\u00a0<span class=\"nc\">Acanthodactylus dumerilii<\/span> (Milne-Edwards, 1829). In: Mart\u00ednez, G., Le\u00f3n, R., Jim\u00e9nez-Robles, O., Gonz\u00e1lez De la Vega, J. P., Gabari, V., Rebollo, B., S\u00e1nchez-T\u00f3jar, A., Fern\u00e1ndez-Cardenete, J. R., G\u00e1llego, J. (Eds.). Moroccoherps. Amphibians and Reptiles of Morocco and Western Sahara. Available from\u00a0<a href=\"\/en\/ficha\/Acanthodactylus_dumerilii\/\">www.moroccoherps.com\/en\/ficha\/Acanthodactylus_dumerilii\/<\/a>. Version 12\/10\/2012.<\/p>\n<p><b>To cite\u00a0<a href=\"\/\">www.morocoherps.com en<\/a>\u00a0as a whole:<\/b><br \/>\nMart\u00ednez, G., Le\u00f3n, R., Jim\u00e9nez-Robles, O., Gonz\u00e1lez De la Vega, J.P., Gabari, V., Rebollo, B., S\u00e1nchez-T\u00f3jar, A., Fern\u00e1ndez-Cardenete, J.R., G\u00e1llego, J. (Eds.). Moroccoherps. Amphibians and Reptiles of Morocco and Western Sahara. Available from\u00a0<a href=\"\/\">www.moroccoherps.com<\/a>.<\/p>\n<\/div>\n<\/div>\n<p><\/p>","protected":false},"excerpt":{"rendered":"<p>Dumeril&#8217;s Fringe-toed Lizard Acanthodactylus dumerilii\u00a0(Milne-Edwards, 1829) By\u00a0Mario Schweiger Updated:\u00a012\/10\/2012 Taxonomy:\u00a0Sauria\u00a0|\u00a0Lacertidae\u00a0|\u00a0Acanthodactylus\u00a0|\u00a0Acanthodactylus dumerilii \u00a0\u00a0Acanthodactylus dumerilii Distribution map of Acanthodactylus dumerilii in Morocco. &nbsp; &nbsp; Gallery: 6 photos.\u00a0[ENTER] Phylogenetic frame Lacerta dumerilii\u00a0Milne-Edwards, 1829; Scapteira inornata\u00a0Gray, 1838; Meroles dumerilii\u00a0Gray, 1838; Acanthodactylus scutellatus\u00a0var.\u00a0exiguus\u00a0Lataste, 1885; Acanthodactylus scutellatus\u00a0var.\u00a0dumerilii\u00a0Boulenger, 1918; Acanthodactylus scutellatus\u00a0var.\u00a0inornatus\u00a0Boulenger, 1921; Acanthodactylus scutellatus\u00a0var.\u00a0dumerili\u00a0Boulenger, 1921; Acanthodactylus dumerili\u00a0Bons &amp; Girot, 1964 On the &hellip; <\/p>\n<p class=\"link-more\"><a href=\"https:\/\/www.moroccoherps.com\/en\/ficha\/acanthodactylus_dumerilii\/\" class=\"more-link\">Continue reading<span class=\"screen-reader-text\"> &#8220;Species page of Acanthodactylus dumerilii&#8221;<\/span><\/a><\/p>\n","protected":false},"author":1,"featured_media":0,"parent":2564,"menu_order":0,"comment_status":"closed","ping_status":"closed","template":"","meta":{"footnotes":""},"class_list":["post-3065","page","type-page","status-publish","hentry"],"_links":{"self":[{"href":"https:\/\/www.moroccoherps.com\/en\/wp-json\/wp\/v2\/pages\/3065","targetHints":{"allow":["GET"]}}],"collection":[{"href":"https:\/\/www.moroccoherps.com\/en\/wp-json\/wp\/v2\/pages"}],"about":[{"href":"https:\/\/www.moroccoherps.com\/en\/wp-json\/wp\/v2\/types\/page"}],"author":[{"embeddable":true,"href":"https:\/\/www.moroccoherps.com\/en\/wp-json\/wp\/v2\/users\/1"}],"replies":[{"embeddable":true,"href":"https:\/\/www.moroccoherps.com\/en\/wp-json\/wp\/v2\/comments?post=3065"}],"version-history":[{"count":10,"href":"https:\/\/www.moroccoherps.com\/en\/wp-json\/wp\/v2\/pages\/3065\/revisions"}],"predecessor-version":[{"id":4238,"href":"https:\/\/www.moroccoherps.com\/en\/wp-json\/wp\/v2\/pages\/3065\/revisions\/4238"}],"up":[{"embeddable":true,"href":"https:\/\/www.moroccoherps.com\/en\/wp-json\/wp\/v2\/pages\/2564"}],"wp:attachment":[{"href":"https:\/\/www.moroccoherps.com\/en\/wp-json\/wp\/v2\/media?parent=3065"}],"curies":[{"name":"wp","href":"https:\/\/api.w.org\/{rel}","templated":true}]}}