{"id":3069,"date":"2020-01-17T20:00:30","date_gmt":"2020-01-17T20:00:30","guid":{"rendered":"http:\/\/www.moroccoherps.com\/?page_id=3069"},"modified":"2020-03-23T18:29:07","modified_gmt":"2020-03-23T18:29:07","slug":"acanthodactylus_longipes","status":"publish","type":"page","link":"https:\/\/www.moroccoherps.com\/en\/ficha\/acanthodactylus_longipes\/","title":{"rendered":"Species page of Acanthodactylus longipes"},"content":{"rendered":"<p><\/p>\n<div id=\"ficha_resumen\">\n<div id=\"especie\">\n<h1>Long Fringe-fingered Lizard<br \/>\n<strong><span class=\"nc\">Acanthodactylus longipes<\/span><\/strong>\u00a0Boulenger, 1918<\/h1>\n<\/div>\n<div id=\"autor\">\n<div class=\"izquierdo\">\n<p>By\u00a0<b>Mario Schweiger<\/b><\/p>\n<\/div>\n<\/div>\n<div>\n<div id=\"actualizado\" class=\"izquierdo\">\n<p>Updated:\u00a0<b>4\/10\/2012<\/b><\/p>\n<\/div>\n<div id=\"jerarquia_taxonomica\" class=\"derecho\">\n<p>Taxonomy:\u00a0Sauria\u00a0|\u00a0Lacertidae\u00a0|\u00a0Acanthodactylus\u00a0|\u00a0Acanthodactylus longipes<\/p>\n<\/div>\n<\/div>\n<div id=\"foto_principal\">\n<figure style=\"width: 680px\" class=\"wp-caption alignnone\"><img loading=\"lazy\" decoding=\"async\" src=\"http:\/\/www.moroccoherps.com\/files\/fichas\/Acanthodactylus_longipes\/Acanthodactylus_longipes_1.jpg\" alt=\"Acanthodactylus longipes\" width=\"680\" height=\"453\" \/><figcaption class=\"wp-caption-text\">Acanthodactylus longipes. Merzouga. Photo: \u00a9 Mario Schweiger.<\/figcaption><\/figure>\n<\/div>\n<div id=\"mapa_distribucion\">\n<p><img decoding=\"async\" id=\"mapa_distribucion_img\" class=\"alignleft\" src=\"http:\/\/www.moroccoherps.com\/files\/fichas\/Acanthodactylus_longipes\/Acanthodactylus_longipes_mapa.jpg\" alt=\"Range map of Acanthodactylus longipes\" \/><\/p>\n<p class=\"leyenda_mapa_ficha\"><img decoding=\"async\" src=\"\/files\/images\/red.jpg\" alt=\"\" \/>\u00a0\u00a0<span class=\"nc\">Acanthodactylus longipes<\/span><\/p>\n<p class=\"caption_mapa_ficha\">Distribution map of<br \/>\n<span class=\"nc\">Acanthodactylus longipes<\/span><br \/>\nin Morocco.<\/p>\n<\/div>\n<p>&nbsp;<\/p>\n<div id=\"gal_text\">\n<p>&nbsp;<\/p>\n<p>Gallery: 3 photos.\u00a0<a href=\"https:\/\/www.moroccoherps.com\/en\/galeria\/acanthodactylus_longipes\/\">[ENTER]<\/a><\/p>\n<\/div>\n<\/div>\n<div class=\"filete\"><\/div>\n<div><\/div>\n<div id=\"ficha_info\">\n<h2>Phylogenetic frame<\/h2>\n<p><span class=\"nc\">Acanthodactylus scutellatus<\/span>\u00a0var.\u00a0<span class=\"nc\">longipes<\/span>\u00a0Boulenger, 1918;<br \/>\n<span class=\"nc\">Acanthodactylus longipes<\/span>\u00a0Bons &amp; Girot, 1962<br \/>\n<span class=\"nc\">Acanthodactylus longipes panousei<\/span>\u00a0Bons &amp; Girot 1964 is, following Crochet\u00a0<em>et al.<\/em>, 2003 not valid.<\/p>\n<h2>Description<\/h2>\n<p><span class=\"nc\">Acanthodactylus longipes<\/span>\u00a0belongs to the\u00a0<span class=\"nc\">A.\u00a0scutellatus<\/span>\u00a0group. Over a wide range from Morocco in the west to Libya in the east it shares the same distribution and also nearly the same habitat with\u00a0<a href=\"https:\/\/www.moroccoherps.com\/en\/ficha\/Acanthodactylus_dumerilii\/\"><span class=\"nc\">Acanthodactylus dumerilii<\/span><\/a>.<\/p>\n<div class=\"contenedor_img centrado\">\n<figure style=\"width: 600px\" class=\"wp-caption alignnone\"><img loading=\"lazy\" decoding=\"async\" src=\"http:\/\/www.moroccoherps.com\/files\/fichas\/Acanthodactylus_longipes\/Acanthodactylus_longipes_2.jpg\" alt=\"Acanthodactylus longipes\" width=\"600\" height=\"400\" \/><figcaption class=\"wp-caption-text\">Male. Merzouga. Photo: \u00a9 Mario Schweiger.<\/figcaption><\/figure>\n<\/div>\n<p>It is nearly impossible to assign a specimen to one of these two species in field, because they share most of the diagnostic features. Both species only differ in the number of dorsal scale rows, but these counting are hard to do without a magnifier and on a life specimen.<\/p>\n<div class=\"contenedor_img centrado; text-align: center; \">\n<p><span class=\"caption\">Scalation differences between\u00a0<span class=\"nc\">A. dumerilii<\/span>\u00a0and\u00a0<span class=\"nc\">A. longipes<\/span>\u00a0after Crochet\u00a0<em>et al.<\/em>, 2003.<\/span><\/p>\n<table class=\"estilo1\">\n<thead>\n<tr>\n<th scope=\"col\"><\/th>\n<th colspan=\"2\" scope=\"col\"><span class=\"nc\">A. dumerilii<\/span><\/th>\n<th colspan=\"2\" scope=\"col\"><span class=\"nc\">A. longipes<\/span><\/th>\n<\/tr>\n<\/thead>\n<tbody>\n<tr>\n<th scope=\"row\">Dorsal scale rows at midbody<\/th>\n<td colspan=\"2\">39 &#8211; 51<\/td>\n<td colspan=\"2\">55 &#8211; 57<\/td>\n<\/tr>\n<tr class=\"odd\">\n<th scope=\"row\">Ventrals transversal rows<\/th>\n<td colspan=\"2\">12 &#8211; 17<\/td>\n<td colspan=\"2\">13 &#8211; 19<\/td>\n<\/tr>\n<tr>\n<th scope=\"row\">Ventrals longitudinal rows<\/th>\n<td colspan=\"2\">28 &#8211; 38<\/td>\n<td colspan=\"2\">28 &#8211; 37<\/td>\n<\/tr>\n<tr class=\"odd\">\n<th scope=\"row\">Supraciliary granules rows<\/th>\n<td>1<br \/>\n1.5<br \/>\n2<br \/>\n2.5<\/td>\n<td>55.7%<br \/>\n16.2%<br \/>\n27.0%<br \/>\n1.1%<\/td>\n<td>1<br \/>\n1.5<br \/>\n2<br \/>\n2.5<br \/>\n3<\/td>\n<td>7.8%<br \/>\n6.3%<br \/>\n62.5%<br \/>\n0.9%<br \/>\n12.5%<\/td>\n<\/tr>\n<\/tbody>\n<\/table>\n<\/div>\n<p>For us, the most easy difference in the field was the coloration of both species. While\u00a0<a href=\"https:\/\/www.moroccoherps.com\/en\/ficha\/Acanthodactylus_dumerilii\/\"><span class=\"nc\">A.\u00a0dumerilii<\/span><\/a>\u00a0shows some dark brown to black tiny spots on the flanks, these have been lacking in all\u00a0<span class=\"nc\">A.\u00a0longipes<\/span> specimens. Therefore, <span class=\"nc\">A.\u00a0longipes<\/span> has a much more uniform appearance in coloration.<\/p>\n<h2>Ecology and habits<\/h2>\n<p><span class=\"nc\">Acanthodactylus longipes<\/span>\u00a0is a lizard species of the open, wind blown dunes. We observed them high up in the dunes or in dune valleys, far away from any vegetation. Only a very few specimens have been encountered at the edge of dunes with some more dense vegetation (bushes, halfa grass), where it shares the habitat with\u00a0<a href=\"https:\/\/www.moroccoherps.com\/en\/ficha\/Acanthodactylus_dumerilii\/\"><span class=\"nc\">A.\u00a0dumerilii<\/span><\/a>\u00a0(own observations at Erg Chebbi, SE Morocco). It hides in self burrowed holes, which are digged every day new.<\/p>\n<p>Like other desert species, it is active during full sunshine on the hot sand. To avoid burnings, it lifts its body or its feet from the hot sand regulary.<\/p>\n<h2>Distribution, habitat and abundance<\/h2>\n<p><span class=\"nc\">Acanthodactylus longipes<\/span>\u00a0is distributed throughout the Sahara from the Atlantic coast in the west (Mauritania) the Sinai in the east. To the south it lives up to the Sahel zone. In Morocco\u00a0<span class=\"nc\">Acanthodactylus longipes<\/span>\u00a0lives in the dunes of Erg Chebbi and the dunes of Mhamid. There is no official record for the Western Sahara, although it is known from very close regions in Mauritania (dunes of Ouarane) (Geniez\u00a0<em>et al.<\/em>\u00a02004).<\/p>\n<div class=\"contenedor_img centrado\">\n<figure style=\"width: 600px\" class=\"wp-caption alignnone\"><img loading=\"lazy\" decoding=\"async\" src=\"http:\/\/www.moroccoherps.com\/files\/fichas\/Acanthodactylus_longipes\/Acanthodactylus_longipes_3.jpg\" alt=\"Habitat of Acanthodactylus longipes\" width=\"600\" height=\"400\" \/><figcaption class=\"wp-caption-text\">Habitat. Merzouga. Photo: \u00a9 Mario Schweiger.<\/figcaption><\/figure>\n<\/div>\n<p>We could observe them only on large open dunes with no or just very few vegetation. Near the Erg Chebbi, where it is very common, we didn\u2019t find it on smaller dunes, separated by less than 2 kilometers of black Reg desert from the Erg, some kilometres north of Merzouga.<\/p>\n<p>Whole range of species: Lower risk-least concern (LR-Lc).<\/p>\n<h3 class=\"bibliografia\">References<\/h3>\n<ul>\n<li style=\"list-style-type: none;\">\n<ul>\n<li><strong>Boulenger,G.A. 1918.<\/strong>\u00a0Sur les l\u00e9zards du genre\u00a0<em>Acanthodactylus<\/em>\u00a0Wieg.\u00a0<em>Bull. Soc. zool. France<\/em>\u00a043: 143-155.<\/li>\n<li><strong>Crochet, P.-A., P. Geniez &amp; I. Ineich 2003.<\/strong>\u00a0A multivariate analysis of the fringe-toed lizards of the\u00a0<em>Acanthodactylus scutellatus<\/em>\u00a0group (Squamata: Lacertidae): systematic and biogeographical implications.\u00a0<em>Zoological Journal of the Linnean Society<\/em>, 2003, 137: 117\u2013155. With 21 figures.<\/li>\n<li><strong>Geniez, P.; Mateo, J.A.; Geniez, M. &amp; Petgher, J. 2004.<\/strong>\u00a0<em>The Amphibians and Reptiles of Western Sahara. An Atlas and Field Guide<\/em>. Frankfurt Contributions to Natural History, Vol. 19; Ed. Chimaira 230 pp.<\/li>\n<\/ul>\n<\/li>\n<\/ul>\n<p><b>To cite this page:<\/b><br \/>\nMario Schweiger (2012):\u00a0<span class=\"nc\">Acanthodactylus longipes<\/span> Boulenger, 1918. In: Mart\u00ednez, G., Le\u00f3n, R., Jim\u00e9nez-Robles, O., Gonz\u00e1lez De la Vega, J. P., Gabari, V., Rebollo, B., S\u00e1nchez-T\u00f3jar, A., Fern\u00e1ndez-Cardenete, J. R., G\u00e1llego, J. (Eds.). Moroccoherps. Amphibians and Reptiles of Morocco and Western Sahara. Available from\u00a0<a href=\"https:\/\/www.moroccoherps.com\/en\/ficha\/Acanthodactylus_longipes\/\">www.moroccoherps.com\/en\/ficha\/Acanthodactylus_longipes\/<\/a>. Version 4\/10\/2012.<\/p>\n<p><b>To cite\u00a0<a href=\"\/\">www.morocoherps.com en<\/a>\u00a0as a whole:<\/b><br \/>\nMart\u00ednez, G., Le\u00f3n, R., Jim\u00e9nez-Robles, O., Gonz\u00e1lez De la Vega, J.P., Gabari, V., Rebollo, B., S\u00e1nchez-T\u00f3jar, A., Fern\u00e1ndez-Cardenete, J.R., G\u00e1llego, J. (Eds.). Moroccoherps. Amphibians and Reptiles of Morocco and Western Sahara. Available from\u00a0<a href=\"http:\/\/www.moroccoherps.com\/\">www.moroccoherps.com<\/a>.<\/p>\n<\/div>\n<p><\/p>","protected":false},"excerpt":{"rendered":"<p>Long Fringe-fingered Lizard Acanthodactylus longipes\u00a0Boulenger, 1918 By\u00a0Mario Schweiger Updated:\u00a04\/10\/2012 Taxonomy:\u00a0Sauria\u00a0|\u00a0Lacertidae\u00a0|\u00a0Acanthodactylus\u00a0|\u00a0Acanthodactylus longipes \u00a0\u00a0Acanthodactylus longipes Distribution map of Acanthodactylus longipes in Morocco. &nbsp; &nbsp; Gallery: 3 photos.\u00a0[ENTER] Phylogenetic frame Acanthodactylus scutellatus\u00a0var.\u00a0longipes\u00a0Boulenger, 1918; Acanthodactylus longipes\u00a0Bons &amp; Girot, 1962 Acanthodactylus longipes panousei\u00a0Bons &amp; Girot 1964 is, following Crochet\u00a0et al., 2003 not valid. Description Acanthodactylus longipes\u00a0belongs to the\u00a0A.\u00a0scutellatus\u00a0group. Over a &hellip; <\/p>\n<p class=\"link-more\"><a href=\"https:\/\/www.moroccoherps.com\/en\/ficha\/acanthodactylus_longipes\/\" class=\"more-link\">Continue reading<span class=\"screen-reader-text\"> &#8220;Species page of Acanthodactylus longipes&#8221;<\/span><\/a><\/p>\n","protected":false},"author":1,"featured_media":0,"parent":2564,"menu_order":0,"comment_status":"closed","ping_status":"closed","template":"","meta":{"footnotes":""},"class_list":["post-3069","page","type-page","status-publish","hentry"],"_links":{"self":[{"href":"https:\/\/www.moroccoherps.com\/en\/wp-json\/wp\/v2\/pages\/3069","targetHints":{"allow":["GET"]}}],"collection":[{"href":"https:\/\/www.moroccoherps.com\/en\/wp-json\/wp\/v2\/pages"}],"about":[{"href":"https:\/\/www.moroccoherps.com\/en\/wp-json\/wp\/v2\/types\/page"}],"author":[{"embeddable":true,"href":"https:\/\/www.moroccoherps.com\/en\/wp-json\/wp\/v2\/users\/1"}],"replies":[{"embeddable":true,"href":"https:\/\/www.moroccoherps.com\/en\/wp-json\/wp\/v2\/comments?post=3069"}],"version-history":[{"count":15,"href":"https:\/\/www.moroccoherps.com\/en\/wp-json\/wp\/v2\/pages\/3069\/revisions"}],"predecessor-version":[{"id":5063,"href":"https:\/\/www.moroccoherps.com\/en\/wp-json\/wp\/v2\/pages\/3069\/revisions\/5063"}],"up":[{"embeddable":true,"href":"https:\/\/www.moroccoherps.com\/en\/wp-json\/wp\/v2\/pages\/2564"}],"wp:attachment":[{"href":"https:\/\/www.moroccoherps.com\/en\/wp-json\/wp\/v2\/media?parent=3069"}],"curies":[{"name":"wp","href":"https:\/\/api.w.org\/{rel}","templated":true}]}}