{"id":3089,"date":"2020-01-18T09:09:47","date_gmt":"2020-01-18T09:09:47","guid":{"rendered":"http:\/\/www.moroccoherps.com\/?page_id=3089"},"modified":"2020-04-13T14:38:13","modified_gmt":"2020-04-13T14:38:13","slug":"varanus_griseus","status":"publish","type":"page","link":"https:\/\/www.moroccoherps.com\/en\/ficha\/varanus_griseus\/","title":{"rendered":"Species page of Varanus griseus"},"content":{"rendered":"<p><\/p>\n<div id=\"ficha_resumen\">\n<div id=\"especie\">\n<h1>Desert Monitor<br \/>\n<span class=\"nc\">Varanus griseus<\/span>\u00a0(Daudin, 1803)<\/h1>\n<\/div>\n<div id=\"autor\">\n<div class=\"izquierdo\">\n<p>By\u00a0<b>Gabriel Mart\u00ednez del M\u00e1rmol Mar\u00edn<\/b><\/p>\n<\/div>\n<\/div>\n<div>\n<div id=\"actualizado\" class=\"izquierdo\">\n<p>Updated:\u00a0<b>17\/10\/2012<\/b><\/p>\n<\/div>\n<div id=\"jerarquia_taxonomica\" class=\"derecho\">\n<p>Taxonomy:\u00a0Sauria\u00a0|\u00a0Varanidae\u00a0|\u00a0Varanus\u00a0|\u00a0Varanus griseus<\/p>\n<\/div>\n<\/div>\n<div id=\"foto_principal\">\n<figure style=\"width: 680px\" class=\"wp-caption alignnone\"><img loading=\"lazy\" decoding=\"async\" src=\"http:\/\/www.moroccoherps.com\/files\/fichas\/Varanus_griseus\/Varanus_griseus_1.jpg\" alt=\"Varanus griseus\" width=\"680\" height=\"453\" \/><figcaption class=\"wp-caption-text\">Varanus griseus. Bou Arfa. Photo: \u00a9 Baudilio Rebollo Fern\u00e1ndez.<\/figcaption><\/figure>\n<\/div>\n<div id=\"mapa_distribucion\">\n<p><img decoding=\"async\" id=\"mapa_distribucion_img\" class=\"alignleft\" src=\"http:\/\/www.moroccoherps.com\/files\/fichas\/Varanus_griseus\/Varanus_griseus_mapa.jpg\" alt=\"Range map of Varanus griseus\" \/><\/p>\n<p class=\"leyenda_mapa_ficha\"><img decoding=\"async\" src=\"http:\/\/www.moroccoherps.com\/files\/images\/red.jpg\" alt=\"\" \/>\u00a0\u00a0<span class=\"nc\">Varanus griseus<\/span><\/p>\n<p class=\"caption_mapa_ficha\">Distribution map of<br \/>\n<span class=\"nc\">Varanus griseus<\/span><br \/>\nin Morocco.<\/p>\n<\/div>\n<p>&nbsp;<\/p>\n<\/div>\n<p>&nbsp;<\/p>\n<div id=\"ficha_resumen\">\n<div id=\"gal_text\">\n<p>Gallery: 6 photos. <a href=\"https:\/\/www.moroccoherps.com\/en\/galeria\/varanus_griseus\/\">[ENTER]<\/a><\/p>\n<\/div>\n<div class=\"filete\"><\/div>\n<\/div>\n<div id=\"ficha_info\">\n<h2>Phylogenetic frame<\/h2>\n<p>The five species of Western Palearctic\u00a0<span class=\"nc\">Varanus<\/span>\u00a0are divided into 3 subgenus:\u00a0<span class=\"nc\">Polydaedalus<\/span>, which includes afro tropical species\u00a0<span class=\"nc\">V.\u00a0niloticus<\/span>\u00a0and\u00a0<span class=\"nc\">V.\u00a0yemenensis<\/span>;\u00a0<span class=\"nc\">Psammosaurus<\/span>, with the Palearctic\u00a0<span class=\"nc\">V.\u00a0griseus<\/span>; and\u00a0<span class=\"nc\">Empagusia<\/span>, distributed on the Indomalaya zone and includes\u00a0<span class=\"nc\">V.\u00a0bengalensis<\/span>\u00a0and\u00a0<span class=\"nc\">V.\u00a0flavescens<\/span>\u00a0(Sindaco and Jeremcenko, 2008).<\/p>\n<p><span class=\"nc\">Varanus griseus<\/span>\u00a0is divided into 3 subspecies itself:\u00a0<span class=\"nc\">V. g. griseus<\/span>\u00a0(Daudin, 1803) lives in Northern Africa, Middle East and the Arabic Peninsula, including Iraq;\u00a0<span class=\"nc\">V. g. caspius<\/span>\u00a0(Eichwald, 1831) lives in the Irano-Turanian region and Afghanistan and Pakistan adjacent areas;\u00a0<span class=\"nc\">V. g. koniecznyi<\/span>\u00a0(Mertens, 1954) typical from the Eastern areas of Pakistan (Sindaco and Jeremcenko, 2008).<\/p>\n<h2>Description<\/h2>\n<p>The Desert Monitor is the biggest lizard in Morocco and Western Sahara, reaching 140-150 cm long (Schleich <em>et al.<\/em>, 1996; Bons and Geniez, 1996).<\/p>\n<p>Its head is covered in small granular scales with its characteristic depressed and pointed snout; the nostrils are much nearer its eyes than the tip of its snout, it has slightly visible eardrums and it has a long-neck.<\/p>\n<div class=\"contenedor_img centrado\">\n<p><img decoding=\"async\" src=\"http:\/\/www.moroccoherps.com\/files\/fichas\/Varanus_griseus\/Varanus_griseus_2a.jpg\" alt=\"Varanus griseus\" \/><\/p>\n<figure style=\"width: 400px\" class=\"wp-caption alignnone\"><img loading=\"lazy\" decoding=\"async\" src=\"http:\/\/www.moroccoherps.com\/files\/fichas\/Varanus_griseus\/Varanus_griseus_2b.jpg\" alt=\"Varanus griseus\" width=\"400\" height=\"267\" \/><figcaption class=\"wp-caption-text\">Head detail. Figuig. Photos: \u00a9 Gabri Mtnez.<\/figcaption><\/figure>\n<\/div>\n<p>Its body is elongated and relatively skinny, making it easier to penetrate into galleries tracking down its preys. Grey monitor\u00b4s limbs are well developed. It walks by wavy and slow movements which change to lineal movements when it runs, getting really high speed if situation required it. Its fingers are short in proportion to the size of its limbs. Dorsal scales are round shaped, generally surrounded by granular scale rings, having between 134 to 169 bands of scales. The coloration is yellow in the ventral zone and it has between 110 to 125 cross-sectional bands of small square-shaped scales, from the neck to the cloaca. Caudal scales are somehow keel-shaped; it does not have a caudal crest. Male and female have up to 5 preanal pores at each side (Schleich\u00a0<em>et al.<\/em>, 1996). Its long tail is between the 131 to 146% of the Grey monitor total length (Mertens, 1954).<\/p>\n<p>Coloration goes from yellow to gray, getting darker in older specimens. It seems that coloration depends on the soil where the monitor lives. Mertens (1954) distinguished between the subspecies of\u00a0<span class=\"nc\">V. griseus<\/span>\u00a0largely on the basis of pattern, having from 5 to 8 narrow gray bands on the back and from 19 to 28 bands on the tail, which extend almost to the tip.<\/p>\n<div class=\"contenedor_img centrado\">\n<p><img decoding=\"async\" src=\"http:\/\/www.moroccoherps.com\/files\/fichas\/Varanus_griseus\/Varanus_griseus_3a.jpg\" alt=\"Varanus griseus\" \/><\/p>\n<figure style=\"width: 400px\" class=\"wp-caption alignnone\"><img loading=\"lazy\" decoding=\"async\" src=\"http:\/\/www.moroccoherps.com\/files\/fichas\/Varanus_griseus\/Varanus_griseus_3b.jpg\" alt=\"Varanus griseus\" width=\"400\" height=\"267\" \/><figcaption class=\"wp-caption-text\">Scales detail and dorsal pattern in\u00a0Varanus griseus. Figuig area. Photos: \u00a9 Gabri Mtnez.<\/figcaption><\/figure>\n<\/div>\n<p>Juvenile specimens normally have a much more contrasted and brighter pattern than adults, with yellowish spots, brownish transversal stripes, temporal and cervical lines, some brown lines on their snouts and vertical brown lines on their lower lip.<\/p>\n<div class=\"contenedor_img centrado\">\n<figure style=\"width: 600px\" class=\"wp-caption alignnone\"><img loading=\"lazy\" decoding=\"async\" src=\"http:\/\/www.moroccoherps.com\/files\/fichas\/Varanus_griseus\/Varanus_griseus_4.jpg\" alt=\"Varanus griseus\" width=\"600\" height=\"400\" \/><figcaption class=\"wp-caption-text\">Varanus griseus griseus, juvenile . Merzouga. Photo: \u00a9 Daniel Jablonski.<\/figcaption><\/figure>\n<\/div>\n<p>Data regarding the weight and size -described by Stanner and Mendelssohn (1987)- to distinguish males from females are not reliable at all, and hence is necessary to look for hemipenes in order to determine their sex (Schleich\u00a0<em>et al.<\/em>, 1996; Ibrahim, 2000).<\/p>\n<h2>Ecology and habits<\/h2>\n<p>It is a diurnal reptile which has been found in very few occasions at dawn or at night-time. (Schleich\u00a0<em>et al.<\/em>, 1996). It develops its main activity on terrestrial areas even though it has been rarely found swimming as well. (Omar Attum in Baha el Din, 2006).<\/p>\n<p>On the Sinai Peninsula this specimen hibernates from October or November to March or April (Ibrahim, 2000), which might be essential for those specimens located in the North of Africa (Schleich\u00a0<em>et al.<\/em>, 1996). While in April, May and October it seems to present a unimodal pattern of activity, in the months of high temperatures, from June to September, it avoids the central hours of the day and develops its activity at sunrise and nightfall. (Schleich\u00a0<em>et al.<\/em>, 1996).<\/p>\n<p>In Alger and Tunisia the breeding or mating season takes place during the months of May and June. The weight in females can be reduced in a 47% after the egg-laying cycle (Schleich\u00a0<em>et al.<\/em>, 1996), they lay between 5-12 eggs (Aymerich, 2012) Female rest close to the area where their eggs have been laid (Thilenius and Schleich\u00a0<em>et al.<\/em>, 1996). Hatching occurs in autumn, when juvenile specimens are about 20 cm long, taking from 3 to 5 years to attain their sexual maturity (Schleich\u00a0<em>et al.<\/em>, 1996; Aymerich, 2012). Researches made with specimens in Negev show that females hibernate later than males, probably due to their need to accumulate fat, not only for their hibernation period but also for having the capacity of producing the energy to lay eggs during the next breeding season.<\/p>\n<p>It can expend most of the time searching food and hence covering long distances (Stanner and Mendelssohn, 1986; 1987; Baha el Din, 2006). The diet varies enormously depending on its habitat and can be formed by the totality of preys it is able to eat: saurian, snakes, birds nesting on the ground, eggs of all these animals, amphibians, mammals like gerbils, young rabbits, invertebrates&#8230; (Stanner and Mendelssohn, 1986; 1987; Bennett, 1995). A Gray Monitor was found dead in Mauritania as it was trying to swallow a great\u00a0<span class=\"nc\">Uromastix<\/span>\u00a0lizard (Photo taken by P. Lluch and Geniez\u00a0<em>et al.<\/em>, 2004) and it has also be seen in Egypt trying to predate on\u00a0<span class=\"nc\">Uromastix aegyptus<\/span>\u00a0of similar size from head to tail (Baha el Din, 2006). Saurians and snakes are the main prey for\u00a0<span class=\"nc\">V. griseus<\/span>\u00a0in Alger (Schleich\u00a0<em>et al.<\/em>, 1996). Juvenile monitors are cited as prey for some snakes where as adult\u00a0<span class=\"nc\">Varanus<\/span>\u00a0are cited as snake predators (i.e.\u00a0<span class=\"nc\">Cerastes cerastes<\/span>). According to some traditional Saharan stories, of doubtfully credibility,\u00a0<span class=\"nc\">Varanus<\/span>\u00a0can survive to snake bites (Spatz and Schleich\u00a0<span class=\"nc\">et al<\/span>., 1996) because of its habit of feeding with some plants (<span class=\"nc\">Pergularia tomentosa<\/span>) which could act as antidote.<\/p>\n<div class=\"contenedor_img centrado\">\n<figure style=\"width: 600px\" class=\"wp-caption alignnone\"><img loading=\"lazy\" decoding=\"async\" src=\"http:\/\/www.moroccoherps.com\/files\/fichas\/Varanus_griseus\/Varanus_griseus_5.jpg\" alt=\"Varanus griseus\" width=\"600\" height=\"400\" \/><figcaption class=\"wp-caption-text\">Varanus griseus. Erfoud. Photo: \u00a9 Mark Piazzi.<\/figcaption><\/figure>\n<\/div>\n<p>Gray Monitor is prey for many mammals as foxes (<span class=\"nc\">Vulpes zerda<\/span>), Hyenas (<span class=\"nc\">Hyaena hyaena<\/span>) and cats (<span class=\"nc\">Felis margarita<\/span>) (Mallon\u00a0<em>et al.<\/em>, 2011; Aymerich, 2012). In a dangerous situation against a predator, the monitor tries to run away towards the nearest hole. In case of being cornered, the monitor opens its mouth and snorts as it swipes with the tail its predator to dissuade it. If it beats its predator it could poison it through its saliva (Arbuckle, 2009) while it is not harmful for the human being (Schleich\u00a0<span class=\"nc\">et al.<\/span>, 1996).<\/p>\n<h2>Distribution, habitat and abundance<\/h2>\n<p><span class=\"nc\">Varanus griseus griseus<\/span>\u00a0is widely distributed in the Middle East, the Arabian Peninsula and the North of Africa, in a great area of the Sahara desert (Morocco, Western Sahara, Egypt, Alger, Tunisia, Libya, Mauritania, Mali, Niger, Chad, Sudan, etc.) (Schleich\u00a0<em>et al.<\/em>, 1996; Bayless, 2002).<\/p>\n<p>In Morocco it is not a common species though is widely distributed, covering all the Saharan region except Ouarzazate (Bons and Geniez, 1996), in all the different habitats: dune formations (Merzouga-Erfoud, Mhamid,&#8230;), oueds -ephemeral rivers- steppe and areas where the earth is soft enough to dig their galleries and also find their prey (Tantan, Bouarfa,&#8230;) and regs -rocky areas- (Assa, Icht&#8230;).<\/p>\n<div class=\"contenedor_img centrado\">\n<p><img decoding=\"async\" src=\"http:\/\/www.moroccoherps.com\/files\/fichas\/Varanus_griseus\/Varanus_griseus_6a.jpg\" alt=\"Habitat of Varanus griseus\" \/><\/p>\n<figure style=\"width: 400px\" class=\"wp-caption alignnone\"><img loading=\"lazy\" decoding=\"async\" src=\"http:\/\/www.moroccoherps.com\/files\/fichas\/Varanus_griseus\/Varanus_griseus_6b.jpg\" alt=\"Habitat of Varanus griseus\" width=\"400\" height=\"267\" \/><figcaption class=\"wp-caption-text\">Habitat of\u00a0Varanus griseus\u00a0in Morocco: Asssa, Figuig. Photo: \u00a9 Gabri Mtnez.<\/figcaption><\/figure>\n<\/div>\n<p>This saurian has been found drowned in wells and also, due to the long distance they do is a main victim in roads by traffic, even though its worst enemy is still the human being (Aymerich, 2012). Regardless the fact of being cited on the CITES (appendix 1) protected species, it is still captured for food, amusement or superstition, already considered a rare animal in Morocco almost endangered (Pleguezuelos\u00a0<em>et al.<\/em>, 2010) despite the abundance of potential and favorable habitats. As the majority of species of its genus is one of the most desired animals in the terrarium keeping market. Lack of this species is mainly generated by humans being more commonly seen in Western Saharan depopulated areas (Escoriza\u00a0<em>et al.<\/em>, 2011; Aymerich, 2012), where it is considered &#8220;out of danger and little known&#8221; (LR-lc; Geniez\u00a0<em>et al.<\/em>, 2004).&#8221;<\/p>\n<div class=\"contenedor_img centrado\">\n<figure style=\"width: 400px\" class=\"wp-caption alignnone\"><img loading=\"lazy\" decoding=\"async\" src=\"http:\/\/www.moroccoherps.com\/files\/fichas\/Varanus_griseus\/Varanus_griseus_7.jpg\" alt=\"Varanus griseus\" width=\"400\" height=\"600\" \/><figcaption class=\"wp-caption-text\">Varanus griseus drowned in a cistern. Assa. Photo: \u00a9 Gabri Mtnez.<\/figcaption><\/figure>\n<\/div>\n<p class=\"caption\">Translated by Carlos Perez Font\u00e1n-Membrives.<\/p>\n<h3 class=\"bibliografia\">References<\/h3>\n<ul>\n<li style=\"list-style-type: none;\">\n<ul>\n<li><strong>Arbuckle, K. 2009.<\/strong>\u00a0Ecological Function of Venom in Varanus, with a Compilation of Dietary Records from the Literature. Biawak, 3(2), pp.46-56<\/li>\n<li><strong>Aymerich, M. 2012.<\/strong>\u00a0Varan du desert (Varanus griseus). GERES ASSO. http:\/\/geres-asso.org\/fiche_Varan-gris.html. Consultado el 2 de Julio de 2012.<\/li>\n<li><strong>Baha el Din, S. 2006.<\/strong>\u00a0A guide to the reptiles and amphibians of Egypt. The American University in Cairo Press, Cairo. 359 pp.<\/li>\n<li><strong>Bayless, M.K. 2002.<\/strong>\u00a0Monitor lizards: a pan-African check-list of their zoogeography (Sauria: Varanidae: Polydaedalus). Journal of Biogeography, 29, 1643\u20131701<\/li>\n<li><strong>Benett, D. 1995.<\/strong>\u00a0A Little Book of Monitor Lizards. Viper Press. UK<\/li>\n<li><strong>Bons, J. &amp; Geniez, P. 1996.<\/strong>\u00a0Amphibiens et reptiles du Maroc (Sahara Occidental compris). Atlas Biog\u00e9ographique. Asociacion Herpetologica Espanola, Barcelone. 319 pp.<\/li>\n<li><strong>Escoriza, D.; Ferrer, J.; Amat, F. &amp; Tarrago, A. 2011.<\/strong>\u00a0Nova cita i aspectes ecol\u00f2gics del var\u00e0 del desert Varanus griseus (Sauria:Varanidae) al Sahara Occidental. Butll.Soc.Cat.Herp.,19: 70-74.<\/li>\n<li><strong>Geniez, P.; Mateo, J.A.; Geniez, M. &amp; Pether, J. 2004.<\/strong>\u00a0The amphibians and reptiles of the Western Sahara (former Spanish Sahara) and adjacent regions. Edition Chimaira, Frankfurt, 228 pp. [reviewed in Reptilia GB 44: 81]<\/li>\n<li><strong>Ibrahim, A.A. 2000.<\/strong>\u00a0A radiotelemetric study of the body temperature of Varanus griseus (Sauria: Varanidae) in Zaranik Protected Area, North Sinai, Egypt. Egyptian Journal of Biology, 2000. 2: 57-66.<\/li>\n<li><strong>Mallon, D.P.; Sliwa, A. &amp; Strauss, M. 2011.<\/strong>\u00a0Felis margarita. In: IUCN 2012. IUCN Red List of Threatened Species. Version 2012.1.\u00a0. Downloaded on 03 July 2012.<\/li>\n<li><strong>Mertens,R. 1954.<\/strong>\u00a0Uber die rassen des wustenwarans Varanus griseus. Senck.Biol. 35(5\/6):353-357<\/li>\n<li><strong>Pleguezuelos, J.M.; Brito, J.C.; Fahd, S.; Feriche, M.; Mateo, J.A; Moreno-Rueda, G.; Reques, R. &amp; Santos, X. 2010.<\/strong>\u00a0Setting conservation priorities for the Moroccan herpetofauna: the utility of regional red lists. Oryx. 44:501-508<\/li>\n<li><strong>Schleich, H.H., K\u00e4stle, W., Kabisch, K. 1996.<\/strong>\u00a0Amphibians and Reptiles of North Africa. Koeltz, Koenigstein, 627 pp.<\/li>\n<li><strong>Sindaco, R. &amp; Jeremcenko, V.K. 2008.<\/strong>\u00a0The reptiles of the Western Palearctic. Edizioni Belvedere, Latina (Italy), 579 pp<\/li>\n<li><strong>Stanner,M. &amp; Mendelssohn,H. 1986.<\/strong>The diet of Varanus griseus in the southern coastal plain of Israel. I.J.Zool. 34 (1-2):67-75.<\/li>\n<li><strong>Stanner,M. &amp; Mendelssohn,H. 1987.<\/strong>\u00a0Sex ratios, population density and home range of Varanus griseus in the southern coastal range of Israel. Amphibia-Reptilia. 8 (2):153-163.<br \/>\n<hr \/>\n<\/li>\n<\/ul>\n<\/li>\n<\/ul>\n<\/div>\n<div id=\"gal_text\">\n<p><b style=\"font-size: 1rem;\">To cite this page:<\/b><\/p>\n<\/div>\n<div id=\"info_extra\">\n<div id=\"citation\">\n<p><a class=\"byline\" href=\"https:\/\/plus.google.com\/108155044559644085873?rel=author\">Gabriel Mart\u00ednez del M\u00e1rmol Mar\u00edn<\/a>\u00a0(2012):\u00a0<span class=\"nc\">Varanus griseus<\/span> (Daudin, 1803). In: Mart\u00ednez, G., Le\u00f3n, R., Jim\u00e9nez-Robles, O., Gonz\u00e1lez De la Vega, J. P., Gabari, V., Rebollo, B., S\u00e1nchez-T\u00f3jar, A., Fern\u00e1ndez-Cardenete, J. R., G\u00e1llego, J. (Eds.). Moroccoherps. Amphibians and Reptiles of Morocco and Western Sahara. Available from\u00a0<a href=\"https:\/\/www.moroccoherps.com\/en\/ficha\/Varanus_griseus\/\">www.moroccoherps.com\/en\/ficha\/Varanus_griseus\/<\/a>. Version 17\/10\/2012.<\/p>\n<p><b>To cite\u00a0<a href=\"http:\/\/www.moroccoherps.com\/\">www.morocoherps.com en<\/a>\u00a0as a whole:<\/b><br \/>\nMart\u00ednez, G., Le\u00f3n, R., Jim\u00e9nez-Robles, O., Gonz\u00e1lez De la Vega, J.P., Gabari, V., Rebollo, B., S\u00e1nchez-T\u00f3jar, A., Fern\u00e1ndez-Cardenete, J.R., G\u00e1llego, J. (Eds.). Moroccoherps. Amphibians and Reptiles of Morocco and Western Sahara. Available from\u00a0<a href=\"http:\/\/www.moroccoherps.com\/\">www.moroccoherps.com<\/a>.<\/p>\n<\/div>\n<\/div>\n<p><\/p>","protected":false},"excerpt":{"rendered":"<p>Desert Monitor Varanus griseus\u00a0(Daudin, 1803) By\u00a0Gabriel Mart\u00ednez del M\u00e1rmol Mar\u00edn Updated:\u00a017\/10\/2012 Taxonomy:\u00a0Sauria\u00a0|\u00a0Varanidae\u00a0|\u00a0Varanus\u00a0|\u00a0Varanus griseus \u00a0\u00a0Varanus griseus Distribution map of Varanus griseus in Morocco. &nbsp; &nbsp; Gallery: 6 photos. [ENTER] Phylogenetic frame The five species of Western Palearctic\u00a0Varanus\u00a0are divided into 3 subgenus:\u00a0Polydaedalus, which includes afro tropical species\u00a0V.\u00a0niloticus\u00a0and\u00a0V.\u00a0yemenensis;\u00a0Psammosaurus, with the Palearctic\u00a0V.\u00a0griseus; and\u00a0Empagusia, distributed on the Indomalaya zone and &hellip; <\/p>\n<p class=\"link-more\"><a href=\"https:\/\/www.moroccoherps.com\/en\/ficha\/varanus_griseus\/\" class=\"more-link\">Continue reading<span class=\"screen-reader-text\"> &#8220;Species page of Varanus griseus&#8221;<\/span><\/a><\/p>\n","protected":false},"author":1,"featured_media":0,"parent":2564,"menu_order":0,"comment_status":"closed","ping_status":"closed","template":"","meta":{"footnotes":""},"class_list":["post-3089","page","type-page","status-publish","hentry"],"_links":{"self":[{"href":"https:\/\/www.moroccoherps.com\/en\/wp-json\/wp\/v2\/pages\/3089","targetHints":{"allow":["GET"]}}],"collection":[{"href":"https:\/\/www.moroccoherps.com\/en\/wp-json\/wp\/v2\/pages"}],"about":[{"href":"https:\/\/www.moroccoherps.com\/en\/wp-json\/wp\/v2\/types\/page"}],"author":[{"embeddable":true,"href":"https:\/\/www.moroccoherps.com\/en\/wp-json\/wp\/v2\/users\/1"}],"replies":[{"embeddable":true,"href":"https:\/\/www.moroccoherps.com\/en\/wp-json\/wp\/v2\/comments?post=3089"}],"version-history":[{"count":11,"href":"https:\/\/www.moroccoherps.com\/en\/wp-json\/wp\/v2\/pages\/3089\/revisions"}],"predecessor-version":[{"id":5713,"href":"https:\/\/www.moroccoherps.com\/en\/wp-json\/wp\/v2\/pages\/3089\/revisions\/5713"}],"up":[{"embeddable":true,"href":"https:\/\/www.moroccoherps.com\/en\/wp-json\/wp\/v2\/pages\/2564"}],"wp:attachment":[{"href":"https:\/\/www.moroccoherps.com\/en\/wp-json\/wp\/v2\/media?parent=3089"}],"curies":[{"name":"wp","href":"https:\/\/api.w.org\/{rel}","templated":true}]}}