{"id":3113,"date":"2020-01-18T14:59:54","date_gmt":"2020-01-18T14:59:54","guid":{"rendered":"http:\/\/www.moroccoherps.com\/?page_id=3113"},"modified":"2020-02-02T16:41:56","modified_gmt":"2020-02-02T16:41:56","slug":"myriopholis_algeriensis","status":"publish","type":"page","link":"https:\/\/www.moroccoherps.com\/en\/ficha\/myriopholis_algeriensis\/","title":{"rendered":"Species page of Myriopholis algeriensis"},"content":{"rendered":"<p><\/p>\n<div id=\"ficha_resumen\">\n<div id=\"especie\">\n<h1>Beaked Thread-snake<br \/>\n<span class=\"nc\">Myriopholis algeriensis<\/span>\u00a0(Jacquet, 1895)<\/h1>\n<\/div>\n<div id=\"autor\">\n<div class=\"izquierdo\">\n<p>By\u00a0<b>Gabriel Mart\u00ednez del M\u00e1rmol Mar\u00edn<\/b><\/p>\n<\/div>\n<\/div>\n<div>\n<div id=\"actualizado\" class=\"izquierdo\">\n<p>Updated:\u00a0<b>23\/09\/2012<\/b><\/p>\n<\/div>\n<div id=\"jerarquia_taxonomica\" class=\"derecho\">\n<p>Taxonomy:\u00a0Serpentes\u00a0|\u00a0Leptotyphlopidae\u00a0|\u00a0Myriopholis\u00a0|\u00a0Myriopholis algeriensis<\/p>\n<\/div>\n<\/div>\n<div id=\"foto_principal\">\n<figure style=\"width: 680px\" class=\"wp-caption alignnone\"><img loading=\"lazy\" decoding=\"async\" src=\"http:\/\/www.moroccoherps.com\/files\/fichas\/Myriopholis_algeriensis\/Myriopholis_algeriensis_1.jpg\" alt=\"Myriopholis algeriensis\" width=\"680\" height=\"453\" \/><figcaption class=\"wp-caption-text\">Myriopholis algeriensis. Tazenakht. Photo: \u00a9 Ra\u00fal Le\u00f3n.<\/figcaption><\/figure>\n<\/div>\n<div id=\"mapa_distribucion\">\n<p><img decoding=\"async\" id=\"mapa_distribucion_img\" class=\"alignleft\" src=\"http:\/\/www.moroccoherps.com\/files\/fichas\/Myriopholis_algeriensis\/Myriopholis_algeriensis_mapa.jpg\" alt=\"Range map of Myriopholis algeriensis\" \/><\/p>\n<p class=\"leyenda_mapa_ficha\"><img decoding=\"async\" src=\"http:\/\/www.moroccoherps.com\/files\/images\/red.jpg\" alt=\"\" \/>\u00a0\u00a0<span class=\"nc\">Myriopholis algeriensis<\/span><\/p>\n<p class=\"caption_mapa_ficha\">Distribution map of<br \/>\n<span class=\"nc\">Myriopholis algeriensis<\/span><br \/>\nin Morocco.<\/p>\n<\/div>\n<p>&nbsp;<\/p>\n<div id=\"gal_text\">\n<p>&nbsp;<\/p>\n<p>Gallery: 15 photos.\u00a0<a href=\"https:\/\/www.moroccoherps.com\/en\/galeria\/myriopholis_algeriensis\/\">[ENTER]<\/a><\/p>\n<\/div>\n<div class=\"filete\"><\/div>\n<\/div>\n<div id=\"ficha_info\">\n<h2>Phylogenetic frame<\/h2>\n<p>In the past was known as\u00a0<span class=\"nc\">Leptotyphlops macrorhynchus<\/span>\u00a0subspecies (Hahn &amp; Wallach, 1998), was elevated to species rank in 2002 (Trap\u00e9, 2002) and it has been including in\u00a0<span class=\"nc\">Myriopholis<\/span>\u00a0genus in 2009 (Adalsteinsson\u00a0<em>et al.<\/em>, 2009).<\/p>\n<h2>Description<\/h2>\n<p>It\u00b4s the smallest snake in Morocco and Western Sahara with a maximum size of 28,5\u00a0cm (Bons &amp; Geniez, 1996; Trape &amp; Man\u00e9, 2006). It has a pinkish body, thin and large. Head not differs from the rest of the body. Eyes are black and relatively big, covered by two transparent scales. It has a big rostral scale very prominent and in peak form. Its mouth is small. Ventral scales are similar to dorsal scales. It has between 490-569 longitudinal scales, between 41-47 subcaudal scales, it has 14 scales at midbody and 10 at the middle of the tail (Trape &amp; Man\u00e9, 2006).<\/p>\n<div class=\"contenedor_img centrado\">\n<figure style=\"width: 650px\" class=\"wp-caption alignnone\"><img loading=\"lazy\" decoding=\"async\" src=\"http:\/\/www.moroccoherps.com\/files\/fichas\/Myriopholis_algeriensis\/Myriopholis_algeriensis_3.jpg\" alt=\"Myriopholis algeriensis\" width=\"650\" height=\"444\" \/><figcaption class=\"wp-caption-text\">Myriopholis algeriensis. Errachidia. Photo: \u00a9 Gabri Mtnez.<\/figcaption><\/figure>\n<\/div>\n<h2>Ecology and habits<\/h2>\n<p>Species predominantly crepuscular and nocturnal (Schleich\u00a0<em>et al.<\/em>, 1996; Trape &amp; Man\u00e9, 2006). Its fossorial habits make it pass unnoticed and very little is known about this species. He spends most of his life underground, usually under big stones, where it feeds on ant larvae that are their main prey (Bons &amp; Geniez, 1996; Trape &amp; Man\u00e9, 2006).<\/p>\n<p>In the outskirts of Tazenakht (Morocco) were recently found 4 adult individuals of this species under the same stone (B. Rebollo Fernandez &amp; G. Martinez del Marmol Marin, unpublished) and because it was in may, the mating season of most snakes species in Morocco, it could be a meeting with reproduction ends, as this is common in other species of the genus\u00a0<span class=\"nc\">Myriopholis<\/span>\u00a0(<span class=\"nc\">M.\u00a0macrorhynchus<\/span>; B. G\u00f6\u00e7men, pers. comm.)<\/p>\n<h2>Distribution, habitat and abundance<\/h2>\n<p>It occurs in deserts, semi-arid and arid areas in the pre-Saharan margins in Morocco and has been located in the Western Sahara just few times (Bons &amp; Geniez, 1996; Geniez\u00a0<em>et al<\/em>., 2004).<\/p>\n<p>Like other snakes of pre-Saharan areas must have higher densities in the oases and oueds where the food is more abundant.<\/p>\n<div class=\"contenedor_img centrado\">\n<p><img decoding=\"async\" src=\"http:\/\/www.moroccoherps.com\/files\/fichas\/Myriopholis_algeriensis\/Myriopholis_algeriensis_4a.jpg\" alt=\"Habitat of Myriopholis algeriensis\" \/><\/p>\n<figure style=\"width: 600px\" class=\"wp-caption alignnone\"><img loading=\"lazy\" decoding=\"async\" src=\"http:\/\/www.moroccoherps.com\/files\/fichas\/Myriopholis_algeriensis\/Myriopholis_algeriensis_4b.jpg\" alt=\"Habitat of Myriopholis algeriensis\" width=\"600\" height=\"201\" \/><figcaption class=\"wp-caption-text\">Typical habitat of Myriopholis algeriensis. Top: General landscape. Below. Detail. Errachidia. Photo: \u00a9 Gabri Mtnez.<\/figcaption><\/figure>\n<\/div>\n<p>There are just a few records of this snake, although it can be due to its fossorial habits and the difficulty of finding this species, and the real distribution and abundance could be higher of the actually known.<\/p>\n<h3 class=\"bibliografia\">References<\/h3>\n<ul>\n<li style=\"list-style-type: none;\">\n<ul>\n<li><strong>Adalsteinsson, S.A., Branch, W.R., Trap\u00e9, S., Vitt, L.J. &amp; Hedges, S.B. 2009.<\/strong>\u00a0Molecular phylogeny, classification, and biogeography of snakes of the Family Leptotyphlopidae (Reptilia, Squamata).\u00a0<em>Zootaxa<\/em>, 2244: 1-50<\/li>\n<li><strong>Bons, J. &amp; Geniez, P. 1996.<\/strong>\u00a0<em>Amphibiens et reptiles du Maroc (Sahara Occidental compris). Atlas Biog\u00e9ographique<\/em>. Asociacion Herpetologica Espanola, Barcelone. 319 pp.<\/li>\n<li><strong>Geniez, P., Mateo, J.A., Geniez, M. &amp; Pether, J. 2004.<\/strong>\u00a0<em>The amphibians and reptiles of the Western Sahara (former Spanish Sahara) and adjacent regions<\/em>. Edition Chimaira, Frankfurt, 228 pp.<\/li>\n<li><strong>Hahn, D. E. &amp; V. Wallach, 1998.<\/strong>\u00a0Comments on the systematics of Old World Leptotyphlops (Serpentes: Leptotyphlopidae), with description of a new species.\u00a0<em>Hamadryad<\/em>, 23: 50-62<\/li>\n<li><strong>Trape, J.-F. 2002.<\/strong>\u00a0Note sur le statut et la r\u00e9partition de quelques Leptotyphlopid\u00e9s (Serpentes: Scolecophidia) du Sahara et des savanes d\u2019Afrique de l\u2019Ouest.\u00a0<em>Bull. Soc. Herp. France<\/em>, 102: 49-62<\/li>\n<li><strong>Trape, J.-F. &amp; Man\u00e9, Y. 2006.<\/strong>\u00a0<em>Guide des serpents d\u2019Afrique occidentale. Savane et d\u00e9sert.<\/em>\u00a0IRD Editions, Paris, 226 pp.<\/li>\n<li><strong>Schleich, H. H., Kastle, W., &amp; Kabisch, K. 1996.<\/strong>\u00a0<em>Amphibians and Reptiles of North Africa<\/em>. Koeltz Scientific Publishers, Koenigstein. 630 pp.<\/li>\n<\/ul>\n<\/li>\n<\/ul>\n<\/div>\n<p><b>To cite this page:<\/b><br \/>\nGabriel Mart\u00ednez del M\u00e1rmol Mar\u00edn\u00a0(2012):\u00a0<span class=\"nc\">Myriopholis algeriensis<\/span> (Jacquet, 1895). In: Mart\u00ednez, G., Le\u00f3n, R., Jim\u00e9nez-Robles, O., Gonz\u00e1lez De la Vega, J. P., Gabari, V., Rebollo, B., S\u00e1nchez-T\u00f3jar, A., Fern\u00e1ndez-Cardenete, J. R., G\u00e1llego, J. (Eds.). Moroccoherps. Amphibians and Reptiles of Morocco and Western Sahara. Available from <a href=\"https:\/\/www.moroccoherps.com\/en\/ficha\/Myriopholis_algeriensis\/\">www.moroccoherps.com\/en\/ficha\/\u00adMyriopholis_algeriensis\/<\/a>. Version 23\/09\/2012.<\/p>\n<p><b>To cite\u00a0<a href=\"http:\/\/www.moroccoherps.com\/\">www.morocoherps.com en<\/a>\u00a0as a whole:<\/b><br \/>\nMart\u00ednez, G., Le\u00f3n, R., Jim\u00e9nez-Robles, O., Gonz\u00e1lez De la Vega, J.P., Gabari, V., Rebollo, B., S\u00e1nchez-T\u00f3jar, A., Fern\u00e1ndez-Cardenete, J.R., G\u00e1llego, J. (Eds.). Moroccoherps. Amphibians and Reptiles of Morocco and Western Sahara. Available from\u00a0<a href=\"http:\/\/www.moroccoherps.com\/\">www.moroccoherps.com<\/a>.<\/p>","protected":false},"excerpt":{"rendered":"<p>Beaked Thread-snake Myriopholis algeriensis\u00a0(Jacquet, 1895) By\u00a0Gabriel Mart\u00ednez del M\u00e1rmol Mar\u00edn Updated:\u00a023\/09\/2012 Taxonomy:\u00a0Serpentes\u00a0|\u00a0Leptotyphlopidae\u00a0|\u00a0Myriopholis\u00a0|\u00a0Myriopholis algeriensis \u00a0\u00a0Myriopholis algeriensis Distribution map of Myriopholis algeriensis in Morocco. &nbsp; &nbsp; Gallery: 15 photos.\u00a0[ENTER] Phylogenetic frame In the past was known as\u00a0Leptotyphlops macrorhynchus\u00a0subspecies (Hahn &amp; Wallach, 1998), was elevated to species rank in 2002 (Trap\u00e9, 2002) and it has been including in\u00a0Myriopholis\u00a0genus &hellip; <\/p>\n<p class=\"link-more\"><a href=\"https:\/\/www.moroccoherps.com\/en\/ficha\/myriopholis_algeriensis\/\" class=\"more-link\">Continue reading<span class=\"screen-reader-text\"> &#8220;Species page of Myriopholis algeriensis&#8221;<\/span><\/a><\/p>\n","protected":false},"author":1,"featured_media":0,"parent":2564,"menu_order":0,"comment_status":"closed","ping_status":"closed","template":"","meta":{"footnotes":""},"class_list":["post-3113","page","type-page","status-publish","hentry"],"_links":{"self":[{"href":"https:\/\/www.moroccoherps.com\/en\/wp-json\/wp\/v2\/pages\/3113","targetHints":{"allow":["GET"]}}],"collection":[{"href":"https:\/\/www.moroccoherps.com\/en\/wp-json\/wp\/v2\/pages"}],"about":[{"href":"https:\/\/www.moroccoherps.com\/en\/wp-json\/wp\/v2\/types\/page"}],"author":[{"embeddable":true,"href":"https:\/\/www.moroccoherps.com\/en\/wp-json\/wp\/v2\/users\/1"}],"replies":[{"embeddable":true,"href":"https:\/\/www.moroccoherps.com\/en\/wp-json\/wp\/v2\/comments?post=3113"}],"version-history":[{"count":5,"href":"https:\/\/www.moroccoherps.com\/en\/wp-json\/wp\/v2\/pages\/3113\/revisions"}],"predecessor-version":[{"id":4429,"href":"https:\/\/www.moroccoherps.com\/en\/wp-json\/wp\/v2\/pages\/3113\/revisions\/4429"}],"up":[{"embeddable":true,"href":"https:\/\/www.moroccoherps.com\/en\/wp-json\/wp\/v2\/pages\/2564"}],"wp:attachment":[{"href":"https:\/\/www.moroccoherps.com\/en\/wp-json\/wp\/v2\/media?parent=3113"}],"curies":[{"name":"wp","href":"https:\/\/api.w.org\/{rel}","templated":true}]}}