{"id":3136,"date":"2020-01-18T17:31:40","date_gmt":"2020-01-18T17:31:40","guid":{"rendered":"http:\/\/www.moroccoherps.com\/?page_id=3136"},"modified":"2020-02-04T19:40:05","modified_gmt":"2020-02-04T19:40:05","slug":"lytorhynchus_diadema","status":"publish","type":"page","link":"https:\/\/www.moroccoherps.com\/en\/ficha\/lytorhynchus_diadema\/","title":{"rendered":"Species page of Lytorhynchus diadema"},"content":{"rendered":"<p><\/p>\n<div id=\"ficha_resumen\">\n<div id=\"especie\">\n<h1>Awl-headed Snake<br \/>\n<span class=\"nc\">Lytorhynchus diadema<\/span>\u00a0(Dum\u00e9ril, Bibron &amp; Dum\u00e9ril, 1854)<\/h1>\n<\/div>\n<div id=\"autor\">\n<div class=\"izquierdo\">\n<p>By\u00a0<b>Gabriel Mart\u00ednez del M\u00e1rmol Mar\u00edn<\/b><\/p>\n<\/div>\n<\/div>\n<div>\n<div id=\"actualizado\" class=\"izquierdo\">\n<p>Updated:\u00a0<b>23\/02\/2015<\/b><\/p>\n<\/div>\n<div id=\"jerarquia_taxonomica\" class=\"derecho\">\n<p>Taxonomy:\u00a0Serpentes\u00a0|\u00a0Colubridae\u00a0|\u00a0Lytorhynchus\u00a0|\u00a0Lytorhynchus diadema<\/p>\n<\/div>\n<\/div>\n<div id=\"foto_principal\">\n<figure style=\"width: 680px\" class=\"wp-caption alignnone\"><img loading=\"lazy\" decoding=\"async\" src=\"http:\/\/www.moroccoherps.com\/files\/fichas\/Lytorhynchus_diadema\/Lytorhynchus_diadema_1.jpg\" alt=\"Lytorhynchus diadema\" width=\"680\" height=\"453\" \/><figcaption class=\"wp-caption-text\">Lytorhynchus diadema. Tarfaya (Morocco). Photo: \u00a9 Gabri Mtnez.<\/figcaption><\/figure>\n<\/div>\n<div id=\"mapa_distribucion\">\n<p><img decoding=\"async\" id=\"mapa_distribucion_img\" class=\"alignleft\" src=\"http:\/\/www.moroccoherps.com\/files\/fichas\/Lytorhynchus_diadema\/Lytorhynchus_diadema_mapa.jpg\" alt=\"Range map of Lytorhynchus diadema\" \/><\/p>\n<p class=\"leyenda_mapa_ficha\"><img decoding=\"async\" src=\"http:\/\/www.moroccoherps.com\/files\/images\/red.jpg\" alt=\"\" \/>\u00a0\u00a0<span class=\"nc\">Lytorhynchus diadema<\/span><\/p>\n<p class=\"caption_mapa_ficha\">Distribution map of<br \/>\n<span class=\"nc\">Lytorhynchus diadema<\/span><br \/>\nin Morocco.<\/p>\n<\/div>\n<p>&nbsp;<\/p>\n<div id=\"gal_text\">\n<p>&nbsp;<\/p>\n<p>Gallery: 3 photos.\u00a0<a href=\"https:\/\/www.moroccoherps.com\/en\/galeria\/lytorhynchus_diadema\/\">[ENTER]<\/a><\/p>\n<\/div>\n<div class=\"filete\"><\/div>\n<\/div>\n<div id=\"ficha_info\">\n<h2>Phylogenetic frame<\/h2>\n<p>Although the phylogenetic relationships within\u00a0<span class=\"nc\">Lytorhynchus<\/span>\u00a0Peters, 1862 based on DNA sequences are not known yet, of the six recognized species in the genus\u00a0<span class=\"nc\">Lytorhynchus<\/span>,\u00a0<span class=\"nc\">Lytorhynchus diadema<\/span>\u00a0is the most widely distributed and a great genetic variability could be expected.<\/p>\n<p>It\u00b4s represented in Morocco by the nominal subspecies (Bons &amp; Geniez, 1996).<\/p>\n<h2>Description<\/h2>\n<p>It\u00b4s a small sixed snake with 30-40cm, maximum 45cm (Schleich\u00a0<em>et al<\/em>., 1996; Trape &amp; Man\u00e9, 2006).<\/p>\n<p>The head is ovaled, slightly distinct from neck. It has medium sized eyes with round pupil. The rostral scale is the best distinctive of this snake, large, projecting and very development, adapted to burrow habits. One or two preoculars (rarely three; Schleich\u00a0<em>et al<\/em>., 1996). 7-8 supralabials, the 5 usually in contact with the eye, sometimes the 4 and 5 (Schleich\u00a0<em>et al<\/em>., 1996; Trape &amp; Man\u00e9, 2006).<\/p>\n<div class=\"contenedor_img centrado\">\n<figure style=\"width: 600px\" class=\"wp-caption alignnone\"><img loading=\"lazy\" decoding=\"async\" src=\"http:\/\/www.moroccoherps.com\/files\/fichas\/Lytorhynchus_diadema\/Lytorhynchus_diadema_2.jpg\" alt=\"Head of Lytorhynchus diadema\" width=\"600\" height=\"400\" \/><figcaption class=\"wp-caption-text\">Head of Lytorhynchus diadema showing the distinctive rostral scale. Tarfaya (Morocco). Photo: \u00a9 Gabri Mtnez.<\/figcaption><\/figure>\n<\/div>\n<p>The body is cylindrical, with 19 rows of smooth scales at midbody. It has between 155-195 ventral scales, 33-47 subcaudal scales (paired). Anal divided. Tail relatively short (Schleich\u00a0<em>et al<\/em>., 1996; Trape &amp; Man\u00e9, 2006).<\/p>\n<p>The back-ground coloration is variable, from cream to orange and redish brown, usually with sand coloration. It has a dark mark in the head in form of circle or similar form with sometimes a mark inside of the back-ground coloration. It also has an oblique bar on each side of the head passing below and behind eyes. In the dorsal area with dark marks in form of rectangle or romb, smaller in the flanks, all of them interspersed with light trasverse marks. Ventral area of uniform clear coloration.<\/p>\n<h2>Ecology and habits<\/h2>\n<p>Mainly crepuscular and nocturnal species (Trape &amp; Man\u00e9, 2006; pers. Obs.), although it has been observed basking during morning (Schleich\u00a0<em>et al<\/em>., 1996).<\/p>\n<p>In some Algeria places realize a strict hibernation (Schleich\u00a0<em>et al<\/em>., 1996). In Morocco coastal places must have a lower activity during the cold months and in the rest of its distribution could realize a diapause.<\/p>\n<div class=\"contenedor_img centrado\">\n<figure style=\"width: 600px\" class=\"wp-caption alignnone\"><img loading=\"lazy\" decoding=\"async\" src=\"http:\/\/www.moroccoherps.com\/files\/fichas\/Lytorhynchus_diadema\/Lytorhynchus_diadema_3.jpg\" alt=\"Lytorhynchus diadema\" width=\"600\" height=\"400\" \/><figcaption class=\"wp-caption-text\">Lytorhynchus diadema in habitat. Tarfaya (Morocco). Photo: \u00a9 Baudilio Rebollo Fern\u00e1ndez.<\/figcaption><\/figure>\n<\/div>\n<p>There isn\u00b4t information about sexuality in this species. But bigger movements of adult individuals have been seen in april-may so this could be the mating season.<\/p>\n<p>It\u00b4s a very adapted burrower that look for preys in the sand. The known preys are in genus\u00a0<span class=\"nc\">Tarentola<\/span>,\u00a0<span class=\"nc\">Acanthodactylus<\/span>,\u00a0<span class=\"nc\">Mesalina<\/span>,\u00a0<span class=\"nc\">Psammodromus<\/span>,\u00a0<span class=\"nc\">Stenodactylus<\/span>\u00a0and\u00a0<span class=\"nc\">Chalcides<\/span>. Sometimes also eats in small mammals and arthropods (Schleich\u00a0<em>et al<\/em>., 1996).<\/p>\n<h2>Distribution, habitat and abundance<\/h2>\n<p>In Morocco and Western Sahara the species is known from some areas of the Saharan areas and punctually in arid areas (Bons &amp; Geniez, 1996; Geniez\u00a0<em>et al<\/em>., 2004).<\/p>\n<div class=\"contenedor_img centrado\">\n<figure style=\"width: 600px\" class=\"wp-caption alignnone\"><img loading=\"lazy\" decoding=\"async\" src=\"http:\/\/www.moroccoherps.com\/files\/fichas\/Lytorhynchus_diadema\/Lytorhynchus_diadema_4.jpg\" alt=\"Habitat of Lytorhynchus diadema\" width=\"600\" height=\"275\" \/><figcaption class=\"wp-caption-text\">Habitat of Lytorhynchus diadema. Tarfaya (Morocco). Photo: \u00a9 Gabri Mtnez.<\/figcaption><\/figure>\n<\/div>\n<p>Although it\u00b4s also found in stony areas and bord of oueds, it\u00b4s more common in sandy areas like coastal dunes or sand banks (Bons &amp; Geniez, 1996; Geniez\u00a0<em>et al<\/em>., 2004).<\/p>\n<p>It\u00b4s locally abundant in sand areas like coastal sand areas close Tarfaya and are not known specific problems in this species, considered at low risk of extinction (Little risk\/less concern; LR-lc; Geniez\u00a0<em>et al<\/em>., 2004).<\/p>\n<h3 class=\"bibliografia\">References<\/h3>\n<ul>\n<li style=\"list-style-type: none;\">\n<ul>\n<li><strong>Baha el Din, S. 2006.<\/strong>\u00a0A Guide to the Reptiles and Amphibians of Egypt. The American Unviersity in Cairo Press. Cairo-New York. 359 pp.<\/li>\n<li><strong>Bons, J. y Geniez, P. 1996.<\/strong>\u00a0Amphibiens et reptiles du Maroc (Sahara Occidental compris). Atlas Biog\u00e9ographique. Asociacion Herpetologica Espanola, Barcelone. 319 pp.<\/li>\n<li><strong>Geniez, P.; Mateo, J.A.; Geniez, M. y Pether, J. 2004.<\/strong>\u00a0The amphibians and reptiles of the Western Sahara (former Spanish Sahara) and adjacent regions. Edition Chimaira, Frankfurt, 228 pp.<\/li>\n<li><strong>Jablonski, D., Frynta, D., Mart\u00ednez del M\u00e1rmol Mar\u00edn, G. 2014.<\/strong>\u00a0New records of the Awl-headed Snake (<em>Lytorhynchus diadema<\/em>) from northeastern Morocco. Herpetology Notes 7: 295-297.<\/li>\n<li><strong>Mediani, M., Fahd, S., Chevalier, F., Brito, J.C. 2015.<\/strong>\u00a0Another record of\u00a0<em>Lytorhynchus diadema<\/em>\u00a0(Dum\u00e9ril, Bibron &amp; Dum\u00e9ril, 1854) from Moroccan Atlantic Sahara. Herpetozoa 27 (3\/4): 197-200.<\/li>\n<li><strong>Schleich, H. H., Kastle, W., and Kabisch, K. 1996.<\/strong>\u00a0Amphibians and Reptiles of North Africa. Koeltz Scientific Publishers, Koenigstein. 630 pp.<\/li>\n<li><strong>Sochurek,E. 1979.<\/strong>\u00a0Die Schlangen Nordafrikas. Mitt. Zool. Ges. Braunau 3 (8\/9): 219-226<\/li>\n<li><strong>Trape, J.-F. y Man\u00e9, Y. 2006.<\/strong>\u00a0Guide des serpents d\u2019Afrique occidentale. Savane et d\u00e9sert. IRD Editions, Paris, 226 pp.<\/li>\n<\/ul>\n<\/li>\n<\/ul>\n<\/div>\n<div id=\"info_extra\">\n<div id=\"citation\">\n<p><b>To cite this page:<\/b><br \/>\nGabriel Mart\u00ednez del M\u00e1rmol Mar\u00edn\u00a0(2015):\u00a0<span class=\"nc\">Lytorhynchus diadema<\/span> (Dum\u00e9ril, Bibron &amp; Dum\u00e9ril, 1854). In: Mart\u00ednez, G., Le\u00f3n, R., Jim\u00e9nez-Robles, O., Gonz\u00e1lez De la Vega, J. P., Gabari, V., Rebollo, B., S\u00e1nchez-T\u00f3jar, A., Fern\u00e1ndez-Cardenete, J. R., G\u00e1llego, J. (Eds.). Moroccoherps. Amphibians and Reptiles of Morocco and Western Sahara. Available from <a href=\"https:\/\/www.moroccoherps.com\/en\/ficha\/Lytorhynchus_diadema\/\">www.moroccoherps.com\/en\/ficha\/\u00adLytorhynchus_diadema\/<\/a>. Version 23\/02\/2015.<\/p>\n<p><b>To cite\u00a0<a href=\"http:\/\/www.moroccoherps.com\/\">www.morocoherps.com en<\/a>\u00a0as a whole:<\/b><br \/>\nMart\u00ednez, G., Le\u00f3n, R., Jim\u00e9nez-Robles, O., Gonz\u00e1lez De la Vega, J.P., Gabari, V., Rebollo, B., S\u00e1nchez-T\u00f3jar, A., Fern\u00e1ndez-Cardenete, J.R., G\u00e1llego, J. (Eds.). Moroccoherps. Amphibians and Reptiles of Morocco and Western Sahara. Available from\u00a0<a href=\"http:\/\/www.moroccoherps.com\/\">www.moroccoherps.com<\/a>.<\/p>\n<\/div>\n<\/div>\n<p><\/p>","protected":false},"excerpt":{"rendered":"<p>Awl-headed Snake Lytorhynchus diadema\u00a0(Dum\u00e9ril, Bibron &amp; Dum\u00e9ril, 1854) By\u00a0Gabriel Mart\u00ednez del M\u00e1rmol Mar\u00edn Updated:\u00a023\/02\/2015 Taxonomy:\u00a0Serpentes\u00a0|\u00a0Colubridae\u00a0|\u00a0Lytorhynchus\u00a0|\u00a0Lytorhynchus diadema \u00a0\u00a0Lytorhynchus diadema Distribution map of Lytorhynchus diadema in Morocco. &nbsp; &nbsp; Gallery: 3 photos.\u00a0[ENTER] Phylogenetic frame Although the phylogenetic relationships within\u00a0Lytorhynchus\u00a0Peters, 1862 based on DNA sequences are not known yet, of the six recognized species in the genus\u00a0Lytorhynchus,\u00a0Lytorhynchus diadema\u00a0is &hellip; <\/p>\n<p class=\"link-more\"><a href=\"https:\/\/www.moroccoherps.com\/en\/ficha\/lytorhynchus_diadema\/\" class=\"more-link\">Continue reading<span class=\"screen-reader-text\"> &#8220;Species page of Lytorhynchus diadema&#8221;<\/span><\/a><\/p>\n","protected":false},"author":1,"featured_media":0,"parent":2564,"menu_order":0,"comment_status":"closed","ping_status":"closed","template":"","meta":{"footnotes":""},"class_list":["post-3136","page","type-page","status-publish","hentry"],"_links":{"self":[{"href":"https:\/\/www.moroccoherps.com\/en\/wp-json\/wp\/v2\/pages\/3136","targetHints":{"allow":["GET"]}}],"collection":[{"href":"https:\/\/www.moroccoherps.com\/en\/wp-json\/wp\/v2\/pages"}],"about":[{"href":"https:\/\/www.moroccoherps.com\/en\/wp-json\/wp\/v2\/types\/page"}],"author":[{"embeddable":true,"href":"https:\/\/www.moroccoherps.com\/en\/wp-json\/wp\/v2\/users\/1"}],"replies":[{"embeddable":true,"href":"https:\/\/www.moroccoherps.com\/en\/wp-json\/wp\/v2\/comments?post=3136"}],"version-history":[{"count":8,"href":"https:\/\/www.moroccoherps.com\/en\/wp-json\/wp\/v2\/pages\/3136\/revisions"}],"predecessor-version":[{"id":4555,"href":"https:\/\/www.moroccoherps.com\/en\/wp-json\/wp\/v2\/pages\/3136\/revisions\/4555"}],"up":[{"embeddable":true,"href":"https:\/\/www.moroccoherps.com\/en\/wp-json\/wp\/v2\/pages\/2564"}],"wp:attachment":[{"href":"https:\/\/www.moroccoherps.com\/en\/wp-json\/wp\/v2\/media?parent=3136"}],"curies":[{"name":"wp","href":"https:\/\/api.w.org\/{rel}","templated":true}]}}