{"id":3143,"date":"2020-01-18T17:41:33","date_gmt":"2020-01-18T17:41:33","guid":{"rendered":"http:\/\/www.moroccoherps.com\/?page_id=3143"},"modified":"2020-02-04T19:52:04","modified_gmt":"2020-02-04T19:52:04","slug":"dasypeltis_sahelensis","status":"publish","type":"page","link":"https:\/\/www.moroccoherps.com\/en\/ficha\/dasypeltis_sahelensis\/","title":{"rendered":"Species page of Dasypeltis sahelensis"},"content":{"rendered":"<p><\/p>\n<div id=\"ficha_resumen\">\n<div id=\"especie\">\n<h1>Sahel Egg Eater<br \/>\n<span class=\"nc\">Dasypeltis sahelensis<\/span>\u00a0Trape &amp; Man\u00e9, 2006<\/h1>\n<\/div>\n<div id=\"autor\">\n<div class=\"izquierdo\">\n<p>By\u00a0<b>Daniel Escoriza<\/b><\/p>\n<\/div>\n<\/div>\n<div>\n<div id=\"actualizado\" class=\"izquierdo\">\n<p>Updated:\u00a0<b>17\/10\/2012<\/b><\/p>\n<\/div>\n<div id=\"jerarquia_taxonomica\" class=\"derecho\">\n<p>Taxonomy:\u00a0Serpentes\u00a0|\u00a0Colubridae\u00a0|\u00a0Dasypeltis\u00a0|\u00a0Dasypeltis sahelensis<\/p>\n<\/div>\n<\/div>\n<div id=\"foto_principal\">\n<figure style=\"width: 680px\" class=\"wp-caption alignnone\"><img loading=\"lazy\" decoding=\"async\" src=\"http:\/\/www.moroccoherps.com\/files\/fichas\/Dasypeltis_sahelensis\/Dasypeltis_sahelensis_1.jpg\" alt=\"Dasypeltis sahelensis\" width=\"680\" height=\"453\" \/><figcaption class=\"wp-caption-text\">Dasypeltis sahelensis. Sidi Ifni (Morocco). Photo: \u00a9 Baudilio Rebollo Fern\u00e1ndez.<\/figcaption><\/figure>\n<\/div>\n<div id=\"mapa_distribucion\">\n<p><img decoding=\"async\" id=\"mapa_distribucion_img\" class=\"alignleft\" src=\"http:\/\/www.moroccoherps.com\/files\/fichas\/Dasypeltis_sahelensis\/Dasypeltis_sahelensis_mapa.jpg\" alt=\"Range map of Dasypeltis sahelensis\" \/><\/p>\n<p class=\"leyenda_mapa_ficha\"><img decoding=\"async\" src=\"http:\/\/www.moroccoherps.com\/files\/images\/red.jpg\" alt=\"\" \/>\u00a0\u00a0<span class=\"nc\">Dasypeltis sahelensis<\/span><\/p>\n<p class=\"caption_mapa_ficha\">Distribution map of<br \/>\n<span class=\"nc\">Dasypeltis sahelensis<\/span><br \/>\nin Morocco.<\/p>\n<\/div>\n<p>&nbsp;<\/p>\n<div id=\"gal_text\">\n<p>&nbsp;<\/p>\n<p>Gallery: 5 photos.\u00a0<a href=\"https:\/\/www.moroccoherps.com\/en\/galeria\/dasypeltis_sahelensis\/\">[ENTER]<\/a><\/p>\n<\/div>\n<div class=\"filete\"><\/div>\n<\/div>\n<div id=\"ficha_info\">\n<h2>Phylogenetic frame<\/h2>\n<p>The genus\u00a0<span class=\"nc\">Dasypeltis<\/span>\u00a0is formed by 12 species (Spawls\u00a0<em>et al.<\/em>\u00a02002; Chippaux 2006; Trape &amp; Mane 2006; Trape\u00a0<em>et al.<\/em>\u00a02012) occurring mainly in the Afrotropical region. Outside this region appear two species,\u00a0<span class=\"nc\">D.\u00a0scabra\u00a0scabra<\/span>, which occurs in southwest Saudi Arabia and Yemen (Egan 2007) and Egypt (Anderson 1898; Sochurek 1981) and\u00a0<span class=\"nc\">D.\u00a0sahelensis<\/span>\u00a0that appears in southern Morocco and Western Sahara (Schleich\u00a0<em>et al.<\/em>\u00a01996).<\/p>\n<p>The genus\u00a0<span class=\"nc\">Dasypeltis<\/span>\u00a0is comprised within the\u00a0<span class=\"nc\">Colubrinae<\/span>\u00a0subfamily, and is related to other African genus of opisthoglyphous snakes, as\u00a0<span class=\"nc\">Toxycodrias<\/span>\u00a0and\u00a0<span class=\"nc\">Telescopus<\/span>\u00a0(Lawson\u00a0<em>et al.<\/em>\u00a02005), although the teeth in\u00a0<span class=\"nc\">Dasypeltis<\/span>\u00a0are poorly developed. Until recently Sahelian populations of genus\u00a0<span class=\"nc\">Dasypeltis<\/span>\u00a0were assigned to\u00a0<span class=\"nc\">D.\u00a0scabra<\/span>\u00a0but Trape &amp; Man\u00e9 (2006) proposed the existence of three species in the western Sahel region (<span class=\"nc\">D.\u00a0sahelensis<\/span>,\u00a0<span class=\"nc\">D.\u00a0confusa<\/span>\u00a0and\u00a0<span class=\"nc\">D.\u00a0gansi<\/span>) based on variability of color patterns, whose validity has been confirmed in subsequent molecular analysis (Trape\u00a0<em>et al.<\/em>\u00a02012). In Morocco appears\u00a0<span class=\"nc\">D.\u00a0sahelensis<\/span>, which showed little genetic divergence compared to populations located south of the Sahara (Trape\u00a0<em>et al.<\/em>\u00a02012).<\/p>\n<h2>Description<\/h2>\n<p>The type locality of the species is Tial\u00e9 in Senegal (Trape &amp; Man\u00e9 2006). It is a small sized snake, with an average size of 500\u00a0mm. The head is slightly differentiated body, with proportionally large eyes with vertical pupils. The snout is rounded, presenting seven supralabials, being the third and fourth in contact with the eye. The body is slender, covered with keeled scales, presenting 21 rows in the middle of the body. The tail is indistinct. The background color (based on Moroccan specimen) is orange-brown, with a black vertebral line interrupted by white blotches, arranged regularly in ladder-like pattern. The belly is yellowish white, without spots. The irises are orange and brown, with a striking V-shaped design behind the eyes, which extends above the parietal scales.<\/p>\n<div class=\"contenedor_img centrado\">\n<figure style=\"width: 600px\" class=\"wp-caption alignnone\"><img loading=\"lazy\" decoding=\"async\" src=\"http:\/\/www.moroccoherps.com\/files\/fichas\/Dasypeltis_sahelensis\/Dasypeltis_sahelensis_2.jpg\" alt=\"Dasypeltis sahelensis\" width=\"600\" height=\"400\" \/><figcaption class=\"wp-caption-text\">Head. Sidi Ifni (Morocco). Photo: \u00a9 Baudilio Rebollo Fern\u00e1ndez.<\/figcaption><\/figure>\n<\/div>\n<p>This coloration could mimic\u00a0<a href=\"https:\/\/www.moroccoherps.com\/en\/ficha\/Echis_leucogaster\/\"><span class=\"nc\">Echis leucogaster<\/span><\/a>, a viperid with similar geographic distribution. In Ethiopia it has been proposed that\u00a0<span class=\"nc\">D.\u00a0scabra<\/span>\u00a0may show Batesian mimicry with\u00a0<span class=\"nc\">Causus\u00a0rhombeatus<\/span>\u00a0(Largen and Spawls 2010). According to other authors coloration may vary depending on the type of small local viperids (Gans 1961). The combination of the following characters: short and rounded head, large eyes and vertical pupils, along with the dorsal keeled scales and vertebral design alternating spots and white, making it difficult to confuse with other local species of snakes.<\/p>\n<h2>Ecology and habits<\/h2>\n<p>A nocturnal species, showing activity even on rainy nights. There is little information on its ecology in Morocco. I&#8217;ve been able to find at late October neonates and active adults in spring. Like other species of the genus is oophagus, feeding exclusively on bird eggs. The species of this genus feed only during the bird breeding season and can survive months without feeding.<\/p>\n<h2>Distribution, habitat and abundance<\/h2>\n<p><span class=\"nc\">D. sahelensis<\/span>\u00a0is mainly distributed in the western Sahel (Senegal, Mali, Niger, northern Nigeria and Burkina Faso), there being a relict population in the south of Morocco and Western Sahara. In Morocco and Western Sahara appears in the region between Agdz, Agadir and Ahel Brahimat (Bons &amp; Geniez 1996; Geniez &amp; Guillod 2003; Geniez\u00a0<em>et al.<\/em>\u00a02004; Barnestein\u00a0<em>et al.<\/em>\u00a02010; Escoriza 2010). Sahelian populations and the located in the north of the Sahara is unlikely that they are connected (Escoriza 2010).<\/p>\n<div class=\"contenedor_img centrado\">\n<figure style=\"width: 600px\" class=\"wp-caption alignnone\"><img loading=\"lazy\" decoding=\"async\" src=\"http:\/\/www.moroccoherps.com\/files\/fichas\/Dasypeltis_sahelensis\/Dasypeltis_sahelensis_3.jpg\" alt=\"Dasypeltis sahelensis\" width=\"600\" height=\"400\" \/><figcaption class=\"wp-caption-text\">Juvenil. Sidi Ifni (Morocco). Photo: \u00a9 Daniel Escoriza.<\/figcaption><\/figure>\n<\/div>\n<p>In Morocco this species is mainly distributed in the Mediterranean oceanic desert bioclimatic belt, with an annual average temperature around the 18.9 \u00b0C, and an average precipitation between 45-214 mm \/ year. The potential vegetation is shrub formations of Euphorbia (tabaibal-cardonal), and sabanoid forest of Argania spinosa. In this region of Morocco occur other Sahelian snakes, as\u00a0<a href=\"https:\/\/www.moroccoherps.com\/en\/ficha\/Bitis_arietans\/\"><span class=\"nc\">Bitis arietans<\/span><\/a>,\u00a0<a href=\"https:\/\/www.moroccoherps.com\/en\/ficha\/Echis_leucogaster\/\"><span class=\"nc\">Echis leucogaster<\/span><\/a>\u00a0and\u00a0<span class=\"nc\">Boaedon fuliginosus<\/span>\u00a0(Schleich\u00a0<em>et al.<\/em>\u00a01996).<\/p>\n<div class=\"contenedor_img centrado\">\n<figure style=\"width: 600px\" class=\"wp-caption alignnone\"><img loading=\"lazy\" decoding=\"async\" src=\"http:\/\/www.moroccoherps.com\/files\/fichas\/Dasypeltis_sahelensis\/Dasypeltis_sahelensis_4.jpg\" alt=\"H\u00e1bitat de Dasypeltis sahelensis\" width=\"600\" height=\"400\" \/><figcaption class=\"wp-caption-text\">Habitat. Sidi Ifni (Morocco). Photo: \u00a9 Gabri Mtnez.<\/figcaption><\/figure>\n<\/div>\n<p>These snakes could have crossed the Western Sahara favored by more humid conditions during the Holocene (6000-9000 years ago), when the western Sahara desert was covered with steppes of\u00a0<span class=\"nc\">Artemisa<\/span>\u00a0(Claussen\u00a0<em>et al.<\/em>\u00a02003). The low niche differentiation showed by populations of these species located at both sides of the Sahara (Escoriza 2010) and their low genetic differentiation (Trape\u00a0<em>et al.<\/em>\u00a02012) support this scenario.<\/p>\n<p><span class=\"nc\">D. sahelensis<\/span>\u00a0seems to be one of the rarest reptiles of Morocco. Possibly this rarity is real, but also the discrete habits of this species (being up to 11 months inactive) make it very difficult to detect. The intense grazing that is suffering this region of southern Morocco is a negative factor that can affect the conservation of this relict snake population.<\/p>\n<h3 class=\"bibliografia\">References<\/h3>\n<ul>\n<li style=\"list-style-type: none;\">\n<ul>\n<li><strong>Anderson, J. 1898.<\/strong>\u00a0Zoology of Egypt.I. Reptilia and Batrachia. B. Quatrich, London. 371 pp.<\/li>\n<li><strong>Barnestein, J.A.M., G\u00f3nzalez de la Vega, J.P., Jim\u00e9nez-Cazalla, F., Gabari-Boa, V. 2010.<\/strong>\u00a0Contribuci\u00f3n al atlas de la herpetofauna de Marruecos. Bol. Asoc. Herpetol. Esp. 21: 76-82.<\/li>\n<li><strong>Bons J., Geniez, P. 1996.<\/strong>\u00a0Amphibiens et reptiles du Maroc (Sahara Occidental compris). Atlas biog\u00e9ographique. Asociaci\u00f3n Herpetol\u00f3gica Espa\u00f1ola,Barcelona. 319 pp.<\/li>\n<li><strong>Chippaux, J.P. 2006.<\/strong>\u00a0Les serpents d&#8217;Afrique occidentale et centrale. IRD \u00e9ditions, Paris. 311 pp.<\/li>\n<li><strong>Claussen, M.&amp; Gayler, V. 1997.<\/strong>\u00a0The greening of the Sahara during the mid-Holocene: results of an interactive atmosphere-biome model. Global Ecology and Biogeography Letters 6: 369\u2013377.<\/li>\n<li><strong>Egan, D. 2007.<\/strong>\u00a0Snakes of Arabia. Motivate publishing, Dubai. 208 pp.<\/li>\n<li><strong>Escoriza, D., 2010.<\/strong>\u00a0Ecological niche modeling of two Afrotropical snakes: is the Sahara desert a true barrier for these species? Rev. Esp. Herpetol. 24: 93-100.<\/li>\n<li><strong>Gans, C. 1961.<\/strong>\u00a0Mimicry in procryptically colored snakes of the genus Dasypeltis. Evolution 15: 72\u201391.<\/li>\n<li><strong>Geniez, P. &amp; Guillod, M. 2003.<\/strong>\u00a0Status and new records of Dasypeltis scabra (Linnaeus, 1758), in Morocco. Herpetozoa 16(1\/2):88-91<\/li>\n<li><strong>Geniez, P.; Mateo, J.A.; Geniez, M. &amp; Pether, J. 2004.<\/strong>\u00a0The amphibians and reptiles of the Western Sahara (former Spanish Sahara) and adjacent regions. Edition Chimaira, Frankfurt. 228 pp.<\/li>\n<li><strong>Largen, M.J.; Spawls, S. 2010.<\/strong>\u00a0Amphibians and Reptiles of Ethiopia and Eritrea. Edition Chimaira, Frankfurt.694 pp.<\/li>\n<li><strong>Lawson, R., Slowinski, J. B., Crother, B. I., and Burbrink, F. T. 2005.<\/strong>\u00a0Phylogeny of the Colubroidea (Serpentes): new evidence from mitochondrial and nuclear genes. Mol. Phylogenet. Evol. 37, 581\u2013601.<\/li>\n<li><strong>Schleich,H.H., K\u00e4stle,W., Kabisch, K. 1996.<\/strong>\u00a0Amphibians and Reptiles of North Africa. Koeltz, Koenigstein, 627 pp.<\/li>\n<li><strong>Sochurek,E. 1979.<\/strong>\u00a0Die Schlangen Nordafrikas. Mitt. Zool. Ges. Braunau 3 (8\/9): 219-226.<\/li>\n<li><strong>Trape, J.F. &amp; Man\u00e9, Y. 2006.<\/strong>\u00a0Le genre Dasypeltis Wagler (Serpentes : Colubridae) en Afrique de l\u2019Ouest : description de trois espe\u0300ces et d\u2019une sous-espe\u0300ce nouvelles. Bull. Soc. Herp. France 119: 27-56<\/li>\n<li><strong>Spawls, S., Howell, K., Drewes, R., Ashe,J. 2002.<\/strong>\u00a0A field guide to the reptiles of east Africa. Natural World, Hong-Kong. 544 pp.<\/li>\n<li><strong>Trape, S., Mediannikov, O., Trape, J.F. 2012.<\/strong>\u00a0When colour patterns reflect phylogeography: New species of Dasypeltis (Serpentes: Colubridae: Boigini) from West Africa. Comptes Rendus Biologies 335(7): 488-501.<\/li>\n<\/ul>\n<\/li>\n<\/ul>\n<p><b>To cite this page:<\/b><br \/>\nDaniel Escoriza (2012):\u00a0<span class=\"nc\">Dasypeltis sahelensis<\/span> Trape &amp; Man\u00e9, 2006. In: Mart\u00ednez, G., Le\u00f3n, R., Jim\u00e9nez-Robles, O., Gonz\u00e1lez De la Vega, J. P., Gabari, V., Rebollo, B., S\u00e1nchez-T\u00f3jar, A., Fern\u00e1ndez-Cardenete, J. R., G\u00e1llego, J. (Eds.). Moroccoherps. Amphibians and Reptiles of Morocco and Western Sahara. Available from <a href=\"https:\/\/www.moroccoherps.com\/en\/ficha\/Dasypeltis_sahelensis\/\">www.moroccoherps.com\/en\/ficha\/\u00adDasypeltis_sahelensis\/<\/a>. Version 17\/10\/2012.<\/p>\n<p><b>To cite\u00a0<a href=\"http:\/\/www.moroccoherps.com\/\">www.morocoherps.com en<\/a>\u00a0as a whole:<\/b><br \/>\nMart\u00ednez, G., Le\u00f3n, R., Jim\u00e9nez-Robles, O., Gonz\u00e1lez De la Vega, J.P., Gabari, V., Rebollo, B., S\u00e1nchez-T\u00f3jar, A., Fern\u00e1ndez-Cardenete, J.R., G\u00e1llego, J. (Eds.). Moroccoherps. Amphibians and Reptiles of Morocco and Western Sahara. Available from\u00a0<a href=\"http:\/\/www.moroccoherps.com\/\">www.moroccoherps.com<\/a>.<\/p>\n<\/div>\n<p><\/p>","protected":false},"excerpt":{"rendered":"<p>Sahel Egg Eater Dasypeltis sahelensis\u00a0Trape &amp; Man\u00e9, 2006 By\u00a0Daniel Escoriza Updated:\u00a017\/10\/2012 Taxonomy:\u00a0Serpentes\u00a0|\u00a0Colubridae\u00a0|\u00a0Dasypeltis\u00a0|\u00a0Dasypeltis sahelensis \u00a0\u00a0Dasypeltis sahelensis Distribution map of Dasypeltis sahelensis in Morocco. &nbsp; &nbsp; Gallery: 5 photos.\u00a0[ENTER] Phylogenetic frame The genus\u00a0Dasypeltis\u00a0is formed by 12 species (Spawls\u00a0et al.\u00a02002; Chippaux 2006; Trape &amp; Mane 2006; Trape\u00a0et al.\u00a02012) occurring mainly in the Afrotropical region. Outside this region appear &hellip; <\/p>\n<p class=\"link-more\"><a href=\"https:\/\/www.moroccoherps.com\/en\/ficha\/dasypeltis_sahelensis\/\" class=\"more-link\">Continue reading<span class=\"screen-reader-text\"> &#8220;Species page of Dasypeltis sahelensis&#8221;<\/span><\/a><\/p>\n","protected":false},"author":1,"featured_media":0,"parent":2564,"menu_order":0,"comment_status":"closed","ping_status":"closed","template":"","meta":{"footnotes":""},"class_list":["post-3143","page","type-page","status-publish","hentry"],"_links":{"self":[{"href":"https:\/\/www.moroccoherps.com\/en\/wp-json\/wp\/v2\/pages\/3143","targetHints":{"allow":["GET"]}}],"collection":[{"href":"https:\/\/www.moroccoherps.com\/en\/wp-json\/wp\/v2\/pages"}],"about":[{"href":"https:\/\/www.moroccoherps.com\/en\/wp-json\/wp\/v2\/types\/page"}],"author":[{"embeddable":true,"href":"https:\/\/www.moroccoherps.com\/en\/wp-json\/wp\/v2\/users\/1"}],"replies":[{"embeddable":true,"href":"https:\/\/www.moroccoherps.com\/en\/wp-json\/wp\/v2\/comments?post=3143"}],"version-history":[{"count":7,"href":"https:\/\/www.moroccoherps.com\/en\/wp-json\/wp\/v2\/pages\/3143\/revisions"}],"predecessor-version":[{"id":4585,"href":"https:\/\/www.moroccoherps.com\/en\/wp-json\/wp\/v2\/pages\/3143\/revisions\/4585"}],"up":[{"embeddable":true,"href":"https:\/\/www.moroccoherps.com\/en\/wp-json\/wp\/v2\/pages\/2564"}],"wp:attachment":[{"href":"https:\/\/www.moroccoherps.com\/en\/wp-json\/wp\/v2\/media?parent=3143"}],"curies":[{"name":"wp","href":"https:\/\/api.w.org\/{rel}","templated":true}]}}