{"id":3185,"date":"2020-01-19T10:04:27","date_gmt":"2020-01-19T10:04:27","guid":{"rendered":"http:\/\/www.moroccoherps.com\/?page_id=3185"},"modified":"2020-05-15T22:22:57","modified_gmt":"2020-05-15T22:22:57","slug":"boaedon_fuliginosus","status":"publish","type":"page","link":"https:\/\/www.moroccoherps.com\/en\/ficha\/boaedon_fuliginosus\/","title":{"rendered":"Species page of Boaedon fuliginosus"},"content":{"rendered":"<p><\/p>\n<div id=\"ficha_resumen\">\n<div id=\"especie\">\n<h1>African House Snake<br \/>\n<em><strong><span class=\"nc\">Boaedon fuliginosus<\/span><\/strong><\/em>\u00a0(Boie, 1827)<\/h1>\n<\/div>\n<div id=\"autor\">\n<div class=\"izquierdo\">\n<p>By\u00a0<b>Ra\u00fal Le\u00f3n Vigara<\/b><\/p>\n<\/div>\n<\/div>\n<div>\n<div id=\"actualizado\" class=\"izquierdo\">\n<p>Updated:\u00a0<b>14\/05\/2020<\/b><\/p>\n<\/div>\n<div id=\"jerarquia_taxonomica\" class=\"derecho\">\n<p>Taxonomy:\u00a0Serpentes\u00a0|\u00a0Lamprophiidae\u00a0|\u00a0Boaedon\u00a0|\u00a0Boaedon fuliginosus<\/p>\n<\/div>\n<\/div>\n<div id=\"foto_principal\">\n<figure style=\"width: 680px\" class=\"wp-caption alignnone\"><img loading=\"lazy\" decoding=\"async\" src=\"http:\/\/www.moroccoherps.com\/files\/fichas\/Boaedon_fuliginosus\/Boaedon_fuliginosus_1.jpg\" alt=\"Boaedon fuliginosus\" width=\"680\" height=\"453\" \/><figcaption class=\"wp-caption-text\">Boaedon fuliginosus. Tan-Tan. Photo: \u00a9 J. G\u00e1llego.<\/figcaption><\/figure>\n<\/div>\n<div id=\"mapa_distribucion\">\n<p><img decoding=\"async\" id=\"mapa_distribucion_img\" class=\"alignleft\" src=\"http:\/\/www.moroccoherps.com\/files\/fichas\/Boaedon_fuliginosus\/Boaedon_fuliginosus_mapa.jpg\" alt=\"Range map of Boaedon fuliginosus\" \/><\/p>\n<p class=\"leyenda_mapa_ficha\"><img decoding=\"async\" src=\"\/files\/images\/red.jpg\" alt=\"\" \/>\u00a0\u00a0<span class=\"nc\">Boaedon fuliginosus<\/span><\/p>\n<p class=\"caption_mapa_ficha\">Distribution map of<br \/>\n<span class=\"nc\">Boaedon fuliginosus<\/span><br \/>\nin Morocco.<\/p>\n<\/div>\n<p>&nbsp;<\/p>\n<div id=\"gal_text\">\n<p>&nbsp;<\/p>\n<p>Gallery: 5 photos.\u00a0<a href=\"https:\/\/www.moroccoherps.com\/en\/galeria\/boaedon_fuliginosus\/\">[ENTER]<\/a><\/p>\n<\/div>\n<div class=\"filete\"><\/div>\n<\/div>\n<div id=\"ficha_info\">\n<h2>Phylogenetic frame<\/h2>\n<p>Formerly classified as\u00a0<span class=\"nc\">Lamprophis fuliginosus<\/span>. Kelly\u00b4s\u00a0<em>et al<\/em>., investigations in 2011 indicate that\u00a0<span class=\"nc\">Lamprophis fuliginosus<\/span>\u00a0is a complex of species including again the\u00a0<span class=\"nc\">Boaedon<\/span>, being this species classified as\u00a0<span class=\"nc\">Boaedon fuliginosus<\/span>. The genus\u00a0<span class=\"nc\">Lamprophis<\/span>\u00a0is then formed by 4 species of South African snakes.<\/p>\n<h2>Description<\/h2>\n<p>Medium-sized snake from 60-120 cm (Schleich\u00a0<em>et al<\/em>., 1996) with a maximum length of 150 cm (Hermann, 1989). The shape of its body is thinner at its sides.<\/p>\n<p>It is a non-poisonous snake, with aglyphus teeth.<\/p>\n<p>It is its bright, smooth and iridescent coloration what turns this snake into a beautiful animal. Juvenile specimens are normally solid\/plain black while adults are dark brown or grayish-brown which white ventral coloration normally is observed from ventral scales to those, more evident, located on the neck or labial scales (both infralabials and supralabials). The ventral scales are of pearly-white coloration.<\/p>\n<figure id=\"attachment_6004\" aria-describedby=\"caption-attachment-6004\" style=\"width: 806px\" class=\"wp-caption alignnone\"><img loading=\"lazy\" decoding=\"async\" class=\"size-full wp-image-6004\" src=\"http:\/\/www.moroccoherps.com\/wp-content\/uploads\/2020\/05\/FOTO-1-1.jpg\" alt=\"\" width=\"806\" height=\"540\" srcset=\"https:\/\/www.moroccoherps.com\/wp-content\/uploads\/2020\/05\/FOTO-1-1.jpg 806w, https:\/\/www.moroccoherps.com\/wp-content\/uploads\/2020\/05\/FOTO-1-1-300x201.jpg 300w, https:\/\/www.moroccoherps.com\/wp-content\/uploads\/2020\/05\/FOTO-1-1-768x515.jpg 768w\" sizes=\"auto, (max-width: 767px) 89vw, (max-width: 1000px) 54vw, (max-width: 1071px) 543px, 580px\" \/><figcaption id=\"caption-attachment-6004\" class=\"wp-caption-text\">Coloration and head close-up of a juvenile and an adult. Juvenile (left), Tan-Tan. Photo: \u00a9 Ra\u00fal Le\u00f3n. Adult, Tan-Tan. Photo: \u00a9 J. G\u00e1llego.<\/figcaption><\/figure>\n<div class=\"contenedor_img centrado\"><\/div>\n<div class=\"contenedor_img centrado\"><\/div>\n<p>The head is long, narrow and somehow is compressed at the dorsoventral area. The eyes are relatively big, with the same coloration as the body and they have elliptical or vertical pupils.<\/p>\n<div class=\"contenedor_img centrado\"><\/div>\n<p>Regarding the sexual dimorphism, Schleich stated that female specimens have higher number of ventral scales (209-249) than males (192-230). However, female have less caudal scales (42-59) than males (56-75). Due to the hemipenes, a protrusion at the base of the tail can be observed in adults.<\/p>\n<p>Being plain dark,\u00a0<span class=\"nc\">Boaedon fuliginosus<\/span>\u00a0could be, at a quick look, confused with adult specimens of the Egyptian Cobra (<a href=\"https:\/\/www.moroccoherps.com\/en\/ficha\/Naja_haje\/\"><span class=\"nc\">Naja haje<\/span><\/a>). Some hints to differentiate these two specimens are: the size of scales are relatively bigger in the Egyptian Cobra than in the Brown House Snake, so scales on cobras are more noticeable and marked than on Brown House Snakes. Adult cobras are of a regular black color while Brown House Snakes are dark brown, grayish- brown even though they could also be black. However, we must note that both sub-adult and adult cobras could show up different colorations from dirty black, to dark brown or even brown mixed with black; this could lead again to confuse it with the Brown House Snake. Brown House Snakes are dark but always a very bright dark, while cobras are not as bright, more muted colored or \u201cdirty\u201d colored. So we can say that the scales on Brown House Snakes reflect more light and have a brighter aspect than the scales on the Egyptian cobra. Adult Brown House Snakes have white or pale labial scales as well as on the neck area, while this pattern is never observed on cobras. The ventral area of a cobra is black while in a Brown House Snake is pearly white.\u00a0<span class=\"nc\">Boaedon fuliginosus<\/span>\u00a0and\u00a0<span class=\"nc\">Naja haje<\/span>\u00a0have similar dark eyes, though the first has got relatively bigger eyes and elliptical pupils and\u00a0<span class=\"nc\">Naja haje<\/span>\u00a0has got rounded pupils not easily perceived at first sight.<\/p>\n<figure id=\"attachment_6007\" aria-describedby=\"caption-attachment-6007\" style=\"width: 806px\" class=\"wp-caption alignnone\"><img loading=\"lazy\" decoding=\"async\" class=\"wp-image-6007 size-full\" src=\"http:\/\/www.moroccoherps.com\/wp-content\/uploads\/2020\/05\/FOTO-4-1.jpg\" alt=\"\" width=\"806\" height=\"267\" srcset=\"https:\/\/www.moroccoherps.com\/wp-content\/uploads\/2020\/05\/FOTO-4-1.jpg 806w, https:\/\/www.moroccoherps.com\/wp-content\/uploads\/2020\/05\/FOTO-4-1-300x99.jpg 300w, https:\/\/www.moroccoherps.com\/wp-content\/uploads\/2020\/05\/FOTO-4-1-768x254.jpg 768w\" sizes=\"auto, (max-width: 767px) 89vw, (max-width: 1000px) 54vw, (max-width: 1071px) 543px, 580px\" \/><figcaption id=\"caption-attachment-6007\" class=\"wp-caption-text\">Comparative of adults of Boaedon fuliginosus and Naja haje. Photos: \u00a9 Javi Gallego<\/figcaption><\/figure>\n<p>Both species have similar behavior of escaping when they feel threatened, however cobras may adopt their intimidating strategy by lifting and flattening the head and neck expanding the hood. Brown House Snakes do not show this passive-defense behavior.<\/p>\n<figure id=\"attachment_6010\" aria-describedby=\"caption-attachment-6010\" style=\"width: 740px\" class=\"wp-caption alignnone\"><img loading=\"lazy\" decoding=\"async\" class=\"size-full wp-image-6010\" src=\"http:\/\/www.moroccoherps.com\/wp-content\/uploads\/2020\/05\/FOTO2.jpg\" alt=\"\" width=\"740\" height=\"493\" srcset=\"https:\/\/www.moroccoherps.com\/wp-content\/uploads\/2020\/05\/FOTO2.jpg 740w, https:\/\/www.moroccoherps.com\/wp-content\/uploads\/2020\/05\/FOTO2-300x200.jpg 300w\" sizes=\"auto, (max-width: 706px) 89vw, (max-width: 767px) 82vw, 740px\" \/><figcaption id=\"caption-attachment-6010\" class=\"wp-caption-text\">Subadult, Tan-Tan. Photo: \u00a9 Ra\u00fal Le\u00f3n<\/figcaption><\/figure>\n<p>There is not any similarity between juvenile Brown House Snakes and juvenile cobras. Juvenile Brown House Snakes are light black with a white ventral area and juvenile cobras are yellow with brown or black spots and just the head and the neck are black.<\/p>\n<figure id=\"attachment_6011\" aria-describedby=\"caption-attachment-6011\" style=\"width: 806px\" class=\"wp-caption alignnone\"><img loading=\"lazy\" decoding=\"async\" class=\"size-full wp-image-6011\" src=\"http:\/\/www.moroccoherps.com\/wp-content\/uploads\/2020\/05\/FOTO3.jpg\" alt=\"\" width=\"806\" height=\"258\" srcset=\"https:\/\/www.moroccoherps.com\/wp-content\/uploads\/2020\/05\/FOTO3.jpg 806w, https:\/\/www.moroccoherps.com\/wp-content\/uploads\/2020\/05\/FOTO3-300x96.jpg 300w, https:\/\/www.moroccoherps.com\/wp-content\/uploads\/2020\/05\/FOTO3-768x246.jpg 768w\" sizes=\"auto, (max-width: 767px) 89vw, (max-width: 1000px) 54vw, (max-width: 1071px) 543px, 580px\" \/><figcaption id=\"caption-attachment-6011\" class=\"wp-caption-text\">Scale details of the head of a subadult individual and venter coloration in a juvenile (right). Tan-Tan. Photo: \u00a9 Ra\u00fal Le\u00f3n<\/figcaption><\/figure>\n<h2>Ecology and habits<\/h2>\n<p>It stays under its shelter during the day and at night-time it starts searching its preys actively. It uses the constriction to paralyze its preys before eating them. They feed mainly on small mammals (mice, shrews, etc.) (Trape and Man\u00e9, 2006) but they also feed on other reptiles, amphibians and birds (Schleich\u00a0<em>et al<\/em>., 1996). When they live nearby populated areas they should be highly-valued animals as they control rodent plagues (Schleich\u00a0<em>et al<\/em>., 1996).<\/p>\n<p>When they feel threatened they try to escape but if they are captured they try to bite to defend themselves. However, it is a harmless species.<\/p>\n<h2>Distribution, habitat and abundance<\/h2>\n<p>They are distributed from the coastal areas near Aoulouz and el Aai\u00fan (Bons and Geniez, 1996). It is other example of tropical fauna, original from the South maintaining some specimens in the North West of Africa.<\/p>\n<p>They live in arid areas near the Atlantic coast, flatlands with some bushes and\u00a0<span class=\"nc\">Euphorbia<\/span>, areas with dispersed trees and bushes, rocky areas, including habitats with no bushes at all.<\/p>\n<div class=\"contenedor_img centrado\"><img decoding=\"async\" src=\"http:\/\/www.moroccoherps.com\/files\/fichas\/Boaedon_fuliginosus\/Boaedon_fuliginosus_4.jpg\" alt=\"H\u00e1bitat de Boaedon fuliginosus\" \/><br \/>\n<img decoding=\"async\" src=\"http:\/\/www.moroccoherps.com\/files\/fichas\/Boaedon_fuliginosus\/Boaedon_fuliginosus_5.jpg\" alt=\"H\u00e1bitat de Boaedon fuliginosus\" \/><\/p>\n<figure style=\"width: 600px\" class=\"wp-caption alignnone\"><img loading=\"lazy\" decoding=\"async\" src=\"http:\/\/www.moroccoherps.com\/files\/fichas\/Boaedon_fuliginosus\/Boaedon_fuliginosus_6.jpg\" alt=\"H\u00e1bitat de Boaedon fuliginosus\" width=\"600\" height=\"400\" \/><figcaption class=\"wp-caption-text\">Examples of habitats of Boaedon fuliginosus (top to bottom): Sidi Ifni, Tan-tan, Tan-tan. Photos: \u00a9 Ra\u00fal Le\u00f3n.<\/figcaption><\/figure>\n<\/div>\n<p>It is considered a rare species in the research area. As proposed by Geniez and Bons, these reptiles coming from more tropical regions should be urgently protected.<\/p>\n<p>The main causes of mortality could be hit by cars and when they get inside some infrastructures-as pits or water reservoirs- from where they cannot leave; dying from drowning or starvation. It is relevant the number of specimens killed by people as well as captured for the trafficking and selling.<\/p>\n<p class=\"caption\">Translated by Carlos Perez Font\u00e1n-Membrives.<\/p>\n<h3 class=\"bibliografia\">References<\/h3>\n<ul>\n<li style=\"list-style-type: none;\">\n<ul>\n<li><strong>Bons, J. y Geniez, P. 1996.<\/strong>\u00a0Anfibios y Reptiles de Marruecos (incluyendo S\u00e1hara Occidental). Atlas Biogeogr\u00e1fico. Asociaci\u00f3n Herpetol\u00f3gica Espa\u00f1ola. Barcelona. 319 pp<\/li>\n<li><strong>Kelly, C.M.R.; William R. B., Donald G. B., Nigel P. B., Martin H. V. 2011.<\/strong>\u00a0Molecular systematics of the African snake family Lamprophiidae Fitzinger, 1843 (Serpentes: Elapoidea), with particular focus on the genera Lamprophis Fitzinger 1843 and Mehelya Csiki 1903. Molecular Phylogenetic and Evolution. 58(3): 415-426<\/li>\n<li><strong>Schleich, H. H., K\u00e4stle, W., Kabisch, K. 1996.<\/strong>\u00a0Amphibians and Reptiles of North Africa. Koeltz Sci. Books, Koenigstein.<\/li>\n<li><strong>Trape, J.F. y Man\u00e9, Y. 2006.<\/strong>\u00a0Guide des serpents d\u2019Afrique occidentale. Savane et d\u00e9sert. IRD Editions, Paris, 226 pp.<\/li>\n<\/ul>\n<\/li>\n<\/ul>\n<hr \/>\n<div id=\"info_extra\">\n<div id=\"citation\">\n<p>&nbsp;<\/p>\n<p><b>To cite this page:<\/b><br \/>\nRa\u00fal Le\u00f3n Vigara\u00a0(2013):\u00a0<span class=\"nc\">Boaedon fuliginosus<\/span>\u00a0(Boie, 1827). In: Mart\u00ednez, G., Le\u00f3n, R., Jim\u00e9nez-Robles, O., Gonz\u00e1lez De la Vega, J. P., Gabari, V., Rebollo, B., S\u00e1nchez-T\u00f3jar, A., Fern\u00e1ndez-Cardenete, J. R., G\u00e1llego, J. (Eds.). Moroccoherps. Amphibians and Reptiles of Morocco and Western Sahara.<br \/>\nAvailable from\u00a0<a href=\"https:\/\/www.moroccoherps.com\/en\/ficha\/Boaedon_fuliginosus\/\">www.moroccoherps.com\/en\/ficha\/Boaedon_fuliginosus\/<\/a>. Version 13\/01\/2013.<\/p>\n<p><b>To cite\u00a0<a href=\"http:\/\/www.moroccoherps.com\/\">www.morocoherps.com en<\/a>\u00a0as a whole:<\/b><br \/>\nMart\u00ednez, G., Le\u00f3n, R., Jim\u00e9nez-Robles, O., Gonz\u00e1lez De la Vega, J.P., Gabari, V., Rebollo, B., S\u00e1nchez-T\u00f3jar, A., Fern\u00e1ndez-Cardenete, J.R., G\u00e1llego, J. (Eds.). Moroccoherps. Amphibians and Reptiles of Morocco and Western Sahara.<br \/>\nAvailable from\u00a0<a href=\"http:\/\/www.moroccoherps.com\/\">www.moroccoherps.com<\/a>.<\/p>\n<\/div>\n<\/div>\n<\/div>\n<p><\/p>","protected":false},"excerpt":{"rendered":"<p>African House Snake Boaedon fuliginosus\u00a0(Boie, 1827) By\u00a0Ra\u00fal Le\u00f3n Vigara Updated:\u00a014\/05\/2020 Taxonomy:\u00a0Serpentes\u00a0|\u00a0Lamprophiidae\u00a0|\u00a0Boaedon\u00a0|\u00a0Boaedon fuliginosus \u00a0\u00a0Boaedon fuliginosus Distribution map of Boaedon fuliginosus in Morocco. &nbsp; &nbsp; Gallery: 5 photos.\u00a0[ENTER] Phylogenetic frame Formerly classified as\u00a0Lamprophis fuliginosus. Kelly\u00b4s\u00a0et al., investigations in 2011 indicate that\u00a0Lamprophis fuliginosus\u00a0is a complex of species including again the\u00a0Boaedon, being this species classified as\u00a0Boaedon fuliginosus. The genus\u00a0Lamprophis\u00a0is &hellip; <\/p>\n<p class=\"link-more\"><a href=\"https:\/\/www.moroccoherps.com\/en\/ficha\/boaedon_fuliginosus\/\" class=\"more-link\">Continue reading<span class=\"screen-reader-text\"> &#8220;Species page of Boaedon fuliginosus&#8221;<\/span><\/a><\/p>\n","protected":false},"author":1,"featured_media":0,"parent":2564,"menu_order":0,"comment_status":"closed","ping_status":"closed","template":"","meta":{"footnotes":""},"class_list":["post-3185","page","type-page","status-publish","hentry"],"_links":{"self":[{"href":"https:\/\/www.moroccoherps.com\/en\/wp-json\/wp\/v2\/pages\/3185","targetHints":{"allow":["GET"]}}],"collection":[{"href":"https:\/\/www.moroccoherps.com\/en\/wp-json\/wp\/v2\/pages"}],"about":[{"href":"https:\/\/www.moroccoherps.com\/en\/wp-json\/wp\/v2\/types\/page"}],"author":[{"embeddable":true,"href":"https:\/\/www.moroccoherps.com\/en\/wp-json\/wp\/v2\/users\/1"}],"replies":[{"embeddable":true,"href":"https:\/\/www.moroccoherps.com\/en\/wp-json\/wp\/v2\/comments?post=3185"}],"version-history":[{"count":19,"href":"https:\/\/www.moroccoherps.com\/en\/wp-json\/wp\/v2\/pages\/3185\/revisions"}],"predecessor-version":[{"id":6013,"href":"https:\/\/www.moroccoherps.com\/en\/wp-json\/wp\/v2\/pages\/3185\/revisions\/6013"}],"up":[{"embeddable":true,"href":"https:\/\/www.moroccoherps.com\/en\/wp-json\/wp\/v2\/pages\/2564"}],"wp:attachment":[{"href":"https:\/\/www.moroccoherps.com\/en\/wp-json\/wp\/v2\/media?parent=3185"}],"curies":[{"name":"wp","href":"https:\/\/api.w.org\/{rel}","templated":true}]}}