{"id":3201,"date":"2020-01-19T11:38:01","date_gmt":"2020-01-19T11:38:01","guid":{"rendered":"http:\/\/www.moroccoherps.com\/?page_id=3201"},"modified":"2023-02-08T09:23:27","modified_gmt":"2023-02-08T09:23:27","slug":"malpolon_insignitus","status":"publish","type":"page","link":"https:\/\/www.moroccoherps.com\/en\/ficha\/malpolon_insignitus\/","title":{"rendered":"Species page of Malpolon insignitus"},"content":{"rendered":"<p><\/p>\n<div id=\"ficha_resumen\">\n<div id=\"especie\">\n<h1>Eastern Montpellier Snake<br \/>\n<span class=\"nc\">Malpolon insignitus<\/span>\u00a0(Geoffroy Saint-Hilaire, 1827)<\/h1>\n<\/div>\n<div id=\"autor\">\n<div class=\"izquierdo\">\n<p>By\u00a0<b>Francisco Jimenez-Cazalla<\/b><\/p>\n<\/div>\n<\/div>\n<div>\n<div id=\"actualizado\" class=\"izquierdo\">\n<p>Updated:\u00a0<b>23\/09\/2012<\/b><\/p>\n<\/div>\n<div id=\"jerarquia_taxonomica\" class=\"derecho\">\n<p>Taxonomy:\u00a0Serpentes\u00a0|\u00a0Psammophiidae\u00a0|\u00a0Malpolon\u00a0|\u00a0Malpolon insignitus<\/p>\n<\/div>\n<\/div>\n<div id=\"foto_principal\">\n<figure style=\"width: 680px\" class=\"wp-caption alignnone\"><img loading=\"lazy\" decoding=\"async\" src=\"http:\/\/moroccoherps.com\/files\/fichas\/Malpolon_insignitus\/Malpolon_insignitus_1.jpg\" alt=\"Malpolon insignitus\" width=\"680\" height=\"453\" \/><figcaption class=\"wp-caption-text\">Malpolon insignitus. Rekkam (Morocco). Photo: \u00a9 Francisco Jim\u00e9nez-Cazalla.<\/figcaption><\/figure>\n<\/div>\n<div id=\"mapa_distribucion\">\n<p><img decoding=\"async\" id=\"mapa_distribucion_img\" class=\"alignleft\" src=\"http:\/\/moroccoherps.com\/files\/fichas\/Malpolon_insignitus\/Malpolon_insignitus_mapa.jpg\" alt=\"Range map of Malpolon insignitus\" \/><\/p>\n<div>\n<p class=\"leyenda_mapa_ficha\"><img decoding=\"async\" src=\"http:\/\/moroccoherps.com\/files\/images\/red.jpg\" alt=\"\" \/>\u00a0\u00a0<span class=\"nc\">Malpolon insignitus<\/span><\/p>\n<p class=\"leyenda_mapa_ficha\"><img decoding=\"async\" src=\"http:\/\/moroccoherps.com\/files\/images\/yellow.jpg\" alt=\"\" \/>\u00a0\u00a0<span class=\"nc\">insignitus x monspessulanus<\/span><\/p>\n<\/div>\n<p class=\"caption_mapa_ficha\">Distribution map of<br \/>\n<span class=\"nc\">Malpolon insignitus<\/span><br \/>\nin Morocco.<\/p>\n<\/div>\n<p>&nbsp;<\/p>\n<div id=\"gal_text\">\n<p>Gallery: 3 photos.\u00a0[ENTER]<\/p>\n<\/div>\n<div class=\"filete\"><\/div>\n<\/div>\n<div id=\"ficha_info\">\n<h2>Description<\/h2>\n<div class=\"contenedor_img derecho\">\n<figure style=\"width: 600px\" class=\"wp-caption alignnone\"><img loading=\"lazy\" decoding=\"async\" src=\"http:\/\/www.moroccoherps.com\/files\/fichas\/Malpolon_insignitus\/Malpolon_insignitus_3.jpg\" alt=\"\" width=\"600\" height=\"400\" \/><figcaption class=\"wp-caption-text\">Malpolon insignitus. Rekkam Plateau (Morocco). Photo: \u00a9 Francisco Jimenez-Cazalla.<\/figcaption><\/figure>\n<\/div>\n<p>This snake, treated here as valid species (Carranza\u00a0<em>et\u00a0al.<\/em>,\u00a02006)<sup>1<\/sup>, presents, as expected, almost identical features with\u00a0<a href=\"https:\/\/www.moroccoherps.com\/en\/ficha\/Malpolon_monspessulanus\"><span class=\"nc\">Malpolon monspessulanus<\/span><\/a>. In contrast to this, there\u00b4re no records of more than 200\u00a0cm individuals, the largest individual known is cited by Anderson in Egypt reached 182\u00a0cm total length (Baha El Din, 2006).<\/p>\n<p>Head narrow, poorly differentiated from the body and somewhat pointed. Previous supraocular and supranasal areas are somewhat prominent, highlighted by a visible depression in the loreal region. Ophistoglyph. Scale front close. 8\u00a0supralabials, the most with the 4th and 5 in contact with the eyes; these are large and with round pupil. Generally 2\u00a0postocular and 2\u00a0loreal scales. Just 1\u00a0preocular with big size, sometimes somewhat fragmented.<\/p>\n<p>Body large, robust, covered with smooth and grooved scales longitudinally more or less obvious; these are arranged in rows 17-19 at midbody. According to Gruber (1993),\u00a0<span class=\"nc\">M.\u00a0insignitus<\/span>\u00a0normally has 17 rows, while\u00a0<a href=\"https:\/\/www.moroccoherps.com\/en\/ficha\/Malpolon_monspessulanus\"><span class=\"nc\">M.\u00a0monspessulanus<\/span><\/a>\u00a0usually has 19; this character is observed in Moroccan individuals (Fahd &amp; Pleguezuelos, 2001; Jim\u00e9nez-Cazalla obs. pers.). Usually 166-177 ventrals and 93-102 pairs of subcaudal scales. Anal divided.<\/p>\n<p>Males have a uniform dorsal coloration usually greenish, gray-green or brownish. They lack the classic black spot on the anterior body present in\u00a0<a href=\"https:\/\/www.moroccoherps.com\/en\/ficha\/Malpolon_monspessulanus\"><span class=\"nc\">M.\u00a0monspessulanus<\/span><\/a>\u00a0(Mertens, 1925; Lanza &amp; Bruzzone, 1960). Belly white, cream or light yellow, and may present a more or less patent mottled. Juveniles and females with more contrast coloration, showing a pattern of dark spots on lighter background, the ventral coloration is cream or orange, with clear mottled.<\/p>\n<div class=\"contenedor_img centrado\">\n<figure style=\"width: 600px\" class=\"wp-caption alignnone\"><img loading=\"lazy\" decoding=\"async\" src=\"http:\/\/www.moroccoherps.com\/files\/fichas\/Malpolon_insignitus\/Malpolon_insignitus_4.jpg\" alt=\"\" width=\"600\" height=\"400\" \/><figcaption class=\"wp-caption-text\">Malpolon insignitus ventral scales. Rekkam Plateau (Morocco). Photo: \u00a9 Francisco Jimenez-Cazalla.<\/figcaption><\/figure>\n<\/div>\n<h2>Ecology and habits<\/h2>\n<p>Predominantly terrestrial and diurnal species, but noted an increase in crepuscular and nocturnal activity during the hottest months (Schleich\u00a0<em>et al<\/em>., 1996; Baha El Din, 2006).<\/p>\n<p>In the region of Oran is active for most of the year, and it has been observed in the months of November and February (Schleich\u00a0<em>et al<\/em>., 1996).<\/p>\n<div class=\"contenedor_img centrado\">\n<figure style=\"width: 600px\" class=\"wp-caption alignnone\"><img loading=\"lazy\" decoding=\"async\" src=\"http:\/\/www.moroccoherps.com\/files\/fichas\/Malpolon_insignitus\/Malpolon_insignitus_2.jpg\" alt=\"\" width=\"600\" height=\"400\" \/><figcaption class=\"wp-caption-text\">Unspecified adult individual (Malpolon sp.) without dark spot on the anterior of the body that had 19 rows of dorsal scales. Muluya depression (Morocco). Photo: \u00a9 Francisco Jimenez-Cazalla.<\/figcaption><\/figure>\n<\/div>\n<p>We didn\u00b4t find specific data on reproduction and nutritional spectrum of this taxon in the literature, so the data presented below are those referred by Schleich\u00a0<em>et al<\/em>. (1996) to\u00a0<a href=\"https:\/\/www.moroccoherps.com\/en\/ficha\/Malpolon_monspessulanus\"><span class=\"nc\">M. monspessulanus<\/span><\/a>\u00a0in northern Africa.<\/p>\n<p>Mating season is in the months from april to june, egg-laying from June to August; the size of this varies from 4-18\u00a0eggs. Hatchlings measure between 22-44\u00a0cm.<\/p>\n<p>Their food spectrum is quite broad. Juveniles often feed small lizards (<span class=\"nc\">Chalcides<\/span>,\u00a0<span class=\"nc\">Acanthodactylus<\/span>), anfisbaenians (<span class=\"nc\">Blanus<\/span>,\u00a0<span class=\"nc\">Trogonophis<\/span>) and baby mammals. Adults prey on large lizards (<span class=\"nc\">Agama<\/span>), snakes (including of the same species), mammals (<span class=\"nc\">Meriones<\/span>), lagomorphs and birds (<span class=\"nc\">Alectoris<\/span>,\u00a0<span class=\"nc\">Galerida<\/span>).<\/p>\n<p>It has a great agility of movement and can run at high speed in danger. In case you get cornered it usually it breathes air to produce a loud snort of intimidating character, if it is attacked or subjected not hesitate to bite fiercely. This species isn\u00b4t considered dangerous to humans because it doesn\u00b4t usually bite with back teeth, the only able teeth to inoculate their weak venom. In most known cases of poisoning were observed only local symptoms such as edema, paresthesia, stiffness of the affected limb and lymphangitis, symptoms that disappear within 48 hours after application of antihistamines and corticosteroids (Pleguezuelos, 1997). Schleich (1987) mentions a fatal case of snake bite in Libya, although he didn\u00b4t see directly the event (Schleich et al., 1996; Fahd &amp; Pleguezuelos, 1997).<\/p>\n<h2>Distribution, habitat and abundance<\/h2>\n<p>Present in the country&#8217;s easternmost area, east of the Oued Muluya. Most records are from the highlands region, where it seems to be rare; it\u00b4s presence to south decreases as it enters in desert domain (Bons &amp; Geniez, 1996; Fahd &amp; Pleguezuelos, 2001).<\/p>\n<div class=\"contenedor_img centrado\">\n<figure style=\"width: 600px\" class=\"wp-caption alignnone\"><img loading=\"lazy\" decoding=\"async\" src=\"http:\/\/www.moroccoherps.com\/files\/fichas\/Malpolon_insignitus\/Malpolon_insignitus_5.jpg\" alt=\"\" width=\"600\" height=\"400\" \/><figcaption class=\"wp-caption-text\">Malpolon insignitus habitat. Rekkam Plateau (Morocco). Photo: \u00a9 Francisco Jimenez-Cazalla.<\/figcaption><\/figure>\n<\/div>\n<p>Generalist species but their distribution in Morocco is mainly steppe areas, both espart areas (<span class=\"nc\">Stipa tenacissima<\/span>), and other low vegetation cover and variable stoniness.<\/p>\n<div class=\"contenedor_img centrado\">\n<figure style=\"width: 600px\" class=\"wp-caption alignnone\"><img loading=\"lazy\" decoding=\"async\" src=\"http:\/\/www.moroccoherps.com\/files\/fichas\/Malpolon_insignitus\/Malpolon_insignitus_6.jpg\" alt=\"\" width=\"600\" height=\"400\" \/><figcaption class=\"wp-caption-text\">Malpolon insignitus habitat. Rekkam Plateau (Morocco). Photo: \u00a9 Francisco Jimenez-Cazalla.<\/figcaption><\/figure>\n<\/div>\n<p>___________________<\/p>\n<ol>\n<li>Carranza in this paper establishes the existence of two clades, a western clade (<a href=\"https:\/\/www.moroccoherps.com\/en\/ficha\/Malpolon_monspessulanus\"><span class=\"nc\">M. monspessulanus<\/span><\/a>) and an eastern clade (<span class=\"nc\">M. insignitus insignitus<\/span>\u00a0and\u00a0<span class=\"nc\">M. insignitus fuscus<\/span>), but assigns the populations of Morocco and Algeria to the western clade.<\/li>\n<\/ol>\n<h3 class=\"bibliografia\">References<\/h3>\n<ul>\n<li style=\"list-style-type: none;\">\n<ul>\n<li><b>Baha El Din, S. 2006.<\/b>\u00a0A Guide to the Reptiles and Amphibians of Egypt. The American University in Cairo Press. New york.<\/li>\n<li><b>Bons, J. &amp; Geniez, P. 1996.<\/b>\u00a0Anfibios y Reptiles de Marruecos (Incluido Sahara Occidentales). Atlas Biogeogr\u00e1fico. Asociaci\u00f3n Herpetol\u00f3gica Espa\u00f1ola. Barcelona.<\/li>\n<li><b>Carranza, S., Arnold, E.N. &amp; Pleguezuelos, J.M. 2006.<\/b>\u00a0Phylogeny, biogeography, and evolution of two Mediterranean snakes, Malpolon monspessulanus and Hemorrhois hippocrepis (Squamata, Colubridae), using mtDNA sequences. Molecular Phylogenetics and Evolution 450 (2): 532-546<\/li>\n<li><b>Fahd, S. &amp; Pleguezuelos, J.M. 2001.<\/b>\u00a0Los Reptiles del Rif (norte de Marruecos), II: Anfisbenios y ofidios. Revista Espa\u00f1ola de Herpetolog\u00eda, 15: 13-36<\/li>\n<li><b>Geniez, P., Cluchier, A. &amp; de Hann, C.C. 2006.<\/b>\u00a0A multivariate analysis of the morphology of the colubrid snake Malpolon monspessulanus in Morocco and Western Sahara: biogeographic and systematic implications. Salamandra, 42 (2): 66-82<\/li>\n<li><b>Gruber,U. 1993.<\/b>\u00a0Gu\u00eda de las serpientes de Europa, Norte de \u00c1frica y Pr\u00f3ximo Oriente. OMEGA<\/li>\n<li><b>Pleguezuelos, 1997.<\/b>\u00a0Malpolon monspessulanus (Hermann, 1804). En: Reptiles. Salvador, A. (coordinador, 1997. Fauna Ib\u00e9rica, vol 10. Ramos, M.A. et al. (Eds). Museo Nacional de Ciencias Naturales. CSIC. Madrid; 408- 427.<\/li>\n<li><b>Schleich, H.H., K\u00e4stle, W. &amp; Kabisch, K. 1996.<\/b> Amphibians and Reptiles of North Africa. Biology, Systematics, Field Guide. Koeltz Scientific Books.<\/li>\n<\/ul>\n<\/li>\n<\/ul>\n<\/div>\n<p><b>To cite this page:<\/b><br \/>\nFrancisco Jimenez-Cazalla (2012):\u00a0<span class=\"nc\">Malpolon insignitus<\/span> (Geoffroy Saint-Hilaire, 1827). In: Mart\u00ednez, G., Le\u00f3n, R., Jim\u00e9nez-Robles, O., Gonz\u00e1lez De la Vega, J. P., Gabari, V., Rebollo, B., S\u00e1nchez-T\u00f3jar, A., Fern\u00e1ndez-Cardenete, J. R., G\u00e1llego, J. (Eds.). Moroccoherps. Amphibians and Reptiles of Morocco and Western Sahara. Available from <a href=\"https:\/\/www.moroccoherps.com\/en\/ficha\/Malpolon_insignitus\/\">www.moroccoherps.com\/en\/ficha\/\u00adMalpolon_insignitus\/<\/a>. Version 23\/09\/2012.<\/p>\n<p><b>To cite\u00a0<a href=\"http:\/\/moroccoherps.com\/\">www.morocoherps.com en<\/a>\u00a0as a whole:<\/b><br \/>\nMart\u00ednez, G., Le\u00f3n, R., Jim\u00e9nez-Robles, O., Gonz\u00e1lez De la Vega, J.P., Gabari, V., Rebollo, B., S\u00e1nchez-T\u00f3jar, A., Fern\u00e1ndez-Cardenete, J.R., G\u00e1llego, J. (Eds.). Moroccoherps. Amphibians and Reptiles of Morocco and Western Sahara. Available from <a href=\"http:\/\/www.moroccoherps.com\/\">www.moroccoherps.com<\/a>.<\/p>","protected":false},"excerpt":{"rendered":"<p>Eastern Montpellier Snake Malpolon insignitus\u00a0(Geoffroy Saint-Hilaire, 1827) By\u00a0Francisco Jimenez-Cazalla Updated:\u00a023\/09\/2012 Taxonomy:\u00a0Serpentes\u00a0|\u00a0Psammophiidae\u00a0|\u00a0Malpolon\u00a0|\u00a0Malpolon insignitus \u00a0\u00a0Malpolon insignitus \u00a0\u00a0insignitus x monspessulanus Distribution map of Malpolon insignitus in Morocco. &nbsp; Gallery: 3 photos.\u00a0[ENTER] Description This snake, treated here as valid species (Carranza\u00a0et\u00a0al.,\u00a02006)1, presents, as expected, almost identical features with\u00a0Malpolon monspessulanus. In contrast to this, there\u00b4re no records of more than &hellip; <\/p>\n<p class=\"link-more\"><a href=\"https:\/\/www.moroccoherps.com\/en\/ficha\/malpolon_insignitus\/\" class=\"more-link\">Continue reading<span class=\"screen-reader-text\"> &#8220;Species page of Malpolon insignitus&#8221;<\/span><\/a><\/p>\n","protected":false},"author":1,"featured_media":0,"parent":2564,"menu_order":0,"comment_status":"closed","ping_status":"closed","template":"","meta":{"footnotes":""},"class_list":["post-3201","page","type-page","status-publish","hentry"],"_links":{"self":[{"href":"https:\/\/www.moroccoherps.com\/en\/wp-json\/wp\/v2\/pages\/3201","targetHints":{"allow":["GET"]}}],"collection":[{"href":"https:\/\/www.moroccoherps.com\/en\/wp-json\/wp\/v2\/pages"}],"about":[{"href":"https:\/\/www.moroccoherps.com\/en\/wp-json\/wp\/v2\/types\/page"}],"author":[{"embeddable":true,"href":"https:\/\/www.moroccoherps.com\/en\/wp-json\/wp\/v2\/users\/1"}],"replies":[{"embeddable":true,"href":"https:\/\/www.moroccoherps.com\/en\/wp-json\/wp\/v2\/comments?post=3201"}],"version-history":[{"count":8,"href":"https:\/\/www.moroccoherps.com\/en\/wp-json\/wp\/v2\/pages\/3201\/revisions"}],"predecessor-version":[{"id":7089,"href":"https:\/\/www.moroccoherps.com\/en\/wp-json\/wp\/v2\/pages\/3201\/revisions\/7089"}],"up":[{"embeddable":true,"href":"https:\/\/www.moroccoherps.com\/en\/wp-json\/wp\/v2\/pages\/2564"}],"wp:attachment":[{"href":"https:\/\/www.moroccoherps.com\/en\/wp-json\/wp\/v2\/media?parent=3201"}],"curies":[{"name":"wp","href":"https:\/\/api.w.org\/{rel}","templated":true}]}}