{"id":3214,"date":"2020-01-19T11:55:11","date_gmt":"2020-01-19T11:55:11","guid":{"rendered":"http:\/\/www.moroccoherps.com\/?page_id=3214"},"modified":"2020-02-05T15:33:40","modified_gmt":"2020-02-05T15:33:40","slug":"naja_haje","status":"publish","type":"page","link":"https:\/\/www.moroccoherps.com\/en\/ficha\/naja_haje\/","title":{"rendered":"Species page of Naja haje"},"content":{"rendered":"<p><\/p>\n<div id=\"ficha_resumen\">\n<div id=\"especie\">\n<h1>Egyptian cobra<br \/>\n<span class=\"nc\">Naja haje<\/span>\u00a0(Linnaeus, 1758)<\/h1>\n<\/div>\n<div id=\"autor\">\n<div class=\"izquierdo\">\n<p>By\u00a0<b>Ra\u00fal Le\u00f3n Vigara<\/b><\/p>\n<\/div>\n<\/div>\n<div>\n<div id=\"actualizado\" class=\"izquierdo\">\n<p>Updated:\u00a0<b>9\/05\/2013<\/b><\/p>\n<\/div>\n<div id=\"jerarquia_taxonomica\" class=\"derecho\">\n<p>Taxonomy:\u00a0Serpentes\u00a0|\u00a0Elapidae\u00a0|\u00a0Naja\u00a0|\u00a0Naja haje<\/p>\n<\/div>\n<\/div>\n<div id=\"foto_principal\">\n<figure style=\"width: 680px\" class=\"wp-caption alignnone\"><img loading=\"lazy\" decoding=\"async\" src=\"http:\/\/www.moroccoherps.com\/files\/fichas\/Naja_haje\/Naja_haje_1.jpg\" alt=\"Naja haje\" width=\"680\" height=\"453\" \/><figcaption class=\"wp-caption-text\">Naja haje. Guelmim. Photo: \u00a9 J. G\u00e1llego.<\/figcaption><\/figure>\n<\/div>\n<div id=\"mapa_distribucion\">\n<p><img decoding=\"async\" id=\"mapa_distribucion_img\" class=\"alignleft\" src=\"http:\/\/www.moroccoherps.com\/files\/fichas\/Naja_haje\/Naja_haje_mapa.jpg\" alt=\"Range map of Naja haje\" \/><\/p>\n<p class=\"leyenda_mapa_ficha\"><img decoding=\"async\" src=\"http:\/\/www.moroccoherps.com\/files\/images\/red.jpg\" alt=\"\" \/>\u00a0\u00a0<span class=\"nc\">Naja haje<\/span><\/p>\n<p class=\"caption_mapa_ficha\">Distribution map of<br \/>\n<span class=\"nc\">Naja haje<\/span><br \/>\nin Morocco.<\/p>\n<\/div>\n<p>&nbsp;<\/p>\n<div id=\"gal_text\">\n<p>&nbsp;<\/p>\n<p>Gallery: 5 photos.\u00a0<a href=\"https:\/\/www.moroccoherps.com\/en\/galeria\/naja_haje\/\">[ENTER]<\/a><\/p>\n<\/div>\n<div class=\"filete\"><\/div>\n<\/div>\n<div id=\"ficha_info\">\n<h2>Phylogenetic frame<\/h2>\n<p>It is the only species of Ophidians classified in the\u00a0<span class=\"nc\">Elapidae<\/span>\u00a0order living in the research area.<\/p>\n<p>In 1989, Jose Antonio Valverde described the subspecies \u201c<span class=\"nc\">legionis<\/span>\u201d for those specimens of\u00a0<span class=\"nc\">Naja haje<\/span>\u00a0found in Morocco, based on three characteristics: color, pholidosis and genetic isolation. However, subsequent genetic and morphological researches do not consider\u00a0<span class=\"nc\">Naja haje legionis<\/span>\u00a0as an acceptable subspecies, due to the slight variation shown by the specimens of this research area in comparison with the nominate former species. (Broadley y W\u00fcster, 2004; J.F. Trap\u00e9\u00a0<em>et al<\/em>., 2009). Therefore, the cobras found in the research area are classified as\u00a0<span class=\"nc\">Naja haje haje<\/span>, considering the \u201c<span class=\"nc\">legionis<\/span>\u201d as an indicative of \u201cform\u201d or \u201cmorph\u201d related to color.<\/p>\n<h2>Description<\/h2>\n<p>Undoubtedly, watching the Egyptian cobra in its habitat is one of the most astonishing and impressive shows in the Maghreb. This impressive ophidian does not normally exceed the 160 cm long in this North African area (Bons and Geniez, 1996), even though specimens of 181\u00a0cm have been recorded. (Valverde, 1989).<\/p>\n<p>The shape of its body is cylindrical, long and proportioned.<\/p>\n<p>There are notable differences in color and pattern between juvenile and adult specimens.<\/p>\n<p>At the first stage of their lives, right after they are given birth, small cobras are of a pale yellow color with a brownish spotty pattern all over their bodies and, their heads, necks and front of the body are of a bright black color. When it expands its hood, it can be observed how in the ventral area of its neck there are big yellow spots within the black pigmentation.<\/p>\n<p>Juvenile specimens are commonly yellow, copper-yellow, orange-yellow, reddish, covered by black and\/or brown spots. The black color is found on the head, neck and the third of its body front, including the ventral area. The ventral area in the rest of the body has the same base color of the dorsal area.<\/p>\n<p>As the Egyptian cobra grows up, its black color spreads on its entire body, restricting the yellow color to the dorsal scales lines nearest to the ventral scales. At its adult stage they are black in both dorsal and ventral areas. However, adult specimens can also be dark brown mixed with black, grayish-black, etc.<\/p>\n<div class=\"contenedor_img centrado\">\n<p><img decoding=\"async\" style=\"width: 49%;\" src=\"http:\/\/www.moroccoherps.com\/files\/fichas\/Naja_haje\/Naja_haje_2a.jpg\" alt=\"Naja_haje\" \/>\u00a0<img decoding=\"async\" style=\"width: 49%;\" src=\"http:\/\/www.moroccoherps.com\/files\/fichas\/Naja_haje\/Naja_haje_2b.jpg\" alt=\"Naja_haje\" \/><\/p>\n<p class=\"caption\">Izquierda: Juvenil. Guelmim. Foto: \u00a9 Ra\u00fal Le\u00f3n.<br \/>\nRight: Adult. Guelmim. Photo: \u00a9 Javier G\u00e1llego.<\/p>\n<\/div>\n<p>The head is not differentiated from its neck and it has a rounded snout. The eyes are of a dark color and its pupils are hardly distinguished.<\/p>\n<div class=\"contenedor_img centrado\">\n<figure style=\"width: 600px\" class=\"wp-caption alignnone\"><img loading=\"lazy\" decoding=\"async\" src=\"http:\/\/www.moroccoherps.com\/files\/fichas\/Naja_haje\/Naja_haje_3.jpg\" alt=\"Naja_haje\" width=\"600\" height=\"400\" \/><figcaption class=\"wp-caption-text\">Naja haje, juvenile. Guelmim. Photo: \u00a9 Ra\u00fal Le\u00f3n.<\/figcaption><\/figure>\n<\/div>\n<p>Males are longer than females (Schleich, 1996).<\/p>\n<p>It lays between 8 to 20 eggs in a place where adequate conditions are found as for example: under great blocks of stone, carved trunks, holes, etc. (Gruber, 1993).<\/p>\n<p>In the research area there are some ophidians that can be confused with cobra by visitors and inhabitants. Let us try to clarify these confusions:<\/p>\n<p>Regarding color, juvenile Egyptian cobra can be confused with North African Catsnake (<a href=\"https:\/\/www.moroccoherps.com\/en\/ficha\/Telescopus_tripolitanus\/\"><span class=\"nc\">Telescopus tripolitanus<\/span><\/a>), as this snake has black head and neck and a dark colored body (brown, orange or red, normally). To differentiate this snake from a juvenile cobra we must know that the North African Catsnake has the black pigments just on the head and neck areas not expanding over the bodyfront as in the juvenile cobras. The eyes are big and noticeable, round shaped and standing out the ophidian head; also, its pupils are elliptical or vertical, whereas cobras have round shaped pupils. The Old World catsnake has its head well differentiated from its neck as it does not happen with the Egyptian cobra. Catsnakes have bright, beige or dark-white ventral scales, which means a different pattern from its dorsal scales, as the Egyptian cobra has the same color in the ventral scales and dorsal scales.<\/p>\n<div class=\"contenedor_img centrado\"><img decoding=\"async\" style=\"width: 49%;\" src=\"http:\/\/www.moroccoherps.com\/files\/fichas\/Naja_haje\/Naja_haje_4a.jpg\" alt=\"Naja_haje\" \/>\u00a0<img decoding=\"async\" style=\"width: 49%;\" src=\"http:\/\/www.moroccoherps.com\/files\/fichas\/Naja_haje\/Naja_haje_4b.jpg\" alt=\"Telescopus tripolitanus\" \/><br \/>\n<img decoding=\"async\" style=\"width: 49%;\" src=\"http:\/\/www.moroccoherps.com\/files\/fichas\/Naja_haje\/Naja_haje_5a.jpg\" alt=\"Naja_haje\" \/>\u00a0<img decoding=\"async\" style=\"width: 49%;\" src=\"http:\/\/www.moroccoherps.com\/files\/fichas\/Naja_haje\/Naja_haje_5b.jpg\" alt=\"Telescopus tripolitanus\" \/><\/p>\n<p class=\"caption\">Comparison between Egyptian cobra (<span class=\"nc\">Naja haje<\/span>) and North African Catsnake (<span class=\"nc\">Telescopus tripolitanus<\/span>), to help avoid confusion.<br \/>\nTop left:\u00a0<span class=\"nc\">Naja haje<\/span>, juvenile. Guelmim. Photo: \u00a9 Ra\u00fal Le\u00f3n.<br \/>\nTop right:\u00a0<span class=\"nc\">Telescopus tripolitanus<\/span>. Assa. Photo: \u00a9 Gabri Mtnez.<br \/>\nBottom left:\u00a0<span class=\"nc\">Naja haje<\/span>, juvenile. Guelmim. Photo: \u00a9 Ra\u00fal Le\u00f3n.<br \/>\nBottom right:\u00a0<span class=\"nc\">Telescopus tripolitanus<\/span>\u00a0detail. Assa. Photo: \u00a9 Ra\u00fal Le\u00f3n.<\/p>\n<\/div>\n<p>Adult specimens of Egyptian cobra and African House Snake (<a href=\"https:\/\/www.moroccoherps.com\/en\/ficha\/Boaedon_fuliginosus\/\"><span class=\"nc\">Boaedon fuliginosus<\/span><\/a>) can also be confused as both species have a dark and smooth color. African House Snake have smaller body scales and less noticeable than in the Egyptian cobra, which are bigger and marked, with a brighter aspect; African House Snake are not as dark as adult cobras, they are usually brown or dark brown, its ventral scales are pearly white and its labial scales of a bright color, something not happening in an Egyptian cobra. African House Snake reflect light and so they have a brighter aspect than the Egyptian cobra and they show iridiscence. Eyes can be differentiated as African House Snake have bigger eyes with vertical pupils and cobras do not.<\/p>\n<div class=\"contenedor_img centrado\"><img decoding=\"async\" style=\"width: 49%;\" src=\"http:\/\/www.moroccoherps.com\/files\/fichas\/Naja_haje\/Naja_haje_6a.jpg\" alt=\"Naja_haje\" \/>\u00a0<img decoding=\"async\" style=\"width: 49%;\" src=\"http:\/\/www.moroccoherps.com\/files\/fichas\/Naja_haje\/Naja_haje_6b.jpg\" alt=\"Boaedon fuliginosus\" \/><br \/>\n<img decoding=\"async\" style=\"width: 49%;\" src=\"http:\/\/www.moroccoherps.com\/files\/fichas\/Naja_haje\/Naja_haje_6c.jpg\" alt=\"Naja_haje\" \/>\u00a0<img decoding=\"async\" style=\"width: 49%;\" src=\"http:\/\/www.moroccoherps.com\/files\/fichas\/Naja_haje\/Naja_haje_6d.jpg\" alt=\"Boaedon fuliginosus\" \/><\/p>\n<p class=\"caption\">Comparison between Egyptian cobra (<span class=\"nc\">Naja haje<\/span>) and African House Snake (<span class=\"nc\">Boaedon fuliginosus<\/span>), to help avoid confusion.<br \/>\nTop left:\u00a0<span class=\"nc\">Naja haje<\/span>. Guelmim. Photo: \u00a9 J. G\u00e1llego.<br \/>\nTop right: African House Snake (<span class=\"nc\">Boaedon fuligonosus<\/span>). Tan-Tan. Photo: \u00a9 J. G\u00e1llego.<br \/>\nBottom left:\u00a0<span class=\"nc\">Naja haje<\/span>, juvenile. Guelmim. Photo: \u00a9 Ra\u00fal Le\u00f3n.<br \/>\nBottom right:\u00a0<span class=\"nc\">Boaedon fuligonosus<\/span>, detail. Tan-Tan. Photo: \u00a9 J. G\u00e1llego.<\/p>\n<\/div>\n<p>There exists a colubrid inhabiting the research area showing a quite intimidating attitude, similar to that of the Egyptian cobra. It is the so called Moila Snake (<a href=\"http:\/\/www.moroccoherps.com\/ficha\/Rhagerhis_moilensis\/\"><span class=\"nc\">Rhageris moilensis<\/span><\/a>) which when it feels in danger it flattens its neck -as a cobra does- though it rarely lifts its first third of the body as cobra does. At first sight, the color of the body could seem similar to that of juvenile Egyptian cobra specimens, though Moila Snake is not black on the head and on the first third of the body. Hence, it is easy to differentiate it from the cobra.<\/p>\n<div class=\"contenedor_img centrado\">\n<p><img decoding=\"async\" style=\"width: 49%;\" src=\"http:\/\/www.moroccoherps.com\/files\/fichas\/Naja_haje\/Naja_haje_7a.jpg\" alt=\"Rhagerhis moilensis\" \/>\u00a0<img decoding=\"async\" style=\"width: 49%;\" src=\"http:\/\/www.moroccoherps.com\/files\/fichas\/Naja_haje\/Naja_haje_7b.jpg\" alt=\"Rhagerhis moilensis\" \/><\/p>\n<p class=\"caption\">Left: The Moila snake (<span class=\"nc\">\u00a0Rhagerhis moilensis<\/span>) shows a body coloration similar to Egyptian cobra juveniles, but does not show the head, neck and body first third of tplain black, be so easy to differentiate juveniles. Guelmim. Photo: \u00a9 Ra\u00fal Le\u00f3n. Right: The Moila snake shows a very similar intimidating strategy, flattened dorso-ventrally neck cap-shaped, hence its common name: False cobra. Guelmim. Photo: \u00a9 Ra\u00fal Le\u00f3n.<\/p>\n<\/div>\n<p>The\u00a0<span class=\"nc\">Elapidae<\/span>\u00a0family -in which cobra is- includes those snakes with proteroglyphous fangs (fixed in the upper jaws, enabling the snake to release the venom). Egyptian Cobra releases neurotoxic venom.<\/p>\n<h2>Ecology and habits<\/h2>\n<p>It is a mainly nocturnal species though has been found active during day time (Schleich, 1996).<\/p>\n<p>Adults establish their territory where they normally live for many years, adopting different shelters nearby as creeks, abandoned mammals\u00b4 burrows, etc., where they do their thermoregulation (Schleich, 1996). It is a fast species. It has been found climbing up trees. (Schleich, 1996). It is actively looking for its prey. Its food range is ample and varied: toads, frogs, saurian, ophidians, birds, eggs and small mammals. (Schleich, 1996).<\/p>\n<p>If Egyptian Cobra feels menaced it tries to run away or go unnoticed, if the menace continues, this species can use different ways of defense. The most notorious and intimidating strategy is the vertical lifting and the flattening of the dorsal and ventral areas in the front of the body, expanding its hood by widening the ribs located in this area of the body. This is an alert and defense attitude projected by the snake as well as an illusion of being bigger.<\/p>\n<p>If menace still continues, the Egyptian cobra opens the mouth showing its bluish white color in the inside preventing its predator from keeping away if it does not want to be bitten.<\/p>\n<p>As a last resource before a dangerous situation, cobra may take the option to bite, inoculating its venom or just by a \u201cdry bite\u201d (when no venom is inoculated).<\/p>\n<div class=\"contenedor_img centrado\">\n<p><img decoding=\"async\" style=\"width: 49%;\" src=\"http:\/\/www.moroccoherps.com\/files\/fichas\/Naja_haje\/Naja_haje_8a.jpg\" alt=\"Naja haje\" \/>\u00a0<img decoding=\"async\" style=\"width: 49%;\" src=\"http:\/\/www.moroccoherps.com\/files\/fichas\/Naja_haje\/Naja_haje_8b.jpg\" alt=\"Naja haje\" \/><\/p>\n<p class=\"caption\">Left:\u00a0<span class=\"nc\">Naja haje<\/span>\u00a0adult expanding the cap on intimidating attitude. Guelmim. Photo: \u00a9 J. G\u00e1llego.<br \/>\nRight: North African Cobra juvenile in intimidatory attitude: the first third of the body upright, expanding the cap and opening the mouth. Guelmim. Photo: \u00a9 Ra\u00fal Le\u00f3n.<\/p>\n<\/div>\n<p>Egyptian cobra releases neurotoxic venom which is considered highly dangerous for humans and even mortal. Therefore it is important not to bother or manipulate them in order to avoid an occasional bite.<\/p>\n<h2>Distribution, habitat and abundance<\/h2>\n<p>Mainly found in Agadir, Ouarzazate and El-Aai\u00fan, going through the Anti-Atlas to Figuig (Bons and Geniez, 1996). The\u00a0<span class=\"nc\">Naja haje<\/span>\u00a0specimens found in the research area may come from Egypt. (Valverde, 1989). Genetic analyses group them quite near to Egyptian and western African cobras. (Trap\u00e9\u00a0<em>et al.<\/em>, 2009).<\/p>\n<p>They live in dry areas with warm winters. (Bons and Geniez, 1996). It develops its activity in different types of habitats, from flat areas with scarce vegetation to more accidental and rocky formations, as vegetation-covered river oueds, rocky arid areas with vegetation or not, argane woodlands (<span class=\"nc\">Argania spinosa<\/span>), etc. (Valverde, 1989; Bons and Geniez, 1996).<\/p>\n<div class=\"contenedor_img centrado\"><img decoding=\"async\" src=\"http:\/\/www.moroccoherps.com\/files\/fichas\/Naja_haje\/Naja_haje_9.jpg\" alt=\"H\u00e1bitat de Naja_haje\" \/><br \/>\n<img decoding=\"async\" src=\"http:\/\/www.moroccoherps.com\/files\/fichas\/Naja_haje\/Naja_haje_10.jpg\" alt=\"H\u00e1bitat de Naja_haje\" \/><\/p>\n<figure style=\"width: 600px\" class=\"wp-caption alignnone\"><img loading=\"lazy\" decoding=\"async\" src=\"http:\/\/www.moroccoherps.com\/files\/fichas\/Naja_haje\/Naja_haje_11.jpg\" alt=\"H\u00e1bitat de Naja_haje\" width=\"600\" height=\"400\" \/><figcaption class=\"wp-caption-text\">Examples of habitats of Naja Haje (top to bottom): Sidi Ifni. Photo: \u00a9 Ra\u00fal Le\u00f3n. Guelmim. Photo: \u00a9 Ra\u00fal Le\u00f3n. Figuig. Photo: \u00a9 Ra\u00fal Le\u00f3n.<\/figcaption><\/figure>\n<\/div>\n<p>Egyptian cobra is considered as one of the most endangered species in the area. This sad reality makes at the same time to be highly appreciated and exciting when it is found in its natural habitat.<\/p>\n<p>It is the most intensively researched snake by the A\u00efssaouas \u201csnake hunters\u201d who capture them and after that they use them for the shows or sell them to local \u201csnake charmers\u201d who exhibit the snakes at the squares of the different Moroccan cities, mainly in Marrakech. The result is that some 500 cobras per year are captured and removed from their habitats. (Feriche, unpublished). Nowadays, the number could be higher, as the increase in tourism means an increase in exhibitions and therefore an increase in captures. (Feriche, unpublished). People who carry out this activity make their livings out of it, which for the preservation of the Egyptian cobra is quite a serious task, as it means a direct conflict with the interests of a highly economically-depressed local population. The snake hunters say that the year that there is a plague of migratory locust and fields are sprayed, they find very few cobra specimens. (Feriche, unpublished). This information can give us an idea on how these toxic products could be seriously affecting directly on the whole fauna or through the food chain. Consequently we could say that Egyptian cobras are highly menaced by human activities. As an addition to this there are many specimens killed by local people -scared by the danger this snake represents-; less frequently found killed on the road or those that die from starvation after falling into pits, water reservoirs, etc.<\/p>\n<p>In other parts of the world and before a situation of conflict like this one, they have chosen alternatives that benefit both: local population and snakes. Therefore it would be interesting an increase of alternatives which would probably succeed, -based on those experiences- by offering a different way of managing this task as a feasible and real alternative much better and wiser than exterminating the ancient practice of exhibiting ophidians in this area.<\/p>\n<p class=\"caption\">Translated by Carlos Perez Font\u00e1n-Membrives.<\/p>\n<h3 class=\"bibliografia\">References<\/h3>\n<ul>\n<li style=\"list-style-type: none;\">\n<ul>\n<li><strong>Bons, J. y Geniez, P. 1996.<\/strong>\u00a0Anfibios y Reptiles de Marruecos (incluyendo S\u00e1hara Occidental). Atlas Biogeogr\u00e1fico. Asociaci\u00f3n Herpetol\u00f3gica Espa\u00f1ola. Barcelona. 319 pp<\/li>\n<li><strong>Feriche, M. in\u00e9dito.<\/strong>\u00a0Aissouas, los encantadores de serpientes.<\/li>\n<li><strong>Gruber, U. 1993.<\/strong>\u00a0Gu\u00eda de las serpientes de Europa, Norte de \u00c1frica y Pr\u00f3ximo Oriente. Omega. Barcelona. 247 pp.<\/li>\n<li><strong>Valverde, J.A., 1989.<\/strong>\u00a0Notas sobre vertebrados. V11, Una nueva cobra del NW de \u00c1frica, Naja haje legionis, ssp nov. (Elapidae, Serpentes). Actas de las IX Jornadas. Estaci\u00f3n Biol\u00f3gica de Do\u00f1ana. 214-230<\/li>\n<li><strong>Schleich, H. H., K\u00e4stle, W., Kabisch, K. 1996.<\/strong>\u00a0Amphibians and Reptiles of North Africa. Koeltz Sci. Books, Koenigstein.<\/li>\n<li><strong>Trape, J.-F., Chirio, L., G. Broadley, D. G. y W\u00fcster, W., 2009.<\/strong>\u00a0Phylogeography and systematic revision of the Egyptian cobra (Serpentes: Elapidae: Naja haje) species complex, with the description of a new species from West Africa. Zootaxa 2236: 1\u201325<\/li>\n<li><strong>Trape, J.-F. y Man\u00e9, Y. 2006.<\/strong>\u00a0Guide des serpents d\u2019Afrique occidentale. Savane et d\u00e9sert. IRD Editions, Paris, 226 pp.<\/li>\n<\/ul>\n<\/li>\n<\/ul>\n<\/div>\n<div id=\"info_extra\">\n<div id=\"citation\">\n<p><b>To cite this page:<\/b><br \/>\nRa\u00fal Le\u00f3n Vigara\u00a0(2013):\u00a0<span class=\"nc\">Naja haje<\/span> (Linnaeus, 1758). In: Mart\u00ednez, G., Le\u00f3n, R., Jim\u00e9nez-Robles, O., Gonz\u00e1lez De la Vega, J. P., Gabari, V., Rebollo, B., S\u00e1nchez-T\u00f3jar, A., Fern\u00e1ndez-Cardenete, J. R., G\u00e1llego, J. (Eds.). Moroccoherps. Amphibians and Reptiles of Morocco and Western Sahara. Available from <a href=\"https:\/\/www.moroccoherps.com\/en\/ficha\/Naja_haje\/\">www.moroccoherps.com\/en\/ficha\/Naja_haje\/<\/a>. Version 9\/05\/2013.<\/p>\n<p><b>To cite\u00a0<a href=\"http:\/\/www.moroccoherps.com\/\">www.morocoherps.com en<\/a>\u00a0as a whole:<\/b><br \/>\nMart\u00ednez, G., Le\u00f3n, R., Jim\u00e9nez-Robles, O., Gonz\u00e1lez De la Vega, J.P., Gabari, V., Rebollo, B., S\u00e1nchez-T\u00f3jar, A., Fern\u00e1ndez-Cardenete, J.R., G\u00e1llego, J. (Eds.). Moroccoherps. Amphibians and Reptiles of Morocco and Western Sahara. Available from\u00a0<a href=\"http:\/\/www.moroccoherps.com\/\">www.moroccoherps.com<\/a>.<\/p>\n<\/div>\n<\/div>\n<p><\/p>","protected":false},"excerpt":{"rendered":"<p>Egyptian cobra Naja haje\u00a0(Linnaeus, 1758) By\u00a0Ra\u00fal Le\u00f3n Vigara Updated:\u00a09\/05\/2013 Taxonomy:\u00a0Serpentes\u00a0|\u00a0Elapidae\u00a0|\u00a0Naja\u00a0|\u00a0Naja haje \u00a0\u00a0Naja haje Distribution map of Naja haje in Morocco. &nbsp; &nbsp; Gallery: 5 photos.\u00a0[ENTER] Phylogenetic frame It is the only species of Ophidians classified in the\u00a0Elapidae\u00a0order living in the research area. In 1989, Jose Antonio Valverde described the subspecies \u201clegionis\u201d for those specimens of\u00a0Naja &hellip; <\/p>\n<p class=\"link-more\"><a href=\"https:\/\/www.moroccoherps.com\/en\/ficha\/naja_haje\/\" class=\"more-link\">Continue reading<span class=\"screen-reader-text\"> &#8220;Species page of Naja haje&#8221;<\/span><\/a><\/p>\n","protected":false},"author":1,"featured_media":0,"parent":2564,"menu_order":0,"comment_status":"closed","ping_status":"closed","template":"","meta":{"footnotes":""},"class_list":["post-3214","page","type-page","status-publish","hentry"],"_links":{"self":[{"href":"https:\/\/www.moroccoherps.com\/en\/wp-json\/wp\/v2\/pages\/3214","targetHints":{"allow":["GET"]}}],"collection":[{"href":"https:\/\/www.moroccoherps.com\/en\/wp-json\/wp\/v2\/pages"}],"about":[{"href":"https:\/\/www.moroccoherps.com\/en\/wp-json\/wp\/v2\/types\/page"}],"author":[{"embeddable":true,"href":"https:\/\/www.moroccoherps.com\/en\/wp-json\/wp\/v2\/users\/1"}],"replies":[{"embeddable":true,"href":"https:\/\/www.moroccoherps.com\/en\/wp-json\/wp\/v2\/comments?post=3214"}],"version-history":[{"count":10,"href":"https:\/\/www.moroccoherps.com\/en\/wp-json\/wp\/v2\/pages\/3214\/revisions"}],"predecessor-version":[{"id":4698,"href":"https:\/\/www.moroccoherps.com\/en\/wp-json\/wp\/v2\/pages\/3214\/revisions\/4698"}],"up":[{"embeddable":true,"href":"https:\/\/www.moroccoherps.com\/en\/wp-json\/wp\/v2\/pages\/2564"}],"wp:attachment":[{"href":"https:\/\/www.moroccoherps.com\/en\/wp-json\/wp\/v2\/media?parent=3214"}],"curies":[{"name":"wp","href":"https:\/\/api.w.org\/{rel}","templated":true}]}}