{"id":4917,"date":"2020-03-23T12:53:10","date_gmt":"2020-03-23T12:53:10","guid":{"rendered":"http:\/\/www.moroccoherps.com\/?page_id=4917"},"modified":"2020-03-26T10:03:43","modified_gmt":"2020-03-26T10:03:43","slug":"sclerophrys_xeros","status":"publish","type":"page","link":"https:\/\/www.moroccoherps.com\/en\/ficha\/sclerophrys_xeros\/","title":{"rendered":"Species page Sclerophrys xeros"},"content":{"rendered":"<p><\/p>\n<div id=\"ficha_resumen\">\n<div id=\"especie\">\n<h1><span class=\"nc\">Savannah Toad<br \/>\n<\/span><span class=\"nc\"><em><strong>Sclerophrys xeros<\/strong><\/em> (Tandy, Tandy, Keith and Duff-Mc Kay, 1976)<br \/>\n<\/span><\/h1>\n<\/div>\n<div id=\"autor\">\n<div class=\"izquierdo\">\n<p>By Gabriel Mart\u00ednez del M\u00e1rmol <b><br \/>\n<\/b><\/p>\n<\/div>\n<\/div>\n<div>\n<div id=\"actualizado\" class=\"izquierdo\">\n<p>Updated: <strong>23\/03\/2020<\/strong><\/p>\n<\/div>\n<div id=\"jerarquia_taxonomica\" class=\"derecho\">\n<p>Taxonom\u00eda: Anura | Bufonidae | Sclerophrys | Sclerophrys xeros<\/p>\n<figure id=\"attachment_4918\" aria-describedby=\"caption-attachment-4918\" style=\"width: 1000px\" class=\"wp-caption alignnone\"><img loading=\"lazy\" decoding=\"async\" class=\"wp-image-4918 size-full\" src=\"http:\/\/www.moroccoherps.com\/wp-content\/uploads\/2020\/03\/con-watermark1000x667-2.jpg\" alt=\"\" width=\"1000\" height=\"667\" srcset=\"https:\/\/www.moroccoherps.com\/wp-content\/uploads\/2020\/03\/con-watermark1000x667-2.jpg 1000w, https:\/\/www.moroccoherps.com\/wp-content\/uploads\/2020\/03\/con-watermark1000x667-2-300x200.jpg 300w, https:\/\/www.moroccoherps.com\/wp-content\/uploads\/2020\/03\/con-watermark1000x667-2-768x512.jpg 768w\" sizes=\"auto, (max-width: 767px) 89vw, (max-width: 1000px) 54vw, (max-width: 1071px) 543px, 580px\" \/><figcaption id=\"caption-attachment-4918\" class=\"wp-caption-text\">Adult of Adrar (Mauritania). Photo: \u00a9 Rafael M\u00e1rquez<\/figcaption><\/figure>\n<p><img loading=\"lazy\" decoding=\"async\" class=\"wp-image-4919 alignleft\" src=\"http:\/\/www.moroccoherps.com\/wp-content\/uploads\/2020\/03\/Amieto-xeros-map-286x300.jpg\" alt=\"\" width=\"196\" height=\"206\" srcset=\"https:\/\/www.moroccoherps.com\/wp-content\/uploads\/2020\/03\/Amieto-xeros-map-286x300.jpg 286w, https:\/\/www.moroccoherps.com\/wp-content\/uploads\/2020\/03\/Amieto-xeros-map.jpg 668w\" sizes=\"auto, (max-width: 196px) 100vw, 196px\" \/><\/p>\n<\/div>\n<\/div>\n<div id=\"mapa_distribucion\">\n<p>&nbsp;<\/p>\n<p class=\"leyenda_mapa_ficha\"><img decoding=\"async\" src=\"http:\/\/www.moroccoherps.com\/files\/images\/red.jpg\" alt=\"\" \/> <em>Sclerophrys xeros<br \/>\n<\/em><\/p>\n<p class=\"leyenda_mapa_ficha\">Distribution map of<br \/>\n<em>Sclerophrys xeros<\/em> in Morocco.<\/p>\n<\/div>\n<div id=\"gal_text\">\n<p>&nbsp;<\/p>\n<\/div>\n<div class=\"filete\"><\/div>\n<\/div>\n<div id=\"ficha_info\">\n<h2>The parts 1) Phylogenetic frame, 2) Description, 3) Ecology and habits and 4) Distribution, habitat and abundance are being made.<\/h2>\n<h2>Bibliography<\/h2>\n<\/div>\n<ul>\n<li><strong>Mart\u00ednez del M\u00e1rmol, G., Harris, D.J., Geniez, P., de Pous, P., Salvi, D. 2019.<\/strong> Amphibians and Reptiles of Morocco. Frankfurt, Germany, Edition Chimaira. 478 pp.<\/li>\n<\/ul>\n<p><b>To cite\u00a0<a href=\"http:\/\/www.moroccoherps.com\/\">www.morocoherps.com en<\/a>\u00a0as a whole:<\/b><br \/>\nMart\u00ednez, G., Le\u00f3n, R., Jim\u00e9nez-Robles, O., Gonz\u00e1lez De la Vega, J.P., Gabari, V., Rebollo, B., S\u00e1nchez-T\u00f3jar, A., Fern\u00e1ndez-Cardenete, J.R., G\u00e1llego, J. (Eds.). Moroccoherps. Amphibians and Reptiles of Morocco and Western Sahara. Available from\u00a0<a href=\"http:\/\/www.moroccoherps.com\/\">www.moroccoherps.com<\/a>.<\/p>","protected":false},"excerpt":{"rendered":"<p>Savannah Toad Sclerophrys xeros (Tandy, Tandy, Keith and Duff-Mc Kay, 1976) By Gabriel Mart\u00ednez del M\u00e1rmol Updated: 23\/03\/2020 Taxonom\u00eda: Anura | Bufonidae | Sclerophrys | Sclerophrys xeros &nbsp; Sclerophrys xeros Distribution map of Sclerophrys xeros in Morocco. &nbsp; The parts 1) Phylogenetic frame, 2) Description, 3) Ecology and habits and 4) Distribution, habitat and abundance &hellip; <\/p>\n<p class=\"link-more\"><a href=\"https:\/\/www.moroccoherps.com\/en\/ficha\/sclerophrys_xeros\/\" class=\"more-link\">Continue reading<span class=\"screen-reader-text\"> &#8220;Species page Sclerophrys xeros&#8221;<\/span><\/a><\/p>\n","protected":false},"author":3,"featured_media":0,"parent":2564,"menu_order":0,"comment_status":"closed","ping_status":"closed","template":"","meta":{"footnotes":""},"class_list":["post-4917","page","type-page","status-publish","hentry"],"_links":{"self":[{"href":"https:\/\/www.moroccoherps.com\/en\/wp-json\/wp\/v2\/pages\/4917","targetHints":{"allow":["GET"]}}],"collection":[{"href":"https:\/\/www.moroccoherps.com\/en\/wp-json\/wp\/v2\/pages"}],"about":[{"href":"https:\/\/www.moroccoherps.com\/en\/wp-json\/wp\/v2\/types\/page"}],"author":[{"embeddable":true,"href":"https:\/\/www.moroccoherps.com\/en\/wp-json\/wp\/v2\/users\/3"}],"replies":[{"embeddable":true,"href":"https:\/\/www.moroccoherps.com\/en\/wp-json\/wp\/v2\/comments?post=4917"}],"version-history":[{"count":13,"href":"https:\/\/www.moroccoherps.com\/en\/wp-json\/wp\/v2\/pages\/4917\/revisions"}],"predecessor-version":[{"id":5451,"href":"https:\/\/www.moroccoherps.com\/en\/wp-json\/wp\/v2\/pages\/4917\/revisions\/5451"}],"up":[{"embeddable":true,"href":"https:\/\/www.moroccoherps.com\/en\/wp-json\/wp\/v2\/pages\/2564"}],"wp:attachment":[{"href":"https:\/\/www.moroccoherps.com\/en\/wp-json\/wp\/v2\/media?parent=4917"}],"curies":[{"name":"wp","href":"https:\/\/api.w.org\/{rel}","templated":true}]}}