{"id":4986,"date":"2020-03-23T15:41:56","date_gmt":"2020-03-23T15:41:56","guid":{"rendered":"http:\/\/www.moroccoherps.com\/?page_id=4986"},"modified":"2020-03-26T09:58:25","modified_gmt":"2020-03-26T09:58:25","slug":"saurodactylus_slimanii","status":"publish","type":"page","link":"https:\/\/www.moroccoherps.com\/en\/ficha\/saurodactylus_slimanii\/","title":{"rendered":"Species Page Saurodactylus slimanii"},"content":{"rendered":"<p><\/p>\n<div id=\"ficha_resumen\">\n<div id=\"especie\">\n<h1>Slimani Gecko<br \/>\n<strong><em><span class=\"nc\">Saurodactylus slimanii<\/span><\/em><\/strong> Javanmardi, Vogler and Joger, 2019<\/h1>\n<\/div>\n<div id=\"autor\">\n<div class=\"izquierdo\">\n<p>By <strong>Gabriel Mart\u00ednez del M\u00e1rmol<\/strong><\/p>\n<\/div>\n<\/div>\n<div>\n<div id=\"actualizado\" class=\"izquierdo\">\n<p>Updated: <strong>23\/03\/2020<\/strong><\/p>\n<\/div>\n<div id=\"jerarquia_taxonomica\" class=\"derecho\">\n<p>Taxonomy: Gekkota | Sphaerodactylidae | Saurodactylus | Saurodactylus slimanii<\/p>\n<\/div>\n<figure id=\"attachment_4987\" aria-describedby=\"caption-attachment-4987\" style=\"width: 1000px\" class=\"wp-caption alignnone\"><img loading=\"lazy\" decoding=\"async\" class=\"wp-image-4987 size-full\" src=\"http:\/\/www.moroccoherps.com\/wp-content\/uploads\/2020\/03\/con-watermark1000x667-6.jpg\" alt=\"Saurodactylus slimanii\" width=\"1000\" height=\"667\" srcset=\"https:\/\/www.moroccoherps.com\/wp-content\/uploads\/2020\/03\/con-watermark1000x667-6.jpg 1000w, https:\/\/www.moroccoherps.com\/wp-content\/uploads\/2020\/03\/con-watermark1000x667-6-300x200.jpg 300w, https:\/\/www.moroccoherps.com\/wp-content\/uploads\/2020\/03\/con-watermark1000x667-6-768x512.jpg 768w\" sizes=\"auto, (max-width: 767px) 89vw, (max-width: 1000px) 54vw, (max-width: 1071px) 543px, 580px\" \/><figcaption id=\"caption-attachment-4987\" class=\"wp-caption-text\">Adult of Agdz, that we suppose that belong to S. slimanii. Photo: \u00a9 Ra\u00fal Le\u00f3n.<\/figcaption><\/figure>\n<p><img loading=\"lazy\" decoding=\"async\" class=\"alignleft wp-image-4988\" src=\"http:\/\/www.moroccoherps.com\/wp-content\/uploads\/2020\/03\/slimanii-286x300.jpg\" alt=\"Mapa de distribuci\u00f3n de Saurodactylus slimanii\" width=\"211\" height=\"221\" srcset=\"https:\/\/www.moroccoherps.com\/wp-content\/uploads\/2020\/03\/slimanii-286x300.jpg 286w, https:\/\/www.moroccoherps.com\/wp-content\/uploads\/2020\/03\/slimanii.jpg 668w\" sizes=\"auto, (max-width: 211px) 100vw, 211px\" \/><\/p>\n<\/div>\n<div id=\"mapa_distribucion\">\n<p class=\"leyenda_mapa_ficha\"><img decoding=\"async\" src=\"http:\/\/old.moroccoherps.com\/files\/images\/red.jpg\" alt=\"\" \/>\u00a0\u00a0<span class=\"nc\"><em>Saurodactylus slimanii<\/em><br \/>\n<\/span><\/p>\n<p><span style=\"color: #ff0000;\">?<\/span>\u00a0 Record of the genus that we tentatively consider within <em>S. slimanii<\/em><\/p>\n<p>Distribution map of<br \/>\n<em>Saurodactylus slimanii<\/em><br \/>\nin Morocco<\/p>\n<\/div>\n<div id=\"gal_text\">\n<p>&nbsp;<\/p>\n<\/div>\n<div class=\"filete\">\n<h2>The parts 1) Phylogenetic frame, 2) Description, 3) Ecology and habits and 4) Distribution, habitat and abundance are being made.<\/h2>\n<\/div>\n<\/div>\n<div id=\"ficha_info\">\n<h2>Bibliography<\/h2>\n<ul>\n<li><strong>Javanmardi, S.; Vogler, S.; Joger, U. 2019<\/strong>. Phylogenetic differentiation and taxonomic consequences in the Saurodactylus brosseti species complex (Squamata: Sphaerodactylidae), with description of four new species. Zootaxa 4674 (4): 401\u2013425<\/li>\n<\/ul>\n<\/div>\n<p><b>To cite <a href=\"http:\/\/www.moroccoherps.com\/\">www.morocoherps.com <\/a>as a whole:<\/b><br \/>\nMart\u00ednez, G., Le\u00f3n, R., Jim\u00e9nez-Robles, O., Gonz\u00e1lez De la Vega, J.P., Gabari, V., Rebollo, B., S\u00e1nchez-T\u00f3jar, A., Fern\u00e1ndez-Cardenete, J.R., G\u00e1llego, J. (Eds.). Moroccoherps. Anfibios y Reptiles de Marruecos y Sahara Occidental.<br \/>\nDisponible en\u00a0<a href=\"http:\/\/www.moroccoherps.com\/\">www.moroccoherps.com<\/a>. Consulta realizada el 15 de enero de 2020.<\/p>","protected":false},"excerpt":{"rendered":"<p>Slimani Gecko Saurodactylus slimanii Javanmardi, Vogler and Joger, 2019 By Gabriel Mart\u00ednez del M\u00e1rmol Updated: 23\/03\/2020 Taxonomy: Gekkota | Sphaerodactylidae | Saurodactylus | Saurodactylus slimanii \u00a0\u00a0Saurodactylus slimanii ?\u00a0 Record of the genus that we tentatively consider within S. slimanii Distribution map of Saurodactylus slimanii in Morocco &nbsp; The parts 1) Phylogenetic frame, 2) Description, 3) &hellip; <\/p>\n<p class=\"link-more\"><a href=\"https:\/\/www.moroccoherps.com\/en\/ficha\/saurodactylus_slimanii\/\" class=\"more-link\">Continue reading<span class=\"screen-reader-text\"> &#8220;Species Page Saurodactylus slimanii&#8221;<\/span><\/a><\/p>\n","protected":false},"author":3,"featured_media":0,"parent":2564,"menu_order":0,"comment_status":"closed","ping_status":"closed","template":"","meta":{"footnotes":""},"class_list":["post-4986","page","type-page","status-publish","hentry"],"_links":{"self":[{"href":"https:\/\/www.moroccoherps.com\/en\/wp-json\/wp\/v2\/pages\/4986","targetHints":{"allow":["GET"]}}],"collection":[{"href":"https:\/\/www.moroccoherps.com\/en\/wp-json\/wp\/v2\/pages"}],"about":[{"href":"https:\/\/www.moroccoherps.com\/en\/wp-json\/wp\/v2\/types\/page"}],"author":[{"embeddable":true,"href":"https:\/\/www.moroccoherps.com\/en\/wp-json\/wp\/v2\/users\/3"}],"replies":[{"embeddable":true,"href":"https:\/\/www.moroccoherps.com\/en\/wp-json\/wp\/v2\/comments?post=4986"}],"version-history":[{"count":13,"href":"https:\/\/www.moroccoherps.com\/en\/wp-json\/wp\/v2\/pages\/4986\/revisions"}],"predecessor-version":[{"id":5445,"href":"https:\/\/www.moroccoherps.com\/en\/wp-json\/wp\/v2\/pages\/4986\/revisions\/5445"}],"up":[{"embeddable":true,"href":"https:\/\/www.moroccoherps.com\/en\/wp-json\/wp\/v2\/pages\/2564"}],"wp:attachment":[{"href":"https:\/\/www.moroccoherps.com\/en\/wp-json\/wp\/v2\/media?parent=4986"}],"curies":[{"name":"wp","href":"https:\/\/api.w.org\/{rel}","templated":true}]}}