{"id":4995,"date":"2020-03-23T16:22:32","date_gmt":"2020-03-23T16:22:32","guid":{"rendered":"http:\/\/www.moroccoherps.com\/?page_id=4995"},"modified":"2020-04-08T19:27:00","modified_gmt":"2020-04-08T19:27:00","slug":"quedenfeldtia_trachyblepharus","status":"publish","type":"page","link":"https:\/\/www.moroccoherps.com\/en\/ficha\/quedenfeldtia_trachyblepharus\/","title":{"rendered":"Species page of Quedenfeldtia trachyblepharus"},"content":{"rendered":"<p><\/p>\n<div id=\"ficha_resumen\">\n<div id=\"especie\">\n<h1>High Atlas Day Gecko<br \/>\n<strong><em><span class=\"nc\">Quedenfeldtia trachyblepharus <\/span><\/em><\/strong>(Boettger, 1873)<\/h1>\n<\/div>\n<div id=\"autor\">\n<div class=\"izquierdo\">\n<p>By <strong>Abdellah Bouazza <\/strong><\/p>\n<\/div>\n<\/div>\n<div>\n<div id=\"actualizado\" class=\"izquierdo\">\n<p>Updated: <strong>08\/04\/2020<\/strong><\/p>\n<\/div>\n<div id=\"jerarquia_taxonomica\" class=\"derecho\">\n<p>Taxonomy: Gekkota | Sphaerodactylidae | Quedenfeldtia | Quedenfeldtia trachyblepharus<\/p>\n<figure id=\"attachment_5649\" aria-describedby=\"caption-attachment-5649\" style=\"width: 740px\" class=\"wp-caption alignnone\"><img loading=\"lazy\" decoding=\"async\" class=\"wp-image-5649 size-full\" src=\"http:\/\/www.moroccoherps.com\/wp-content\/uploads\/2020\/04\/foto-1.jpg\" alt=\"Quedenfeldtia trachyblepharus, Ouka\u00efmeden\" width=\"740\" height=\"493\" srcset=\"https:\/\/www.moroccoherps.com\/wp-content\/uploads\/2020\/04\/foto-1.jpg 740w, https:\/\/www.moroccoherps.com\/wp-content\/uploads\/2020\/04\/foto-1-300x200.jpg 300w\" sizes=\"auto, (max-width: 706px) 89vw, (max-width: 767px) 82vw, 740px\" \/><figcaption id=\"caption-attachment-5649\" class=\"wp-caption-text\">Adult male Quedenfeldtia trachyblepharus, Ouka\u00efmeden, High Atlas (Morocco). Photo: \u00a9 Abdellah Bouazza.<\/figcaption><\/figure>\n<p><img loading=\"lazy\" decoding=\"async\" class=\"alignleft wp-image-4997\" src=\"http:\/\/www.moroccoherps.com\/wp-content\/uploads\/2020\/03\/mapa-nuevo-blanco-y-negro-1.jpg\" alt=\"Map of Quedenfeldtia trachyblepharus\" width=\"209\" height=\"219\" srcset=\"https:\/\/www.moroccoherps.com\/wp-content\/uploads\/2020\/03\/mapa-nuevo-blanco-y-negro-1.jpg 668w, https:\/\/www.moroccoherps.com\/wp-content\/uploads\/2020\/03\/mapa-nuevo-blanco-y-negro-1-286x300.jpg 286w\" sizes=\"auto, (max-width: 209px) 100vw, 209px\" \/><\/p>\n<\/div>\n<\/div>\n<div id=\"mapa_distribucion\">\n<p>&nbsp;<\/p>\n<p class=\"leyenda_mapa_ficha\"><img decoding=\"async\" src=\"http:\/\/old.moroccoherps.com\/files\/images\/red.jpg\" alt=\"\" \/>\u00a0 <span class=\"nc\"><em>Quedenfeldtia trachyblepharus<\/em><br \/>\n<\/span><\/p>\n<p>Distribution map of<br \/>\n<em>Quedenfeldtia trachyblepharus<\/em><br \/>\nin Morocco.<\/p>\n<\/div>\n<\/div>\n<p>&nbsp;<\/p>\n<div><\/div>\n<div id=\"ficha_info\">\n<h2>1) Phylogenetic frame<\/h2>\n<p>The genus <em>Quedenfeltia <\/em><em>Boettger (1883)<\/em> (Atlas Day Gecko) is endemic to Morocco. There are two species described in this genus, <em>Q. trachyblepharus<\/em> (Bons, 1967) and <a href=\"https:\/\/www.moroccoherps.com\/en\/ficha\/quedenfeldtia_moerens\/\"><em>Q. moerens<\/em><\/a> (Arnold, 1990) although the genus was considered monotypic for a long time prior to Arnold (1990). Recent studies show that this Moroccan genus (<em>Quedenfeldtia<\/em>) is basal to the American <em>Sphaerodactylidae<\/em> family that diverged by vicariance and dispersal events after fragmentation of Gondwana (Gamble<em> et al.<\/em>, 2011).<\/p>\n<p><a href=\"https:\/\/www.moroccoherps.com\/en\/ficha\/quedenfeldtia_moerens\/\"><em>Quedenfeldtia moerens<\/em><\/a> is found across a wide variety of habitats, from sea level to 3000 m in altitude, whereas <em>Q. trachyblepharus<\/em> occupies exclusively high mountain regions reaching from 1400 m up to 4000 m (Bons and Geniez, 1996; Schleich <em>et al<\/em>., 1996). Recent genetic analysis revealed high variation between two species (Barata <em>et al<\/em>., 2012 ; Harris <em>et al<\/em>., 2017).<\/p>\n<h2>2) Description<\/h2>\n<p><em>Quedenfeldtia trachyblepharus<\/em> is a small (approximately 4.4 cm snout\u2013vent length) high-altitude gecko with strictly diurnal habits. In high altitude, this species observed basking close to rock crevices, often communally. A clear dimorphism in coloration and head size exists, and it is therefore possible to identify gender by sight (Blouin-Demers <em>et al., <\/em>2013). Gravid females show an enlargement of the abdomen and of the calcium storing endolymphatic glands located at the base of the throat. Dominant males normally have a reddish or yellowish head more evident during the mating period (Schleich <em>et al<\/em>., 1996).<\/p>\n<figure id=\"attachment_5650\" aria-describedby=\"caption-attachment-5650\" style=\"width: 740px\" class=\"wp-caption alignnone\"><img loading=\"lazy\" decoding=\"async\" class=\"wp-image-5650 size-full\" src=\"http:\/\/www.moroccoherps.com\/wp-content\/uploads\/2020\/04\/foto-2.jpg\" alt=\"Quedenfeldtia trachyblepharus male and female\" width=\"740\" height=\"493\" srcset=\"https:\/\/www.moroccoherps.com\/wp-content\/uploads\/2020\/04\/foto-2.jpg 740w, https:\/\/www.moroccoherps.com\/wp-content\/uploads\/2020\/04\/foto-2-300x200.jpg 300w\" sizes=\"auto, (max-width: 706px) 89vw, (max-width: 767px) 82vw, 740px\" \/><figcaption id=\"caption-attachment-5650\" class=\"wp-caption-text\">Basking behavior<em> in Q. trachyblepharus. <\/em>Left: Female &amp; Right: Male, Ouka\u00efmeden\u00a0 (Morocco). Photo: \u00a9 Abdellah Bouazza.<\/figcaption><\/figure>\n<p>This species is characterized by three throat colour variations: Orange, yellow, and white. Blouin-Demers <em>et al<\/em>. (2013) showed that orange males had relatively longer jaws than white or yellow males, and hypothesized that colour variation could signal dominance.<\/p>\n<figure id=\"attachment_5651\" aria-describedby=\"caption-attachment-5651\" style=\"width: 783px\" class=\"wp-caption alignnone\"><img loading=\"lazy\" decoding=\"async\" class=\"size-full wp-image-5651\" src=\"http:\/\/www.moroccoherps.com\/wp-content\/uploads\/2020\/04\/foto-3.jpg\" alt=\"\" width=\"783\" height=\"503\" srcset=\"https:\/\/www.moroccoherps.com\/wp-content\/uploads\/2020\/04\/foto-3.jpg 783w, https:\/\/www.moroccoherps.com\/wp-content\/uploads\/2020\/04\/foto-3-300x193.jpg 300w, https:\/\/www.moroccoherps.com\/wp-content\/uploads\/2020\/04\/foto-3-768x493.jpg 768w\" sizes=\"auto, (max-width: 767px) 89vw, (max-width: 1000px) 54vw, (max-width: 1071px) 543px, 580px\" \/><figcaption id=\"caption-attachment-5651\" class=\"wp-caption-text\">Throat colour variation in <em>Q. trachyblepharus. <\/em>Right shows the black pelvic patch that is present in adult males only. Photos: \u00a9 Abdellah Bouazza.<\/figcaption><\/figure>\n<p><em>Quedenfeldtia trachyblepharus <\/em>and<a href=\"https:\/\/www.moroccoherps.com\/en\/ficha\/quedenfeldtia_moerens\/\"><em> Quedenfeldtia moerens <\/em><\/a>are distinguished by both external and osteological characters (Arnould, 1990; Bons and Geniez, 1996; Barata <em>et al<\/em>., 2012; Blouin-Demers <em>et al<\/em>., 2013; see table below for summary).<\/p>\n<table width=\"628\">\n<tbody>\n<tr>\n<td width=\"237\"><\/td>\n<td width=\"226\"><em>Q. trachyblepharus<\/em> (Boettger 1874)<\/td>\n<td width=\"166\"><em>Q. moerens<\/em> (Chabanaud 1916)<\/td>\n<\/tr>\n<tr>\n<td width=\"237\">Number of presacral vertebrae<\/td>\n<td width=\"226\">Generally 24 or 25<\/td>\n<td width=\"166\">Generally 22 or 23<\/td>\n<\/tr>\n<tr>\n<td width=\"237\">Cloacal tubercle<\/td>\n<td width=\"226\">Large and prominent<\/td>\n<td width=\"166\">Small or absent<\/td>\n<\/tr>\n<tr>\n<td width=\"237\">Sexual dichromatism<\/td>\n<td width=\"226\">Accentuated<\/td>\n<td width=\"166\">Little<\/td>\n<\/tr>\n<tr>\n<td width=\"237\">Yellow ocellus on the borders<\/td>\n<td width=\"226\">Absent<\/td>\n<td width=\"166\">Present<\/td>\n<\/tr>\n<tr>\n<td width=\"237\">Iris of the eye<\/td>\n<td width=\"226\">Gray-brown<\/td>\n<td width=\"166\">Red-brown<\/td>\n<\/tr>\n<\/tbody>\n<\/table>\n<h2>3) Ecology and habits<\/h2>\n<p>In the High Atlas Mountains, Atlas day geckos occasionally remain active during the winter: on sunny days they run around on rocks surrounded by snow fields (Schleich <em>et al<\/em>., 1996; Bouazza, 2012). These geckos lives under extreme climatic conditions (Bouazza et al., 2016), and on cold winter days when air temperatures rise to above 3\u00b0C they start basking within a few minutes after the sun hits the vicinity of their retreats (Schleich <em>et al<\/em>., 1996; Bouazza <em>pers. obs.<\/em>).<\/p>\n<p>They are oviparous, each female depositing multiple clutches (generally 1-3) between April and July in communal egg-laying sites. Mating begins in March and is frequently initiated by the male.<\/p>\n<figure id=\"attachment_5652\" aria-describedby=\"caption-attachment-5652\" style=\"width: 1118px\" class=\"wp-caption alignnone\"><img loading=\"lazy\" decoding=\"async\" class=\"wp-image-5652 size-full\" src=\"http:\/\/www.moroccoherps.com\/wp-content\/uploads\/2020\/04\/foto-4.jpg\" alt=\"\" width=\"1118\" height=\"418\" srcset=\"https:\/\/www.moroccoherps.com\/wp-content\/uploads\/2020\/04\/foto-4.jpg 1118w, https:\/\/www.moroccoherps.com\/wp-content\/uploads\/2020\/04\/foto-4-300x112.jpg 300w, https:\/\/www.moroccoherps.com\/wp-content\/uploads\/2020\/04\/foto-4-1024x383.jpg 1024w, https:\/\/www.moroccoherps.com\/wp-content\/uploads\/2020\/04\/foto-4-768x287.jpg 768w\" sizes=\"auto, (max-width: 767px) 89vw, (max-width: 1000px) 54vw, (max-width: 1071px) 543px, 580px\" \/><figcaption id=\"caption-attachment-5652\" class=\"wp-caption-text\">Left: Mating in Q. trachyblepharus Right: female in the communal nesting site. Ouka\u00efmeden, Morocco. Photos: \u00a9 Abdellah Bouazza.<\/figcaption><\/figure>\n<p>It feeds on many insects, especially small beetles (Carretero <em>et al<\/em>., 2006).<\/p>\n<p>Their main predators are the Atlas dwarf viper (<a href=\"https:\/\/www.moroccoherps.com\/en\/ficha\/vipera_latastei\/\"><em>Vipera monticola<\/em><\/a>) and the Southern smooth snake (<a href=\"https:\/\/www.moroccoherps.com\/en\/ficha\/coronella_girondica\/\"><em>Coronella girondica<\/em><\/a>) (Schleich <em>et al<\/em>., 1996 ; Bouazza <em>pers. obs<\/em>). These snakes live amidst thorn cushions around the rocks inhabited by <em>Quedenfeldtia.<\/em><\/p>\n<h2>4) Distribution, habitat and abundance<\/h2>\n<\/div>\n<p><em>Q. trachyblepharus<\/em> occurs on rocky faces, both near water and in dry places (Schleich <em>et al<\/em>., 1996). They use rocks and fissures (sandstone and granite) as refuges in the High Atlas Mountains.<\/p>\n<p>This Moroccan endemic is found in mountainous areas from 1400 m to 4000 m (Bons and Geniez, 1996; Schleich <em>et al<\/em>., 1996). However, the exact distribution of this species is still unknown (Barata <em>et al<\/em>., 2012 ; Harris <em>et al<\/em>., 2017). Comas <em>et al<\/em>., ( 2014) showed a significant loss of physical condition as the number of competitors increased at low altitude in this gecko. This loss of body condition may be due to competition for food at lower altitudes, where trophic resources have to be partitioned within a richer community. In the High Atlas Mountains, endemic alpine reptile species, as <em>Q. trachyblepharus,<\/em> <a href=\"https:\/\/www.moroccoherps.com\/en\/ficha\/atlantolacerta_andreanskyi\/\"><em>Atlantolacerta andreanszkyi<\/em><\/a>, and <a href=\"https:\/\/www.moroccoherps.com\/en\/ficha\/chalcides_montanus\/\"><em>Chalcides montanus<\/em><\/a>, co-occur with other species that have broader ranges, including species from Eurasia together with species of Mediterranean and Ibero-Maghrebian ranges (Bons &amp; Geniez, 1996; Schleich <em>et al<\/em>., 1996). Above 2500 m in altitude. The Atlas day gecko shares its habitat mainly with the lizard <a href=\"https:\/\/www.moroccoherps.com\/en\/ficha\/atlantolacerta_andreanskyi\/\"><em>Atlantolacerta andreanszkyi<\/em><\/a> and <a href=\"https:\/\/www.moroccoherps.com\/en\/ficha\/podarcis_vaucheri\/\"><em>Podarcis vaucheri<\/em><\/a> (Bons &amp; Geniez, 1996; Bouazza <em>pers. obs<\/em>.). Nevertheless, populations below 2500 m must share the habitat with a greater diversity of other species as <a href=\"https:\/\/www.moroccoherps.com\/en\/ficha\/podarcis_vaucheri\/\"><em>Podarcis vaucheri<\/em>,<\/a> <a href=\"https:\/\/www.moroccoherps.com\/en\/ficha\/scelarcis_perspicillata\/\"><em>Scelarcis perspicillata<\/em><\/a>, <a href=\"https:\/\/www.moroccoherps.com\/en\/ficha\/tarentola_mauritanica\/\"><em>Tarentola mauritanica<\/em><\/a>, \u00a0<a href=\"https:\/\/www.moroccoherps.com\/en\/ficha\/psammodromus_algirus\/\"><em>Psammodromus algirus<\/em><\/a>, and also larger species such as <a href=\"https:\/\/www.moroccoherps.com\/en\/ficha\/timon_tangitanus\/\"><em>Timon tangitanus<\/em><\/a> and <a href=\"https:\/\/www.moroccoherps.com\/en\/ficha\/agama_impalearis\/\"><em>Agama impalearis<\/em><\/a> (Bons &amp; Geniez, 1996; Schleich <em>et al<\/em>., 1996). Also, there is a replacement of saurophagic snakes with altitude, with <a href=\"https:\/\/www.moroccoherps.com\/en\/ficha\/malpolon_monspessulanus\/\"><em>Malpolon monspessulanus<\/em><\/a> at low altitudes and<a href=\"https:\/\/www.moroccoherps.com\/en\/ficha\/vipera_latastei\/\"><em> Vipera monticola<\/em><\/a> and <a href=\"https:\/\/www.moroccoherps.com\/en\/ficha\/coronella_girondica\/\"><em>Coronella girondica<\/em> <\/a>at higher altitudes (Schleich <em>et al<\/em>., 1996; Bouazza <em>pers. obs.<\/em>).<\/p>\n<p>They form isolated populations with high densities, approximately 3 geckos\/m\u00b2 in the High Atlas Mountains (Schleich <em>et al<\/em>., 1996, Bouazza <em>pers. obs.<\/em>).<\/p>\n<figure id=\"attachment_5653\" aria-describedby=\"caption-attachment-5653\" style=\"width: 736px\" class=\"wp-caption alignnone\"><img loading=\"lazy\" decoding=\"async\" class=\"wp-image-5653 size-full\" src=\"http:\/\/www.moroccoherps.com\/wp-content\/uploads\/2020\/04\/foto-7.jpg\" alt=\"\" width=\"736\" height=\"481\" srcset=\"https:\/\/www.moroccoherps.com\/wp-content\/uploads\/2020\/04\/foto-7.jpg 736w, https:\/\/www.moroccoherps.com\/wp-content\/uploads\/2020\/04\/foto-7-300x196.jpg 300w\" sizes=\"auto, (max-width: 736px) 100vw, 736px\" \/><figcaption id=\"caption-attachment-5653\" class=\"wp-caption-text\">Typical habitat of Q. trachyblepharus in high altitude (3200 m) around Mount Toubkal (Morocco). Photo: \u00a9 Abdellah Bouazza.<\/figcaption><\/figure>\n<figure id=\"attachment_5655\" aria-describedby=\"caption-attachment-5655\" style=\"width: 740px\" class=\"wp-caption alignnone\"><img loading=\"lazy\" decoding=\"async\" class=\"wp-image-5655 size-full\" src=\"http:\/\/www.moroccoherps.com\/wp-content\/uploads\/2020\/04\/habitat-trachyblepharus.jpg\" alt=\"\" width=\"740\" height=\"493\" srcset=\"https:\/\/www.moroccoherps.com\/wp-content\/uploads\/2020\/04\/habitat-trachyblepharus.jpg 740w, https:\/\/www.moroccoherps.com\/wp-content\/uploads\/2020\/04\/habitat-trachyblepharus-300x200.jpg 300w\" sizes=\"auto, (max-width: 706px) 89vw, (max-width: 767px) 82vw, 740px\" \/><figcaption id=\"caption-attachment-5655\" class=\"wp-caption-text\">Typical habitat of Q. trachyblepharus. Ouka\u00efmeden (2700m). Photo: \u00a9 Abdellah Bouazza.<\/figcaption><\/figure>\n<figure id=\"attachment_5657\" aria-describedby=\"caption-attachment-5657\" style=\"width: 738px\" class=\"wp-caption alignnone\"><img loading=\"lazy\" decoding=\"async\" class=\"wp-image-5657 size-full\" src=\"http:\/\/www.moroccoherps.com\/wp-content\/uploads\/2020\/04\/foto-5.jpg\" alt=\"\" width=\"738\" height=\"494\" srcset=\"https:\/\/www.moroccoherps.com\/wp-content\/uploads\/2020\/04\/foto-5.jpg 738w, https:\/\/www.moroccoherps.com\/wp-content\/uploads\/2020\/04\/foto-5-300x201.jpg 300w\" sizes=\"auto, (max-width: 738px) 100vw, 738px\" \/><figcaption id=\"caption-attachment-5657\" class=\"wp-caption-text\">Habitat of Q. trachyblepharus severely fragmented (extraction of sandstone slabs, cultivated fields) at lowland. Ait lkak (1500 m), Morocco. Photo: \u00a9 Abdellah Bouazza.<\/figcaption><\/figure>\n<p>This species has been ranked by IUCN as \u201cNear Threatened\u201d because its extent of occurrence is less than 20,000 km\u00b2 in area, and its habitat is severely fragmented. The species nearly qualifies for vulnerable status, but it does not appear to be in decline (Joger, 2006).<\/p>\n<p>&nbsp;<\/p>\n<div id=\"ficha_info\">\n<div id=\"ficha_info\">\n<h2>Bibliography<\/h2>\n<\/div>\n<ul>\n<li style=\"list-style-type: none;\">\n<ul>\n<li><strong>Arnold EN. 1990<\/strong>. The two species of Moroccan day-geckoes, Quedenfeldtia (Reptilia: Gekkonidae). Journal of Natural History 24, 757-762.<\/li>\n<li><strong>Barata M, Perera A, Mart\u00ednez-Freir\u00eda F, Harris DJ. 2012.<\/strong> Cryptic diversity within the Moroccan endemic day geckos Quedenfeldtia (Squamata: Gekkonidae): a multidisciplinary approach using genetic, morphological and ecological data. Biological Journal of the Linnean Society, 106, 828-850.<\/li>\n<li><strong>Blouin-Demers G, Lourdais O, Bouazza A, Verreault C, El Mouden H, Slimani T. 2013.<\/strong> Patterns of throat colour variation in Quedenfeldtia trachyblepharus, a high-altitude gecko endemic to the High Atlas Mountains of Morocco. Amphibia Reptilia <b>34<\/b>: 567\u2013572.<\/li>\n<li><strong>Boettger O. 1883<\/strong>. Die reptilien und amphibien von Marocco II. Travaux de lnstitut Scientifique Cherifien. Sbrie Zoologique, 18, 1-130.<\/li>\n<li><strong>Bons J. 1967.<\/strong> Recherches sur la biogeographie et la biologie des amphibiens et des reptiles du Maroc. 321. Th\u00e8se doct. es-Sciences, Universit\u00e9 de Montpellier, France.<\/li>\n<li><strong>Bons J, Geniez P. 1996.<\/strong> Amphibiens et reptiles du Maroc (Sahara occidental compris). Atlas biog\u00e9ographique. Barcelona. Asociaci\u00f3n Herpetologica Espanola.<\/li>\n<li><strong>Bouazza A, Slimani T, El Mouden H, Blouin-Demers G, Lourdais O. 2016.<\/strong> Thermal constraints and the influence of reproduction on thermoregulation in a high-altitude gecko (<em>Quedenfeldtia trachyblepharus<\/em>). J. Zool. 300: 36\u201144.<\/li>\n<li><strong>Comas M, Escoriza D, Moreno-Rueda G. 2014.\u00a0<\/strong> Stable isotope analysis reveals variation in trophic niche depending on altitude in an endemic alpine gecko. Basic and Applied Ecology <b>15<\/b>: 362\u2013369.<\/li>\n<li><strong>Gamble T, Bauer AM, Colli GR, Greenbaum E, Jackman TR, Vitt LJ, Simons AM. 2011<\/strong>. Coming to America: multiple origins of New World geckos. J. Evol. Biol., 24, 231-244.<\/li>\n<li><strong>Harris DJ, Rosado D, Xavier R, Salvi D. 2017.<\/strong> New genetic lineages within Moroccan day geckos Quedenfeldtia (Sphaerodactylidae) revealed by mitochondrial and nuclear DNA sequence data. Amphibia-Reptilia 38: 97\u2011101.<\/li>\n<li><strong>Schleich H, Kastle W, Kabisch K. 1996.<\/strong> Amphibians and Reptiles from North Africa. K\u00f6nigstein, Germany., Koeltz Scientific Publications.<\/li>\n<\/ul>\n<\/li>\n<\/ul>\n<hr \/>\n<\/div>\n<p><b>To cite this page:<\/b><br \/>\nAbdellah Bouazza (2020): <em><span class=\"nc\">Quedenfeldtia trachyblepharus <\/span><\/em>(Boettger, 1873). In: Mart\u00ednez, G., Le\u00f3n, R., Jim\u00e9nez-Robles, O., Gonz\u00e1lez De la Vega, J. P., Gabari, V., Rebollo, B., S\u00e1nchez-T\u00f3jar, A., Fern\u00e1ndez-Cardenete, J. R., G\u00e1llego, J. (Eds.). Moroccoherps. Amphibians and Reptiles of Morocco and Western Sahara.<br \/>\nAvailable from www.moroccoherps.com\/en\/ficha\/quedenfeldtia_trachyblepharus\/. Version 08\/04\/2020.<\/p>\n<p><b>To cite\u00a0<a href=\"http:\/\/www.moroccoherps.com\/\">www.morocoherps.com en<\/a>\u00a0as a whole:<\/b><br \/>\nMart\u00ednez, G., Le\u00f3n, R., Jim\u00e9nez-Robles, O., Gonz\u00e1lez De la Vega, J.P., Gabari, V., Rebollo, B., S\u00e1nchez-T\u00f3jar, A., Fern\u00e1ndez-Cardenete, J.R., G\u00e1llego, J. (Eds.). Moroccoherps. Amphibians and Reptiles of Morocco and Western Sahara.<br \/>\nAvailable from\u00a0<a href=\"http:\/\/www.moroccoherps.com\/\">www.moroccoherps.com<\/a>.<\/p>","protected":false},"excerpt":{"rendered":"<p>High Atlas Day Gecko Quedenfeldtia trachyblepharus (Boettger, 1873) By Abdellah Bouazza Updated: 08\/04\/2020 Taxonomy: Gekkota | Sphaerodactylidae | Quedenfeldtia | Quedenfeldtia trachyblepharus &nbsp; \u00a0 Quedenfeldtia trachyblepharus Distribution map of Quedenfeldtia trachyblepharus in Morocco. &nbsp; 1) Phylogenetic frame The genus Quedenfeltia Boettger (1883) (Atlas Day Gecko) is endemic to Morocco. There are two species described in &hellip; <\/p>\n<p class=\"link-more\"><a href=\"https:\/\/www.moroccoherps.com\/en\/ficha\/quedenfeldtia_trachyblepharus\/\" class=\"more-link\">Continue reading<span class=\"screen-reader-text\"> &#8220;Species page of Quedenfeldtia trachyblepharus&#8221;<\/span><\/a><\/p>\n","protected":false},"author":3,"featured_media":0,"parent":2564,"menu_order":0,"comment_status":"closed","ping_status":"closed","template":"","meta":{"footnotes":""},"class_list":["post-4995","page","type-page","status-publish","hentry"],"_links":{"self":[{"href":"https:\/\/www.moroccoherps.com\/en\/wp-json\/wp\/v2\/pages\/4995","targetHints":{"allow":["GET"]}}],"collection":[{"href":"https:\/\/www.moroccoherps.com\/en\/wp-json\/wp\/v2\/pages"}],"about":[{"href":"https:\/\/www.moroccoherps.com\/en\/wp-json\/wp\/v2\/types\/page"}],"author":[{"embeddable":true,"href":"https:\/\/www.moroccoherps.com\/en\/wp-json\/wp\/v2\/users\/3"}],"replies":[{"embeddable":true,"href":"https:\/\/www.moroccoherps.com\/en\/wp-json\/wp\/v2\/comments?post=4995"}],"version-history":[{"count":21,"href":"https:\/\/www.moroccoherps.com\/en\/wp-json\/wp\/v2\/pages\/4995\/revisions"}],"predecessor-version":[{"id":5677,"href":"https:\/\/www.moroccoherps.com\/en\/wp-json\/wp\/v2\/pages\/4995\/revisions\/5677"}],"up":[{"embeddable":true,"href":"https:\/\/www.moroccoherps.com\/en\/wp-json\/wp\/v2\/pages\/2564"}],"wp:attachment":[{"href":"https:\/\/www.moroccoherps.com\/en\/wp-json\/wp\/v2\/media?parent=4995"}],"curies":[{"name":"wp","href":"https:\/\/api.w.org\/{rel}","templated":true}]}}