{"id":5037,"date":"2020-03-23T16:57:49","date_gmt":"2020-03-23T16:57:49","guid":{"rendered":"http:\/\/www.moroccoherps.com\/?page_id=5037"},"modified":"2020-05-18T20:04:45","modified_gmt":"2020-05-18T20:04:45","slug":"stenodactylus_petrii","status":"publish","type":"page","link":"https:\/\/www.moroccoherps.com\/en\/ficha\/stenodactylus_petrii\/","title":{"rendered":"Species Page of Stenodactylus petrii"},"content":{"rendered":"<p><\/p>\n<div id=\"ficha_resumen\">\n<div id=\"especie\">\n<h1><span class=\"nc\">Anderson\u00b4s Short-fingered Gecko<br \/>\n<\/span><span class=\"nc\"><em><strong>Stenodactylus petrii<\/strong><\/em> Anderson, 1896<br \/>\n<\/span><\/h1>\n<\/div>\n<div id=\"autor\">\n<div class=\"izquierdo\">\n<p>By <strong>Gabriel Mart\u00ednez del M\u00e1rmol<\/strong> <b><br \/>\n<\/b><\/p>\n<\/div>\n<\/div>\n<div>\n<div id=\"actualizado\" class=\"izquierdo\">\n<p>Updated: <strong>15\/05\/2020<\/strong><\/p>\n<\/div>\n<div id=\"jerarquia_taxonomica\" class=\"derecho\">\n<p>Taxonomy: Gekkota | Geckkonidae | Stenodactylus | Stenodactylus petrii<\/p>\n<figure id=\"attachment_6016\" aria-describedby=\"caption-attachment-6016\" style=\"width: 740px\" class=\"wp-caption alignnone\"><img loading=\"lazy\" decoding=\"async\" class=\"size-full wp-image-6016\" src=\"http:\/\/www.moroccoherps.com\/wp-content\/uploads\/2020\/05\/FIG-1.jpg\" alt=\"\" width=\"740\" height=\"493\" srcset=\"https:\/\/www.moroccoherps.com\/wp-content\/uploads\/2020\/05\/FIG-1.jpg 740w, https:\/\/www.moroccoherps.com\/wp-content\/uploads\/2020\/05\/FIG-1-300x200.jpg 300w\" sizes=\"auto, (max-width: 706px) 89vw, (max-width: 767px) 82vw, 740px\" \/><figcaption id=\"caption-attachment-6016\" class=\"wp-caption-text\"><span class=\"nc\">Anderson\u00b4s Short-fingered Gecko<\/span> (Stenodactylus petrii), Smara. Photo: \u00a9 Ra\u00fal Le\u00f3n<\/figcaption><\/figure>\n<p><img loading=\"lazy\" decoding=\"async\" class=\"wp-image-5039 alignleft\" src=\"http:\/\/www.moroccoherps.com\/wp-content\/uploads\/2020\/03\/mapa-nuevo-blanco-y-negro-5.jpg\" alt=\"\" width=\"229\" height=\"240\" srcset=\"https:\/\/www.moroccoherps.com\/wp-content\/uploads\/2020\/03\/mapa-nuevo-blanco-y-negro-5.jpg 668w, https:\/\/www.moroccoherps.com\/wp-content\/uploads\/2020\/03\/mapa-nuevo-blanco-y-negro-5-286x300.jpg 286w\" sizes=\"auto, (max-width: 229px) 100vw, 229px\" \/><\/p>\n<\/div>\n<\/div>\n<div id=\"mapa_distribucion\">\n<p>&nbsp;<\/p>\n<p class=\"leyenda_mapa_ficha\"><img decoding=\"async\" src=\"http:\/\/www.moroccoherps.com\/files\/images\/red.jpg\" alt=\"\" \/>\u00a0 <em>Stenodactylus petrii<\/em><span class=\"nc\"><br \/>\n<\/span><\/p>\n<p class=\"caption_mapa_ficha\">Distribution map of<br \/>\nStenodactylus petrii<br \/>\nin Morocco.<\/p>\n<\/div>\n<div id=\"gal_text\">\n<p>&nbsp;<\/p>\n<\/div>\n<div class=\"filete\"><\/div>\n<\/div>\n<div id=\"ficha_info\">\n<h2>The parts 1) Phylogenetic frame, 2) Description, 3) Ecology and habits and 4) Distribution, habitat and abundance are only available in <a href=\"http:\/\/www.moroccoherps.com\/ficha\/stenodactylus_petrii\/\">Spanish<\/a> (sorry, we are working to translate it to English).<\/h2>\n<h2>Bibliography<\/h2>\n<\/div>\n<ul>\n<li><strong>Mart\u00ednez del M\u00e1rmol, G., Harris, D.J., Geniez, P., de Pous, P., Salvi, D. 2019.<\/strong> Amphibians and Reptiles of Morocco. Frankfurt, Germany, Edition Chimaira. 478 pp.<\/li>\n<\/ul>\n<p><b>To cite\u00a0<a href=\"http:\/\/www.moroccoherps.com\/\">www.morocoherps.com en<\/a>\u00a0as a whole:<\/b><br \/>\nMart\u00ednez, G., Le\u00f3n, R., Jim\u00e9nez-Robles, O., Gonz\u00e1lez De la Vega, J.P., Gabari, V., Rebollo, B., S\u00e1nchez-T\u00f3jar, A., Fern\u00e1ndez-Cardenete, J.R., G\u00e1llego, J. (Eds.). Moroccoherps. Amphibians and Reptiles of Morocco and Western Sahara. Available from\u00a0<a href=\"http:\/\/www.moroccoherps.com\/\">www.moroccoherps.com<\/a>.<\/p>","protected":false},"excerpt":{"rendered":"<p>Anderson\u00b4s Short-fingered Gecko Stenodactylus petrii Anderson, 1896 By Gabriel Mart\u00ednez del M\u00e1rmol Updated: 15\/05\/2020 Taxonomy: Gekkota | Geckkonidae | Stenodactylus | Stenodactylus petrii &nbsp; \u00a0 Stenodactylus petrii Distribution map of Stenodactylus petrii in Morocco. &nbsp; The parts 1) Phylogenetic frame, 2) Description, 3) Ecology and habits and 4) Distribution, habitat and abundance are only available &hellip; <\/p>\n<p class=\"link-more\"><a href=\"https:\/\/www.moroccoherps.com\/en\/ficha\/stenodactylus_petrii\/\" class=\"more-link\">Continue reading<span class=\"screen-reader-text\"> &#8220;Species Page of Stenodactylus petrii&#8221;<\/span><\/a><\/p>\n","protected":false},"author":3,"featured_media":0,"parent":2564,"menu_order":0,"comment_status":"closed","ping_status":"closed","template":"","meta":{"footnotes":""},"class_list":["post-5037","page","type-page","status-publish","hentry"],"_links":{"self":[{"href":"https:\/\/www.moroccoherps.com\/en\/wp-json\/wp\/v2\/pages\/5037","targetHints":{"allow":["GET"]}}],"collection":[{"href":"https:\/\/www.moroccoherps.com\/en\/wp-json\/wp\/v2\/pages"}],"about":[{"href":"https:\/\/www.moroccoherps.com\/en\/wp-json\/wp\/v2\/types\/page"}],"author":[{"embeddable":true,"href":"https:\/\/www.moroccoherps.com\/en\/wp-json\/wp\/v2\/users\/3"}],"replies":[{"embeddable":true,"href":"https:\/\/www.moroccoherps.com\/en\/wp-json\/wp\/v2\/comments?post=5037"}],"version-history":[{"count":12,"href":"https:\/\/www.moroccoherps.com\/en\/wp-json\/wp\/v2\/pages\/5037\/revisions"}],"predecessor-version":[{"id":6031,"href":"https:\/\/www.moroccoherps.com\/en\/wp-json\/wp\/v2\/pages\/5037\/revisions\/6031"}],"up":[{"embeddable":true,"href":"https:\/\/www.moroccoherps.com\/en\/wp-json\/wp\/v2\/pages\/2564"}],"wp:attachment":[{"href":"https:\/\/www.moroccoherps.com\/en\/wp-json\/wp\/v2\/media?parent=5037"}],"curies":[{"name":"wp","href":"https:\/\/api.w.org\/{rel}","templated":true}]}}