{"id":5163,"date":"2020-03-24T13:48:46","date_gmt":"2020-03-24T13:48:46","guid":{"rendered":"http:\/\/www.moroccoherps.com\/?page_id=5163"},"modified":"2020-03-26T10:54:13","modified_gmt":"2020-03-26T10:54:13","slug":"eumeces_algeriensis","status":"publish","type":"page","link":"https:\/\/www.moroccoherps.com\/en\/ficha\/eumeces_algeriensis\/","title":{"rendered":"Species page Eumeces algeriensis"},"content":{"rendered":"<p><\/p>\n<div id=\"ficha_resumen\">\n<div id=\"especie\">\n<h1><span class=\"nc\">Orange Skink<br \/>\n<\/span><span class=\"nc\"><em><strong>Eumeces algeriensis <\/strong><\/em>Peters, 1864<br \/>\n<\/span><\/h1>\n<\/div>\n<div id=\"autor\">\n<div class=\"izquierdo\">\n<p>By <strong>Gabriel Mart\u00ednez del M\u00e1rmol<\/strong> <b><br \/>\n<\/b><\/p>\n<\/div>\n<\/div>\n<div>\n<div id=\"actualizado\" class=\"izquierdo\">\n<p>Updated: <strong>24\/03\/2020<\/strong><\/p>\n<\/div>\n<div id=\"jerarquia_taxonomica\" class=\"derecho\">\n<p>Taxonomy: Scincoidea | Scincidae | Eumeces | Eumeces algeriensis<\/p>\n<figure id=\"attachment_5455\" aria-describedby=\"caption-attachment-5455\" style=\"width: 1000px\" class=\"wp-caption alignnone\"><img loading=\"lazy\" decoding=\"async\" class=\"wp-image-5455 size-full\" src=\"http:\/\/www.moroccoherps.com\/wp-content\/uploads\/2020\/03\/Eume-alg-Ben-Slimane-Raul.jpg\" alt=\"\" width=\"1000\" height=\"667\" srcset=\"https:\/\/www.moroccoherps.com\/wp-content\/uploads\/2020\/03\/Eume-alg-Ben-Slimane-Raul.jpg 1000w, https:\/\/www.moroccoherps.com\/wp-content\/uploads\/2020\/03\/Eume-alg-Ben-Slimane-Raul-300x200.jpg 300w, https:\/\/www.moroccoherps.com\/wp-content\/uploads\/2020\/03\/Eume-alg-Ben-Slimane-Raul-768x512.jpg 768w\" sizes=\"auto, (max-width: 767px) 89vw, (max-width: 1000px) 54vw, (max-width: 1071px) 543px, 580px\" \/><figcaption id=\"caption-attachment-5455\" class=\"wp-caption-text\">Adult male. Ben Slimane. Photo: \u00a9 Ra\u00fal Le\u00f3n<\/figcaption><\/figure>\n<p><img loading=\"lazy\" decoding=\"async\" class=\"wp-image-5165 alignleft\" src=\"http:\/\/www.moroccoherps.com\/wp-content\/uploads\/2020\/03\/mapa-nuevo-blanco-y-negro-16.jpg\" alt=\"\" width=\"197\" height=\"206\" srcset=\"https:\/\/www.moroccoherps.com\/wp-content\/uploads\/2020\/03\/mapa-nuevo-blanco-y-negro-16.jpg 668w, https:\/\/www.moroccoherps.com\/wp-content\/uploads\/2020\/03\/mapa-nuevo-blanco-y-negro-16-286x300.jpg 286w\" sizes=\"auto, (max-width: 197px) 100vw, 197px\" \/><\/p>\n<p>&nbsp;<\/p>\n<\/div>\n<\/div>\n<div id=\"mapa_distribucion\">\n<p class=\"leyenda_mapa_ficha\"><img decoding=\"async\" src=\"http:\/\/www.moroccoherps.com\/files\/images\/red.jpg\" alt=\"\" \/>\u00a0 <em>E. a. algeriensis<\/em><span class=\"nc\"><br \/>\n<\/span><\/p>\n<p><img decoding=\"async\" src=\"http:\/\/www.moroccoherps.com\/files\/images\/yellow.jpg\" alt=\"\" \/>\u00a0 <em>E. a. meridionalis<\/em><span class=\"nc\"><br \/>\n<\/span><\/p>\n<p class=\"caption_mapa_ficha\">Distribution map of <em>Eumeces algeriensis<\/em><br \/>\nin Morocco.<\/p>\n<\/div>\n<\/div>\n<p>&nbsp;<\/p>\n<div id=\"ficha_info\">\n<h2>The parts 1) Phylogenetic frame, 2) Description, 3) Ecology and habits and 4) Distribution, habitat and abundance are being made.<\/h2>\n<h2>Bibliography<\/h2>\n<\/div>\n<ul>\n<li><strong>Mart\u00ednez del M\u00e1rmol, G., Harris, D.J., Geniez, P., de Pous, P., Salvi, D. 2019.<\/strong> Amphibians and Reptiles of Morocco. Frankfurt, Germany, Edition Chimaira. 478 pp.<\/li>\n<\/ul>\n<p><b>To cite\u00a0<a href=\"http:\/\/www.moroccoherps.com\/\">www.morocoherps.com en<\/a>\u00a0as a whole:<\/b><br \/>\nMart\u00ednez, G., Le\u00f3n, R., Jim\u00e9nez-Robles, O., Gonz\u00e1lez De la Vega, J.P., Gabari, V., Rebollo, B., S\u00e1nchez-T\u00f3jar, A., Fern\u00e1ndez-Cardenete, J.R., G\u00e1llego, J. (Eds.). Moroccoherps. Amphibians and Reptiles of Morocco and Western Sahara. Available from\u00a0<a href=\"http:\/\/www.moroccoherps.com\/\">www.moroccoherps.com<\/a><\/p>","protected":false},"excerpt":{"rendered":"<p>Orange Skink Eumeces algeriensis Peters, 1864 By Gabriel Mart\u00ednez del M\u00e1rmol Updated: 24\/03\/2020 Taxonomy: Scincoidea | Scincidae | Eumeces | Eumeces algeriensis &nbsp; \u00a0 E. a. algeriensis \u00a0 E. a. meridionalis Distribution map of Eumeces algeriensis in Morocco. &nbsp; The parts 1) Phylogenetic frame, 2) Description, 3) Ecology and habits and 4) Distribution, habitat and &hellip; <\/p>\n<p class=\"link-more\"><a href=\"https:\/\/www.moroccoherps.com\/en\/ficha\/eumeces_algeriensis\/\" class=\"more-link\">Continue reading<span class=\"screen-reader-text\"> &#8220;Species page Eumeces algeriensis&#8221;<\/span><\/a><\/p>\n","protected":false},"author":3,"featured_media":0,"parent":2564,"menu_order":0,"comment_status":"closed","ping_status":"closed","template":"","meta":{"footnotes":""},"class_list":["post-5163","page","type-page","status-publish","hentry"],"_links":{"self":[{"href":"https:\/\/www.moroccoherps.com\/en\/wp-json\/wp\/v2\/pages\/5163","targetHints":{"allow":["GET"]}}],"collection":[{"href":"https:\/\/www.moroccoherps.com\/en\/wp-json\/wp\/v2\/pages"}],"about":[{"href":"https:\/\/www.moroccoherps.com\/en\/wp-json\/wp\/v2\/types\/page"}],"author":[{"embeddable":true,"href":"https:\/\/www.moroccoherps.com\/en\/wp-json\/wp\/v2\/users\/3"}],"replies":[{"embeddable":true,"href":"https:\/\/www.moroccoherps.com\/en\/wp-json\/wp\/v2\/comments?post=5163"}],"version-history":[{"count":4,"href":"https:\/\/www.moroccoherps.com\/en\/wp-json\/wp\/v2\/pages\/5163\/revisions"}],"predecessor-version":[{"id":5456,"href":"https:\/\/www.moroccoherps.com\/en\/wp-json\/wp\/v2\/pages\/5163\/revisions\/5456"}],"up":[{"embeddable":true,"href":"https:\/\/www.moroccoherps.com\/en\/wp-json\/wp\/v2\/pages\/2564"}],"wp:attachment":[{"href":"https:\/\/www.moroccoherps.com\/en\/wp-json\/wp\/v2\/media?parent=5163"}],"curies":[{"name":"wp","href":"https:\/\/api.w.org\/{rel}","templated":true}]}}