{"id":5193,"date":"2020-03-24T15:51:30","date_gmt":"2020-03-24T15:51:30","guid":{"rendered":"http:\/\/www.moroccoherps.com\/?page_id=5193"},"modified":"2025-08-11T14:28:30","modified_gmt":"2025-08-11T14:28:30","slug":"ophisops_occidentalis","status":"publish","type":"page","link":"https:\/\/www.moroccoherps.com\/en\/ficha\/ophisops_occidentalis\/","title":{"rendered":"Species page Ophisops occidentalis"},"content":{"rendered":"<p><\/p>\n<div id=\"ficha_resumen\">\n<div id=\"especie\">\n<h1><span class=\"nc\">North-African Snake-eyed Lacertid<br \/>\n<\/span><span class=\"nc\"><em><strong>Ophisops occidentalis <\/strong><\/em>(Boulenger, 1887)<br \/>\n<\/span><\/h1>\n<\/div>\n<div id=\"autor\">\n<div class=\"izquierdo\">\n<p>By <strong>Gabriel Mart\u00ednez del M\u00e1rmol<\/strong> <b><br \/>\n<\/b><\/p>\n<\/div>\n<\/div>\n<div>\n<div id=\"actualizado\" class=\"izquierdo\">\n<p>Updated: <strong>11\/08\/2025<\/strong><\/p>\n<\/div>\n<div id=\"jerarquia_taxonomica\" class=\"derecho\">\n<p>Taxonomy: Lacertoidea | Lacertidae | Ophisops | Ophisops occidentalis<\/p>\n<figure id=\"attachment_5194\" aria-describedby=\"caption-attachment-5194\" style=\"width: 1000px\" class=\"wp-caption alignnone\"><img loading=\"lazy\" decoding=\"async\" class=\"size-full wp-image-5194\" src=\"http:\/\/www.moroccoherps.com\/wp-content\/uploads\/2020\/03\/watermark1000x667-21.jpg\" alt=\"\" width=\"1000\" height=\"667\" srcset=\"https:\/\/www.moroccoherps.com\/wp-content\/uploads\/2020\/03\/watermark1000x667-21.jpg 1000w, https:\/\/www.moroccoherps.com\/wp-content\/uploads\/2020\/03\/watermark1000x667-21-300x200.jpg 300w, https:\/\/www.moroccoherps.com\/wp-content\/uploads\/2020\/03\/watermark1000x667-21-768x512.jpg 768w\" sizes=\"auto, (max-width: 767px) 89vw, (max-width: 1000px) 54vw, (max-width: 1071px) 543px, 580px\" \/><figcaption id=\"caption-attachment-5194\" class=\"wp-caption-text\">Adult. Tiouli. Photo: \u00a9 Gabri Mtnez<\/figcaption><\/figure>\n<p><img loading=\"lazy\" decoding=\"async\" class=\"wp-image-5195 alignleft\" src=\"http:\/\/www.moroccoherps.com\/wp-content\/uploads\/2020\/03\/mapa-nuevo-blanco-y-negro-22.jpg\" alt=\"\" width=\"192\" height=\"201\" srcset=\"https:\/\/www.moroccoherps.com\/wp-content\/uploads\/2020\/03\/mapa-nuevo-blanco-y-negro-22.jpg 668w, https:\/\/www.moroccoherps.com\/wp-content\/uploads\/2020\/03\/mapa-nuevo-blanco-y-negro-22-286x300.jpg 286w\" sizes=\"auto, (max-width: 192px) 100vw, 192px\" \/><\/p>\n<p>&nbsp;<\/p>\n<\/div>\n<\/div>\n<div id=\"mapa_distribucion\">\n<p class=\"leyenda_mapa_ficha\"><img decoding=\"async\" src=\"http:\/\/www.moroccoherps.com\/files\/images\/red.jpg\" alt=\"\" \/>\u00a0 <em>Ophisops occidentalis<br \/>\n<\/em><\/p>\n<p class=\"caption_mapa_ficha\">Distribution map of <em>Ophisops occidentalis<\/em><br \/>\nin Morocco.<\/p>\n<\/div>\n<\/div>\n<p>&nbsp;<\/p>\n<div id=\"ficha_resumen\">\n<div id=\"gal_text\">\n<p>&nbsp;<\/p>\n<\/div>\n<\/div>\n<div id=\"ficha_info\">\n<h2>1) Phylogenetic frame<\/h2>\n<p>Neither <em>Ophisops elegans<\/em> nor <em>O. occidentalis<\/em> is monophyletic\u00a0 (Kyriazi <em>et al.<\/em> 2008).\u00a0Current evidence indicates that a single taxon should be recognized across North Africa, including populations morphologically assigned to <em>O. occidentalis <\/em>or <em>O. elegans, <\/em>and it suggests the need for a detailed taxonomic revision of the <em>O. elegans<\/em> species complex. (Harris <em>et al<\/em>., 2025).<\/p>\n<figure id=\"attachment_8987\" aria-describedby=\"caption-attachment-8987\" style=\"width: 740px\" class=\"wp-caption alignnone\"><img loading=\"lazy\" decoding=\"async\" class=\"size-full wp-image-8987\" src=\"https:\/\/www.moroccoherps.com\/wp-content\/uploads\/2025\/08\/Ophisops-KERMANSAH-IRAN.jpg\" alt=\"\" width=\"740\" height=\"493\" srcset=\"https:\/\/www.moroccoherps.com\/wp-content\/uploads\/2025\/08\/Ophisops-KERMANSAH-IRAN.jpg 740w, https:\/\/www.moroccoherps.com\/wp-content\/uploads\/2025\/08\/Ophisops-KERMANSAH-IRAN-300x200.jpg 300w\" sizes=\"auto, (max-width: 706px) 89vw, (max-width: 767px) 82vw, 740px\" \/><figcaption id=\"caption-attachment-8987\" class=\"wp-caption-text\">Ophisops elegans. Kermanshah (Iran)<\/figcaption><\/figure>\n<figure id=\"attachment_8989\" aria-describedby=\"caption-attachment-8989\" style=\"width: 740px\" class=\"wp-caption alignnone\"><img loading=\"lazy\" decoding=\"async\" class=\"size-full wp-image-8989\" src=\"https:\/\/www.moroccoherps.com\/wp-content\/uploads\/2025\/08\/Ophiosops-MITZPE-RAMON-ISRAEL.jpg\" alt=\"\" width=\"740\" height=\"493\" srcset=\"https:\/\/www.moroccoherps.com\/wp-content\/uploads\/2025\/08\/Ophiosops-MITZPE-RAMON-ISRAEL.jpg 740w, https:\/\/www.moroccoherps.com\/wp-content\/uploads\/2025\/08\/Ophiosops-MITZPE-RAMON-ISRAEL-300x200.jpg 300w\" sizes=\"auto, (max-width: 706px) 89vw, (max-width: 767px) 82vw, 740px\" \/><figcaption id=\"caption-attachment-8989\" class=\"wp-caption-text\">Ophisops elegans. Mitzpe Ramon (Israel)<\/figcaption><\/figure>\n<h2>2) Description<\/h2>\n<p>Small lizard species that reach a maximum aproximately size of 50 cm of snout-vent-leght and a tail that can be the double of large of the SVL (Schleich <em>et al.<\/em>, 1996).<\/p>\n<p>They have a characteristic keeled scales in the body and immovable eyelids. Striped pattern.<\/p>\n<figure id=\"attachment_8993\" aria-describedby=\"caption-attachment-8993\" style=\"width: 740px\" class=\"wp-caption alignnone\"><img loading=\"lazy\" decoding=\"async\" class=\"size-full wp-image-8993\" src=\"https:\/\/www.moroccoherps.com\/wp-content\/uploads\/2025\/08\/head-close-up.jpg\" alt=\"\" width=\"740\" height=\"493\" srcset=\"https:\/\/www.moroccoherps.com\/wp-content\/uploads\/2025\/08\/head-close-up.jpg 740w, https:\/\/www.moroccoherps.com\/wp-content\/uploads\/2025\/08\/head-close-up-300x200.jpg 300w\" sizes=\"auto, (max-width: 706px) 89vw, (max-width: 767px) 82vw, 740px\" \/><figcaption id=\"caption-attachment-8993\" class=\"wp-caption-text\">Ophisops occidentalis, close-up<\/figcaption><\/figure>\n<h2>3) Ecology and habits<\/h2>\n<p>Shy and elusive species.<\/p>\n<figure id=\"attachment_8995\" aria-describedby=\"caption-attachment-8995\" style=\"width: 740px\" class=\"wp-caption alignnone\"><img loading=\"lazy\" decoding=\"async\" class=\"size-full wp-image-8995\" src=\"https:\/\/www.moroccoherps.com\/wp-content\/uploads\/2025\/08\/Ophiops-in-situ.jpg\" alt=\"\" width=\"740\" height=\"493\" srcset=\"https:\/\/www.moroccoherps.com\/wp-content\/uploads\/2025\/08\/Ophiops-in-situ.jpg 740w, https:\/\/www.moroccoherps.com\/wp-content\/uploads\/2025\/08\/Ophiops-in-situ-300x200.jpg 300w\" sizes=\"auto, (max-width: 706px) 89vw, (max-width: 767px) 82vw, 740px\" \/><figcaption id=\"caption-attachment-8995\" class=\"wp-caption-text\">Ophisops occidentalis with regenerated tail, in situ. Tiouli<\/figcaption><\/figure>\n<h2>4) Distribution, habitat and abundance<\/h2>\n<p><em>Ophisops occidentalis<\/em> occurs from eastern Morocco to Egypt, with populations also in Tunisia, Libya, and Egypt.<\/p>\n<p>The habitat consist in steppes with abundant of bushes. It seems very dependent of the local vegetation and habitat alteration provokes the local extintion of this species (for example the population between Debdu and Ain Bni Mathar of Bons &amp; Geniez, 1996).<\/p>\n<figure id=\"attachment_8991\" aria-describedby=\"caption-attachment-8991\" style=\"width: 740px\" class=\"wp-caption alignnone\"><img loading=\"lazy\" decoding=\"async\" class=\"size-full wp-image-8991\" src=\"https:\/\/www.moroccoherps.com\/wp-content\/uploads\/2025\/08\/Habitat.jpg\" alt=\"\" width=\"740\" height=\"493\" srcset=\"https:\/\/www.moroccoherps.com\/wp-content\/uploads\/2025\/08\/Habitat.jpg 740w, https:\/\/www.moroccoherps.com\/wp-content\/uploads\/2025\/08\/Habitat-300x200.jpg 300w\" sizes=\"auto, (max-width: 706px) 89vw, (max-width: 767px) 82vw, 740px\" \/><figcaption id=\"caption-attachment-8991\" class=\"wp-caption-text\">Habitat of Ophisops occidentalis in Tiouli<\/figcaption><\/figure>\n<h2>Bibliography<\/h2>\n<ul>\n<li><strong>Bons J &amp; Geniez P. 1996.<\/strong>\u00a0Anfibios y Reptiles de Marruecos. Asociaci\u00f3n Herpetol\u00f3gica Espa\u00f1ola, Barcelona. 319 pp<\/li>\n<li><strong>Harris J, Bouam I &amp; Ferreira I. 2025<\/strong>. Genetic diversity within species of Ophisops (Reptilia, Lacertidae) from the Maghreb. Herpetozoa, 38: 205\u2013210.<\/li>\n<li><strong>Kyriazi P, Poulakakis N, Parmakelis A, Crochet PA, Moravec J, Rastegar-Pouyani N, Tsigenopoulos CS, Magoulas A, Mylonas M &amp; Lymberakis P. 2008.<\/strong>\u00a0Mitochondrial DNA reveals the genealogical history of the snake-eyed lizards (Ophisops elegans and O. occidentalis)(Sauria: Lacertidae). Molecular Phylogenetics and Evolution 49(3): 795\u2013805.<\/li>\n<li><strong>Mart\u00ednez del M\u00e1rmol G, Harris DJ, Geniez P, de Pous P &amp; Salvi D. 2019.<\/strong> Amphibians and Reptiles of Morocco. Frankfurt, Germany, Edition Chimaira. 478 pp.<\/li>\n<li><strong>Schleich HH, K\u00e4stle W &amp; Kabisch K. 1996<\/strong>. Amphibians and Reptiles of North Africa. Koeltz Sci. Books, Koenigstein. 630 pp.<\/li>\n<\/ul>\n<\/div>\n<p>&nbsp;<\/p>\n<p><b>To cite\u00a0<a href=\"http:\/\/www.moroccoherps.com\/\">www.morocoherps.com en<\/a>\u00a0as a whole:<\/b><br \/>\nMart\u00ednez, G., Le\u00f3n, R., Jim\u00e9nez-Robles, O., Gonz\u00e1lez De la Vega, J.P., Gabari, V., Rebollo, B., S\u00e1nchez-T\u00f3jar, A., Fern\u00e1ndez-Cardenete, J.R., G\u00e1llego, J. (Eds.). Moroccoherps. Amphibians and Reptiles of Morocco and Western Sahara. Available from\u00a0<a href=\"http:\/\/www.moroccoherps.com\/\">www.moroccoherps.com<\/a><\/p>","protected":false},"excerpt":{"rendered":"<p>North-African Snake-eyed Lacertid Ophisops occidentalis (Boulenger, 1887) By Gabriel Mart\u00ednez del M\u00e1rmol Updated: 11\/08\/2025 Taxonomy: Lacertoidea | Lacertidae | Ophisops | Ophisops occidentalis &nbsp; \u00a0 Ophisops occidentalis Distribution map of Ophisops occidentalis in Morocco. &nbsp; &nbsp; 1) Phylogenetic frame Neither Ophisops elegans nor O. occidentalis is monophyletic\u00a0 (Kyriazi et al. 2008).\u00a0Current evidence indicates that a &hellip; <\/p>\n<p class=\"link-more\"><a href=\"https:\/\/www.moroccoherps.com\/en\/ficha\/ophisops_occidentalis\/\" class=\"more-link\">Continue reading<span class=\"screen-reader-text\"> &#8220;Species page Ophisops occidentalis&#8221;<\/span><\/a><\/p>\n","protected":false},"author":3,"featured_media":0,"parent":2564,"menu_order":0,"comment_status":"closed","ping_status":"closed","template":"","meta":{"footnotes":""},"class_list":["post-5193","page","type-page","status-publish","hentry"],"_links":{"self":[{"href":"https:\/\/www.moroccoherps.com\/en\/wp-json\/wp\/v2\/pages\/5193","targetHints":{"allow":["GET"]}}],"collection":[{"href":"https:\/\/www.moroccoherps.com\/en\/wp-json\/wp\/v2\/pages"}],"about":[{"href":"https:\/\/www.moroccoherps.com\/en\/wp-json\/wp\/v2\/types\/page"}],"author":[{"embeddable":true,"href":"https:\/\/www.moroccoherps.com\/en\/wp-json\/wp\/v2\/users\/3"}],"replies":[{"embeddable":true,"href":"https:\/\/www.moroccoherps.com\/en\/wp-json\/wp\/v2\/comments?post=5193"}],"version-history":[{"count":6,"href":"https:\/\/www.moroccoherps.com\/en\/wp-json\/wp\/v2\/pages\/5193\/revisions"}],"predecessor-version":[{"id":8999,"href":"https:\/\/www.moroccoherps.com\/en\/wp-json\/wp\/v2\/pages\/5193\/revisions\/8999"}],"up":[{"embeddable":true,"href":"https:\/\/www.moroccoherps.com\/en\/wp-json\/wp\/v2\/pages\/2564"}],"wp:attachment":[{"href":"https:\/\/www.moroccoherps.com\/en\/wp-json\/wp\/v2\/media?parent=5193"}],"curies":[{"name":"wp","href":"https:\/\/api.w.org\/{rel}","templated":true}]}}