{"id":5198,"date":"2020-03-24T15:56:14","date_gmt":"2020-03-24T15:56:14","guid":{"rendered":"http:\/\/www.moroccoherps.com\/?page_id=5198"},"modified":"2021-09-28T13:59:33","modified_gmt":"2021-09-28T13:59:33","slug":"mesalina_olivieri","status":"publish","type":"page","link":"https:\/\/www.moroccoherps.com\/en\/ficha\/mesalina_olivieri\/","title":{"rendered":"Species page Mesalina olivieri"},"content":{"rendered":"<p><\/p>\n<div id=\"ficha_resumen\">\n<div id=\"especie\">\n<h1><span class=\"nc\">Olivier\u00b4s Small Lizard<br \/>\n<\/span><span class=\"nc\"><em><strong>Mesalina olivieri <\/strong><\/em>(Audouin, 1829)<br \/>\n<\/span><\/h1>\n<\/div>\n<div id=\"autor\">\n<div class=\"izquierdo\">\n<p>By <strong>Gabriel Mart\u00ednez del M\u00e1rmol<\/strong> <b><br \/>\n<\/b><\/p>\n<\/div>\n<\/div>\n<div>\n<div id=\"actualizado\" class=\"izquierdo\">\n<p>Updated: <strong>24\/09\/2021<\/strong><\/p>\n<\/div>\n<div id=\"jerarquia_taxonomica\" class=\"derecho\">\n<p>Taxonomy: Lacertoidea | Lacertidae | Mesalina | Mesalina olivieri<\/p>\n<figure id=\"attachment_5199\" aria-describedby=\"caption-attachment-5199\" style=\"width: 1000px\" class=\"wp-caption alignnone\"><img loading=\"lazy\" decoding=\"async\" class=\"wp-image-5199 size-full\" src=\"http:\/\/www.moroccoherps.com\/wp-content\/uploads\/2020\/03\/watermark1000x667-22.jpg\" alt=\"\" width=\"1000\" height=\"667\" srcset=\"https:\/\/www.moroccoherps.com\/wp-content\/uploads\/2020\/03\/watermark1000x667-22.jpg 1000w, https:\/\/www.moroccoherps.com\/wp-content\/uploads\/2020\/03\/watermark1000x667-22-300x200.jpg 300w, https:\/\/www.moroccoherps.com\/wp-content\/uploads\/2020\/03\/watermark1000x667-22-768x512.jpg 768w\" sizes=\"auto, (max-width: 767px) 89vw, (max-width: 1000px) 54vw, (max-width: 1071px) 543px, 580px\" \/><figcaption id=\"caption-attachment-5199\" class=\"wp-caption-text\">Adult. Ain Bni Mathar. Photo: \u00a9 Gabri Mtnez<\/figcaption><\/figure>\n<p>&nbsp;<\/p>\n<p><img loading=\"lazy\" decoding=\"async\" class=\"wp-image-6451 alignleft\" src=\"http:\/\/www.moroccoherps.com\/wp-content\/uploads\/2021\/09\/mapa-olivieri-ss.jpg\" alt=\"\" width=\"196\" height=\"205\" srcset=\"https:\/\/www.moroccoherps.com\/wp-content\/uploads\/2021\/09\/mapa-olivieri-ss.jpg 668w, https:\/\/www.moroccoherps.com\/wp-content\/uploads\/2021\/09\/mapa-olivieri-ss-286x300.jpg 286w\" sizes=\"auto, (max-width: 196px) 100vw, 196px\" \/><\/p>\n<\/div>\n<\/div>\n<div id=\"mapa_distribucion\">\n<p>&nbsp;<\/p>\n<p class=\"leyenda_mapa_ficha\"><img decoding=\"async\" src=\"http:\/\/www.moroccoherps.com\/files\/images\/red.jpg\" alt=\"\" \/>\u00a0 <em>Mesalina olivieri<br \/>\n<\/em><\/p>\n<p class=\"caption_mapa_ficha\">Distribution map of <em>Mesalina olivieri<\/em><br \/>\nin Morocco.<\/p>\n<\/div>\n<\/div>\n<p>&nbsp;<\/p>\n<div id=\"ficha_resumen\">\n<div id=\"gal_text\">\n<p>&nbsp;<\/p>\n<\/div>\n<\/div>\n<div id=\"ficha_info\">\n<h2>The parts 1) Phylogenetic frame, 2) Description, 3) Ecology and habits and 4) Distribution, habitat and abundance are being made.<\/h2>\n<h2>Bibliography<\/h2>\n<\/div>\n<ul>\n<li><strong>Mart\u00ednez del M\u00e1rmol, G., Harris, D.J., Geniez, P., de Pous, P., Salvi, D. 2019.<\/strong> Amphibians and Reptiles of Morocco. Frankfurt, Germany, Edition Chimaira. 478 pp.<\/li>\n<li><strong>Pizzigalli C, Crochet P-A, Geniez P, Mart\u00ednez-Freir\u00eda F, Velo-Ant\u00f3n G, Brito JC. 2021.<\/strong> Phylogeographic diversification of the Mesalina olivieri species complex (Squamata: Lacertidae) with the description of a new species and a new subspecies endemic from North West Africa. Journal of Zoological Systematics and Evolutionary Research, 00, 1-29. https:\/\/doi.org\/10.1111\/jzs.12516<\/li>\n<\/ul>\n<p><b>To cite\u00a0<a href=\"http:\/\/www.moroccoherps.com\/\">www.morocoherps.com en<\/a>\u00a0as a whole:<\/b><br \/>\nMart\u00ednez, G., Le\u00f3n, R., Jim\u00e9nez-Robles, O., Gonz\u00e1lez De la Vega, J.P., Gabari, V., Rebollo, B., S\u00e1nchez-T\u00f3jar, A., Fern\u00e1ndez-Cardenete, J.R., G\u00e1llego, J. (Eds.). Moroccoherps. Amphibians and Reptiles of Morocco and Western Sahara. Available from\u00a0<a href=\"http:\/\/www.moroccoherps.com\/\">www.moroccoherps.com<\/a><\/p>","protected":false},"excerpt":{"rendered":"<p>Olivier\u00b4s Small Lizard Mesalina olivieri (Audouin, 1829) By Gabriel Mart\u00ednez del M\u00e1rmol Updated: 24\/09\/2021 Taxonomy: Lacertoidea | Lacertidae | Mesalina | Mesalina olivieri &nbsp; &nbsp; \u00a0 Mesalina olivieri Distribution map of Mesalina olivieri in Morocco. &nbsp; &nbsp; The parts 1) Phylogenetic frame, 2) Description, 3) Ecology and habits and 4) Distribution, habitat and abundance are &hellip; <\/p>\n<p class=\"link-more\"><a href=\"https:\/\/www.moroccoherps.com\/en\/ficha\/mesalina_olivieri\/\" class=\"more-link\">Continue reading<span class=\"screen-reader-text\"> &#8220;Species page Mesalina olivieri&#8221;<\/span><\/a><\/p>\n","protected":false},"author":3,"featured_media":0,"parent":2564,"menu_order":0,"comment_status":"closed","ping_status":"closed","template":"","meta":{"footnotes":""},"class_list":["post-5198","page","type-page","status-publish","hentry"],"_links":{"self":[{"href":"https:\/\/www.moroccoherps.com\/en\/wp-json\/wp\/v2\/pages\/5198","targetHints":{"allow":["GET"]}}],"collection":[{"href":"https:\/\/www.moroccoherps.com\/en\/wp-json\/wp\/v2\/pages"}],"about":[{"href":"https:\/\/www.moroccoherps.com\/en\/wp-json\/wp\/v2\/types\/page"}],"author":[{"embeddable":true,"href":"https:\/\/www.moroccoherps.com\/en\/wp-json\/wp\/v2\/users\/3"}],"replies":[{"embeddable":true,"href":"https:\/\/www.moroccoherps.com\/en\/wp-json\/wp\/v2\/comments?post=5198"}],"version-history":[{"count":4,"href":"https:\/\/www.moroccoherps.com\/en\/wp-json\/wp\/v2\/pages\/5198\/revisions"}],"predecessor-version":[{"id":6452,"href":"https:\/\/www.moroccoherps.com\/en\/wp-json\/wp\/v2\/pages\/5198\/revisions\/6452"}],"up":[{"embeddable":true,"href":"https:\/\/www.moroccoherps.com\/en\/wp-json\/wp\/v2\/pages\/2564"}],"wp:attachment":[{"href":"https:\/\/www.moroccoherps.com\/en\/wp-json\/wp\/v2\/media?parent=5198"}],"curies":[{"name":"wp","href":"https:\/\/api.w.org\/{rel}","templated":true}]}}