{"id":5256,"date":"2020-03-25T08:43:53","date_gmt":"2020-03-25T08:43:53","guid":{"rendered":"http:\/\/www.moroccoherps.com\/?page_id=5256"},"modified":"2020-03-25T15:51:25","modified_gmt":"2020-03-25T15:51:25","slug":"agama_boulengeri","status":"publish","type":"page","link":"https:\/\/www.moroccoherps.com\/en\/ficha\/agama_boulengeri\/","title":{"rendered":"Species page Agama boulengeri"},"content":{"rendered":"<p><\/p>\n<div id=\"ficha_resumen\">\n<div id=\"especie\">\n<h1><span class=\"nc\">Boulenger\u00b4s Agama<br \/>\n<\/span><span class=\"nc\"><em><strong>Agama boulengeri <\/strong><\/em>Lataste, 1886<br \/>\n<\/span><\/h1>\n<\/div>\n<div id=\"autor\">\n<div class=\"izquierdo\">\n<p>By <strong>Gabriel Mart\u00ednez del M\u00e1rmol<\/strong> <b><br \/>\n<\/b><\/p>\n<\/div>\n<\/div>\n<div>\n<div id=\"actualizado\" class=\"izquierdo\">\n<p>Updated: <strong>25\/03\/2020<\/strong><\/p>\n<\/div>\n<div id=\"jerarquia_taxonomica\" class=\"derecho\">\n<p>Taxonomy: Iguania | Agamidae | Agama | Agama boulengeri<\/p>\n<figure id=\"attachment_5257\" aria-describedby=\"caption-attachment-5257\" style=\"width: 1000px\" class=\"wp-caption alignnone\"><img loading=\"lazy\" decoding=\"async\" class=\"wp-image-5257 size-full\" src=\"http:\/\/www.moroccoherps.com\/wp-content\/uploads\/2020\/03\/watermark1000x667-33.jpg\" alt=\"\" width=\"1000\" height=\"667\" srcset=\"https:\/\/www.moroccoherps.com\/wp-content\/uploads\/2020\/03\/watermark1000x667-33.jpg 1000w, https:\/\/www.moroccoherps.com\/wp-content\/uploads\/2020\/03\/watermark1000x667-33-300x200.jpg 300w, https:\/\/www.moroccoherps.com\/wp-content\/uploads\/2020\/03\/watermark1000x667-33-768x512.jpg 768w\" sizes=\"auto, (max-width: 767px) 89vw, (max-width: 1000px) 54vw, (max-width: 1071px) 543px, 580px\" \/><figcaption id=\"caption-attachment-5257\" class=\"wp-caption-text\">Adult. Aouinet Nanaga (Mauritania). Jean-Francois Trape<\/figcaption><\/figure>\n<p><img loading=\"lazy\" decoding=\"async\" class=\"wp-image-5258 alignleft\" src=\"http:\/\/www.moroccoherps.com\/wp-content\/uploads\/2020\/03\/mapa-nuevo-blanco-y-negro-34.jpg\" alt=\"\" width=\"199\" height=\"209\" srcset=\"https:\/\/www.moroccoherps.com\/wp-content\/uploads\/2020\/03\/mapa-nuevo-blanco-y-negro-34.jpg 668w, https:\/\/www.moroccoherps.com\/wp-content\/uploads\/2020\/03\/mapa-nuevo-blanco-y-negro-34-286x300.jpg 286w\" sizes=\"auto, (max-width: 199px) 100vw, 199px\" \/><\/p>\n<p>&nbsp;<\/p>\n<\/div>\n<\/div>\n<div id=\"mapa_distribucion\">\n<p class=\"leyenda_mapa_ficha\"><img decoding=\"async\" src=\"http:\/\/www.moroccoherps.com\/files\/images\/red.jpg\" alt=\"\" \/>\u00a0 <em>Agama boulengeri<br \/>\n<\/em><\/p>\n<p class=\"caption_mapa_ficha\">Distribution map of <em>Agama boulengeri<\/em><br \/>\nin Morocco (both records are very close to the Moroccan border but in Mauritania, so the presence of this species was not confirmed yet).<\/p>\n<\/div>\n<\/div>\n<p>&nbsp;<\/p>\n<div id=\"ficha_resumen\">\n<div id=\"gal_text\">\n<p>Gallery: 0 photos.<\/p>\n<\/div>\n<\/div>\n<div id=\"ficha_info\">\n<h2>The parts 1) Phylogenetic frame, 2) Description, 3) Ecology and habits and 4) Distribution, habitat and abundance are being made.<\/h2>\n<h2>Bibliography<\/h2>\n<\/div>\n<ul>\n<li><strong>Mart\u00ednez del M\u00e1rmol, G., Harris, D.J., Geniez, P., de Pous, P., Salvi, D. 2019.<\/strong> Amphibians and Reptiles of Morocco. Frankfurt, Germany, Edition Chimaira. 478 pp.<\/li>\n<\/ul>\n<p><b>To cite\u00a0<a href=\"http:\/\/www.moroccoherps.com\/\">www.morocoherps.com en<\/a>\u00a0as a whole:<\/b><br \/>\nMart\u00ednez, G., Le\u00f3n, R., Jim\u00e9nez-Robles, O., Gonz\u00e1lez De la Vega, J.P., Gabari, V., Rebollo, B., S\u00e1nchez-T\u00f3jar, A., Fern\u00e1ndez-Cardenete, J.R., G\u00e1llego, J. (Eds.). Moroccoherps. Amphibians and Reptiles of Morocco and Western Sahara. Available from\u00a0<a href=\"http:\/\/www.moroccoherps.com\/\">www.moroccoherps.com<\/a><\/p>","protected":false},"excerpt":{"rendered":"<p>Boulenger\u00b4s Agama Agama boulengeri Lataste, 1886 By Gabriel Mart\u00ednez del M\u00e1rmol Updated: 25\/03\/2020 Taxonomy: Iguania | Agamidae | Agama | Agama boulengeri &nbsp; \u00a0 Agama boulengeri Distribution map of Agama boulengeri in Morocco (both records are very close to the Moroccan border but in Mauritania, so the presence of this species was not confirmed yet). &hellip; <\/p>\n<p class=\"link-more\"><a href=\"https:\/\/www.moroccoherps.com\/en\/ficha\/agama_boulengeri\/\" class=\"more-link\">Continue reading<span class=\"screen-reader-text\"> &#8220;Species page Agama boulengeri&#8221;<\/span><\/a><\/p>\n","protected":false},"author":3,"featured_media":0,"parent":2564,"menu_order":0,"comment_status":"closed","ping_status":"closed","template":"","meta":{"footnotes":""},"class_list":["post-5256","page","type-page","status-publish","hentry"],"_links":{"self":[{"href":"https:\/\/www.moroccoherps.com\/en\/wp-json\/wp\/v2\/pages\/5256","targetHints":{"allow":["GET"]}}],"collection":[{"href":"https:\/\/www.moroccoherps.com\/en\/wp-json\/wp\/v2\/pages"}],"about":[{"href":"https:\/\/www.moroccoherps.com\/en\/wp-json\/wp\/v2\/types\/page"}],"author":[{"embeddable":true,"href":"https:\/\/www.moroccoherps.com\/en\/wp-json\/wp\/v2\/users\/3"}],"replies":[{"embeddable":true,"href":"https:\/\/www.moroccoherps.com\/en\/wp-json\/wp\/v2\/comments?post=5256"}],"version-history":[{"count":3,"href":"https:\/\/www.moroccoherps.com\/en\/wp-json\/wp\/v2\/pages\/5256\/revisions"}],"predecessor-version":[{"id":5349,"href":"https:\/\/www.moroccoherps.com\/en\/wp-json\/wp\/v2\/pages\/5256\/revisions\/5349"}],"up":[{"embeddable":true,"href":"https:\/\/www.moroccoherps.com\/en\/wp-json\/wp\/v2\/pages\/2564"}],"wp:attachment":[{"href":"https:\/\/www.moroccoherps.com\/en\/wp-json\/wp\/v2\/media?parent=5256"}],"curies":[{"name":"wp","href":"https:\/\/api.w.org\/{rel}","templated":true}]}}