{"id":5283,"date":"2020-03-25T09:25:55","date_gmt":"2020-03-25T09:25:55","guid":{"rendered":"http:\/\/www.moroccoherps.com\/?page_id=5283"},"modified":"2020-03-25T12:29:55","modified_gmt":"2020-03-25T12:29:55","slug":"spalerosophis_diadema","status":"publish","type":"page","link":"https:\/\/www.moroccoherps.com\/en\/ficha\/spalerosophis_diadema\/","title":{"rendered":"Species page Spalerosophis diadema"},"content":{"rendered":"<p><\/p>\n<div id=\"ficha_resumen\">\n<div id=\"especie\">\n<h1><span class=\"nc\">Diadem Snake<br \/>\n<\/span><span class=\"nc\"><em><strong>Spalerosophis diadema <\/strong><\/em>(Schlegel, 1837)<br \/>\n<\/span><\/h1>\n<\/div>\n<div id=\"autor\">\n<div class=\"izquierdo\">\n<p>By <strong>Gabriel Mart\u00ednez del M\u00e1rmol<\/strong> <b><br \/>\n<\/b><\/p>\n<\/div>\n<\/div>\n<div>\n<div id=\"actualizado\" class=\"izquierdo\">\n<p>Updated: <strong>25\/03\/2020<\/strong><\/p>\n<\/div>\n<div id=\"jerarquia_taxonomica\" class=\"derecho\">\n<p>Taxonomy: Serpentes | Colubridae | Spalerosophis | Spalerosophis diadema<\/p>\n<figure id=\"attachment_5284\" aria-describedby=\"caption-attachment-5284\" style=\"width: 1000px\" class=\"wp-caption alignnone\"><img loading=\"lazy\" decoding=\"async\" class=\"size-full wp-image-5284\" src=\"http:\/\/www.moroccoherps.com\/wp-content\/uploads\/2020\/03\/watermark1000x667-38.jpg\" alt=\"\" width=\"1000\" height=\"667\" srcset=\"https:\/\/www.moroccoherps.com\/wp-content\/uploads\/2020\/03\/watermark1000x667-38.jpg 1000w, https:\/\/www.moroccoherps.com\/wp-content\/uploads\/2020\/03\/watermark1000x667-38-300x200.jpg 300w, https:\/\/www.moroccoherps.com\/wp-content\/uploads\/2020\/03\/watermark1000x667-38-768x512.jpg 768w\" sizes=\"auto, (max-width: 767px) 89vw, (max-width: 1000px) 54vw, (max-width: 1071px) 543px, 580px\" \/><figcaption id=\"caption-attachment-5284\" class=\"wp-caption-text\">Adult. Tarfaya. Photo: \u00a9 Ra\u00fal Le\u00f3n<\/figcaption><\/figure>\n<p><img loading=\"lazy\" decoding=\"async\" class=\"wp-image-5285 alignleft\" src=\"http:\/\/www.moroccoherps.com\/wp-content\/uploads\/2020\/03\/mapa-nuevo-blanco-y-negro-39.jpg\" alt=\"\" width=\"205\" height=\"215\" srcset=\"https:\/\/www.moroccoherps.com\/wp-content\/uploads\/2020\/03\/mapa-nuevo-blanco-y-negro-39.jpg 668w, https:\/\/www.moroccoherps.com\/wp-content\/uploads\/2020\/03\/mapa-nuevo-blanco-y-negro-39-286x300.jpg 286w\" sizes=\"auto, (max-width: 205px) 100vw, 205px\" \/><\/p>\n<p>&nbsp;<\/p>\n<\/div>\n<\/div>\n<div id=\"mapa_distribucion\">\n<p class=\"leyenda_mapa_ficha\"><img decoding=\"async\" src=\"http:\/\/www.moroccoherps.com\/files\/images\/red.jpg\" alt=\"\" \/>\u00a0 <em>Spalerosophis diadema<br \/>\n<\/em><\/p>\n<p class=\"caption_mapa_ficha\">Distribution map of <em>Spalerosophis diadema<\/em><br \/>\nin Morocco.<\/p>\n<\/div>\n<\/div>\n<p>&nbsp;<\/p>\n<div id=\"ficha_resumen\">\n<div id=\"gal_text\">\n<p>Gallery: 0 photos.<\/p>\n<\/div>\n<\/div>\n<div id=\"ficha_info\">\n<h2>The parts 1) Phylogenetic frame, 2) Description, 3) Ecology and habits and 4) Distribution, habitat and abundance are being made.<\/h2>\n<h2>Bibliography<\/h2>\n<\/div>\n<ul>\n<li><strong>Mart\u00ednez del M\u00e1rmol, G., Harris, D.J., Geniez, P., de Pous, P., Salvi, D. 2019.<\/strong> Amphibians and Reptiles of Morocco. Frankfurt, Germany, Edition Chimaira. 478 pp.<\/li>\n<\/ul>\n<p><b>To cite\u00a0<a href=\"http:\/\/www.moroccoherps.com\/\">www.morocoherps.com en<\/a>\u00a0as a whole:<\/b><br \/>\nMart\u00ednez, G., Le\u00f3n, R., Jim\u00e9nez-Robles, O., Gonz\u00e1lez De la Vega, J.P., Gabari, V., Rebollo, B., S\u00e1nchez-T\u00f3jar, A., Fern\u00e1ndez-Cardenete, J.R., G\u00e1llego, J. (Eds.). Moroccoherps. Amphibians and Reptiles of Morocco and Western Sahara. Available from\u00a0<a href=\"http:\/\/www.moroccoherps.com\/\">www.moroccoherps.com<\/a><\/p>","protected":false},"excerpt":{"rendered":"<p>Diadem Snake Spalerosophis diadema (Schlegel, 1837) By Gabriel Mart\u00ednez del M\u00e1rmol Updated: 25\/03\/2020 Taxonomy: Serpentes | Colubridae | Spalerosophis | Spalerosophis diadema &nbsp; \u00a0 Spalerosophis diadema Distribution map of Spalerosophis diadema in Morocco. &nbsp; Gallery: 0 photos. The parts 1) Phylogenetic frame, 2) Description, 3) Ecology and habits and 4) Distribution, habitat and abundance are &hellip; <\/p>\n<p class=\"link-more\"><a href=\"https:\/\/www.moroccoherps.com\/en\/ficha\/spalerosophis_diadema\/\" class=\"more-link\">Continue reading<span class=\"screen-reader-text\"> &#8220;Species page Spalerosophis diadema&#8221;<\/span><\/a><\/p>\n","protected":false},"author":3,"featured_media":0,"parent":2564,"menu_order":0,"comment_status":"closed","ping_status":"closed","template":"","meta":{"footnotes":""},"class_list":["post-5283","page","type-page","status-publish","hentry"],"_links":{"self":[{"href":"https:\/\/www.moroccoherps.com\/en\/wp-json\/wp\/v2\/pages\/5283","targetHints":{"allow":["GET"]}}],"collection":[{"href":"https:\/\/www.moroccoherps.com\/en\/wp-json\/wp\/v2\/pages"}],"about":[{"href":"https:\/\/www.moroccoherps.com\/en\/wp-json\/wp\/v2\/types\/page"}],"author":[{"embeddable":true,"href":"https:\/\/www.moroccoherps.com\/en\/wp-json\/wp\/v2\/users\/3"}],"replies":[{"embeddable":true,"href":"https:\/\/www.moroccoherps.com\/en\/wp-json\/wp\/v2\/comments?post=5283"}],"version-history":[{"count":2,"href":"https:\/\/www.moroccoherps.com\/en\/wp-json\/wp\/v2\/pages\/5283\/revisions"}],"predecessor-version":[{"id":5336,"href":"https:\/\/www.moroccoherps.com\/en\/wp-json\/wp\/v2\/pages\/5283\/revisions\/5336"}],"up":[{"embeddable":true,"href":"https:\/\/www.moroccoherps.com\/en\/wp-json\/wp\/v2\/pages\/2564"}],"wp:attachment":[{"href":"https:\/\/www.moroccoherps.com\/en\/wp-json\/wp\/v2\/media?parent=5283"}],"curies":[{"name":"wp","href":"https:\/\/api.w.org\/{rel}","templated":true}]}}