{"id":5309,"date":"2020-03-25T09:49:52","date_gmt":"2020-03-25T09:49:52","guid":{"rendered":"http:\/\/www.moroccoherps.com\/?page_id=5309"},"modified":"2024-12-18T22:08:52","modified_gmt":"2024-12-18T22:08:52","slug":"acanthodactylus-lacrymae","status":"publish","type":"page","link":"https:\/\/www.moroccoherps.com\/en\/ficha\/acanthodactylus-lacrymae\/","title":{"rendered":"Species page Acanthodactylus lacrymae"},"content":{"rendered":"<p><\/p>\n<div id=\"ficha_resumen\">\n<div id=\"especie\">\n<h1>Tislit Spiny-footed lizard<br \/>\n<em><span class=\"nc\">Acanthodactylus lacrymae<\/span><\/em> Miralles, Geniez, Beddek, Mendez-Aranda, Brito, Leblois &amp; Crochet 2020<\/h1>\n<\/div>\n<div id=\"autor\">\n<div class=\"izquierdo\">\n<p>By <b>Gabriel Mart\u00ednez del M\u00e1rmol Mar\u00edn<\/b><\/p>\n<\/div>\n<\/div>\n<div>\n<div id=\"actualizado\" class=\"izquierdo\">\n<p>Updated: <strong>22\/03\/2020<\/strong><\/p>\n<\/div>\n<div id=\"jerarquia_taxonomica\" class=\"derecho\">\n<p>Taxonomy: Sauria | Lacertidae | Acanthodactylus | Acanthodactylus lacrymae<\/p>\n<figure id=\"attachment_5310\" aria-describedby=\"caption-attachment-5310\" style=\"width: 1000px\" class=\"wp-caption alignnone\"><img loading=\"lazy\" decoding=\"async\" class=\"wp-image-5310 size-full\" src=\"http:\/\/www.moroccoherps.com\/wp-content\/uploads\/2020\/03\/watermark1000x667-43.jpg\" alt=\"\" width=\"1000\" height=\"667\" srcset=\"https:\/\/www.moroccoherps.com\/wp-content\/uploads\/2020\/03\/watermark1000x667-43.jpg 1000w, https:\/\/www.moroccoherps.com\/wp-content\/uploads\/2020\/03\/watermark1000x667-43-300x200.jpg 300w, https:\/\/www.moroccoherps.com\/wp-content\/uploads\/2020\/03\/watermark1000x667-43-768x512.jpg 768w\" sizes=\"auto, (max-width: 767px) 89vw, (max-width: 1000px) 54vw, (max-width: 1071px) 543px, 580px\" \/><figcaption id=\"caption-attachment-5310\" class=\"wp-caption-text\">Adult male. Imilchil. Photo: \u00a9 Philippe Geniez<\/figcaption><\/figure>\n<\/div>\n<\/div>\n<div id=\"mapa_distribucion\">\n<div>\n<div>\n<div id=\"jerarquia_taxonomica\" class=\"derecho\">\n<p><img loading=\"lazy\" decoding=\"async\" class=\"alignnone wp-image-8577 alignleft\" src=\"http:\/\/www.moroccoherps.com\/wp-content\/uploads\/2024\/12\/mapa-nuevo-blanco-y-negro-NEW.jpg\" alt=\"\" width=\"207\" height=\"217\" srcset=\"https:\/\/www.moroccoherps.com\/wp-content\/uploads\/2024\/12\/mapa-nuevo-blanco-y-negro-NEW.jpg 668w, https:\/\/www.moroccoherps.com\/wp-content\/uploads\/2024\/12\/mapa-nuevo-blanco-y-negro-NEW-286x300.jpg 286w\" sizes=\"auto, (max-width: 207px) 100vw, 207px\" \/><\/p>\n<p>&nbsp;<\/p>\n<\/div>\n<\/div>\n<div id=\"mapa_distribucion\">\n<div>\n<p><img decoding=\"async\" src=\"http:\/\/www.moroccoherps.com\/files\/images\/red.jpg\" alt=\"\" \/>\u00a0 Confirmed records<span class=\"nc\"><br \/>\n<\/span><img decoding=\"async\" src=\"http:\/\/www.moroccoherps.com\/files\/images\/yellow.jpg\" alt=\"\" \/>\u00a0 Tentative records<span class=\"nc\"> (Miralles <em>et al.<\/em>, 2020)<\/span><\/p>\n<\/div>\n<\/div>\n<\/div>\n<\/div>\n<\/div>\n<p class=\"caption_mapa_ficha\">\n<p>&nbsp;<\/p>\n<div id=\"ficha_resumen\">\n<div class=\"filete\"><\/div>\n<\/div>\n<div id=\"ficha_info\">\n<h2>The parts 1) Phylogenetic frame, 2) Description, 3) Ecology and habits and 4) Distribution, habitat and abundance, are being made.<\/h2>\n<p>&nbsp;<\/p>\n<\/div>\n<div id=\"ficha_info\">\n<h3 class=\"bibliografia\">Bibliography<\/h3>\n<ul>\n<li style=\"list-style-type: none;\">\n<ul>\n<li><strong>Miralles, A. &amp; Geniez, P. &amp; Beddek, M. &amp; Mendez-Aranda, D. &amp; Brito, J.C. &amp; Leblois, R. &amp; Crochet, P.-A. 2020.<\/strong>\u00a0<em> Morphology and multilocus phylogeny of the Spiny-footed Lizard (Acanthodactylus erythrurus) complex reveal two new mountain species from the Moroccan Atlas<\/em> &#8211;\u00a0 Zootaxa 4747 (2): 302\u2013326.<\/li>\n<\/ul>\n<\/li>\n<\/ul>\n<\/div>\n<p><\/p>","protected":false},"excerpt":{"rendered":"<p>Tislit Spiny-footed lizard Acanthodactylus lacrymae Miralles, Geniez, Beddek, Mendez-Aranda, Brito, Leblois &amp; Crochet 2020 By Gabriel Mart\u00ednez del M\u00e1rmol Mar\u00edn Updated: 22\/03\/2020 Taxonomy: Sauria | Lacertidae | Acanthodactylus | Acanthodactylus lacrymae &nbsp; \u00a0 Confirmed records \u00a0 Tentative records (Miralles et al., 2020) &nbsp; The parts 1) Phylogenetic frame, 2) Description, 3) Ecology and habits and &hellip; <\/p>\n<p class=\"link-more\"><a href=\"https:\/\/www.moroccoherps.com\/en\/ficha\/acanthodactylus-lacrymae\/\" class=\"more-link\">Continue reading<span class=\"screen-reader-text\"> &#8220;Species page Acanthodactylus lacrymae&#8221;<\/span><\/a><\/p>\n","protected":false},"author":3,"featured_media":0,"parent":2564,"menu_order":0,"comment_status":"closed","ping_status":"closed","template":"","meta":{"footnotes":""},"class_list":["post-5309","page","type-page","status-publish","hentry"],"_links":{"self":[{"href":"https:\/\/www.moroccoherps.com\/en\/wp-json\/wp\/v2\/pages\/5309","targetHints":{"allow":["GET"]}}],"collection":[{"href":"https:\/\/www.moroccoherps.com\/en\/wp-json\/wp\/v2\/pages"}],"about":[{"href":"https:\/\/www.moroccoherps.com\/en\/wp-json\/wp\/v2\/types\/page"}],"author":[{"embeddable":true,"href":"https:\/\/www.moroccoherps.com\/en\/wp-json\/wp\/v2\/users\/3"}],"replies":[{"embeddable":true,"href":"https:\/\/www.moroccoherps.com\/en\/wp-json\/wp\/v2\/comments?post=5309"}],"version-history":[{"count":11,"href":"https:\/\/www.moroccoherps.com\/en\/wp-json\/wp\/v2\/pages\/5309\/revisions"}],"predecessor-version":[{"id":8581,"href":"https:\/\/www.moroccoherps.com\/en\/wp-json\/wp\/v2\/pages\/5309\/revisions\/8581"}],"up":[{"embeddable":true,"href":"https:\/\/www.moroccoherps.com\/en\/wp-json\/wp\/v2\/pages\/2564"}],"wp:attachment":[{"href":"https:\/\/www.moroccoherps.com\/en\/wp-json\/wp\/v2\/media?parent=5309"}],"curies":[{"name":"wp","href":"https:\/\/api.w.org\/{rel}","templated":true}]}}